{"id":6767,"date":"2023-02-23T12:23:16","date_gmt":"2023-02-23T18:23:16","guid":{"rendered":"https:\/\/tecsecmty.com\/index.php\/producto\/bosch-v_npd6001b-m-idspan-poe-de-alta-potencia-60w-compatible-norma-iee-802-3af-y-802-3at\/"},"modified":"2023-03-22T23:22:05","modified_gmt":"2023-03-23T05:22:05","slug":"bosch-v_npd6001b-m-idspan-poe-de-alta-potencia-60w-compatible-norma-iee-802-3af-y-802-3at","status":"publish","type":"product","link":"https:\/\/tecsecmty.com\/index.php\/producto\/bosch-v_npd6001b-m-idspan-poe-de-alta-potencia-60w-compatible-norma-iee-802-3af-y-802-3at\/","title":{"rendered":"BOSCH V_NPD6001B &#8211; M IDSPAN PoE De alta potencia \/ 60W \/ Compatible norma IEE 802.3af y 802.3at"},"content":{"rendered":"<h5 class=\"card-title text-center\">NPD-6001B Midspan High PoE<\/h5>\n<p class=\"ql-align-justify\"><strong>Midspan de 60 W El midspan de 60 W (NPD-6001B) permite utilizar PoE de alta potencia remota (Alta potencia) para distintas c\u00e1maras PTZ IP\/HD de Bosch.\u00a0<\/strong>Al generar\u00a0<strong>60 W<\/strong>\u00a0como m\u00e1ximo cumple con las normas\u00a0<strong>IEEE 802.3af y IEEE 802.3at,<\/strong>\u00a0y adem\u00e1s duplica la potencia disponible. El midspan est\u00e1 calificado solo para instalaciones en interiores. Se puede instalar en el interior y conectar por cable a una c\u00e1mara instalada en el exterior. El midspan proporciona protecci\u00f3n frente a picos de tensi\u00f3n, id\u00f3nea para la instalaci\u00f3n de dispositivos alimentados en exteriores. El midspan dispone de un solo puerto y est\u00e1 dise\u00f1ado para transferir datos y alimentaci\u00f3n mediante un cable\u00a0<strong>CAT5e<\/strong>\u00a0est\u00e1ndar (o superior), a trav\u00e9s de los 4 pares.<\/p>\n<p class=\"ql-align-justify\"><strong>Certificaciones y aprobaciones<\/strong><\/p>\n<ul>\n<li class=\"ql-align-justify\">Compatibilidad electromagn\u00e9tica (CEM) Conforme con la normativa FCC, apartado 15, ICES-003 y CE, incluida EN 55032, clase B (emisi\u00f3n), EN 55024 (inmunidad) y VCCI.<\/li>\n<li class=\"ql-align-justify\">Seguridad del producto Cumple con la normativa UL\/cUL, marca GS conforme a EN 60950-1.<\/li>\n<li class=\"ql-align-justify\">Cumplimiento de normativas IEEE 802.3af (PoE), IEEE 802.3at (PoE+, incluido de 2 eventos), conforme con RoHS, conforme con WEEE, CE.<\/li>\n<li class=\"ql-align-justify\">Protecci\u00f3n contra tormentas el\u00e9ctricas Cumple con las exigencias de protecci\u00f3n frente a rayos GR-1089-CORE EN 61000-4-5 (10\/700 \u00b5s, 4 kV) Protecci\u00f3n frente a picos de tensi\u00f3n, IEC 61643-21 Est\u00e1ndar internacional ITU-T K.45.<\/li>\n<\/ul>\n<p class=\"ql-align-justify\"><strong>Piezas incluidas<\/strong><\/p>\n<ul>\n<li class=\"ql-align-justify\">1 Midspan High PoE de 60 W, puerto \u00fanico, entrada de CA.<\/li>\n<li class=\"ql-align-justify\">1 Cable de alimentaci\u00f3n de 120 V.<\/li>\n<li class=\"ql-align-justify\">1 Cable de alimentaci\u00f3n de 230 V.<\/li>\n<li class=\"ql-align-justify\">1 Gu\u00eda de instalaci\u00f3n r\u00e1pida.<\/li>\n<\/ul>\n<p class=\"ql-align-justify\"><strong>Nota: NPD-6001B Midspan High PoE<\/strong><\/p>\n<p class=\"ql-align-justify\"><strong>Midspan PoE de alta potencia, 60 W, un solo puerto, entrada de CA.<\/strong><\/p>\n<p class=\"ql-align-justify\"><strong>N\u00famero de pedido: NPD-6001B.<\/strong><\/p>\n<p class=\"ql-align-justify\"><strong>Principales caracter\u00edsticas<\/strong><\/p>\n<ul>\n<li class=\"ql-align-justify\">Compatible con PoE\/PoH alta potencia y conforme tanto a la norma IEEE 802.3af como a IEEE 802.3at.<\/li>\n<li class=\"ql-align-justify\">Protecci\u00f3n contra tormentas el\u00e9ctricas.<\/li>\n<li class=\"ql-align-justify\">Detecta y protege autom\u00e1ticamente los terminales de Ethernet no est\u00e1ndar.<\/li>\n<li class=\"ql-align-justify\">Se puede montar en una pared, un estante, un banco o una mesa.<\/li>\n<\/ul>\n<p class=\"ql-align-justify\"><strong>Especificaciones<\/strong><\/p>\n<p class=\"ql-align-justify\"><strong>Conexiones de usuario<\/strong><\/p>\n<ul>\n<li class=\"ql-align-justify\">Conectores RJ-45 blindado, 100 Base-TX Ethernet PoE++ EIA 568A y 568b.<\/li>\n<\/ul>\n<p class=\"ql-align-justify\"><strong>Datos<\/strong><\/p>\n<ul>\n<li class=\"ql-align-justify\">Transmisi\u00f3n de datos Datos proporcionados a trav\u00e9s de pares de 1\/2 y 3\/6 para Ethernet 10\/100.<\/li>\n<\/ul>\n<p class=\"ql-align-justify\"><strong>El\u00e9ctricas<\/strong><\/p>\n<ul>\n<li class=\"ql-align-justify\">Tensi\u00f3n de entrada De 100 a 240 V CA, 50\/60 Hz .<\/li>\n<li class=\"ql-align-justify\">Tensi\u00f3n de salida 54-57 VDC (nominal) .<\/li>\n<li class=\"ql-align-justify\">Corriente de entrada 1,5 A.<\/li>\n<li class=\"ql-align-justify\">Salida de High Power Over Ethernet (Alta potencia).<\/li>\n<li class=\"ql-align-justify\">Polaridad y asignaci\u00f3n de patillas: Alimentaci\u00f3n de 4 pares &#8211; Pares 1\/2 (-) y 3\/6 (+) &#8211; Pares 7\/8 (-) y 4\/5 (+).<\/li>\n<li class=\"ql-align-justify\">Potencia del puerto de usuario: 60 W m\u00e1ximo.<\/li>\n<li class=\"ql-align-justify\">Protecci\u00f3n contra las subidas de tensi\u00f3n S\u00ed.<\/li>\n<\/ul>\n<p class=\"ql-align-justify\"><strong>Medioambientales<\/strong><\/p>\n<ul>\n<li class=\"ql-align-justify\">Temperatura de funcionamien to A 60 W: de -10 \u00b0C a +40 \u00b0C (de +14 \u00b0F a +104 \u00b0F) A 30 W: de -10 \u00b0C a +50 \u00b0C (de +14 \u00b0F a +122 \u00b0F).<\/li>\n<li class=\"ql-align-justify\">Temperatura de almacenamie nto De -20 \u00b0C a +70 \u00b0C (de -4 \u00b0F a +158 \u00b0F).<\/li>\n<li class=\"ql-align-justify\">Humedad en funcionamien to 90% relativa como m\u00e1ximo (sin condensaci\u00f3n).<\/li>\n<li class=\"ql-align-justify\">Humedad en almacenamie nto 95% relativa como m\u00e1ximo (sin condensaci\u00f3n).<\/li>\n<\/ul>\n<p class=\"ql-align-justify\"><strong>Estructura<\/strong><\/p>\n<ul>\n<li class=\"ql-align-justify\">Dimensiones (An. x Al. x Long.) 62 mm x 38 mm x 151 mm (2,44 pulg. x 1,5 pulg. x 5,94 pulg.).<\/li>\n<li class=\"ql-align-justify\">Peso 340 g (0,75 lb).<\/li>\n<li class=\"ql-align-justify\">Montaje En pared, estanter\u00eda, banco o mesa.<\/li>\n<\/ul>\n<p class=\"ql-align-justify\"><strong>Varios<\/strong><\/p>\n<ul>\n<li class=\"ql-align-justify\">N\u00famero de puertos Uno (1).<\/li>\n<li class=\"ql-align-justify\">Velocidad de transmisi\u00f3n de datos 10\/100\/1000 Mbps.<\/li>\n<li class=\"ql-align-justify\">Longitud m\u00e1xima del cable recomendada.<\/li>\n<\/ul>\n<p class=\"ql-align-justify\"><strong>Nota: No m\u00e1s de 100 m (333 pies) entre la fuente de red y el terminal Indicadores del sistema Alimentaci\u00f3n de CA (amarillo) Alimentaci\u00f3n de canal (verde).<\/strong><\/p>\n<p><img decoding=\"async\" class=\"overview-center-img-\" src=\"https:\/\/tvc.mx\/media\/14765\/Logoopaginas-oficial.png\" alt=\"\" \/><\/p>\n","protected":false},"excerpt":{"rendered":"<p>NPD-6001B Midspan High PoE Midspan de 60 W El midspan de 60 W (NPD-6001B) permite utilizar PoE de alta potencia remota (Alta potencia) para distintas c\u00e1maras PTZ IP\/HD de Bosch.\u00a0Al generar\u00a060 W\u00a0como m\u00e1ximo cumple con las normas\u00a0IEEE 802.3af y IEEE 802.3at,\u00a0y adem\u00e1s duplica la potencia&hellip;<\/p>\n","protected":false},"featured_media":6766,"comment_status":"open","ping_status":"closed","template":"","meta":{"om_disable_all_campaigns":false,"_monsterinsights_skip_tracking":false,"_monsterinsights_sitenote_active":false,"_monsterinsights_sitenote_note":"","_monsterinsights_sitenote_category":0},"product_brand":[],"product_cat":[599],"product_tag":[565,350,568,566,567,564,569,570,571,572],"class_list":{"0":"post-6767","1":"product","2":"type-product","3":"status-publish","4":"has-post-thumbnail","6":"product_cat-inyectores-poe","7":"product_tag-baterias","8":"product_tag-conectores","9":"product_tag-divisores-de-energia","10":"product_tag-extensores-poe","11":"product_tag-fuentes-con-distribuidor","12":"product_tag-fuentes-de-energia","13":"product_tag-fuentes-de-poder-y-adaptadores","14":"product_tag-inyectores-poe","15":"product_tag-reguladores","16":"product_tag-ups","18":"first","19":"instock","20":"sale","21":"taxable","22":"shipping-taxable","23":"purchasable","24":"product-type-simple"},"aioseo_notices":[],"_links":{"self":[{"href":"https:\/\/tecsecmty.com\/index.php\/wp-json\/wp\/v2\/product\/6767","targetHints":{"allow":["GET"]}}],"collection":[{"href":"https:\/\/tecsecmty.com\/index.php\/wp-json\/wp\/v2\/product"}],"about":[{"href":"https:\/\/tecsecmty.com\/index.php\/wp-json\/wp\/v2\/types\/product"}],"replies":[{"embeddable":true,"href":"https:\/\/tecsecmty.com\/index.php\/wp-json\/wp\/v2\/comments?post=6767"}],"version-history":[{"count":0,"href":"https:\/\/tecsecmty.com\/index.php\/wp-json\/wp\/v2\/product\/6767\/revisions"}],"wp:featuredmedia":[{"embeddable":true,"href":"https:\/\/tecsecmty.com\/index.php\/wp-json\/wp\/v2\/media\/6766"}],"wp:attachment":[{"href":"https:\/\/tecsecmty.com\/index.php\/wp-json\/wp\/v2\/media?parent=6767"}],"wp:term":[{"taxonomy":"product_brand","embeddable":true,"href":"https:\/\/tecsecmty.com\/index.php\/wp-json\/wp\/v2\/product_brand?post=6767"},{"taxonomy":"product_cat","embeddable":true,"href":"https:\/\/tecsecmty.com\/index.php\/wp-json\/wp\/v2\/product_cat?post=6767"},{"taxonomy":"product_tag","embeddable":true,"href":"https:\/\/tecsecmty.com\/index.php\/wp-json\/wp\/v2\/product_tag?post=6767"}],"curies":[{"name":"wp","href":"https:\/\/api.w.org\/{rel}","templated":true}]}}