{"id":6769,"date":"2023-02-23T12:23:18","date_gmt":"2023-02-23T18:23:18","guid":{"rendered":"https:\/\/tecsecmty.com\/index.php\/producto\/bosch-v_npd9501a-inyector-poe-1-puerto-95-watts\/"},"modified":"2023-03-22T23:22:05","modified_gmt":"2023-03-23T05:22:05","slug":"bosch-v_npd9501a-inyector-poe-1-puerto-95-watts","status":"publish","type":"product","link":"https:\/\/tecsecmty.com\/index.php\/producto\/bosch-v_npd9501a-inyector-poe-1-puerto-95-watts\/","title":{"rendered":"BOSCH V_NPD9501A &#8211; Inyector PoE \/ 1 Puerto \/ 95 Watts"},"content":{"rendered":"<h5 class=\"card-title text-center\">NPD-9501A Midspan, alto PoE, puerto \u00fanico, entrada de CA<\/h5>\n<p class=\"ql-align-justify\"><strong>Bosch vende dos (2) modelos de midspans (un 60 W modelo y un modelo de 95 W) que permiten la alimentaci\u00f3n remota a trav\u00e9s de una conexi\u00f3n de red IP para Bosch IP<\/strong>\u00a0espec\u00edfica camaras calificado solo para instalaci\u00f3n en interiores, el los compartimientos medios se pueden instalar en interiores y cablearse a un c\u00e1mara instalada al aire libre.<\/p>\n<p class=\"ql-align-justify\"><strong>Cada midspan tiene un solo puerto y est\u00e1 dise\u00f1ado para llevar datos y energ\u00eda sobre un CAT5e<\/strong>\u00a0<strong>est\u00e1ndar (o mejor) cable, entregado a trav\u00e9s de los 4 pares.<\/strong><\/p>\n<p class=\"ql-align-justify\"><strong>95 W Midspan<\/strong><\/p>\n<p class=\"ql-align-justify\"><strong>La midspan de 95 W es una PoH de alta potencia (Power Over HDBase T)<\/strong>\u00a0dispositivo que proporciona datos y energ\u00eda<\/p>\n<p class=\"ql-align-justify\">entre un conmutador Ethernet (red remota) y un MIC7000, MIC IP starlight 7000i o fusi\u00f3n MIC IP C\u00e1mara 9000i.<\/p>\n<p class=\"ql-align-justify\"><strong>Notas de instalaci\u00f3n \/ configuraci\u00f3n<\/strong><\/p>\n<p class=\"ql-align-justify\"><strong>Este midspans puede suministrar energ\u00eda a los modelos de c\u00e1maras como:<\/strong><\/p>\n<ul>\n<li class=\"ql-align-justify\">MIC7000 y MIC IP starlight 7000i modelos sin iluminador.<\/li>\n<li class=\"ql-align-justify\">MIC7000 y MIC IP starlight 7000i modelos con iluminador.<\/li>\n<li class=\"ql-align-justify\">MIC IP fusion 9000i modelos<\/li>\n<li class=\"ql-align-justify\">AUTODOME IP starlight 5000i y AUTODOME IP starlight Modelos 5000i IR.<\/li>\n<\/ul>\n<p class=\"ql-align-justify\"><strong>Nota: NPD-9501A Midspan, alto PoE, puerto \u00fanico, entrada de CA<\/strong><\/p>\n<p class=\"ql-align-justify\"><strong>Alto PoE, 95 W, Midspan interior de un solo puerto.<\/strong><\/p>\n<p class=\"ql-align-justify\"><strong>Entrada 120 \/ 230VAC. Aporta datos y potencia al interfaz a la c\u00e1mara utilizando un \u00fanico est\u00e1ndar CAT5e (o<\/strong><\/p>\n<p class=\"ql-align-justify\"><strong>mejor) cable de red.<\/strong><\/p>\n<p class=\"ql-align-justify\"><strong>N\u00famero de pedido: NPD-9501A.<\/strong><\/p>\n<p class=\"ql-align-justify\"><strong>Principales\u00a0<\/strong><strong>Caracter\u00edsticas<\/strong><\/p>\n<ul>\n<li class=\"ql-align-justify\">Admite PoE \/ PoH de alta potencia y cumple con ambos.<\/li>\n<li class=\"ql-align-justify\">Los est\u00e1ndares IEEE 802.3af y IEEE 802.3at.<\/li>\n<li class=\"ql-align-justify\">Protecci\u00f3n contra rayos.<\/li>\n<li class=\"ql-align-justify\">Detecta y protegeterminales autom\u00e1ticamente Ethernet no est\u00e1ndar.<\/li>\n<li class=\"ql-align-justify\">Se monta en una pared, estante, banco o escritorio.<\/li>\n<li class=\"ql-align-justify\">El modelo 95 W tambi\u00e9n se monta en otras unidades del modelo 95 W.<\/li>\n<\/ul>\n<p class=\"ql-align-justify\"><strong>Especificaciones<\/strong><\/p>\n<ul>\n<li class=\"ql-align-justify\">N\u00famero de puertos uno (1).<\/li>\n<li class=\"ql-align-justify\">Pasar a trav\u00e9s de las tasas de datos 10\/100\/1000 Mbps.<\/li>\n<li class=\"ql-align-justify\">Longitud m\u00e1xima del cable recomendado, no debe exceder los 100 m (333 pies) entre la fuente de red y el terminal.<\/li>\n<li class=\"ql-align-justify\">Indicadores del sistema de alimentaci\u00f3n de CA (amarillo) y Potencia del canal (verde).<\/li>\n<\/ul>\n<p class=\"ql-align-justify\"><strong>Conexiones de usuario<\/strong><\/p>\n<ul>\n<li class=\"ql-align-justify\">Conectores blindados RJ-45 100 Base-TX<\/li>\n<li class=\"ql-align-justify\">Ethernet PoE ++ EIA 568A y 568B<\/li>\n<\/ul>\n<p class=\"ql-align-justify\"><strong>Transmisi\u00f3n de datos<\/strong><\/p>\n<ul>\n<li class=\"ql-align-justify\">Datos provistos en pares 1\/2 y 3\/6 para 10\/100<\/li>\n<\/ul>\n<p class=\"ql-align-justify\"><strong>Ethernet El\u00e9ctrico<\/strong><\/p>\n<ul>\n<li class=\"ql-align-justify\">Voltaje de entrada 100 a 240 VAC, 50\/60 Hz<\/li>\n<li class=\"ql-align-justify\">Voltaje de salida 54-57 VDC (nominal)<\/li>\n<li class=\"ql-align-justify\">Corriente de entrada modelo 60 W: 1.5 A<\/li>\n<li class=\"ql-align-justify\">Modelo de 95 W: 1.8 A (m\u00e1ximo)<\/li>\n<li class=\"ql-align-justify\">Alta potencia sobre Ethernet<\/li>\n<li class=\"ql-align-justify\">Salida (alta PoE)<\/li>\n<\/ul>\n<p class=\"ql-align-justify\"><strong>Asignaci\u00f3n de pines y polaridad:<\/strong><\/p>\n<p class=\"ql-align-justify\"><strong>4 pares de potencia<\/strong><\/p>\n<ul>\n<li class=\"ql-align-justify\">&#8211; Pares 1\/2 (-) y 3\/6 (+)<\/li>\n<li class=\"ql-align-justify\">&#8211; Pares 7\/8 (-) y 4\/5 (+)<\/li>\n<li class=\"ql-align-justify\">Puerto de usuario de alimentaci\u00f3n: M\u00e1ximo de 95 W para NPD-9501A<\/li>\n<li class=\"ql-align-justify\">Protecci\u00f3n contra sobretensiones 95 W: No<\/li>\n<li class=\"ql-align-justify\">No debe exceder los 100 m (333 pies) entre la fuente de red y el terminal.<\/li>\n<li class=\"ql-align-justify\">Indicadores del sistema de alimentaci\u00f3n de CA (amarillo)<\/li>\n<li class=\"ql-align-justify\">Potencia del canal (verde).<\/li>\n<\/ul>\n<p class=\"ql-align-justify\"><strong>Ambiental<\/strong><\/p>\n<p class=\"ql-align-justify\"><strong>Operando<\/strong><\/p>\n<p class=\"ql-align-justify\"><strong>Temperatura:<\/strong><\/p>\n<ul>\n<li class=\"ql-align-justify\">A 95 W: -10 \u00b0 C a +40 \u00b0 C (+14 \u00b0 F a +104 \u00b0 F)<\/li>\n<li class=\"ql-align-justify\">A 60 W: -10 \u00b0 C a +40 \u00b0 C (+14 \u00b0 F a +104 \u00b0 F)<\/li>\n<li class=\"ql-align-justify\">A 30 W: -10 \u00b0 C a +50 \u00b0 C (+14 \u00b0 F a +122 \u00b0 F)<\/li>\n<\/ul>\n<p class=\"ql-align-justify\"><strong>Almacenamiento<\/strong><\/p>\n<ul>\n<li class=\"ql-align-justify\">Temperatura -20 \u00b0 C a +70 \u00b0 C (-4 \u00b0 F a +158 \u00b0 F) (Modelos de 95 W).<\/li>\n<\/ul>\n<p class=\"ql-align-justify\"><strong>Operando en Humedad<\/strong><\/p>\n<ul>\n<li class=\"ql-align-justify\">Modelo de 95 W: 10% &#8211; 95%, sin condensaci\u00f3n<\/li>\n<\/ul>\n<p class=\"ql-align-justify\"><strong>Almacenamiento<\/strong><\/p>\n<p class=\"ql-align-justify\"><strong>Humedad<\/strong><\/p>\n<ul>\n<li class=\"ql-align-justify\">Modelo de 95 W: 5% &#8211; 95%, sin condensaci\u00f3n.<\/li>\n<\/ul>\n<p><img decoding=\"async\" class=\"overview-center-img-\" src=\"https:\/\/tvc.mx\/media\/14732\/Logoopaginas-oficial.png\" alt=\"\" \/><\/p>\n","protected":false},"excerpt":{"rendered":"<p>NPD-9501A Midspan, alto PoE, puerto \u00fanico, entrada de CA Bosch vende dos (2) modelos de midspans (un 60 W modelo y un modelo de 95 W) que permiten la alimentaci\u00f3n remota a trav\u00e9s de una conexi\u00f3n de red IP para Bosch IP\u00a0espec\u00edfica camaras calificado solo&hellip;<\/p>\n","protected":false},"featured_media":6768,"comment_status":"open","ping_status":"closed","template":"","meta":{"om_disable_all_campaigns":false,"_monsterinsights_skip_tracking":false,"_monsterinsights_sitenote_active":false,"_monsterinsights_sitenote_note":"","_monsterinsights_sitenote_category":0},"product_brand":[],"product_cat":[599],"product_tag":[565,350,568,566,567,564,569,570,571,572],"class_list":{"0":"post-6769","1":"product","2":"type-product","3":"status-publish","4":"has-post-thumbnail","6":"product_cat-inyectores-poe","7":"product_tag-baterias","8":"product_tag-conectores","9":"product_tag-divisores-de-energia","10":"product_tag-extensores-poe","11":"product_tag-fuentes-con-distribuidor","12":"product_tag-fuentes-de-energia","13":"product_tag-fuentes-de-poder-y-adaptadores","14":"product_tag-inyectores-poe","15":"product_tag-reguladores","16":"product_tag-ups","18":"first","19":"instock","20":"sale","21":"taxable","22":"shipping-taxable","23":"purchasable","24":"product-type-simple"},"aioseo_notices":[],"_links":{"self":[{"href":"https:\/\/tecsecmty.com\/index.php\/wp-json\/wp\/v2\/product\/6769","targetHints":{"allow":["GET"]}}],"collection":[{"href":"https:\/\/tecsecmty.com\/index.php\/wp-json\/wp\/v2\/product"}],"about":[{"href":"https:\/\/tecsecmty.com\/index.php\/wp-json\/wp\/v2\/types\/product"}],"replies":[{"embeddable":true,"href":"https:\/\/tecsecmty.com\/index.php\/wp-json\/wp\/v2\/comments?post=6769"}],"version-history":[{"count":0,"href":"https:\/\/tecsecmty.com\/index.php\/wp-json\/wp\/v2\/product\/6769\/revisions"}],"wp:featuredmedia":[{"embeddable":true,"href":"https:\/\/tecsecmty.com\/index.php\/wp-json\/wp\/v2\/media\/6768"}],"wp:attachment":[{"href":"https:\/\/tecsecmty.com\/index.php\/wp-json\/wp\/v2\/media?parent=6769"}],"wp:term":[{"taxonomy":"product_brand","embeddable":true,"href":"https:\/\/tecsecmty.com\/index.php\/wp-json\/wp\/v2\/product_brand?post=6769"},{"taxonomy":"product_cat","embeddable":true,"href":"https:\/\/tecsecmty.com\/index.php\/wp-json\/wp\/v2\/product_cat?post=6769"},{"taxonomy":"product_tag","embeddable":true,"href":"https:\/\/tecsecmty.com\/index.php\/wp-json\/wp\/v2\/product_tag?post=6769"}],"curies":[{"name":"wp","href":"https:\/\/api.w.org\/{rel}","templated":true}]}}