{"id":6771,"date":"2023-02-23T12:23:20","date_gmt":"2023-02-23T18:23:20","guid":{"rendered":"https:\/\/tecsecmty.com\/index.php\/producto\/dahua-pft1200-inyector-hi-poe-midspan-gigabit-soporta-poe-poe-soporta-hi-poe-60-watts-para-ptz-indicadores-led-de-status-funciona-con-extensor-pft1300-para-conexion-en-cascada-instalacion-en\/"},"modified":"2023-03-22T23:23:07","modified_gmt":"2023-03-23T05:23:07","slug":"dahua-pft1200-inyector-hi-poe-midspan-gigabit-soporta-poe-poe-soporta-hi-poe-60-watts-para-ptz-indicadores-led-de-status-funciona-con-extensor-pft1300-para-conexion-en-cascada-instalacion-en","status":"publish","type":"product","link":"https:\/\/tecsecmty.com\/index.php\/producto\/dahua-pft1200-inyector-hi-poe-midspan-gigabit-soporta-poe-poe-soporta-hi-poe-60-watts-para-ptz-indicadores-led-de-status-funciona-con-extensor-pft1300-para-conexion-en-cascada-instalacion-en\/","title":{"rendered":"DAHUA PFT1200 &#8211; Inyector Hi-Poe Midspan Gigabit\/ Soporta PoE\/PoE+\/ Soporta Hi-PoE 60 Watts para PTZ\/ Indicadores Led de Status\/ Funciona con Extensor: PFT1300 para conexi\u00f3n en Cascada\/ Instalaci\u00f3n en Pared\/"},"content":{"rendered":"<div class=\"row aling-items-center padding-bottom-2x\">\n<div class=\"col-lg-12\">\n<h5 class=\"card-title text-center\">Informaci\u00f3n General<\/h5>\n<p class=\"ql-align-justify\">El modelo\u00a0<strong>PFT1200\u00a0<\/strong>es un inyector POE dise\u00f1ado para alimentar los dispositivos que utilizan la tecnolog\u00eda\u00a0<strong>IEEE802.3AF<\/strong>,\u00a0<strong>IEEE802.3AT<\/strong>\u00a0y\u00a0<strong>High PoE<\/strong>. Esto permite un correcto funcionamiento con cable UTP, que transmite tanto datos, como la energ\u00eda. Soporta<strong>\u00a0hasta 300 metros<\/strong>\u00a0de extensi\u00f3n POE junto con PFT1300 (<strong>modelo compatible no inclu\u00eddo<\/strong>).<\/p>\n<p class=\"ql-align-justify\">El PFT1200 cuenta con la funci\u00f3n midspan que permite instalarlo entre los conmutadores que no incluyen puertos PoE y los dispositivos de red que deben ser alimentados a trav\u00e9s del cable UTP.<\/p>\n<p><img decoding=\"async\" class=\"overview-center-img-web\" src=\"https:\/\/tvc.mx\/media\/56577\/PPAL-PFT1200.png\" alt=\"\" \/><\/p>\n<\/div>\n<\/div>\n<div class=\"row aling-items-center padding-bottom-2x\">\n<div class=\"col-lg-12\">\n<h5 class=\"card-title text-center\">Funcionamiento<\/h5>\n<p>El objetivo principal del inyector PoE Dahua\u00a0<strong>PFT1200<\/strong>\u00a0en conjunto con el extensor POE DAHUA PFT1300, es capaz de conectar en cascada nivel 2 y conectar con 3 c\u00e1maras IP (consumo 8W) con una distancia de transmisi\u00f3n total m\u00e1xima de 300 metros ( (un dispositivo cada 100 metros).<\/p>\n<p><img decoding=\"async\" class=\"overview-center-img-web\" src=\"https:\/\/tvc.mx\/media\/56712\/FUNC.png\" alt=\"\" \/><\/p>\n<\/div>\n<\/div>\n<div class=\"row aling-items-center padding-bottom-2x\">\n<div class=\"col-lg-12\">\n<h5 class=\"card-title text-center\">Vistas del Inyector PoE PFT1200<\/h5>\n<p>Estas son algunas de las vistas de nuestro inyector Poe PFT1300<\/p>\n<p><img decoding=\"async\" class=\"overview-center-img-web\" src=\"https:\/\/tvc.mx\/media\/56718\/VISTAS.png\" alt=\"\" \/><\/p>\n<\/div>\n<\/div>\n<div class=\"row aling-items-center padding-bottom-2x\">\n<div class=\"col-lg-12\">\n<h5 class=\"card-title text-center\">Principales Caracter\u00edsticas<\/h5>\n<ul>\n<li class=\"ql-align-justify\">Soporta conexi\u00f3n en cascada hasta 300 metros de distancia.<\/li>\n<li class=\"ql-align-justify\">Puerto de entrada de datos: 1 puerto RJ45 10\/100\/1000 Base-T.<\/li>\n<li class=\"ql-align-justify\">Puerto de salida PoE: 1 puerto RJ45 10\/100\/1000 Base-T para alimentaci\u00f3n de c\u00e1maras IP.<\/li>\n<li class=\"ql-align-justify\">Fuente de alimentaci\u00f3n PoE :\u00a0PoE\/PoE+\/Hi-PoE<\/li>\n<li class=\"ql-align-justify\">Indicador :\u00a0Indicador de encendido, indicador de estado PoE.<\/li>\n<li class=\"ql-align-justify\">Humedad\u00a010% ~ 90%.<\/li>\n<li class=\"ql-align-justify\">Temperatura de operaci\u00f3n\u00a0-30 \u00b0 C ~ 65 \u00b0 C.<\/li>\n<li class=\"ql-align-justify\">Dimensiones\u00a0150mm\u00d770mm\u00d739mm<\/li>\n<li class=\"ql-align-justify\">Peso 390g.<\/li>\n<\/ul>\n<p><img decoding=\"async\" class=\"overview-center-img-web\" src=\"https:\/\/tvc.mx\/media\/56751\/principalcaracimg-pal.png\" alt=\"\" \/><\/p>\n<\/div>\n<\/div>\n","protected":false},"excerpt":{"rendered":"<p>Informaci\u00f3n General El modelo\u00a0PFT1200\u00a0es un inyector POE dise\u00f1ado para alimentar los dispositivos que utilizan la tecnolog\u00eda\u00a0IEEE802.3AF,\u00a0IEEE802.3AT\u00a0y\u00a0High PoE. Esto permite un correcto funcionamiento con cable UTP, que transmite tanto datos, como la energ\u00eda. Soporta\u00a0hasta 300 metros\u00a0de extensi\u00f3n POE junto con PFT1300 (modelo compatible no inclu\u00eddo). El&hellip;<\/p>\n","protected":false},"featured_media":6770,"comment_status":"open","ping_status":"closed","template":"","meta":{"om_disable_all_campaigns":false,"_monsterinsights_skip_tracking":false,"_monsterinsights_sitenote_active":false,"_monsterinsights_sitenote_note":"","_monsterinsights_sitenote_category":0},"product_brand":[],"product_cat":[600],"product_tag":[565,350,568,566,567,564,569,570,571,572],"class_list":{"0":"post-6771","1":"product","2":"type-product","3":"status-publish","4":"has-post-thumbnail","6":"product_cat-inyectores-poe-dahua-fuentes-de-energia-2","7":"product_tag-baterias","8":"product_tag-conectores","9":"product_tag-divisores-de-energia","10":"product_tag-extensores-poe","11":"product_tag-fuentes-con-distribuidor","12":"product_tag-fuentes-de-energia","13":"product_tag-fuentes-de-poder-y-adaptadores","14":"product_tag-inyectores-poe","15":"product_tag-reguladores","16":"product_tag-ups","18":"first","19":"instock","20":"sale","21":"taxable","22":"shipping-taxable","23":"purchasable","24":"product-type-simple"},"aioseo_notices":[],"_links":{"self":[{"href":"https:\/\/tecsecmty.com\/index.php\/wp-json\/wp\/v2\/product\/6771","targetHints":{"allow":["GET"]}}],"collection":[{"href":"https:\/\/tecsecmty.com\/index.php\/wp-json\/wp\/v2\/product"}],"about":[{"href":"https:\/\/tecsecmty.com\/index.php\/wp-json\/wp\/v2\/types\/product"}],"replies":[{"embeddable":true,"href":"https:\/\/tecsecmty.com\/index.php\/wp-json\/wp\/v2\/comments?post=6771"}],"version-history":[{"count":0,"href":"https:\/\/tecsecmty.com\/index.php\/wp-json\/wp\/v2\/product\/6771\/revisions"}],"wp:featuredmedia":[{"embeddable":true,"href":"https:\/\/tecsecmty.com\/index.php\/wp-json\/wp\/v2\/media\/6770"}],"wp:attachment":[{"href":"https:\/\/tecsecmty.com\/index.php\/wp-json\/wp\/v2\/media?parent=6771"}],"wp:term":[{"taxonomy":"product_brand","embeddable":true,"href":"https:\/\/tecsecmty.com\/index.php\/wp-json\/wp\/v2\/product_brand?post=6771"},{"taxonomy":"product_cat","embeddable":true,"href":"https:\/\/tecsecmty.com\/index.php\/wp-json\/wp\/v2\/product_cat?post=6771"},{"taxonomy":"product_tag","embeddable":true,"href":"https:\/\/tecsecmty.com\/index.php\/wp-json\/wp\/v2\/product_tag?post=6771"}],"curies":[{"name":"wp","href":"https:\/\/api.w.org\/{rel}","templated":true}]}}