{"id":6775,"date":"2023-02-23T12:23:23","date_gmt":"2023-02-23T18:23:23","guid":{"rendered":"https:\/\/tecsecmty.com\/index.php\/producto\/ubiquiti-poe-24-12w-g-inyector-poe-pasivo-gigabit-para-equipos-ubiquiti-24-vdc-0-5a-remote-reset-ofertasubiquiti-ofertasredes-sucursales\/"},"modified":"2023-03-22T23:24:31","modified_gmt":"2023-03-23T05:24:31","slug":"ubiquiti-poe-24-12w-g-inyector-poe-pasivo-gigabit-para-equipos-ubiquiti-24-vdc-0-5a-remote-reset-ofertasubiquiti-ofertasredes-sucursales","status":"publish","type":"product","link":"https:\/\/tecsecmty.com\/index.php\/producto\/ubiquiti-poe-24-12w-g-inyector-poe-pasivo-gigabit-para-equipos-ubiquiti-24-vdc-0-5a-remote-reset-ofertasubiquiti-ofertasredes-sucursales\/","title":{"rendered":"UBIQUITI POE-24-12W-G &#8211; Inyector PoE pasivo Gigabit para equipos UBIQUITI \/ 24 VDC \/ 0.5A \/ REMOTE RESET #OfertasUbiquiti #OfertasRedes #SUCURSALES"},"content":{"rendered":"<div class=\"row align-items-center padding-bottom-2x\">\n<div class=\"col-md-7 order-md-1 text-md-left text-center\">\n<h2>Descripci\u00f3n General<\/h2>\n<p class=\"text-muted\">\n<p class=\"ql-align-justify\">Los adaptadores PoE de Ubiquiti cuentan con la capacidad de soportar conectividad pasiva PoE.<\/p>\n<p class=\"ql-align-justify\">La descarga electrost\u00e1tica (ESD) es la principal causa de fallas de dispositivos al aire libre, usted puede proteger sus equipos efectivamente contra da\u00f1os por descargas electrost\u00e1ticas usando un adaptador PoE conectado debidamente a tierra, conectores TOUGHCable (TC-CON) y TOUGHCable (TC-PRO\/1000 y TC-CARRIER).<\/p>\n<p>&nbsp;<\/p>\n<\/div>\n<\/div>\n<hr class=\"padding-bottom-2x\" \/>\n<div class=\"row align-items-center padding-bottom-2x\">\n<div class=\"col-md-5\"><img decoding=\"async\" class=\"d-block m-auto img-thumbnail\" src=\"https:\/\/tvc.mx\/media\/404635\/Poe2424WGallery4.png\" alt=\" \" \/><\/div>\n<div class=\"col-md-7 text-md-left text-center\">\n<h2>PrincipalesCaracter\u00edsticas<\/h2>\n<p class=\"text-muted\">\n<ul>\n<li>Protecci\u00f3n contra sobretensiones.<\/li>\n<li>Protecci\u00f3n de sujeci\u00f3n.<\/li>\n<li>Cable AC con conexi\u00f3n a tierra.<\/li>\n<\/ul>\n<p>&nbsp;<\/p>\n<\/div>\n<\/div>\n<hr class=\"padding-bottom-2x\" \/>\n<div class=\"row align-items-center padding-bottom-2x\">\n<div class=\"col-md-5 order-md-2\"><img decoding=\"async\" class=\"d-block m-auto img-thumbnail\" src=\"https:\/\/tvc.mx\/media\/73557\/Poe2424W400x3002.png\" alt=\" \" \/><\/div>\n<div class=\"col-md-7 order-md-1 text-md-left text-center\">\n<h2>Dispositivo de protecci\u00f3n.<\/h2>\n<p class=\"text-muted\">\n<p class=\"ql-align-justify\">Los adaptadores PoE de Ubiquiti son altamente confiables cuando se utilizan en conjunto con TOUGHCable\u2122, ya que puede proveer conexi\u00f3n a tierra (GND) y protecci\u00f3n de sobretensi\u00f3n el\u00e9ctrica para proteger contra las descargas electrost\u00e1ticas.<\/p>\n<p>&nbsp;<\/p>\n<\/div>\n<\/div>\n<hr class=\"padding-bottom-2x\" \/>\n<div class=\"row align-items-center padding-bottom-2x\">\n<div class=\"col-md-5\"><img decoding=\"async\" class=\"d-block m-auto img-thumbnail\" src=\"https:\/\/tvc.mx\/media\/73554\/Poe2424W400x3004.png\" alt=\" \" \/><\/div>\n<div class=\"col-md-7 text-md-left text-center\">\n<h2>Conveniente para montaje en pared.<\/h2>\n<p class=\"text-muted\">\n<p class=\"ql-align-justify\">Los inyectores PoE de 24V, 0.5A PoE 24-12W-G, tienen la capacidad de ser instalados en pared utilizando un arnes de montaje.<\/p>\n<p>&nbsp;<\/p>\n<\/div>\n<\/div>\n<hr class=\"padding-bottom-2x\" \/>\n<div class=\"row align-items-center padding-bottom-2x\">\n<div class=\"col-md-5 order-md-2\"><img decoding=\"async\" class=\"d-block m-auto img-thumbnail\" src=\"https:\/\/tvc.mx\/media\/73566\/Poe2424W400x3005.png\" alt=\" \" \/><\/div>\n<div class=\"col-md-7 order-md-1 text-md-left text-center\">\n<h2>Compatibilidad con equipos airGateway.<\/h2>\n<p class=\"text-muted\">\n<p class=\"ql-align-justify\">Los modelos PoE 24-12W y PoE 24-12W-G trabajan junto con las conexiones airGateway\u2122 y puente airMAX\u2122 para las locaciones inalambricas de los usuarios.<\/p>\n<p>&nbsp;<\/p>\n<\/div>\n<\/div>\n<hr class=\"padding-bottom-2x\" \/>\n<div class=\"row align-items-center padding-bottom-2x\">\n<div class=\"col-md-5\"><img decoding=\"async\" class=\"d-block m-auto img-thumbnail\" src=\"https:\/\/tvc.mx\/media\/404639\/Captura-de-pantalla-2022-04-08-121419.png\" alt=\" \" \/><\/div>\n<div class=\"col-md-7 text-md-left text-center\">\n<h2>Incluye<\/h2>\n<p class=\"text-muted\">\n<ul>\n<li>Inyector PoE<\/li>\n<li>Cable de alimentaci\u00f3n<\/li>\n<\/ul>\n<\/div>\n<\/div>\n","protected":false},"excerpt":{"rendered":"<p>Descripci\u00f3n General Los adaptadores PoE de Ubiquiti cuentan con la capacidad de soportar conectividad pasiva PoE. La descarga electrost\u00e1tica (ESD) es la principal causa de fallas de dispositivos al aire libre, usted puede proteger sus equipos efectivamente contra da\u00f1os por descargas electrost\u00e1ticas usando un adaptador&hellip;<\/p>\n","protected":false},"featured_media":6774,"comment_status":"open","ping_status":"closed","template":"","meta":{"om_disable_all_campaigns":false,"_monsterinsights_skip_tracking":false,"_monsterinsights_sitenote_active":false,"_monsterinsights_sitenote_note":"","_monsterinsights_sitenote_category":0},"product_brand":[],"product_cat":[603],"product_tag":[565,350,568,566,567,564,569,570,571,572],"class_list":{"0":"post-6775","1":"product","2":"type-product","3":"status-publish","4":"has-post-thumbnail","6":"product_cat-inyectores-poe-ubiquiti-fuentes-de-energia-2","7":"product_tag-baterias","8":"product_tag-conectores","9":"product_tag-divisores-de-energia","10":"product_tag-extensores-poe","11":"product_tag-fuentes-con-distribuidor","12":"product_tag-fuentes-de-energia","13":"product_tag-fuentes-de-poder-y-adaptadores","14":"product_tag-inyectores-poe","15":"product_tag-reguladores","16":"product_tag-ups","18":"first","19":"instock","20":"sale","21":"taxable","22":"shipping-taxable","23":"purchasable","24":"product-type-simple"},"aioseo_notices":[],"_links":{"self":[{"href":"https:\/\/tecsecmty.com\/index.php\/wp-json\/wp\/v2\/product\/6775","targetHints":{"allow":["GET"]}}],"collection":[{"href":"https:\/\/tecsecmty.com\/index.php\/wp-json\/wp\/v2\/product"}],"about":[{"href":"https:\/\/tecsecmty.com\/index.php\/wp-json\/wp\/v2\/types\/product"}],"replies":[{"embeddable":true,"href":"https:\/\/tecsecmty.com\/index.php\/wp-json\/wp\/v2\/comments?post=6775"}],"version-history":[{"count":0,"href":"https:\/\/tecsecmty.com\/index.php\/wp-json\/wp\/v2\/product\/6775\/revisions"}],"wp:featuredmedia":[{"embeddable":true,"href":"https:\/\/tecsecmty.com\/index.php\/wp-json\/wp\/v2\/media\/6774"}],"wp:attachment":[{"href":"https:\/\/tecsecmty.com\/index.php\/wp-json\/wp\/v2\/media?parent=6775"}],"wp:term":[{"taxonomy":"product_brand","embeddable":true,"href":"https:\/\/tecsecmty.com\/index.php\/wp-json\/wp\/v2\/product_brand?post=6775"},{"taxonomy":"product_cat","embeddable":true,"href":"https:\/\/tecsecmty.com\/index.php\/wp-json\/wp\/v2\/product_cat?post=6775"},{"taxonomy":"product_tag","embeddable":true,"href":"https:\/\/tecsecmty.com\/index.php\/wp-json\/wp\/v2\/product_tag?post=6775"}],"curies":[{"name":"wp","href":"https:\/\/api.w.org\/{rel}","templated":true}]}}