{"id":6777,"date":"2023-02-23T12:23:26","date_gmt":"2023-02-23T18:23:26","guid":{"rendered":"https:\/\/tecsecmty.com\/index.php\/producto\/ubiquiti-poe-24-24w-inyector-poe-pasivo-para-equipos-ubiquiti-24-vdc-1-0-a-reset-remoto\/"},"modified":"2023-03-22T23:24:31","modified_gmt":"2023-03-23T05:24:31","slug":"ubiquiti-poe-24-24w-inyector-poe-pasivo-para-equipos-ubiquiti-24-vdc-1-0-a-reset-remoto","status":"publish","type":"product","link":"https:\/\/tecsecmty.com\/index.php\/producto\/ubiquiti-poe-24-24w-inyector-poe-pasivo-para-equipos-ubiquiti-24-vdc-1-0-a-reset-remoto\/","title":{"rendered":"UBIQUITI POE-24-24W &#8211; Inyector PoE pasivo para equipos Ubiquiti \/ 24 VDC \/ 1.0 A \/ Reset Remoto"},"content":{"rendered":"<div class=\"row align-items-center padding-bottom-2x\">\n<div class=\"col-md-7 order-md-1 text-md-left text-center\">\n<h2>Descripci\u00f3n General<\/h2>\n<p class=\"text-muted\">\n<p class=\"ql-align-justify\">Los adaptadores PoE de Ubiquiti cuentan con la capacidad de soportar conectividad pasiva PoE.<\/p>\n<p>&nbsp;<\/p>\n<\/div>\n<\/div>\n<hr class=\"padding-bottom-2x\" \/>\n<div class=\"row align-items-center padding-bottom-2x\">\n<div class=\"col-md-5\"><img decoding=\"async\" class=\"d-block m-auto img-thumbnail\" src=\"https:\/\/tvc.mx\/media\/73518\/Poe2424W400x3002.png\" alt=\" \" \/><\/div>\n<div class=\"col-md-7 text-md-left text-center\">\n<h2>Dispositivo de protecci\u00f3n.<\/h2>\n<p class=\"text-muted\">\n<p class=\"ql-align-justify\">Los adaptadores PoE de Ubiquiti son altamente confiables cuando se utilizan en conjunto con TOUGHCable\u2122, ya que puede proveer conexi\u00f3n a tierra (GND) y protecci\u00f3n de sobretensi\u00f3n electrica para proteger contra las descargas electroestaticas.<\/p>\n<p>&nbsp;<\/p>\n<\/div>\n<\/div>\n<hr class=\"padding-bottom-2x\" \/>\n<div class=\"row align-items-center padding-bottom-2x\">\n<div class=\"col-md-5 order-md-2\"><img decoding=\"async\" class=\"d-block m-auto img-thumbnail\" src=\"https:\/\/tvc.mx\/media\/73521\/Poe2424W400x3004.png\" alt=\" \" \/><\/div>\n<div class=\"col-md-7 order-md-1 text-md-left text-center\">\n<h2>Conveniente para montaje en pared.<\/h2>\n<p class=\"text-muted\">\n<p class=\"ql-align-justify\">Los inyectores PoE de 24V, 0.5A, PoE 24-12W y PoE 24-12W-G, tienen la capacidad de ser instalados en pared utilizando un arnes de montaje.<\/p>\n<p>&nbsp;<\/p>\n<\/div>\n<\/div>\n<hr class=\"padding-bottom-2x\" \/>\n<div class=\"row align-items-center padding-bottom-2x\">\n<div class=\"col-md-5\"><img decoding=\"async\" class=\"d-block m-auto img-thumbnail\" src=\"https:\/\/tvc.mx\/media\/73524\/Poe2424W400x3005.png\" alt=\" \" \/><\/div>\n<div class=\"col-md-7 text-md-left text-center\">\n<h2>Compatibilidad con equipos airGateway.<\/h2>\n<p class=\"text-muted\">\n<p class=\"ql-align-justify\">Los modelos PoE 24-12W y PoE 24-12W-G trabajan junto con las conexiones airGateway\u2122 y puente airMAX\u2122 para las locaciones inal\u00e1mbricas de los usuarios.<\/p>\n<p>&nbsp;<\/p>\n<\/div>\n<\/div>\n<hr class=\"padding-bottom-2x\" \/>\n<div class=\"row align-items-center padding-bottom-2x\">\n<div class=\"col-md-5 order-md-2\"><img decoding=\"async\" class=\"d-block m-auto img-thumbnail\" src=\"https:\/\/tvc.mx\/media\/404699\/Captura-de-pantalla-2022-04-08-125123.png\" alt=\" \" \/><\/div>\n<div class=\"col-md-7 order-md-1 text-md-left text-center\">\n<h2>Principales Caracter\u00edsticas<\/h2>\n<p class=\"text-muted\">\n<ul>\n<li>Puerto LAN:\u00a0(1) 10\/100Mbps.<\/li>\n<li>Bot\u00f3n de reset:\u00a0S\u00ed.<\/li>\n<li>Voltaje de salida:\u00a024 VDC @ 1.0 A.<\/li>\n<li>Voltaje de entrada:\u00a090-260 VAC @ 47-63 Hz.<\/li>\n<li>Alimentaci\u00f3n de 4 pares:\u00a0Pins 1, 2, 4, 5 (+) y Pins 3, 6, 7, 8 (-)\u00a0.<\/li>\n<li>Temperatura de operaci\u00f3n:\u00a00 to 40\u00b0 C (32 to 104\u00b0 F).<\/li>\n<li>Dimensiones:\u00a088 x 57 x 33 mm.<\/li>\n<li>Peso:\u00a0158.5 g.<\/li>\n<li>Protecci\u00f3n contra sobretensiones.<\/li>\n<li>Protecci\u00f3n de sujecci\u00f3n.<\/li>\n<li>Cable AC con conexi\u00f3n a tierra.<\/li>\n<\/ul>\n<p>&nbsp;<\/p>\n<\/div>\n<\/div>\n<hr class=\"padding-bottom-2x\" \/>\n<div class=\"row align-items-center padding-bottom-2x\">\n<div class=\"col-md-5\"><img decoding=\"async\" class=\"d-block m-auto img-thumbnail\" src=\"https:\/\/tvc.mx\/media\/404703\/Captura-de-pantalla-2022-04-08-124944.png\" alt=\" \" \/><\/div>\n<div class=\"col-md-7 text-md-left text-center\">\n<h2>Incluye<\/h2>\n<p class=\"text-muted\">\n<ul>\n<li>Inyector PoE<\/li>\n<li>Cable de alimentaci\u00f3n<\/li>\n<\/ul>\n<\/div>\n<\/div>\n","protected":false},"excerpt":{"rendered":"<p>Descripci\u00f3n General Los adaptadores PoE de Ubiquiti cuentan con la capacidad de soportar conectividad pasiva PoE. &nbsp; Dispositivo de protecci\u00f3n. Los adaptadores PoE de Ubiquiti son altamente confiables cuando se utilizan en conjunto con TOUGHCable\u2122, ya que puede proveer conexi\u00f3n a tierra (GND) y protecci\u00f3n&hellip;<\/p>\n","protected":false},"featured_media":6776,"comment_status":"open","ping_status":"closed","template":"","meta":{"om_disable_all_campaigns":false,"_monsterinsights_skip_tracking":false,"_monsterinsights_sitenote_active":false,"_monsterinsights_sitenote_note":"","_monsterinsights_sitenote_category":0},"product_brand":[],"product_cat":[603],"product_tag":[565,350,568,566,567,564,569,570,571,572],"class_list":{"0":"post-6777","1":"product","2":"type-product","3":"status-publish","4":"has-post-thumbnail","6":"product_cat-inyectores-poe-ubiquiti-fuentes-de-energia-2","7":"product_tag-baterias","8":"product_tag-conectores","9":"product_tag-divisores-de-energia","10":"product_tag-extensores-poe","11":"product_tag-fuentes-con-distribuidor","12":"product_tag-fuentes-de-energia","13":"product_tag-fuentes-de-poder-y-adaptadores","14":"product_tag-inyectores-poe","15":"product_tag-reguladores","16":"product_tag-ups","18":"first","19":"instock","20":"sale","21":"taxable","22":"shipping-taxable","23":"purchasable","24":"product-type-simple"},"aioseo_notices":[],"_links":{"self":[{"href":"https:\/\/tecsecmty.com\/index.php\/wp-json\/wp\/v2\/product\/6777","targetHints":{"allow":["GET"]}}],"collection":[{"href":"https:\/\/tecsecmty.com\/index.php\/wp-json\/wp\/v2\/product"}],"about":[{"href":"https:\/\/tecsecmty.com\/index.php\/wp-json\/wp\/v2\/types\/product"}],"replies":[{"embeddable":true,"href":"https:\/\/tecsecmty.com\/index.php\/wp-json\/wp\/v2\/comments?post=6777"}],"version-history":[{"count":0,"href":"https:\/\/tecsecmty.com\/index.php\/wp-json\/wp\/v2\/product\/6777\/revisions"}],"wp:featuredmedia":[{"embeddable":true,"href":"https:\/\/tecsecmty.com\/index.php\/wp-json\/wp\/v2\/media\/6776"}],"wp:attachment":[{"href":"https:\/\/tecsecmty.com\/index.php\/wp-json\/wp\/v2\/media?parent=6777"}],"wp:term":[{"taxonomy":"product_brand","embeddable":true,"href":"https:\/\/tecsecmty.com\/index.php\/wp-json\/wp\/v2\/product_brand?post=6777"},{"taxonomy":"product_cat","embeddable":true,"href":"https:\/\/tecsecmty.com\/index.php\/wp-json\/wp\/v2\/product_cat?post=6777"},{"taxonomy":"product_tag","embeddable":true,"href":"https:\/\/tecsecmty.com\/index.php\/wp-json\/wp\/v2\/product_tag?post=6777"}],"curies":[{"name":"wp","href":"https:\/\/api.w.org\/{rel}","templated":true}]}}