{"id":6783,"date":"2023-02-23T12:23:33","date_gmt":"2023-02-23T18:23:33","guid":{"rendered":"https:\/\/tecsecmty.com\/index.php\/producto\/utepo-usp201gepoe-protector-de-sobrecargas-gigaethernet-poe-ideal-para-camaras-ip-poe-af-at-hasta-60v-datos-y-energia\/"},"modified":"2023-03-13T12:49:11","modified_gmt":"2023-03-13T18:49:11","slug":"utepo-usp201gepoe-protector-de-sobrecargas-gigaethernet-poe-ideal-para-camaras-ip-poe-af-at-hasta-60v-datos-y-energia","status":"publish","type":"product","link":"https:\/\/tecsecmty.com\/index.php\/producto\/utepo-usp201gepoe-protector-de-sobrecargas-gigaethernet-poe-ideal-para-camaras-ip-poe-af-at-hasta-60v-datos-y-energia\/","title":{"rendered":"UTEPO USP201GEPOE &#8211; Protector de sobrecargas GigaEthernet PoE \/ Ideal para c\u00e1maras IP PoE \/ AF \/ AT \/ Hasta 60V \/ Datos y energ\u00eda"},"content":{"rendered":"<div class=\"row aling-items-center padding-bottom-2x\">\n<div class=\"col-lg-12\">\n<h5 class=\"card-title text-center\">Protecci\u00f3n contra descargas superior.<\/h5>\n<p class=\"ql-align-justify\">Los supresores de descargas USP201GEPOE est\u00e1n basados en el est\u00e1ndar IEC61643-21:2000, ya que cuentan con una protecci\u00f3n contra descargas integrada tanto para la se\u00f1al de red como para la corriente. Cuentan con caracter\u00edsticas de protecci\u00f3n multi nivel tales como; descarga de corriente m\u00e1xima, limitaci\u00f3n de voltaje bajo reacci\u00f3n r\u00e1pida en tiempo corto, etc.<\/p>\n<p><img decoding=\"async\" class=\"overview-center-img-web\" src=\"https:\/\/tvc.mx\/media\/29439\/USP201GEPOE_2.png\" alt=\"\" \/><\/div>\n<\/div>\n<div class=\"row aling-items-center padding-bottom-2x\">\n<div class=\"col-lg-12\">\n<h5 class=\"card-title text-center\">Ideal para video vigilancia.<\/h5>\n<p class=\"ql-align-justify\">Estos supresores de voltaje pueden ser adaptados en la se\u00f1al de datos para la protecci\u00f3n de la corriente sobre voltaje en c\u00e1maras IP HD y exenta el da\u00f1o causado por la reacci\u00f3n de un sobre voltaje, operaci\u00f3n de sobre voltaje, descargas de electricidad est\u00e1tica, etc. Por tal motivo es ampliamente utilizada en video vigilancia y ambientes similares.<\/p>\n<p><img decoding=\"async\" class=\"overview-center-img-web\" src=\"https:\/\/tvc.mx\/media\/29442\/USP201GEPOE_1.png\" alt=\"\" \/><\/div>\n<\/div>\n<div class=\"row aling-items-center padding-bottom-2x\">\n<div class=\"col-lg-12\">\n<h5 class=\"card-title text-center\">Especificaciones t\u00e9cnicas.<\/h5>\n<p>Voltaje de funcionamiento: 5V.<\/p>\n<p>Corriente nominal de descarga: 3KA.<\/p>\n<p>Nivel de protecci\u00f3n: 25V.<\/p>\n<p>Tasa de transferencia: 10\/100\/1000Mbps.<\/p>\n<p>Temperatura de funcionamiento: -40\u00b0C ~ 85\u00b0C.<\/p>\n<p>Temperatura de almacenamiento: -40\u00b0C ~ 75\u00b0C.<\/p>\n<p>Humedad: 0 ~ 95% (sin condensaci\u00f3n).<\/p>\n<p><img decoding=\"async\" class=\"overview-center-img-web\" src=\"https:\/\/tvc.mx\/media\/29452\/Espec.png\" alt=\"\" \/><\/div>\n<\/div>\n","protected":false},"excerpt":{"rendered":"<p>Protecci\u00f3n contra descargas superior. Los supresores de descargas USP201GEPOE est\u00e1n basados en el est\u00e1ndar IEC61643-21:2000, ya que cuentan con una protecci\u00f3n contra descargas integrada tanto para la se\u00f1al de red como para la corriente. Cuentan con caracter\u00edsticas de protecci\u00f3n multi nivel tales como; descarga de&hellip;<\/p>\n","protected":false},"featured_media":6782,"comment_status":"open","ping_status":"closed","template":"","meta":{"om_disable_all_campaigns":false,"_monsterinsights_skip_tracking":false,"_monsterinsights_sitenote_active":false,"_monsterinsights_sitenote_note":"","_monsterinsights_sitenote_category":0},"product_brand":[],"product_cat":[601],"product_tag":[565,350,568,566,567,564,569,570,571,572],"class_list":{"0":"post-6783","1":"product","2":"type-product","3":"status-publish","4":"has-post-thumbnail","6":"product_cat-inyectores-poe-utepo-fuentes-de-energia-2","7":"product_tag-baterias","8":"product_tag-conectores","9":"product_tag-divisores-de-energia","10":"product_tag-extensores-poe","11":"product_tag-fuentes-con-distribuidor","12":"product_tag-fuentes-de-energia","13":"product_tag-fuentes-de-poder-y-adaptadores","14":"product_tag-inyectores-poe","15":"product_tag-reguladores","16":"product_tag-ups","18":"first","19":"instock","20":"sale","21":"taxable","22":"shipping-taxable","23":"purchasable","24":"product-type-simple"},"aioseo_notices":[],"_links":{"self":[{"href":"https:\/\/tecsecmty.com\/index.php\/wp-json\/wp\/v2\/product\/6783","targetHints":{"allow":["GET"]}}],"collection":[{"href":"https:\/\/tecsecmty.com\/index.php\/wp-json\/wp\/v2\/product"}],"about":[{"href":"https:\/\/tecsecmty.com\/index.php\/wp-json\/wp\/v2\/types\/product"}],"replies":[{"embeddable":true,"href":"https:\/\/tecsecmty.com\/index.php\/wp-json\/wp\/v2\/comments?post=6783"}],"version-history":[{"count":0,"href":"https:\/\/tecsecmty.com\/index.php\/wp-json\/wp\/v2\/product\/6783\/revisions"}],"wp:featuredmedia":[{"embeddable":true,"href":"https:\/\/tecsecmty.com\/index.php\/wp-json\/wp\/v2\/media\/6782"}],"wp:attachment":[{"href":"https:\/\/tecsecmty.com\/index.php\/wp-json\/wp\/v2\/media?parent=6783"}],"wp:term":[{"taxonomy":"product_brand","embeddable":true,"href":"https:\/\/tecsecmty.com\/index.php\/wp-json\/wp\/v2\/product_brand?post=6783"},{"taxonomy":"product_cat","embeddable":true,"href":"https:\/\/tecsecmty.com\/index.php\/wp-json\/wp\/v2\/product_cat?post=6783"},{"taxonomy":"product_tag","embeddable":true,"href":"https:\/\/tecsecmty.com\/index.php\/wp-json\/wp\/v2\/product_tag?post=6783"}],"curies":[{"name":"wp","href":"https:\/\/api.w.org\/{rel}","templated":true}]}}