{"id":6787,"date":"2023-02-23T12:23:38","date_gmt":"2023-02-23T18:23:38","guid":{"rendered":"https:\/\/tecsecmty.com\/index.php\/producto\/utepo-utp7201gepse30-inyector-poe-plus-30w-af-at-gigabit-ethernet-ofertasredes-sucursales\/"},"modified":"2023-03-22T23:24:38","modified_gmt":"2023-03-23T05:24:38","slug":"utepo-utp7201gepse30-inyector-poe-plus-30w-af-at-gigabit-ethernet-ofertasredes-sucursales","status":"publish","type":"product","link":"https:\/\/tecsecmty.com\/index.php\/producto\/utepo-utp7201gepse30-inyector-poe-plus-30w-af-at-gigabit-ethernet-ofertasredes-sucursales\/","title":{"rendered":"UTEPO UTP7201GEPSE30 &#8211; Inyector PoE plus \/ 30W \/ AF \/ AT \/ Gigabit ethernet #OfertasRedes #SUCURSALES"},"content":{"rendered":"<div class=\"row align-items-center padding-bottom-2x\">\n<div class=\"col-md-5 order-md-2\"><img decoding=\"async\" class=\"d-block m-auto img-thumbnail\" src=\"https:\/\/tvc.mx\/media\/54357\/App1_2.png\" alt=\" \" \/><\/div>\n<div class=\"col-md-7 order-md-1 text-md-left text-center\">\n<h2>Informaci\u00f3n general<\/h2>\n<p class=\"text-muted\">\n<p class=\"ql-align-justify\">Los inyectores PoE de Utepo son equipos de un solo puerto Ethernet para subida de informaci\u00f3n, un puerto Ethernet PoE y con una entrada de corriente alterna (AC). Este dispositivo puede soportar PoE end-span con una\u00a0<strong>salida de hasta 30 Watts,\u00a0<\/strong>cuenta con la caracter\u00edstica de tener un puerto UPLINK Gigabit Ethernet (10\/100\/1000Mbps), una distancia de transmisi\u00f3n de hasta 100m, protecci\u00f3n anti-rayos de hasta 6KV y un chip nivel industrial. Este inyector es una excelente opci\u00f3n de suministro de corriente para sus equipos tales como\u00a0<strong>c\u00e1maras PTZ, PC todo en uno y pantallas digitales\u00a0<\/strong>que requieran de esa cantidad de Watts.<\/p>\n<p>&nbsp;<\/p>\n<\/div>\n<\/div>\n<hr class=\"padding-bottom-2x\" \/>\n<div class=\"row align-items-center padding-bottom-2x\">\n<div class=\"col-md-5\"><img decoding=\"async\" class=\"d-block m-auto img-thumbnail\" src=\"https:\/\/tvc.mx\/media\/54360\/PoeNetwork_2.png\" alt=\" \" \/><\/div>\n<div class=\"col-md-7 text-md-left text-center\">\n<h2>Cableado f\u00e1cil para su red PoE.<\/h2>\n<p class=\"text-muted\">\n<p class=\"ql-align-justify\">Con este tipo de inyectores Utepo puede transmitir datos y corriente de forma simult\u00e1nea desde el mismo cable red, adicionalmente este equipo cuenta con capacidad de poder entregar\u00a0<strong>hasta 30W<\/strong>. El equipo es\u00a0<strong>plug and play\u00a0<\/strong>por tal motivo no es necesario cambiar alg\u00fan otro dispositivo que tenga ya existente y adicionalmente le ofrece hasta un 90% de eficiencia en la conversi\u00f3n de corriente y una muy baja radiaci\u00f3n por calor.<\/p>\n<p>&nbsp;<\/p>\n<\/div>\n<\/div>\n<hr class=\"padding-bottom-2x\" \/>\n<div class=\"row align-items-center padding-bottom-2x\">\n<div class=\"col-md-5 order-md-2\"><img decoding=\"async\" class=\"d-block m-auto img-thumbnail\" src=\"https:\/\/tvc.mx\/media\/54363\/IndustrialChip_2.png\" alt=\" \" \/><\/div>\n<div class=\"col-md-7 order-md-1 text-md-left text-center\">\n<h2>Chip industrial.<\/h2>\n<p class=\"text-muted\">\n<p class=\"ql-align-justify\">Una de las caracter\u00edsticas de este tipo de inyectores es que cuenta con un chip industrial con una capacidad alta de operaci\u00f3n y calidad de transmisi\u00f3n estable.<\/p>\n<p>&nbsp;<\/p>\n<\/div>\n<\/div>\n<hr class=\"padding-bottom-2x\" \/>\n<div class=\"row align-items-center padding-bottom-2x\">\n<div class=\"col-md-5\"><img decoding=\"async\" class=\"d-block m-auto img-thumbnail\" src=\"https:\/\/tvc.mx\/media\/54366\/ComplexEnvironment_2.png\" alt=\" \" \/><\/div>\n<div class=\"col-md-7 text-md-left text-center\">\n<h2>Para uso en ambientes extremos.<\/h2>\n<p class=\"text-muted\">\n<p class=\"ql-align-justify\">Con una capacidad superior de anti-interferencia, protecci\u00f3n contra rayos de hasta\u00a0<strong>6KV<\/strong>, hasta\u00a0<strong>8KV<\/strong>\u00a0de protecci\u00f3n contra descargas electro-est\u00e1ticas, temperaturas de operaci\u00f3n extremas (entre -10\u00b0C ~ 55\u00b0C) lo hacen un equipo ideal para operar en ambientes extremos y adicionalmente a las caracter\u00edsticas indicadas anteriormente\u00a0tambi\u00e9n cuenta con un dise\u00f1o profesional sin ventilador, sin ruido y a prueba de polvo.<\/p>\n<p>&nbsp;<\/p>\n<\/div>\n<\/div>\n<hr class=\"padding-bottom-2x\" \/>\n<div class=\"row align-items-center padding-bottom-2x\">\n<div class=\"col-md-5 order-md-2\"><img decoding=\"async\" class=\"d-block m-auto img-thumbnail\" src=\"https:\/\/tvc.mx\/media\/54369\/FlexibleInstallation_2.png\" alt=\" \" \/><\/div>\n<div class=\"col-md-7 order-md-1 text-md-left text-center\">\n<h2>F\u00e1cil instalaci\u00f3n.<\/h2>\n<p class=\"text-muted\">\n<p class=\"ql-align-justify\">Solamente coloque los cables entre los orificios donde se pueden unir los inyectores esto para simplificar el cableado y tambi\u00e9n puede dise\u00f1ar m\u00faltiples instalaciones que se ajustan f\u00e1cilmente a diferentes locaciones y con los LED\u00b4s que cuenta puede observar si se encuentran funcionando los dispositivos.<\/p>\n<p>&nbsp;<\/p>\n<\/div>\n<\/div>\n<hr class=\"padding-bottom-2x\" \/>\n<div class=\"row align-items-center padding-bottom-2x\">\n<div class=\"col-md-5\"><img decoding=\"async\" class=\"d-block m-auto img-thumbnail\" src=\"https:\/\/tvc.mx\/media\/54372\/LogoUtepo_Overview.png\" alt=\" \" \/><\/div>\n<div class=\"col-md-7 text-md-left text-center\">\n<h2>Especificaciones t\u00e9cnicas<\/h2>\n<p class=\"text-muted\">\n<ul>\n<li>Voltaje de entrada: 100 &#8211; 240V AC.<\/li>\n<li>Entrada de datos: 1 puerto RJ-45.<\/li>\n<li>Salida PoE: 1 puerto RJ-45.<\/li>\n<li>Suministro PoE: 30W \/ 54VDC.<\/li>\n<li>Tasa de transmisi\u00f3n: 10\/100\/1000Mbps.<\/li>\n<li>Medio de transmisi\u00f3n: cable de red CAT5\/5e\/6.<\/li>\n<li>Distancia m\u00e1xima de transmisi\u00f3n: 100m.<\/li>\n<li>Temperatura de operaci\u00f3n: -10\u00b0c ~ 55\u00b0C.<\/li>\n<li>Humedad de operaci\u00f3n: 0 ~ 90% sin condensaci\u00f3n.<\/li>\n<\/ul>\n<\/div>\n<\/div>\n","protected":false},"excerpt":{"rendered":"<p>Informaci\u00f3n general Los inyectores PoE de Utepo son equipos de un solo puerto Ethernet para subida de informaci\u00f3n, un puerto Ethernet PoE y con una entrada de corriente alterna (AC). Este dispositivo puede soportar PoE end-span con una\u00a0salida de hasta 30 Watts,\u00a0cuenta con la caracter\u00edstica&hellip;<\/p>\n","protected":false},"featured_media":6786,"comment_status":"open","ping_status":"closed","template":"","meta":{"om_disable_all_campaigns":false,"_monsterinsights_skip_tracking":false,"_monsterinsights_sitenote_active":false,"_monsterinsights_sitenote_note":"","_monsterinsights_sitenote_category":0},"product_brand":[],"product_cat":[601],"product_tag":[565,350,568,566,567,564,569,570,571,572],"class_list":{"0":"post-6787","1":"product","2":"type-product","3":"status-publish","4":"has-post-thumbnail","6":"product_cat-inyectores-poe-utepo-fuentes-de-energia-2","7":"product_tag-baterias","8":"product_tag-conectores","9":"product_tag-divisores-de-energia","10":"product_tag-extensores-poe","11":"product_tag-fuentes-con-distribuidor","12":"product_tag-fuentes-de-energia","13":"product_tag-fuentes-de-poder-y-adaptadores","14":"product_tag-inyectores-poe","15":"product_tag-reguladores","16":"product_tag-ups","18":"first","19":"instock","20":"sale","21":"taxable","22":"shipping-taxable","23":"purchasable","24":"product-type-simple"},"aioseo_notices":[],"_links":{"self":[{"href":"https:\/\/tecsecmty.com\/index.php\/wp-json\/wp\/v2\/product\/6787","targetHints":{"allow":["GET"]}}],"collection":[{"href":"https:\/\/tecsecmty.com\/index.php\/wp-json\/wp\/v2\/product"}],"about":[{"href":"https:\/\/tecsecmty.com\/index.php\/wp-json\/wp\/v2\/types\/product"}],"replies":[{"embeddable":true,"href":"https:\/\/tecsecmty.com\/index.php\/wp-json\/wp\/v2\/comments?post=6787"}],"version-history":[{"count":0,"href":"https:\/\/tecsecmty.com\/index.php\/wp-json\/wp\/v2\/product\/6787\/revisions"}],"wp:featuredmedia":[{"embeddable":true,"href":"https:\/\/tecsecmty.com\/index.php\/wp-json\/wp\/v2\/media\/6786"}],"wp:attachment":[{"href":"https:\/\/tecsecmty.com\/index.php\/wp-json\/wp\/v2\/media?parent=6787"}],"wp:term":[{"taxonomy":"product_brand","embeddable":true,"href":"https:\/\/tecsecmty.com\/index.php\/wp-json\/wp\/v2\/product_brand?post=6787"},{"taxonomy":"product_cat","embeddable":true,"href":"https:\/\/tecsecmty.com\/index.php\/wp-json\/wp\/v2\/product_cat?post=6787"},{"taxonomy":"product_tag","embeddable":true,"href":"https:\/\/tecsecmty.com\/index.php\/wp-json\/wp\/v2\/product_tag?post=6787"}],"curies":[{"name":"wp","href":"https:\/\/api.w.org\/{rel}","templated":true}]}}