{"id":6795,"date":"2023-02-23T12:23:46","date_gmt":"2023-02-23T18:23:46","guid":{"rendered":"https:\/\/tecsecmty.com\/index.php\/producto\/vivotek-ap-fic-010b-015-inyector-poe-de-interior-1-puerto-rj45-fe-15-4w-estandar-802-3-af\/"},"modified":"2023-03-22T23:24:43","modified_gmt":"2023-03-23T05:24:43","slug":"vivotek-ap-fic-010b-015-inyector-poe-de-interior-1-puerto-rj45-fe-15-4w-estandar-802-3-af","status":"publish","type":"product","link":"https:\/\/tecsecmty.com\/index.php\/producto\/vivotek-ap-fic-010b-015-inyector-poe-de-interior-1-puerto-rj45-fe-15-4w-estandar-802-3-af\/","title":{"rendered":"VIVOTEK AP-FIC-010B-015 &#8211; Inyector PoE de interior \/1 puerto RJ45 FE\/ 15.4W\/ Estandar 802.3 AF"},"content":{"rendered":"<div class=\"row aling-items-center padding-bottom-2x\">\n<div class=\"col-lg-12\">\n<h5 class=\"card-title text-center\">Informaci\u00f3n General<\/h5>\n<p>El\u00a0AP-FIC-010B-015 es un dispositivo\u00a0que permite suministrar energ\u00eda a dispositivos\u00a0como c\u00e1maras IP compatibles con el est\u00e1ndar IEEE 8002.3AF con consumos de hasta 15.4W<\/p>\n<p><img decoding=\"async\" class=\"overview-center-img-web\" src=\"https:\/\/tvc.mx\/media\/64764\/apfic.png\" alt=\"\" \/><\/div>\n<\/div>\n<div class=\"row aling-items-center padding-bottom-2x\">\n<div class=\"col-lg-12\">\n<h5 class=\"card-title text-center\">Principales Caracter\u00edsticas<\/h5>\n<ul>\n<li class=\"ql-align-justify\">1 puerto para conexi\u00f3n de entrada LAN RJ45 fast ethernet<\/li>\n<li class=\"ql-align-justify\">1 puerto para salida con alimentaci\u00f3n PoE RJ45 fast ethernet<\/li>\n<li class=\"ql-align-justify\">Tipo de suministro de alimentaci\u00f3n de energ\u00eda pasiva<\/li>\n<li class=\"ql-align-justify\">Compatible con c\u00e1maras IP con est\u00e1ndar IEEE802.3AF pasivo<\/li>\n<li class=\"ql-align-justify\">Potencia m\u00e1xima de salida por puerto 54VDC\/15.4W<\/li>\n<li class=\"ql-align-justify\">Compatible con 10 base TX cat. 3, 4, 5 UTP\/STP<\/li>\n<li class=\"ql-align-justify\">Compatible con 100 base TX cat. 5,5e UTP\/STP<\/li>\n<li class=\"ql-align-justify\">Compatible con cualquier modelo de c\u00e1mara 802.3af con consumo 15.4watts<\/li>\n<\/ul>\n<p><img decoding=\"async\" class=\"overview-center-img-web\" src=\"https:\/\/tvc.mx\/media\/60024\/Blanco.png\" alt=\"\" \/><\/div>\n<\/div>\n<div class=\"row aling-items-center padding-bottom-2x\">\n<div class=\"col-lg-12\">\n<h5 class=\"card-title text-center\">Aplicaciones<\/h5>\n<p>El inyector PoE APFIC010B015 permite conectarse directo a un swtch no PoE a trav\u00e9s de su entrada y a su salida permite alimentar de energ\u00eda a la c\u00e1mara de red IP.<\/p>\n<p><img decoding=\"async\" class=\"overview-center-img-\" src=\"https:\/\/tvc.mx\/media\/16307\/aplicaciones.jpg\" alt=\"\" \/><\/div>\n<\/div>\n","protected":false},"excerpt":{"rendered":"<p>Informaci\u00f3n General El\u00a0AP-FIC-010B-015 es un dispositivo\u00a0que permite suministrar energ\u00eda a dispositivos\u00a0como c\u00e1maras IP compatibles con el est\u00e1ndar IEEE 8002.3AF con consumos de hasta 15.4W Principales Caracter\u00edsticas 1 puerto para conexi\u00f3n de entrada LAN RJ45 fast ethernet 1 puerto para salida con alimentaci\u00f3n PoE RJ45 fast&hellip;<\/p>\n","protected":false},"featured_media":6794,"comment_status":"open","ping_status":"closed","template":"","meta":{"om_disable_all_campaigns":false,"_monsterinsights_skip_tracking":false,"_monsterinsights_sitenote_active":false,"_monsterinsights_sitenote_note":"","_monsterinsights_sitenote_category":0},"product_brand":[],"product_cat":[604],"product_tag":[565,350,568,566,567,564,569,570,571,572],"class_list":{"0":"post-6795","1":"product","2":"type-product","3":"status-publish","4":"has-post-thumbnail","6":"product_cat-inyectores-poe-vivotek-fuentes-de-energia-2","7":"product_tag-baterias","8":"product_tag-conectores","9":"product_tag-divisores-de-energia","10":"product_tag-extensores-poe","11":"product_tag-fuentes-con-distribuidor","12":"product_tag-fuentes-de-energia","13":"product_tag-fuentes-de-poder-y-adaptadores","14":"product_tag-inyectores-poe","15":"product_tag-reguladores","16":"product_tag-ups","18":"first","19":"instock","20":"sale","21":"taxable","22":"shipping-taxable","23":"purchasable","24":"product-type-simple"},"aioseo_notices":[],"_links":{"self":[{"href":"https:\/\/tecsecmty.com\/index.php\/wp-json\/wp\/v2\/product\/6795","targetHints":{"allow":["GET"]}}],"collection":[{"href":"https:\/\/tecsecmty.com\/index.php\/wp-json\/wp\/v2\/product"}],"about":[{"href":"https:\/\/tecsecmty.com\/index.php\/wp-json\/wp\/v2\/types\/product"}],"replies":[{"embeddable":true,"href":"https:\/\/tecsecmty.com\/index.php\/wp-json\/wp\/v2\/comments?post=6795"}],"version-history":[{"count":0,"href":"https:\/\/tecsecmty.com\/index.php\/wp-json\/wp\/v2\/product\/6795\/revisions"}],"wp:featuredmedia":[{"embeddable":true,"href":"https:\/\/tecsecmty.com\/index.php\/wp-json\/wp\/v2\/media\/6794"}],"wp:attachment":[{"href":"https:\/\/tecsecmty.com\/index.php\/wp-json\/wp\/v2\/media?parent=6795"}],"wp:term":[{"taxonomy":"product_brand","embeddable":true,"href":"https:\/\/tecsecmty.com\/index.php\/wp-json\/wp\/v2\/product_brand?post=6795"},{"taxonomy":"product_cat","embeddable":true,"href":"https:\/\/tecsecmty.com\/index.php\/wp-json\/wp\/v2\/product_cat?post=6795"},{"taxonomy":"product_tag","embeddable":true,"href":"https:\/\/tecsecmty.com\/index.php\/wp-json\/wp\/v2\/product_tag?post=6795"}],"curies":[{"name":"wp","href":"https:\/\/api.w.org\/{rel}","templated":true}]}}