{"id":6797,"date":"2023-02-23T12:23:47","date_gmt":"2023-02-23T18:23:47","guid":{"rendered":"https:\/\/tecsecmty.com\/index.php\/producto\/vivotek-ap-gic-011a-060-inyector-high-poe-de-interior-1-puerto-rj45-gigabit-ethernet-60w-proteccion-12kv-ndaa\/"},"modified":"2023-03-22T23:24:43","modified_gmt":"2023-03-23T05:24:43","slug":"vivotek-ap-gic-011a-060-inyector-high-poe-de-interior-1-puerto-rj45-gigabit-ethernet-60w-proteccion-12kv-ndaa","status":"publish","type":"product","link":"https:\/\/tecsecmty.com\/index.php\/producto\/vivotek-ap-gic-011a-060-inyector-high-poe-de-interior-1-puerto-rj45-gigabit-ethernet-60w-proteccion-12kv-ndaa\/","title":{"rendered":"VIVOTEK AP-GIC-011A-060 &#8211; Inyector High PoE de interior\/ 1 puerto RJ45 Gigabit Ethernet \/ 60W \/ Proteccion 12KV\/ NDAA"},"content":{"rendered":"<div class=\"row aling-items-center padding-bottom-2x\">\n<div class=\"col-lg-12\">\n<h5 class=\"card-title text-center\">Informaci\u00f3n general<\/h5>\n<p>El\u00a0inyector\u00a0APGIC011A060\u00a0puede alimientar dispositivos\u00a0\u00a0<strong>UPoE<\/strong>\u00a0con un m\u00e1ximo de\u00a0<strong>60 watts<\/strong>, cumple con el est\u00e1ndar\u00a0PoE\u00a0<strong>802.3at<\/strong>, permite enviar \u00abdatos\u00bb y \u00abalimentaci\u00f3n\u00bb por medio de un cable UTP hasta una distancia de 100 m.<\/p>\n<p class=\"ql-align-justify\">Permite alimentar dispositivos,\u00a0<strong>UPoE<\/strong>\u00a0de hasta\u00a0<strong>60 watts<\/strong>, extensores\u00a0<strong>PoE<\/strong>\u00a0de Vivotek\u00a0y tambi\u00e9n equipos que cumplan el est\u00e1ndar\u00a0<strong>802.3at<\/strong><\/p>\n<p><img decoding=\"async\" class=\"overview-center-img-web\" src=\"https:\/\/tvc.mx\/media\/62139\/banner.jpg\" alt=\"\" \/><\/div>\n<\/div>\n<div class=\"row aling-items-center padding-bottom-2x\">\n<div class=\"col-lg-12\">\n<h5 class=\"card-title text-center\">Caracter\u00edsticas Principales<\/h5>\n<p>1 puerto RJ45 de salida PoE<\/p>\n<p>1 Puerto de entrada a LAN<\/p>\n<p>Salida de potencia de hasta 60 watts<\/p>\n<p>Protecci\u00f3n contra sobretensiones de hasta 12KVA<\/p>\n<p>Entrada de alimentaci\u00f3n de 110 VCA<\/p>\n<p>Es compatible con c\u00e1maras PoE 802.3AT<\/p>\n<p><img decoding=\"async\" class=\"overview-center-img-web\" src=\"https:\/\/tvc.mx\/media\/62145\/main_feaatures---copia.jpg\" alt=\"\" \/><\/div>\n<\/div>\n<div class=\"row aling-items-center padding-bottom-2x\">\n<div class=\"col-lg-12\">\n<h5 class=\"card-title text-center\">Diagrama de conexi\u00f3n<\/h5>\n<p>En el siguiente diagrama, muestra la conexi\u00f3n entre el inyector y la c\u00e1mara IP PTZ, de esta manera permite el envi\u00f3 de datos y energ\u00eda hasta los 100 m de distancia.<\/p>\n<p>Nota: Es importante cumplir con los requisitos de material de cable UTP, este debe de ser 100 % cobre.<\/p>\n<p><img decoding=\"async\" class=\"overview-center-img-web\" src=\"https:\/\/tvc.mx\/media\/62142\/diagrama.jpg\" alt=\"\" \/><\/div>\n<\/div>\n","protected":false},"excerpt":{"rendered":"<p>Informaci\u00f3n general El\u00a0inyector\u00a0APGIC011A060\u00a0puede alimientar dispositivos\u00a0\u00a0UPoE\u00a0con un m\u00e1ximo de\u00a060 watts, cumple con el est\u00e1ndar\u00a0PoE\u00a0802.3at, permite enviar \u00abdatos\u00bb y \u00abalimentaci\u00f3n\u00bb por medio de un cable UTP hasta una distancia de 100 m. Permite alimentar dispositivos,\u00a0UPoE\u00a0de hasta\u00a060 watts, extensores\u00a0PoE\u00a0de Vivotek\u00a0y tambi\u00e9n equipos que cumplan el est\u00e1ndar\u00a0802.3at Caracter\u00edsticas Principales&hellip;<\/p>\n","protected":false},"featured_media":6796,"comment_status":"open","ping_status":"closed","template":"","meta":{"om_disable_all_campaigns":false,"_monsterinsights_skip_tracking":false,"_monsterinsights_sitenote_active":false,"_monsterinsights_sitenote_note":"","_monsterinsights_sitenote_category":0},"product_brand":[],"product_cat":[604],"product_tag":[565,350,568,566,567,564,569,570,571,572],"class_list":{"0":"post-6797","1":"product","2":"type-product","3":"status-publish","4":"has-post-thumbnail","6":"product_cat-inyectores-poe-vivotek-fuentes-de-energia-2","7":"product_tag-baterias","8":"product_tag-conectores","9":"product_tag-divisores-de-energia","10":"product_tag-extensores-poe","11":"product_tag-fuentes-con-distribuidor","12":"product_tag-fuentes-de-energia","13":"product_tag-fuentes-de-poder-y-adaptadores","14":"product_tag-inyectores-poe","15":"product_tag-reguladores","16":"product_tag-ups","18":"first","19":"instock","20":"sale","21":"taxable","22":"shipping-taxable","23":"purchasable","24":"product-type-simple"},"aioseo_notices":[],"_links":{"self":[{"href":"https:\/\/tecsecmty.com\/index.php\/wp-json\/wp\/v2\/product\/6797","targetHints":{"allow":["GET"]}}],"collection":[{"href":"https:\/\/tecsecmty.com\/index.php\/wp-json\/wp\/v2\/product"}],"about":[{"href":"https:\/\/tecsecmty.com\/index.php\/wp-json\/wp\/v2\/types\/product"}],"replies":[{"embeddable":true,"href":"https:\/\/tecsecmty.com\/index.php\/wp-json\/wp\/v2\/comments?post=6797"}],"version-history":[{"count":0,"href":"https:\/\/tecsecmty.com\/index.php\/wp-json\/wp\/v2\/product\/6797\/revisions"}],"wp:featuredmedia":[{"embeddable":true,"href":"https:\/\/tecsecmty.com\/index.php\/wp-json\/wp\/v2\/media\/6796"}],"wp:attachment":[{"href":"https:\/\/tecsecmty.com\/index.php\/wp-json\/wp\/v2\/media?parent=6797"}],"wp:term":[{"taxonomy":"product_brand","embeddable":true,"href":"https:\/\/tecsecmty.com\/index.php\/wp-json\/wp\/v2\/product_brand?post=6797"},{"taxonomy":"product_cat","embeddable":true,"href":"https:\/\/tecsecmty.com\/index.php\/wp-json\/wp\/v2\/product_cat?post=6797"},{"taxonomy":"product_tag","embeddable":true,"href":"https:\/\/tecsecmty.com\/index.php\/wp-json\/wp\/v2\/product_tag?post=6797"}],"curies":[{"name":"wp","href":"https:\/\/api.w.org\/{rel}","templated":true}]}}