{"id":6799,"date":"2023-02-23T12:23:49","date_gmt":"2023-02-23T18:23:49","guid":{"rendered":"https:\/\/tecsecmty.com\/index.php\/producto\/vivotek-apgic011a095-inyector-poe-1-puerto-ge-interior-95w-poh-54-vdc-proteccion-12kv\/"},"modified":"2023-03-22T23:24:43","modified_gmt":"2023-03-23T05:24:43","slug":"vivotek-apgic011a095-inyector-poe-1-puerto-ge-interior-95w-poh-54-vdc-proteccion-12kv","status":"publish","type":"product","link":"https:\/\/tecsecmty.com\/index.php\/producto\/vivotek-apgic011a095-inyector-poe-1-puerto-ge-interior-95w-poh-54-vdc-proteccion-12kv\/","title":{"rendered":"VIVOTEK APGIC011A095 &#8211; Inyector PoE 1 puerto GE \/ Interior \/ 95W \/ POH \/ 54 VDC \/ Proteccion 12KV"},"content":{"rendered":"<div class=\"row aling-items-center padding-bottom-2x\">\n<div class=\"col-lg-12\">\n<h5 class=\"card-title text-center\">Informaci\u00f3n General<\/h5>\n<p>El\u00a0inyector\u00a0APGIC011A060\u00a0puede alimientar dispositivos\u00a0\u00a0<strong>UPoE<\/strong>\u00a0con un m\u00e1ximo de\u00a0<strong>95 watts<\/strong>, cumple con el est\u00e1ndar\u00a0PoE\u00a0<strong>802.3at<\/strong>, permite enviar \u00abdatos\u00bb y \u00abalimentaci\u00f3n\u00bb por medio de un cable UTP hasta una distancia de 100 m.<\/p>\n<p class=\"ql-align-justify\">Permite alimentar dispositivos,\u00a0<strong>UPoE<\/strong>\u00a0de hasta\u00a0<strong>95 watts<\/strong>, extensores\u00a0<strong>PoE<\/strong>\u00a0de Vivotek\u00a0y tambi\u00e9n equipos que cumplan el est\u00e1ndar\u00a0<strong>802.3at<\/strong><\/p>\n<p><img decoding=\"async\" class=\"overview-center-img-web\" src=\"https:\/\/tvc.mx\/media\/78152\/AP-GIC-011A-095.png\" alt=\"\" \/><\/p>\n<\/div>\n<\/div>\n<div class=\"row aling-items-center padding-bottom-2x\">\n<div class=\"col-lg-12\">\n<h5 class=\"card-title text-center\">Caracter\u00edsticas Principales<\/h5>\n<p>N\u00famero de puerto PoE: 1<\/p>\n<p>Max. Potencia de salida PoE \/ por puerto: 54VDC \/ 95W<\/p>\n<p>Compatible con el est\u00e1ndar 802.3at: s\u00ed<\/p>\n<p>Protecci\u00f3n contra sobrecorriente: compatible<\/p>\n<p>Protecci\u00f3n contra cortocircuitos: compatible<\/p>\n<p>Presupuesto total de energ\u00eda PoE: 95W<\/p>\n<p>Asignaci\u00f3n de pin de alimentaci\u00f3n: 1\/2 (-), 3\/6 (+), 4\/5 (+), 7\/8 (-)<\/p>\n<p>Detecci\u00f3n autom\u00e1tica de PoE PD: compatible<\/p>\n<p>Indicadores LED<\/p>\n<p>Entrada de energ\u00eda: 100 ~ 240V AC \/ 50 ~ 60Hz<\/p>\n<p>Consumo de energ\u00eda: 100W<\/p>\n<p>Datos de protecci\u00f3n contra sobretensiones \/ puerto PoE: 12KV<\/p>\n<p>Protecci\u00f3n contra sobretensiones CA: 4KV<\/p>\n<p>Dimensiones: 182 (L) x 78.6 (W) x 41.9 (H) mm<\/p>\n<p>Peso: 0,58 kg<\/p>\n<p><img decoding=\"async\" class=\"overview-center-img-web\" src=\"https:\/\/tvc.mx\/media\/78160\/Blanco.png\" alt=\"\" \/><\/p>\n<\/div>\n<\/div>\n<div class=\"row aling-items-center padding-bottom-2x\">\n<div class=\"col-lg-12\">\n<h5 class=\"card-title text-center\">Diagrama de conexiones<\/h5>\n<p>En el siguiente diagrama, muestra la conexi\u00f3n entre el inyector y la c\u00e1mara IP PTZ, de esta manera permite el envi\u00f3 de datos y energ\u00eda hasta los 100 m de distancia.<\/p>\n<p>Nota: Es importante cumplir con los requisitos de material de cable UTP, este debe de ser 100 % cobre.<\/p>\n<p><img decoding=\"async\" class=\"overview-center-img-web\" src=\"https:\/\/tvc.mx\/media\/78172\/diagramadeconexiones.png\" alt=\"\" \/><\/p>\n<\/div>\n<\/div>\n","protected":false},"excerpt":{"rendered":"<p>Informaci\u00f3n General El\u00a0inyector\u00a0APGIC011A060\u00a0puede alimientar dispositivos\u00a0\u00a0UPoE\u00a0con un m\u00e1ximo de\u00a095 watts, cumple con el est\u00e1ndar\u00a0PoE\u00a0802.3at, permite enviar \u00abdatos\u00bb y \u00abalimentaci\u00f3n\u00bb por medio de un cable UTP hasta una distancia de 100 m. Permite alimentar dispositivos,\u00a0UPoE\u00a0de hasta\u00a095 watts, extensores\u00a0PoE\u00a0de Vivotek\u00a0y tambi\u00e9n equipos que cumplan el est\u00e1ndar\u00a0802.3at Caracter\u00edsticas Principales&hellip;<\/p>\n","protected":false},"featured_media":6798,"comment_status":"open","ping_status":"closed","template":"","meta":{"om_disable_all_campaigns":false,"_monsterinsights_skip_tracking":false,"_monsterinsights_sitenote_active":false,"_monsterinsights_sitenote_note":"","_monsterinsights_sitenote_category":0},"product_brand":[],"product_cat":[604],"product_tag":[565,350,568,566,567,564,569,570,571,572],"class_list":{"0":"post-6799","1":"product","2":"type-product","3":"status-publish","4":"has-post-thumbnail","6":"product_cat-inyectores-poe-vivotek-fuentes-de-energia-2","7":"product_tag-baterias","8":"product_tag-conectores","9":"product_tag-divisores-de-energia","10":"product_tag-extensores-poe","11":"product_tag-fuentes-con-distribuidor","12":"product_tag-fuentes-de-energia","13":"product_tag-fuentes-de-poder-y-adaptadores","14":"product_tag-inyectores-poe","15":"product_tag-reguladores","16":"product_tag-ups","18":"first","19":"instock","20":"sale","21":"taxable","22":"shipping-taxable","23":"purchasable","24":"product-type-simple"},"aioseo_notices":[],"_links":{"self":[{"href":"https:\/\/tecsecmty.com\/index.php\/wp-json\/wp\/v2\/product\/6799","targetHints":{"allow":["GET"]}}],"collection":[{"href":"https:\/\/tecsecmty.com\/index.php\/wp-json\/wp\/v2\/product"}],"about":[{"href":"https:\/\/tecsecmty.com\/index.php\/wp-json\/wp\/v2\/types\/product"}],"replies":[{"embeddable":true,"href":"https:\/\/tecsecmty.com\/index.php\/wp-json\/wp\/v2\/comments?post=6799"}],"version-history":[{"count":0,"href":"https:\/\/tecsecmty.com\/index.php\/wp-json\/wp\/v2\/product\/6799\/revisions"}],"wp:featuredmedia":[{"embeddable":true,"href":"https:\/\/tecsecmty.com\/index.php\/wp-json\/wp\/v2\/media\/6798"}],"wp:attachment":[{"href":"https:\/\/tecsecmty.com\/index.php\/wp-json\/wp\/v2\/media?parent=6799"}],"wp:term":[{"taxonomy":"product_brand","embeddable":true,"href":"https:\/\/tecsecmty.com\/index.php\/wp-json\/wp\/v2\/product_brand?post=6799"},{"taxonomy":"product_cat","embeddable":true,"href":"https:\/\/tecsecmty.com\/index.php\/wp-json\/wp\/v2\/product_cat?post=6799"},{"taxonomy":"product_tag","embeddable":true,"href":"https:\/\/tecsecmty.com\/index.php\/wp-json\/wp\/v2\/product_tag?post=6799"}],"curies":[{"name":"wp","href":"https:\/\/api.w.org\/{rel}","templated":true}]}}