{"id":6807,"date":"2023-02-23T12:23:59","date_gmt":"2023-02-23T18:23:59","guid":{"rendered":"https:\/\/tecsecmty.com\/index.php\/producto\/cdp-r2cu-avr-1008-regulador-de-voltaje-de-escritorio-nema-5-15-1000va-400w-8-tomas-de-salida-1-toma-para-carga-de-tablet-3-tomas-para-carga-de-smartphone\/"},"modified":"2023-03-22T23:22:11","modified_gmt":"2023-03-23T05:22:11","slug":"cdp-r2cu-avr-1008-regulador-de-voltaje-de-escritorio-nema-5-15-1000va-400w-8-tomas-de-salida-1-toma-para-carga-de-tablet-3-tomas-para-carga-de-smartphone","status":"publish","type":"product","link":"https:\/\/tecsecmty.com\/index.php\/producto\/cdp-r2cu-avr-1008-regulador-de-voltaje-de-escritorio-nema-5-15-1000va-400w-8-tomas-de-salida-1-toma-para-carga-de-tablet-3-tomas-para-carga-de-smartphone\/","title":{"rendered":"CDP R2CU-AVR 1008 &#8211; Regulador de Voltaje de Escritorio NEMA 5-15 \/ 1000VA\/400W \/ 8 tomas de salida \/ 1 Toma para carga de tablet \/ 3 Tomas para carga de smartphone"},"content":{"rendered":"<div class=\"row aling-items-center padding-bottom-2x\">\n<div class=\"col-lg-12\">\n<h5 class=\"card-title text-center\">Importante Leer:<\/h5>\n<h2>Tenemos los equipos especialmente dise\u00f1ados para sus requerimientos, si requiere un sistema especial para la protecci\u00f3n de sus equipos, por favor h\u00e1ganoslo saber.<\/h2>\n<p><img decoding=\"async\" class=\"overview-center-img-web\" src=\"https:\/\/tvc.mx\/media\/487270\/NOTA-COMPRA-REGULADORES.png\" alt=\"\" \/><\/div>\n<\/div>\n<div class=\"row aling-items-center padding-bottom-2x\">\n<div class=\"col-lg-12\">\n<h5 class=\"card-title text-center\">R2CU-AVR 1008<\/h5>\n<p><img decoding=\"async\" class=\"overview-center-img-web\" src=\"https:\/\/tvc.mx\/media\/222263\/Regulador-De-Voltaje-De-Escritorio-CDP-R2CU-AVR1008-2.png\" alt=\"\" \/><\/div>\n<\/div>\n<div class=\"row aling-items-center padding-bottom-2x\">\n<div class=\"col-lg-12\">\n<h5 class=\"card-title text-center\">Caracter\u00edsticas T\u00e9cnicas<\/h5>\n<p>El nuevo y avanzado regulador de voltaje autom\u00e1tico R2CU es el m\u00e1s completo y ofrece la mejor calidad en todos sus componentes.<\/p>\n<p>Cuenta con 8 salidas,corrige bajas y altas tensiones y filtra contra transientes da\u00f1inos y picos de tensi\u00f3n.<\/p>\n<p>Entrega\u00a0 energ\u00eda limpia y regulada de 120 VCA.<\/p>\n<p>Cuenta con un exclusivo cargador USB inteligente de 4 puertos con potencia m\u00e1xima de 2,400mAH 3 Puertos para telefonos inteligentes y un puerto para tabletas port\u00e1tiles y altavoces inal\u00e1mbricos,convirtiendo a esta serie en la m\u00e1s completa.<\/p>\n<p><img decoding=\"async\" class=\"overview-center-img-web\" src=\"https:\/\/tvc.mx\/media\/414403\/R2CU-AVR-1008.png\" alt=\"\" \/><\/div>\n<\/div>\n<div class=\"row aling-items-center padding-bottom-2x\">\n<div class=\"col-lg-12\">\n<h5 class=\"card-title text-center\">Ficha T\u00e9cnica Del Producto:<\/h5>\n<p>Entre las caracter\u00edsticas mas importantes del producto encontramos:<\/p>\n<p>Entrada de voltaje: 127VCA (116\u00b1 12%)<\/p>\n<p>Corriente m\u00e1xima de salida: 6A (500 W)<\/p>\n<p>USB 1 Conector 2A +\u00a0 3 Conectores 1 A (5V 2.1A Max)<\/p>\n<p><img decoding=\"async\" class=\"overview-center-img-web\" src=\"https:\/\/tvc.mx\/media\/414407\/R2CU-AVR-1008.png\" alt=\"\" \/><\/div>\n<\/div>\n<div class=\"row aling-items-center padding-bottom-2x\">\n<div class=\"col-lg-12\">\n<h5 class=\"card-title text-center\">Tabla Comparativa De Productos:<\/h5>\n<p>Conoce nuestra gama de soluciones y un tiempo de respaldo dependiendo las necesidades que usted requiera.<\/p>\n<p><img decoding=\"async\" class=\"overview-center-img-web\" src=\"https:\/\/tvc.mx\/media\/414467\/COMPARATIVA-CDP-FINAL.png\" alt=\"\" \/><\/div>\n<\/div>\n","protected":false},"excerpt":{"rendered":"<p>Importante Leer: Tenemos los equipos especialmente dise\u00f1ados para sus requerimientos, si requiere un sistema especial para la protecci\u00f3n de sus equipos, por favor h\u00e1ganoslo saber. R2CU-AVR 1008 Caracter\u00edsticas T\u00e9cnicas El nuevo y avanzado regulador de voltaje autom\u00e1tico R2CU es el m\u00e1s completo y ofrece la&hellip;<\/p>\n","protected":false},"featured_media":6806,"comment_status":"open","ping_status":"closed","template":"","meta":{"om_disable_all_campaigns":false,"_monsterinsights_skip_tracking":false,"_monsterinsights_sitenote_active":false,"_monsterinsights_sitenote_note":"","_monsterinsights_sitenote_category":0},"product_brand":[],"product_cat":[605],"product_tag":[565,350,568,566,567,564,569,570,571,572],"class_list":{"0":"post-6807","1":"product","2":"type-product","3":"status-publish","4":"has-post-thumbnail","6":"product_cat-reguladores-y-ups","7":"product_tag-baterias","8":"product_tag-conectores","9":"product_tag-divisores-de-energia","10":"product_tag-extensores-poe","11":"product_tag-fuentes-con-distribuidor","12":"product_tag-fuentes-de-energia","13":"product_tag-fuentes-de-poder-y-adaptadores","14":"product_tag-inyectores-poe","15":"product_tag-reguladores","16":"product_tag-ups","18":"first","19":"instock","20":"sale","21":"taxable","22":"shipping-taxable","23":"purchasable","24":"product-type-simple"},"aioseo_notices":[],"_links":{"self":[{"href":"https:\/\/tecsecmty.com\/index.php\/wp-json\/wp\/v2\/product\/6807","targetHints":{"allow":["GET"]}}],"collection":[{"href":"https:\/\/tecsecmty.com\/index.php\/wp-json\/wp\/v2\/product"}],"about":[{"href":"https:\/\/tecsecmty.com\/index.php\/wp-json\/wp\/v2\/types\/product"}],"replies":[{"embeddable":true,"href":"https:\/\/tecsecmty.com\/index.php\/wp-json\/wp\/v2\/comments?post=6807"}],"version-history":[{"count":0,"href":"https:\/\/tecsecmty.com\/index.php\/wp-json\/wp\/v2\/product\/6807\/revisions"}],"wp:featuredmedia":[{"embeddable":true,"href":"https:\/\/tecsecmty.com\/index.php\/wp-json\/wp\/v2\/media\/6806"}],"wp:attachment":[{"href":"https:\/\/tecsecmty.com\/index.php\/wp-json\/wp\/v2\/media?parent=6807"}],"wp:term":[{"taxonomy":"product_brand","embeddable":true,"href":"https:\/\/tecsecmty.com\/index.php\/wp-json\/wp\/v2\/product_brand?post=6807"},{"taxonomy":"product_cat","embeddable":true,"href":"https:\/\/tecsecmty.com\/index.php\/wp-json\/wp\/v2\/product_cat?post=6807"},{"taxonomy":"product_tag","embeddable":true,"href":"https:\/\/tecsecmty.com\/index.php\/wp-json\/wp\/v2\/product_tag?post=6807"}],"curies":[{"name":"wp","href":"https:\/\/api.w.org\/{rel}","templated":true}]}}