{"id":6809,"date":"2023-02-23T12:24:02","date_gmt":"2023-02-23T18:24:02","guid":{"rendered":"https:\/\/tecsecmty.com\/index.php\/producto\/cdp-ravr1808-regulador-para-equipos-electronicos-de-alto-consumo-1800va-1000w-8-tomas-con-proteccion\/"},"modified":"2023-03-22T23:22:11","modified_gmt":"2023-03-23T05:22:11","slug":"cdp-ravr1808-regulador-para-equipos-electronicos-de-alto-consumo-1800va-1000w-8-tomas-con-proteccion","status":"publish","type":"product","link":"https:\/\/tecsecmty.com\/index.php\/producto\/cdp-ravr1808-regulador-para-equipos-electronicos-de-alto-consumo-1800va-1000w-8-tomas-con-proteccion\/","title":{"rendered":"CDP RAVR1808 &#8211; Regulador para equipos electr\u00f3nicos de alto consumo \/ 1800VA \/ 1000W \/ 8 Tomas con protecci\u00f3n"},"content":{"rendered":"<div class=\"row aling-items-center padding-bottom-2x\">\n<div class=\"col-lg-12\">\n<h5 class=\"card-title text-center\">Importante Leer:<\/h5>\n<h2>Tenemos los equipos especialmente dise\u00f1ados para sus requerimientos, si requiere un sistema especial para la protecci\u00f3n de sus equipos, por favor h\u00e1ganoslo saber.<\/h2>\n<p><img decoding=\"async\" class=\"overview-center-img-web\" src=\"https:\/\/tvc.mx\/media\/487272\/NOTA-COMPRA-REGULADORES.png\" alt=\"\" \/><\/div>\n<\/div>\n<div class=\"row aling-items-center padding-bottom-2x\">\n<div class=\"col-lg-12\">\n<h5 class=\"card-title text-center\">Informaci\u00f3n General<\/h5>\n<p>El regulador\u00a0<strong><em>AVRPRO1808<\/em><\/strong>\u00a0 forma parte de una l\u00ednea de reguladores de voltaje, corrige altas y bajas tensiones de flu\u00eddo el\u00e9ctrico, que causan da\u00f1os a PC&#8217;s y sus accesorios de CA. El dise\u00f1o se completa con un supresor de voltaje de alto desempe\u00f1o que absorbe picos y altos voltajes, componentes incorporados para la filtraci\u00f3n de ruidos arm\u00f3nicos que da\u00f1an circuitos l\u00f3gicos de la computadora; y su protecor de picos y altos voltajes en l\u00ednea telef\u00f3nica y DSL para complementar una soluci\u00f3n ideal de protecci\u00f3n a su inversi\u00f3n de problemas agudos de energ\u00eda.<\/p>\n<p><img decoding=\"async\" class=\"overview-center-img-\" src=\"https:\/\/tvc.mx\/media\/3741\/ov1.jpg\" alt=\"\" \/><\/div>\n<\/div>\n<div class=\"row aling-items-center padding-bottom-2x\">\n<div class=\"col-lg-12\">\n<h5 class=\"card-title text-center\">Alto Desempe\u00f1o<\/h5>\n<p>.<\/p>\n<p><img decoding=\"async\" class=\"overview-center-img-\" src=\"https:\/\/tvc.mx\/media\/3742\/ov2.jpg\" alt=\"\" \/><\/div>\n<\/div>\n","protected":false},"excerpt":{"rendered":"<p>Importante Leer: Tenemos los equipos especialmente dise\u00f1ados para sus requerimientos, si requiere un sistema especial para la protecci\u00f3n de sus equipos, por favor h\u00e1ganoslo saber. Informaci\u00f3n General El regulador\u00a0AVRPRO1808\u00a0 forma parte de una l\u00ednea de reguladores de voltaje, corrige altas y bajas tensiones de flu\u00eddo&hellip;<\/p>\n","protected":false},"featured_media":6808,"comment_status":"open","ping_status":"closed","template":"","meta":{"om_disable_all_campaigns":false,"_monsterinsights_skip_tracking":false,"_monsterinsights_sitenote_active":false,"_monsterinsights_sitenote_note":"","_monsterinsights_sitenote_category":0},"product_brand":[],"product_cat":[605],"product_tag":[565,350,568,566,567,564,569,570,571,572],"class_list":{"0":"post-6809","1":"product","2":"type-product","3":"status-publish","4":"has-post-thumbnail","6":"product_cat-reguladores-y-ups","7":"product_tag-baterias","8":"product_tag-conectores","9":"product_tag-divisores-de-energia","10":"product_tag-extensores-poe","11":"product_tag-fuentes-con-distribuidor","12":"product_tag-fuentes-de-energia","13":"product_tag-fuentes-de-poder-y-adaptadores","14":"product_tag-inyectores-poe","15":"product_tag-reguladores","16":"product_tag-ups","18":"first","19":"instock","20":"sale","21":"taxable","22":"shipping-taxable","23":"purchasable","24":"product-type-simple"},"aioseo_notices":[],"_links":{"self":[{"href":"https:\/\/tecsecmty.com\/index.php\/wp-json\/wp\/v2\/product\/6809","targetHints":{"allow":["GET"]}}],"collection":[{"href":"https:\/\/tecsecmty.com\/index.php\/wp-json\/wp\/v2\/product"}],"about":[{"href":"https:\/\/tecsecmty.com\/index.php\/wp-json\/wp\/v2\/types\/product"}],"replies":[{"embeddable":true,"href":"https:\/\/tecsecmty.com\/index.php\/wp-json\/wp\/v2\/comments?post=6809"}],"version-history":[{"count":0,"href":"https:\/\/tecsecmty.com\/index.php\/wp-json\/wp\/v2\/product\/6809\/revisions"}],"wp:featuredmedia":[{"embeddable":true,"href":"https:\/\/tecsecmty.com\/index.php\/wp-json\/wp\/v2\/media\/6808"}],"wp:attachment":[{"href":"https:\/\/tecsecmty.com\/index.php\/wp-json\/wp\/v2\/media?parent=6809"}],"wp:term":[{"taxonomy":"product_brand","embeddable":true,"href":"https:\/\/tecsecmty.com\/index.php\/wp-json\/wp\/v2\/product_brand?post=6809"},{"taxonomy":"product_cat","embeddable":true,"href":"https:\/\/tecsecmty.com\/index.php\/wp-json\/wp\/v2\/product_cat?post=6809"},{"taxonomy":"product_tag","embeddable":true,"href":"https:\/\/tecsecmty.com\/index.php\/wp-json\/wp\/v2\/product_tag?post=6809"}],"curies":[{"name":"wp","href":"https:\/\/api.w.org\/{rel}","templated":true}]}}