{"id":6813,"date":"2023-02-23T12:24:07","date_gmt":"2023-02-23T18:24:07","guid":{"rendered":"https:\/\/tecsecmty.com\/index.php\/producto\/cdp-rsmart1510-ups-1500va-900w-pantalla-lcd-5-contactos-con-respaldo-y-avr-5-con-supresion-de-picos-gol\/"},"modified":"2023-03-22T23:22:11","modified_gmt":"2023-03-23T05:22:11","slug":"cdp-rsmart1510-ups-1500va-900w-pantalla-lcd-5-contactos-con-respaldo-y-avr-5-con-supresion-de-picos-gol","status":"publish","type":"product","link":"https:\/\/tecsecmty.com\/index.php\/producto\/cdp-rsmart1510-ups-1500va-900w-pantalla-lcd-5-contactos-con-respaldo-y-avr-5-con-supresion-de-picos-gol\/","title":{"rendered":"CDP RSMART1510 &#8211; UPS \/ 1500VA \/ 900W \/ Pantalla LCD \/ 5 Contactos con respaldo y AVR 5 con supresi\u00f3n de picos #GOL"},"content":{"rendered":"<div class=\"row aling-items-center padding-bottom-2x\">\n<div class=\"col-lg-12\">\n<h5 class=\"card-title text-center\">Importante Leer:<\/h5>\n<h2>Tenemos los equipos especialmente dise\u00f1ados para sus requerimientos, si requiere un sistema especial para la protecci\u00f3n de sus equipos, por favor h\u00e1ganoslo saber.<\/h2>\n<p><img decoding=\"async\" class=\"overview-center-img-web\" src=\"https:\/\/tvc.mx\/media\/487282\/NOTA-COMPRA-UPS-NEMA-5-15.png\" alt=\"\" \/><\/div>\n<\/div>\n<div class=\"row aling-items-center padding-bottom-2x\">\n<div class=\"col-lg-12\">\n<h5 class=\"card-title text-center\">Informaci\u00f3n general.<\/h5>\n<p>La\u00a0serie R-SMART es\u00a0una\u00a0l\u00ednea de No Breaks (UPS) interactivos con un regulador de voltaje integrado de\u00a0amplio rango\u00a0de funcionamiento.<\/p>\n<p>Cuando las\u00a0condiciones\u00a0de flujo el\u00e9ctrico son normales el UPS le protege\u00a0contra bajos y\u00a0altos voltajes, mientras utilizan la energ\u00eda para cargar la bater\u00eda interna.<\/p>\n<p>* En\u00a0situaciones donde\u00a0falte el flujo el\u00e9ctrico o la electricidad est\u00e9 fuera del rango del regulador, el UPS suministra hasta\u00a045\u00a0\u00a0min de energ\u00eda a\u00a0los\u00a0equipos conectados.<\/p>\n<p>* Los\u00a045 min de energ\u00eda fueron calculados con un PC b\u00e1sico y un monitor de 15\u201d LCD (tiempo aproximado).<\/p>\n<p><img decoding=\"async\" class=\"overview-center-img-web\" src=\"https:\/\/tvc.mx\/media\/36357\/Banner.png\" alt=\"\" \/><\/div>\n<\/div>\n","protected":false},"excerpt":{"rendered":"<p>Importante Leer: Tenemos los equipos especialmente dise\u00f1ados para sus requerimientos, si requiere un sistema especial para la protecci\u00f3n de sus equipos, por favor h\u00e1ganoslo saber. Informaci\u00f3n general. La\u00a0serie R-SMART es\u00a0una\u00a0l\u00ednea de No Breaks (UPS) interactivos con un regulador de voltaje integrado de\u00a0amplio rango\u00a0de funcionamiento. Cuando&hellip;<\/p>\n","protected":false},"featured_media":6812,"comment_status":"open","ping_status":"closed","template":"","meta":{"om_disable_all_campaigns":false,"_monsterinsights_skip_tracking":false,"_monsterinsights_sitenote_active":false,"_monsterinsights_sitenote_note":"","_monsterinsights_sitenote_category":0},"product_brand":[],"product_cat":[605],"product_tag":[565,350,568,566,567,564,569,570,571,572],"class_list":{"0":"post-6813","1":"product","2":"type-product","3":"status-publish","4":"has-post-thumbnail","6":"product_cat-reguladores-y-ups","7":"product_tag-baterias","8":"product_tag-conectores","9":"product_tag-divisores-de-energia","10":"product_tag-extensores-poe","11":"product_tag-fuentes-con-distribuidor","12":"product_tag-fuentes-de-energia","13":"product_tag-fuentes-de-poder-y-adaptadores","14":"product_tag-inyectores-poe","15":"product_tag-reguladores","16":"product_tag-ups","18":"first","19":"instock","20":"sale","21":"taxable","22":"shipping-taxable","23":"purchasable","24":"product-type-simple"},"aioseo_notices":[],"_links":{"self":[{"href":"https:\/\/tecsecmty.com\/index.php\/wp-json\/wp\/v2\/product\/6813","targetHints":{"allow":["GET"]}}],"collection":[{"href":"https:\/\/tecsecmty.com\/index.php\/wp-json\/wp\/v2\/product"}],"about":[{"href":"https:\/\/tecsecmty.com\/index.php\/wp-json\/wp\/v2\/types\/product"}],"replies":[{"embeddable":true,"href":"https:\/\/tecsecmty.com\/index.php\/wp-json\/wp\/v2\/comments?post=6813"}],"version-history":[{"count":0,"href":"https:\/\/tecsecmty.com\/index.php\/wp-json\/wp\/v2\/product\/6813\/revisions"}],"wp:featuredmedia":[{"embeddable":true,"href":"https:\/\/tecsecmty.com\/index.php\/wp-json\/wp\/v2\/media\/6812"}],"wp:attachment":[{"href":"https:\/\/tecsecmty.com\/index.php\/wp-json\/wp\/v2\/media?parent=6813"}],"wp:term":[{"taxonomy":"product_brand","embeddable":true,"href":"https:\/\/tecsecmty.com\/index.php\/wp-json\/wp\/v2\/product_brand?post=6813"},{"taxonomy":"product_cat","embeddable":true,"href":"https:\/\/tecsecmty.com\/index.php\/wp-json\/wp\/v2\/product_cat?post=6813"},{"taxonomy":"product_tag","embeddable":true,"href":"https:\/\/tecsecmty.com\/index.php\/wp-json\/wp\/v2\/product_tag?post=6813"}],"curies":[{"name":"wp","href":"https:\/\/api.w.org\/{rel}","templated":true}]}}