{"id":6819,"date":"2023-02-23T12:24:14","date_gmt":"2023-02-23T18:24:14","guid":{"rendered":"https:\/\/tecsecmty.com\/index.php\/producto\/cdp-rupr1008-ups-1000-va-500w-4-contactos-con-respaldo-4-contactos-con-supresion-de-picos-gol\/"},"modified":"2023-03-22T23:22:11","modified_gmt":"2023-03-23T05:22:11","slug":"cdp-rupr1008-ups-1000-va-500w-4-contactos-con-respaldo-4-contactos-con-supresion-de-picos-gol","status":"publish","type":"product","link":"https:\/\/tecsecmty.com\/index.php\/producto\/cdp-rupr1008-ups-1000-va-500w-4-contactos-con-respaldo-4-contactos-con-supresion-de-picos-gol\/","title":{"rendered":"CDP RUPR1008 &#8211; UPS \/ 1000 Va \/ 500W \/ 4 Contactos con respaldo \/ 4 Contactos con supresi\u00f3n de picos #GOL"},"content":{"rendered":"<div class=\"row aling-items-center padding-bottom-2x\">\n<div class=\"col-lg-12\">\n<h5 class=\"card-title text-center\">Importante Leer:<\/h5>\n<p>Tenemos los equipos especialmente dise\u00f1ados para sus requerimientos, si requiere un sistema especial para la protecci\u00f3n de sus equipos, por favor h\u00e1ganoslo saber.<\/p>\n<p><img decoding=\"async\" class=\"overview-center-img-web\" src=\"https:\/\/tvc.mx\/media\/487278\/NOTA-COMPRA-UPS-NEMA-5-15.png\" alt=\"\" \/><\/div>\n<\/div>\n<div class=\"row aling-items-center padding-bottom-2x\">\n<div class=\"col-lg-12\">\n<h5 class=\"card-title text-center\">Informaci\u00f3n general.<\/h5>\n<p>La serie R-UPR, est\u00e1 dise\u00f1ada con funcionamiento y confiabilidad incomparables para la protecci\u00f3n de sus sistemas de videovigilancia y estaciones de trabajo avanzadas. Cuando la condici\u00f3n de flujo electr\u00f3nico es normal, el UPS le protege contra la sobretensi\u00f3n mientras utiliza la energ\u00eda para cargar la bater\u00eda interna. Cuenta con controles potentes basados en microprocesadores para una mayor confiabilidad con regulaci\u00f3n autom\u00e1tica de la tensi\u00f3n.<\/p>\n<p>Ideal para la protecci\u00f3n completa de equipos de c\u00f3mputo, routers, m\u00f3dems, puntos de venta, consolas de videojuegos y teatros en casa.<\/p>\n<p>&nbsp;<\/p>\n<p>Nota:<\/p>\n<p>*El tiempo de respaldo var\u00eda conforme a los equipos conectados.<\/p>\n<p>*Tiempo de respaldo 30 min. para 1 equipo de consumo 115 watts.<\/p>\n<p><img decoding=\"async\" class=\"overview-center-img-web\" src=\"https:\/\/tvc.mx\/media\/36462\/Banner.png\" alt=\"\" \/><\/div>\n<\/div>\n","protected":false},"excerpt":{"rendered":"<p>Importante Leer: Tenemos los equipos especialmente dise\u00f1ados para sus requerimientos, si requiere un sistema especial para la protecci\u00f3n de sus equipos, por favor h\u00e1ganoslo saber. Informaci\u00f3n general. La serie R-UPR, est\u00e1 dise\u00f1ada con funcionamiento y confiabilidad incomparables para la protecci\u00f3n de sus sistemas de videovigilancia&hellip;<\/p>\n","protected":false},"featured_media":6818,"comment_status":"open","ping_status":"closed","template":"","meta":{"om_disable_all_campaigns":false,"_monsterinsights_skip_tracking":false,"_monsterinsights_sitenote_active":false,"_monsterinsights_sitenote_note":"","_monsterinsights_sitenote_category":0},"product_brand":[],"product_cat":[605],"product_tag":[565,350,568,566,567,564,569,570,571,572],"class_list":{"0":"post-6819","1":"product","2":"type-product","3":"status-publish","4":"has-post-thumbnail","6":"product_cat-reguladores-y-ups","7":"product_tag-baterias","8":"product_tag-conectores","9":"product_tag-divisores-de-energia","10":"product_tag-extensores-poe","11":"product_tag-fuentes-con-distribuidor","12":"product_tag-fuentes-de-energia","13":"product_tag-fuentes-de-poder-y-adaptadores","14":"product_tag-inyectores-poe","15":"product_tag-reguladores","16":"product_tag-ups","18":"first","19":"instock","20":"sale","21":"taxable","22":"shipping-taxable","23":"purchasable","24":"product-type-simple"},"aioseo_notices":[],"_links":{"self":[{"href":"https:\/\/tecsecmty.com\/index.php\/wp-json\/wp\/v2\/product\/6819","targetHints":{"allow":["GET"]}}],"collection":[{"href":"https:\/\/tecsecmty.com\/index.php\/wp-json\/wp\/v2\/product"}],"about":[{"href":"https:\/\/tecsecmty.com\/index.php\/wp-json\/wp\/v2\/types\/product"}],"replies":[{"embeddable":true,"href":"https:\/\/tecsecmty.com\/index.php\/wp-json\/wp\/v2\/comments?post=6819"}],"version-history":[{"count":0,"href":"https:\/\/tecsecmty.com\/index.php\/wp-json\/wp\/v2\/product\/6819\/revisions"}],"wp:featuredmedia":[{"embeddable":true,"href":"https:\/\/tecsecmty.com\/index.php\/wp-json\/wp\/v2\/media\/6818"}],"wp:attachment":[{"href":"https:\/\/tecsecmty.com\/index.php\/wp-json\/wp\/v2\/media?parent=6819"}],"wp:term":[{"taxonomy":"product_brand","embeddable":true,"href":"https:\/\/tecsecmty.com\/index.php\/wp-json\/wp\/v2\/product_brand?post=6819"},{"taxonomy":"product_cat","embeddable":true,"href":"https:\/\/tecsecmty.com\/index.php\/wp-json\/wp\/v2\/product_cat?post=6819"},{"taxonomy":"product_tag","embeddable":true,"href":"https:\/\/tecsecmty.com\/index.php\/wp-json\/wp\/v2\/product_tag?post=6819"}],"curies":[{"name":"wp","href":"https:\/\/api.w.org\/{rel}","templated":true}]}}