{"id":6827,"date":"2023-02-23T12:24:28","date_gmt":"2023-02-23T18:24:28","guid":{"rendered":"https:\/\/tecsecmty.com\/index.php\/producto\/cdp-upo11-1-ups-online-de-1-kva-900-watts-4-terminales-de-salida-baterias-12v-9ah-x-2-respaldo-4-min-carga-completa-gol\/"},"modified":"2023-03-22T23:22:12","modified_gmt":"2023-03-23T05:22:12","slug":"cdp-upo11-1-ups-online-de-1-kva-900-watts-4-terminales-de-salida-baterias-12v-9ah-x-2-respaldo-4-min-carga-completa-gol","status":"publish","type":"product","link":"https:\/\/tecsecmty.com\/index.php\/producto\/cdp-upo11-1-ups-online-de-1-kva-900-watts-4-terminales-de-salida-baterias-12v-9ah-x-2-respaldo-4-min-carga-completa-gol\/","title":{"rendered":"CDP UPO11-1 &#8211; UPS Online de 1 KVA \/ 900 Watts \/ 4 Terminales de salida \/ Baterias 12V \/ 9AH X 2 \/ Respaldo 4 MIN carga completa #GOL"},"content":{"rendered":"<div class=\"row aling-items-center padding-bottom-2x\">\n<div class=\"col-lg-12\">\n<h5 class=\"card-title text-center\">Importante Leer:<\/h5>\n<h2>Tenemos los equipos especialmente dise\u00f1ados para sus requerimientos, si requiere un sistema especial para la protecci\u00f3n de sus equipos, por favor h\u00e1ganoslo saber.<\/h2>\n<p><img decoding=\"async\" class=\"overview-center-img-web\" src=\"https:\/\/tvc.mx\/media\/487290\/NOTA-COMPRA-UPS-NEMA-5-15.png\" alt=\"\" \/><\/div>\n<\/div>\n<div class=\"row aling-items-center padding-bottom-2x\">\n<div class=\"col-lg-12\">\n<h5 class=\"card-title text-center\">Informaci\u00f3n general.<\/h5>\n<p class=\"ql-align-justify\">El\u00a0<strong>CDP UPO111<\/strong>\u00a0es un sofisticado aparato f\u00e1cil de utilizar de 1KV construido utilizando la m\u00e1s alta y moderna tecnolog\u00eda que incluye funciones de \u00faltima generaci\u00f3n demandadas por los profesionales de inform\u00e1tica, comunicaciones y laboratorios. Esta equipado con procesadores de se\u00f1al digital DSP (Digital Signal Processor) los cuales permiten administrar\u00a0y monitorear todas las operaciones. Es ideal para servidores, sistemas de almacenamiento de datos, equipo de telecomunicaciones, equipo industrial y equipos con alto desempe\u00f1o.<\/p>\n<p><img decoding=\"async\" class=\"overview-center-img-web\" src=\"https:\/\/tvc.mx\/media\/35678\/banner.png\" alt=\"\" \/><\/div>\n<\/div>\n<div class=\"row aling-items-center padding-bottom-2x\">\n<div class=\"col-lg-12\">\n<h5 class=\"card-title text-center\">Tecnolog\u00eda de doble conversi\u00f3n<\/h5>\n<p class=\"ql-align-justify\">Se llama de\u00a0<strong><em>doble conversi\u00f3n<\/em><\/strong>\u00a0porque el flujo de la energ\u00eda hacia la carga pasa por dos etapas de conversi\u00f3n, primero por el\u00a0<em>rectificador<\/em>\u00a0y luego por el\u00a0<em>inversor<\/em>\u00a0con ello se logra eliminar el total de las perturbaciones de la red el\u00e9ctrica que pueden generar un funcionamiento indeseado en la carga conectada.<\/p>\n<p><img decoding=\"async\" class=\"overview-center-img-\" src=\"https:\/\/tvc.mx\/media\/9736\/DBLCONV.png\" alt=\"\" \/><\/div>\n<\/div>\n<div class=\"row aling-items-center padding-bottom-2x\">\n<div class=\"col-lg-12\">\n<h5 class=\"card-title text-center\">Bancos de toma corriente aislados<\/h5>\n<p class=\"ql-align-justify\">Bancos de toma corrientes aislados. Permiten al usuario la asignaci\u00f3n de los toma corrientes dependiendo del tipo de aplicaci\u00f3n, dependiendo si esta es muy cr\u00edtica o cr\u00edtica. Esto previene sobre apagados accidentales del UPS que pudieran afectar a las cargas mas sensibles.<\/p>\n<p><img decoding=\"async\" class=\"overview-center-img-\" src=\"https:\/\/tvc.mx\/media\/9783\/4tomass2b.png\" alt=\"\" \/><\/div>\n<\/div>\n<div class=\"row aling-items-center padding-bottom-2x\">\n<div class=\"col-lg-12\">\n<h5 class=\"card-title text-center\">Puerto RS232<\/h5>\n<p>El UPS cuenta con un puerto de comunicaci\u00f3n RS232 para administraci\u00f3n, control y monitoreo bajo distintos sistemas operativos:\u00a0Windows 2000\/2003\/XP\/Vista\/2008\/7,8,10 Linux y Mac.<\/p>\n<p><img decoding=\"async\" class=\"overview-center-img-\" src=\"https:\/\/tvc.mx\/media\/9754\/administra-rs232b.png\" alt=\"\" \/><\/div>\n<\/div>\n","protected":false},"excerpt":{"rendered":"<p>Importante Leer: Tenemos los equipos especialmente dise\u00f1ados para sus requerimientos, si requiere un sistema especial para la protecci\u00f3n de sus equipos, por favor h\u00e1ganoslo saber. Informaci\u00f3n general. El\u00a0CDP UPO111\u00a0es un sofisticado aparato f\u00e1cil de utilizar de 1KV construido utilizando la m\u00e1s alta y moderna tecnolog\u00eda&hellip;<\/p>\n","protected":false},"featured_media":6826,"comment_status":"open","ping_status":"closed","template":"","meta":{"om_disable_all_campaigns":false,"_monsterinsights_skip_tracking":false,"_monsterinsights_sitenote_active":false,"_monsterinsights_sitenote_note":"","_monsterinsights_sitenote_category":0},"product_brand":[],"product_cat":[605],"product_tag":[565,350,568,566,567,564,569,570,571,572],"class_list":{"0":"post-6827","1":"product","2":"type-product","3":"status-publish","4":"has-post-thumbnail","6":"product_cat-reguladores-y-ups","7":"product_tag-baterias","8":"product_tag-conectores","9":"product_tag-divisores-de-energia","10":"product_tag-extensores-poe","11":"product_tag-fuentes-con-distribuidor","12":"product_tag-fuentes-de-energia","13":"product_tag-fuentes-de-poder-y-adaptadores","14":"product_tag-inyectores-poe","15":"product_tag-reguladores","16":"product_tag-ups","18":"first","19":"instock","20":"sale","21":"taxable","22":"shipping-taxable","23":"purchasable","24":"product-type-simple"},"aioseo_notices":[],"_links":{"self":[{"href":"https:\/\/tecsecmty.com\/index.php\/wp-json\/wp\/v2\/product\/6827","targetHints":{"allow":["GET"]}}],"collection":[{"href":"https:\/\/tecsecmty.com\/index.php\/wp-json\/wp\/v2\/product"}],"about":[{"href":"https:\/\/tecsecmty.com\/index.php\/wp-json\/wp\/v2\/types\/product"}],"replies":[{"embeddable":true,"href":"https:\/\/tecsecmty.com\/index.php\/wp-json\/wp\/v2\/comments?post=6827"}],"version-history":[{"count":0,"href":"https:\/\/tecsecmty.com\/index.php\/wp-json\/wp\/v2\/product\/6827\/revisions"}],"wp:featuredmedia":[{"embeddable":true,"href":"https:\/\/tecsecmty.com\/index.php\/wp-json\/wp\/v2\/media\/6826"}],"wp:attachment":[{"href":"https:\/\/tecsecmty.com\/index.php\/wp-json\/wp\/v2\/media?parent=6827"}],"wp:term":[{"taxonomy":"product_brand","embeddable":true,"href":"https:\/\/tecsecmty.com\/index.php\/wp-json\/wp\/v2\/product_brand?post=6827"},{"taxonomy":"product_cat","embeddable":true,"href":"https:\/\/tecsecmty.com\/index.php\/wp-json\/wp\/v2\/product_cat?post=6827"},{"taxonomy":"product_tag","embeddable":true,"href":"https:\/\/tecsecmty.com\/index.php\/wp-json\/wp\/v2\/product_tag?post=6827"}],"curies":[{"name":"wp","href":"https:\/\/api.w.org\/{rel}","templated":true}]}}