{"id":6833,"date":"2023-02-23T12:24:35","date_gmt":"2023-02-23T18:24:35","guid":{"rendered":"https:\/\/tecsecmty.com\/index.php\/producto\/cdp-upo11-2-ups-online-de-2-kva-1800-watts-4-terminales-de-salida-baterias-12v-9ah-x-4-respaldo-4-min-carga-completa-requiere-clavija-o-adaptador-nema-5-20r-gol\/"},"modified":"2023-03-22T23:22:12","modified_gmt":"2023-03-23T05:22:12","slug":"cdp-upo11-2-ups-online-de-2-kva-1800-watts-4-terminales-de-salida-baterias-12v-9ah-x-4-respaldo-4-min-carga-completa-requiere-clavija-o-adaptador-nema-5-20r-gol","status":"publish","type":"product","link":"https:\/\/tecsecmty.com\/index.php\/producto\/cdp-upo11-2-ups-online-de-2-kva-1800-watts-4-terminales-de-salida-baterias-12v-9ah-x-4-respaldo-4-min-carga-completa-requiere-clavija-o-adaptador-nema-5-20r-gol\/","title":{"rendered":"CDP UPO11-2 &#8211; UPS Online de 2 KVA \/ 1800 Watts \/ 4 Terminales de salida \/ Bater\u00edas 12V \/ 9AH X 4 \/ Respaldo 4 MIN carga completa\/REQUIERE CLAVIJA O ADAPTADOR NEMA 5-20R #GOL"},"content":{"rendered":"<div class=\"row aling-items-center padding-bottom-2x\">\n<div class=\"col-lg-12\">\n<h5 class=\"card-title text-center\">Importante Leer:<\/h5>\n<h2>El articulo tiene una clavija de conexi\u00f3n especial, no es la que se usa normalmente en los hogares u oficinas, requiere de una clavija o adaptador NEMA 5-20 R que se muestra en la ilustraci\u00f3n anterior, si no tenemos dichos art\u00edculos no podremos utilizar nuestro equipo.<\/h2>\n<h2><\/h2>\n<h2>Tenemos los equipos especialmente dise\u00f1ados para sus requerimientos, si requiere un sistema especial para la protecci\u00f3n de sus equipos, por favor h\u00e1ganoslo saber.<\/h2>\n<p><img decoding=\"async\" class=\"overview-center-img-web\" src=\"https:\/\/tvc.mx\/media\/487296\/NOTA-COMPRA-UPS-NEMA-5-20.png\" alt=\"\" \/><\/div>\n<\/div>\n<div class=\"row aling-items-center padding-bottom-2x\">\n<div class=\"col-lg-12\">\n<h5 class=\"card-title text-center\">Informaci\u00f3n general.<\/h5>\n<p>La serie UPO11 proporciona tecnolog\u00eda avanzada de conversi\u00f3n doble en l\u00ednea del 100%.\u00a0Los transistores de puerta aislados bipolares (IGBT) proporcionan un aislamiento real de la tensi\u00f3n de entrada.\u00a0Son ideales para centros de datos, equipos de laboratorio y aplicaciones industriales.<\/p>\n<p><img decoding=\"async\" class=\"overview-center-img-\" src=\"https:\/\/tvc.mx\/media\/10892\/Overview1.png\" alt=\"\" \/><\/div>\n<\/div>\n<div class=\"row aling-items-center padding-bottom-2x\">\n<div class=\"col-lg-12\">\n<h5 class=\"card-title text-center\">Tecnolog\u00eda doble conversi\u00f3n en linea<\/h5>\n<p>La tecnolog\u00eda\u00a0<em>doble conversi\u00f3n<\/em>\u00a0se llama as\u00ed\u00a0porque el flujo de la energ\u00eda hacia la carga pasa por dos etapas de conversi\u00f3n, primero por el\u00a0rectificador\u00a0y luego por el\u00a0inversor\u00a0con ello se logra eliminar el total de las perturbaciones de la red el\u00e9ctrica que pueden generar un funcionamiento indeseado en la carga conectada.<\/p>\n<p><img decoding=\"async\" class=\"overview-center-img-\" src=\"https:\/\/tvc.mx\/media\/10896\/Overview2.png\" alt=\"\" \/><\/div>\n<\/div>\n","protected":false},"excerpt":{"rendered":"<p>Importante Leer: El articulo tiene una clavija de conexi\u00f3n especial, no es la que se usa normalmente en los hogares u oficinas, requiere de una clavija o adaptador NEMA 5-20 R que se muestra en la ilustraci\u00f3n anterior, si no tenemos dichos art\u00edculos no podremos&hellip;<\/p>\n","protected":false},"featured_media":6832,"comment_status":"open","ping_status":"closed","template":"","meta":{"om_disable_all_campaigns":false,"_monsterinsights_skip_tracking":false,"_monsterinsights_sitenote_active":false,"_monsterinsights_sitenote_note":"","_monsterinsights_sitenote_category":0},"product_brand":[],"product_cat":[605],"product_tag":[565,350,568,566,567,564,569,570,571,572],"class_list":{"0":"post-6833","1":"product","2":"type-product","3":"status-publish","4":"has-post-thumbnail","6":"product_cat-reguladores-y-ups","7":"product_tag-baterias","8":"product_tag-conectores","9":"product_tag-divisores-de-energia","10":"product_tag-extensores-poe","11":"product_tag-fuentes-con-distribuidor","12":"product_tag-fuentes-de-energia","13":"product_tag-fuentes-de-poder-y-adaptadores","14":"product_tag-inyectores-poe","15":"product_tag-reguladores","16":"product_tag-ups","18":"first","19":"instock","20":"sale","21":"taxable","22":"shipping-taxable","23":"purchasable","24":"product-type-simple"},"aioseo_notices":[],"_links":{"self":[{"href":"https:\/\/tecsecmty.com\/index.php\/wp-json\/wp\/v2\/product\/6833","targetHints":{"allow":["GET"]}}],"collection":[{"href":"https:\/\/tecsecmty.com\/index.php\/wp-json\/wp\/v2\/product"}],"about":[{"href":"https:\/\/tecsecmty.com\/index.php\/wp-json\/wp\/v2\/types\/product"}],"replies":[{"embeddable":true,"href":"https:\/\/tecsecmty.com\/index.php\/wp-json\/wp\/v2\/comments?post=6833"}],"version-history":[{"count":0,"href":"https:\/\/tecsecmty.com\/index.php\/wp-json\/wp\/v2\/product\/6833\/revisions"}],"wp:featuredmedia":[{"embeddable":true,"href":"https:\/\/tecsecmty.com\/index.php\/wp-json\/wp\/v2\/media\/6832"}],"wp:attachment":[{"href":"https:\/\/tecsecmty.com\/index.php\/wp-json\/wp\/v2\/media?parent=6833"}],"wp:term":[{"taxonomy":"product_brand","embeddable":true,"href":"https:\/\/tecsecmty.com\/index.php\/wp-json\/wp\/v2\/product_brand?post=6833"},{"taxonomy":"product_cat","embeddable":true,"href":"https:\/\/tecsecmty.com\/index.php\/wp-json\/wp\/v2\/product_cat?post=6833"},{"taxonomy":"product_tag","embeddable":true,"href":"https:\/\/tecsecmty.com\/index.php\/wp-json\/wp\/v2\/product_tag?post=6833"}],"curies":[{"name":"wp","href":"https:\/\/api.w.org\/{rel}","templated":true}]}}