{"id":6835,"date":"2023-02-23T12:24:38","date_gmt":"2023-02-23T18:24:38","guid":{"rendered":"https:\/\/tecsecmty.com\/index.php\/producto\/cdp-upo11-2-ax-ups-online-de-2-kva-1800-watts-8-terminales-de-las-cuales-4-son-programables-pantalla-lcd-entrada-para-banco-de-baterias-respaldo-6-minutos-carga-completa-requiere-clavija-o-adapta\/"},"modified":"2023-03-22T23:22:12","modified_gmt":"2023-03-23T05:22:12","slug":"cdp-upo11-2-ax-ups-online-de-2-kva-1800-watts-8-terminales-de-las-cuales-4-son-programables-pantalla-lcd-entrada-para-banco-de-baterias-respaldo-6-minutos-carga-completa-requiere-clavija-o-adapta","status":"publish","type":"product","link":"https:\/\/tecsecmty.com\/index.php\/producto\/cdp-upo11-2-ax-ups-online-de-2-kva-1800-watts-8-terminales-de-las-cuales-4-son-programables-pantalla-lcd-entrada-para-banco-de-baterias-respaldo-6-minutos-carga-completa-requiere-clavija-o-adapta\/","title":{"rendered":"CDP UPO11-2 AX UPS Online de 2 KVA\/ 1800 Watts\/ 8 Terminales de las cuales 4 son programables\/ Pantalla LCD\/ Entrada para banco de bater\u00edas\/ Respaldo 6 minutos carga completa\/REQUIERE CLAVIJA O ADAPTADOR NEMA 5-20R #GOL"},"content":{"rendered":"<div class=\"row aling-items-center padding-bottom-2x\">\n<div class=\"col-lg-12\">\n<h5 class=\"card-title text-center\">Importante Leer:<\/h5>\n<h2>El articulo tiene una clavija de conexi\u00f3n especial, no es la que se usa normalmente en los hogares u oficinas, requiere de una clavija o adaptador\u00a0<strong>NEMA 5-20 R<\/strong>\u00a0que se muestra en la ilustraci\u00f3n anterior, si no tenemos dichos art\u00edculos no podremos utilizar nuestro equipo.<\/h2>\n<p>&nbsp;<\/p>\n<h2>Tenemos los equipos especialmente dise\u00f1ados para sus requerimientos, si requiere un sistema especial para la protecci\u00f3n de sus equipos, por favor h\u00e1ganoslo saber.<\/h2>\n<p><img decoding=\"async\" class=\"overview-center-img-web\" src=\"https:\/\/tvc.mx\/media\/487298\/NOTA-COMPRA-UPS-NEMA-5-20.png\" alt=\"\" \/><\/p>\n<\/div>\n<\/div>\n<div class=\"row aling-items-center padding-bottom-2x\">\n<div class=\"col-lg-12\">\n<h5 class=\"card-title text-center\">Informaci\u00f3n General<\/h5>\n<p class=\"ql-align-justify\">El\u00a0CDP UPO112\u00a0es un sofisticado aparato f\u00e1cil de utilizar de 2KV construido utilizando la m\u00e1s alta y moderna tecnolog\u00eda que incluye funciones de \u00faltima generaci\u00f3n demandadas por los profesionales de inform\u00e1tica, comunicaciones y laboratorios. Est\u00e1 equipado con procesadores de se\u00f1al digital DSP (Digital Signal Processor) los cuales permiten administrar\u00a0y monitorear todas las operaciones. Es ideal para servidores, sistemas de almacenamiento de datos, equipo de telecomunicaciones, equipo industrial y equipos con alto desempe\u00f1o.<\/p>\n<p><img decoding=\"async\" class=\"overview-center-img-web\" src=\"https:\/\/tvc.mx\/media\/183789\/CDP-UPO112AX-UPS-Online-2KVA-1800W-Entrada-Para-Bancos-De-Bater%C3%ADa-2.png\" alt=\"\" \/><\/p>\n<\/div>\n<\/div>\n<div class=\"row aling-items-center padding-bottom-2x\">\n<div class=\"col-lg-12\">\n<h5 class=\"card-title text-center\">Tecnolog\u00eda de doble conversi\u00f3n<\/h5>\n<p>Se llama de\u00a0<em>doble conversi\u00f3n<\/em>\u00a0porque el flujo de la energ\u00eda hacia la carga pasa por dos etapas de conversi\u00f3n, primero por el\u00a0<em>rectificador<\/em>\u00a0y luego por el\u00a0<em>inversor<\/em>\u00a0con ello se logra eliminar el total de las perturbaciones de la red el\u00e9ctrica que pueden generar un funcionamiento indeseado en la carga conectada.<\/p>\n<p><img decoding=\"async\" class=\"overview-center-img-web\" src=\"https:\/\/tvc.mx\/media\/183797\/CDP-UPO112AX-UPS-Online-2KVA-1800W-Entrada-Para-Bancos-De-Bater%C3%ADa-3.png\" alt=\"\" \/><\/p>\n<\/div>\n<\/div>\n","protected":false},"excerpt":{"rendered":"<p>Importante Leer: El articulo tiene una clavija de conexi\u00f3n especial, no es la que se usa normalmente en los hogares u oficinas, requiere de una clavija o adaptador\u00a0NEMA 5-20 R\u00a0que se muestra en la ilustraci\u00f3n anterior, si no tenemos dichos art\u00edculos no podremos utilizar nuestro&hellip;<\/p>\n","protected":false},"featured_media":6834,"comment_status":"open","ping_status":"closed","template":"","meta":{"om_disable_all_campaigns":false,"_monsterinsights_skip_tracking":false,"_monsterinsights_sitenote_active":false,"_monsterinsights_sitenote_note":"","_monsterinsights_sitenote_category":0},"product_brand":[],"product_cat":[605],"product_tag":[565,350,568,566,567,564,569,570,571,572],"class_list":{"0":"post-6835","1":"product","2":"type-product","3":"status-publish","4":"has-post-thumbnail","6":"product_cat-reguladores-y-ups","7":"product_tag-baterias","8":"product_tag-conectores","9":"product_tag-divisores-de-energia","10":"product_tag-extensores-poe","11":"product_tag-fuentes-con-distribuidor","12":"product_tag-fuentes-de-energia","13":"product_tag-fuentes-de-poder-y-adaptadores","14":"product_tag-inyectores-poe","15":"product_tag-reguladores","16":"product_tag-ups","18":"first","19":"instock","20":"sale","21":"taxable","22":"shipping-taxable","23":"purchasable","24":"product-type-simple"},"aioseo_notices":[],"_links":{"self":[{"href":"https:\/\/tecsecmty.com\/index.php\/wp-json\/wp\/v2\/product\/6835","targetHints":{"allow":["GET"]}}],"collection":[{"href":"https:\/\/tecsecmty.com\/index.php\/wp-json\/wp\/v2\/product"}],"about":[{"href":"https:\/\/tecsecmty.com\/index.php\/wp-json\/wp\/v2\/types\/product"}],"replies":[{"embeddable":true,"href":"https:\/\/tecsecmty.com\/index.php\/wp-json\/wp\/v2\/comments?post=6835"}],"version-history":[{"count":0,"href":"https:\/\/tecsecmty.com\/index.php\/wp-json\/wp\/v2\/product\/6835\/revisions"}],"wp:featuredmedia":[{"embeddable":true,"href":"https:\/\/tecsecmty.com\/index.php\/wp-json\/wp\/v2\/media\/6834"}],"wp:attachment":[{"href":"https:\/\/tecsecmty.com\/index.php\/wp-json\/wp\/v2\/media?parent=6835"}],"wp:term":[{"taxonomy":"product_brand","embeddable":true,"href":"https:\/\/tecsecmty.com\/index.php\/wp-json\/wp\/v2\/product_brand?post=6835"},{"taxonomy":"product_cat","embeddable":true,"href":"https:\/\/tecsecmty.com\/index.php\/wp-json\/wp\/v2\/product_cat?post=6835"},{"taxonomy":"product_tag","embeddable":true,"href":"https:\/\/tecsecmty.com\/index.php\/wp-json\/wp\/v2\/product_tag?post=6835"}],"curies":[{"name":"wp","href":"https:\/\/api.w.org\/{rel}","templated":true}]}}