{"id":6837,"date":"2023-02-23T12:24:40","date_gmt":"2023-02-23T18:24:40","guid":{"rendered":"https:\/\/tecsecmty.com\/index.php\/producto\/cdp-upo11-2-rt-ups-2000-va-1800-w-rackeable-puertos-de-comunicacion-rs232-y-usb-sobre-pedido-requiere-clavja-o-adaptador-nema-5-20r-gol\/"},"modified":"2023-03-22T23:22:12","modified_gmt":"2023-03-23T05:22:12","slug":"cdp-upo11-2-rt-ups-2000-va-1800-w-rackeable-puertos-de-comunicacion-rs232-y-usb-sobre-pedido-requiere-clavja-o-adaptador-nema-5-20r-gol","status":"publish","type":"product","link":"https:\/\/tecsecmty.com\/index.php\/producto\/cdp-upo11-2-rt-ups-2000-va-1800-w-rackeable-puertos-de-comunicacion-rs232-y-usb-sobre-pedido-requiere-clavja-o-adaptador-nema-5-20r-gol\/","title":{"rendered":"CDP UPO11-2 RT UPS\/ 2000 VA\/ 1800 W\/ RACKEABLE\/ PUERTOS DE COMUNICACI\u00d3N RS232 Y USB\/ SOBRE PEDIDO\/REQUIERE CLAVJA O ADAPTADOR NEMA 5-20R #GOL"},"content":{"rendered":"<div class=\"row aling-items-center padding-bottom-2x\">\n<div class=\"col-lg-12\">\n<h5 class=\"card-title text-center\">Importante Leer:<\/h5>\n<h2>El articulo tiene una clavija de conexi\u00f3n especial, no es la que se usa normalmente en los hogares u oficinas, requiere de una clavija o adaptador NEMA 5-20 R que se muestra en la ilustraci\u00f3n anterior, si no tenemos dichos art\u00edculos no podremos utilizar nuestro equipo.<\/h2>\n<h2><\/h2>\n<h2>Tenemos los equipos especialmente dise\u00f1ados para sus requerimientos, si requiere un sistema especial para la protecci\u00f3n de sus equipos, por favor h\u00e1ganoslo saber.<\/h2>\n<p><img decoding=\"async\" class=\"overview-center-img-web\" src=\"https:\/\/tvc.mx\/media\/487302\/NOTA-COMPRA-UPS-NEMA-5-20.png\" alt=\"\" \/><\/p>\n<\/div>\n<\/div>\n<div class=\"row aling-items-center padding-bottom-2x\">\n<div class=\"col-lg-12\">\n<h5 class=\"card-title text-center\">Caracter\u00edsticas Principales<\/h5>\n<p>+ Amplio rango de regulaci\u00f3n.<\/p>\n<p>+ Dise\u00f1o para cambio de bater\u00edas en caliente.<\/p>\n<p>+ Permite reemplazar las bater\u00edas f\u00e1cil y r\u00e1pidamente.<\/p>\n<p>+ Onda senoidal pura a la salida.<\/p>\n<p>+ Ofrece mayor disponibilidad para sus equipos, al corregir las bajas y altas<\/p>\n<p>de tensi\u00f3n sin emplear las bater\u00edas.<\/p>\n<p>+ Tiempo de transferencia cero,<\/p>\n<p>+ Elimina el 99% de los problemas el\u00e9ctricos,<\/p>\n<p>+ Arranque en fr\u00edo.<\/p>\n<p>+ Permite la r\u00e1pida recuperaci\u00f3n tras eventos de sobrecarga.<\/p>\n<p>+ Ideal para la protecci\u00f3n de equipo m\u00e9dico, laboratorio, servidores de misi\u00f3n<\/p>\n<p>cr\u00edtica o telecomuncaciones.<\/p>\n<p>+ Aislamiento total de la carga con respecto a la red comercial.<\/p>\n<p>+ Maximiza el rendimiento, la vida \u00fatil y la confiabilidad de las bater\u00edas a trav\u00e9s<\/p>\n<p>de la carga inteligente y de precisi\u00f3n.<\/p>\n<p>+ Protege la carga conectada contra sobretensiones breves o prolongadas, rayos<\/p>\n<p>y otras irregularidades energ\u00e9ticas.<\/p>\n<p>+ Dise\u00f1o de conversi\u00f3n Torre &#8211; Rack.<\/p>\n<p>+ Opci\u00f3n banco de bater\u00edas externas.<\/p>\n<p>+ Convierte la energ\u00eda de entrada en corriente directa (DC) y posteriormente en<\/p>\n<p>corriente alterna (CA).<\/p>\n<p>+ Capacidad de conversi\u00f3n de frecuencia.<\/p>\n<p>+ Factor de potencia 0,9 a la salida.<\/p>\n<p><img decoding=\"async\" class=\"overview-center-img-web\" src=\"https:\/\/tvc.mx\/media\/447239\/CDP-UPO11-2RT--UPS-2000-VA-1800-W-RACKEABLE.png\" alt=\"\" \/><\/p>\n<\/div>\n<\/div>\n","protected":false},"excerpt":{"rendered":"<p>Importante Leer: El articulo tiene una clavija de conexi\u00f3n especial, no es la que se usa normalmente en los hogares u oficinas, requiere de una clavija o adaptador NEMA 5-20 R que se muestra en la ilustraci\u00f3n anterior, si no tenemos dichos art\u00edculos no podremos&hellip;<\/p>\n","protected":false},"featured_media":6836,"comment_status":"open","ping_status":"closed","template":"","meta":{"om_disable_all_campaigns":false,"_monsterinsights_skip_tracking":false,"_monsterinsights_sitenote_active":false,"_monsterinsights_sitenote_note":"","_monsterinsights_sitenote_category":0},"product_brand":[],"product_cat":[605],"product_tag":[565,350,568,566,567,564,569,570,571,572],"class_list":{"0":"post-6837","1":"product","2":"type-product","3":"status-publish","4":"has-post-thumbnail","6":"product_cat-reguladores-y-ups","7":"product_tag-baterias","8":"product_tag-conectores","9":"product_tag-divisores-de-energia","10":"product_tag-extensores-poe","11":"product_tag-fuentes-con-distribuidor","12":"product_tag-fuentes-de-energia","13":"product_tag-fuentes-de-poder-y-adaptadores","14":"product_tag-inyectores-poe","15":"product_tag-reguladores","16":"product_tag-ups","18":"first","19":"instock","20":"sale","21":"taxable","22":"shipping-taxable","23":"purchasable","24":"product-type-simple"},"aioseo_notices":[],"_links":{"self":[{"href":"https:\/\/tecsecmty.com\/index.php\/wp-json\/wp\/v2\/product\/6837","targetHints":{"allow":["GET"]}}],"collection":[{"href":"https:\/\/tecsecmty.com\/index.php\/wp-json\/wp\/v2\/product"}],"about":[{"href":"https:\/\/tecsecmty.com\/index.php\/wp-json\/wp\/v2\/types\/product"}],"replies":[{"embeddable":true,"href":"https:\/\/tecsecmty.com\/index.php\/wp-json\/wp\/v2\/comments?post=6837"}],"version-history":[{"count":0,"href":"https:\/\/tecsecmty.com\/index.php\/wp-json\/wp\/v2\/product\/6837\/revisions"}],"wp:featuredmedia":[{"embeddable":true,"href":"https:\/\/tecsecmty.com\/index.php\/wp-json\/wp\/v2\/media\/6836"}],"wp:attachment":[{"href":"https:\/\/tecsecmty.com\/index.php\/wp-json\/wp\/v2\/media?parent=6837"}],"wp:term":[{"taxonomy":"product_brand","embeddable":true,"href":"https:\/\/tecsecmty.com\/index.php\/wp-json\/wp\/v2\/product_brand?post=6837"},{"taxonomy":"product_cat","embeddable":true,"href":"https:\/\/tecsecmty.com\/index.php\/wp-json\/wp\/v2\/product_cat?post=6837"},{"taxonomy":"product_tag","embeddable":true,"href":"https:\/\/tecsecmty.com\/index.php\/wp-json\/wp\/v2\/product_tag?post=6837"}],"curies":[{"name":"wp","href":"https:\/\/api.w.org\/{rel}","templated":true}]}}