{"id":6839,"date":"2023-02-23T12:24:43","date_gmt":"2023-02-23T18:24:43","guid":{"rendered":"https:\/\/tecsecmty.com\/index.php\/producto\/cdp-upo11-3rt-ax-ups-online-3-kva-2700-watts-4-terminales-de-salida-baterias-12v-9ah-x-6-respaldo-4-min-carga-completa-gol\/"},"modified":"2023-03-22T23:22:12","modified_gmt":"2023-03-23T05:22:12","slug":"cdp-upo11-3rt-ax-ups-online-3-kva-2700-watts-4-terminales-de-salida-baterias-12v-9ah-x-6-respaldo-4-min-carga-completa-gol","status":"publish","type":"product","link":"https:\/\/tecsecmty.com\/index.php\/producto\/cdp-upo11-3rt-ax-ups-online-3-kva-2700-watts-4-terminales-de-salida-baterias-12v-9ah-x-6-respaldo-4-min-carga-completa-gol\/","title":{"rendered":"CDP UPO11-3RT AX- UPS ONLINE 3 KVA \/ 2700 Watts \/ 4 Terminales de salida \/ Bater\u00edas 12V \/ 9AH X 6 \/ Respaldo 4 MIN carga completa #GOL"},"content":{"rendered":"<div class=\"row aling-items-center padding-bottom-2x\">\n<div class=\"col-lg-12\">\n<h5 class=\"card-title text-center\">Importante leer:<\/h5>\n<h2>El articulo tiene una clavija de conexi\u00f3n especial, no es la que se usa normalmente en los hogares u oficinas, requiere de una clavija o adaptador NEMA 5-30 R que se muestra en la ilustraci\u00f3n anterior, si no tenemos dichos art\u00edculos no podremos utilizar nuestro equipo.<\/h2>\n<h2><\/h2>\n<h2>Tenemos los equipos especialmente dise\u00f1ados para sus requerimientos, si requiere un sistema especial para la protecci\u00f3n de sus equipos, por favor h\u00e1ganoslo saber.<\/h2>\n<p><img decoding=\"async\" class=\"overview-center-img-web\" src=\"https:\/\/tvc.mx\/media\/512075\/NOTA-COMPRA-UPS-NEMA-5-30.png\" alt=\"\" \/><\/div>\n<\/div>\n<div class=\"row aling-items-center padding-bottom-2x\">\n<div class=\"col-lg-12\">\n<h5 class=\"card-title text-center\">Informaci\u00f3n General<\/h5>\n<p>El UPO113RTAX es un equipo para doble conversi\u00f3n de alto rendimiento, dise\u00f1ado para tareas cr\u00edticas, y aplicaciones corporativas.<\/p>\n<p class=\"ql-align-justify\">Est\u00e1 equipado con procesadores de se\u00f1al digital DSP (Digital Signal Processor) los cuales permiten administrar\u00a0y monitorear todas las operaciones. Es ideal para servidores, sistemas de almacenamiento de datos, equipo de telecomunicaciones, equipo industrial y equipos con alto desempe\u00f1o.<\/p>\n<p><img decoding=\"async\" class=\"overview-center-img-web\" src=\"https:\/\/tvc.mx\/media\/183705\/CDP-UPO113RTAX-UPS-Online-Rackeable-Pantalla-Rotativa-4-Contactos-2.png\" alt=\"\" \/><\/div>\n<\/div>\n","protected":false},"excerpt":{"rendered":"<p>Importante leer: El articulo tiene una clavija de conexi\u00f3n especial, no es la que se usa normalmente en los hogares u oficinas, requiere de una clavija o adaptador NEMA 5-30 R que se muestra en la ilustraci\u00f3n anterior, si no tenemos dichos art\u00edculos no podremos&hellip;<\/p>\n","protected":false},"featured_media":6838,"comment_status":"open","ping_status":"closed","template":"","meta":{"om_disable_all_campaigns":false,"_monsterinsights_skip_tracking":false,"_monsterinsights_sitenote_active":false,"_monsterinsights_sitenote_note":"","_monsterinsights_sitenote_category":0},"product_brand":[],"product_cat":[605],"product_tag":[565,350,568,566,567,564,569,570,571,572],"class_list":{"0":"post-6839","1":"product","2":"type-product","3":"status-publish","4":"has-post-thumbnail","6":"product_cat-reguladores-y-ups","7":"product_tag-baterias","8":"product_tag-conectores","9":"product_tag-divisores-de-energia","10":"product_tag-extensores-poe","11":"product_tag-fuentes-con-distribuidor","12":"product_tag-fuentes-de-energia","13":"product_tag-fuentes-de-poder-y-adaptadores","14":"product_tag-inyectores-poe","15":"product_tag-reguladores","16":"product_tag-ups","18":"first","19":"instock","20":"sale","21":"taxable","22":"shipping-taxable","23":"purchasable","24":"product-type-simple"},"aioseo_notices":[],"_links":{"self":[{"href":"https:\/\/tecsecmty.com\/index.php\/wp-json\/wp\/v2\/product\/6839","targetHints":{"allow":["GET"]}}],"collection":[{"href":"https:\/\/tecsecmty.com\/index.php\/wp-json\/wp\/v2\/product"}],"about":[{"href":"https:\/\/tecsecmty.com\/index.php\/wp-json\/wp\/v2\/types\/product"}],"replies":[{"embeddable":true,"href":"https:\/\/tecsecmty.com\/index.php\/wp-json\/wp\/v2\/comments?post=6839"}],"version-history":[{"count":0,"href":"https:\/\/tecsecmty.com\/index.php\/wp-json\/wp\/v2\/product\/6839\/revisions"}],"wp:featuredmedia":[{"embeddable":true,"href":"https:\/\/tecsecmty.com\/index.php\/wp-json\/wp\/v2\/media\/6838"}],"wp:attachment":[{"href":"https:\/\/tecsecmty.com\/index.php\/wp-json\/wp\/v2\/media?parent=6839"}],"wp:term":[{"taxonomy":"product_brand","embeddable":true,"href":"https:\/\/tecsecmty.com\/index.php\/wp-json\/wp\/v2\/product_brand?post=6839"},{"taxonomy":"product_cat","embeddable":true,"href":"https:\/\/tecsecmty.com\/index.php\/wp-json\/wp\/v2\/product_cat?post=6839"},{"taxonomy":"product_tag","embeddable":true,"href":"https:\/\/tecsecmty.com\/index.php\/wp-json\/wp\/v2\/product_tag?post=6839"}],"curies":[{"name":"wp","href":"https:\/\/api.w.org\/{rel}","templated":true}]}}