{"id":6849,"date":"2023-02-23T12:24:54","date_gmt":"2023-02-23T18:24:54","guid":{"rendered":"https:\/\/tecsecmty.com\/index.php\/producto\/cdp-uprs1508-ups-interactivo-onda-senoidal-pura-1500-va-900-watts-8-contactos-salida\/"},"modified":"2023-03-22T23:22:13","modified_gmt":"2023-03-23T05:22:13","slug":"cdp-uprs1508-ups-interactivo-onda-senoidal-pura-1500-va-900-watts-8-contactos-salida","status":"publish","type":"product","link":"https:\/\/tecsecmty.com\/index.php\/producto\/cdp-uprs1508-ups-interactivo-onda-senoidal-pura-1500-va-900-watts-8-contactos-salida\/","title":{"rendered":"CDP UPRS1508- UPS\/ INTERACTIVO\/ ONDA SENOIDAL PURA\/ 1500 VA\/ 900 WATTS\/ 8 CONTACTOS SALIDA"},"content":{"rendered":"<div class=\"row aling-items-center padding-bottom-2x\">\n<div class=\"col-lg-12\">\n<h5 class=\"card-title text-center\">Importante Leer:<\/h5>\n<p>Tenemos los equipos especialmente dise\u00f1ados para sus requerimientos, si requiere un sistema especial para la protecci\u00f3n de sus equipos, por favor h\u00e1ganoslo saber.<\/p>\n<p><img decoding=\"async\" class=\"overview-center-img-web\" src=\"https:\/\/tvc.mx\/media\/487288\/NOTA-COMPRA-UPS-NEMA-5-15.png\" alt=\"\" \/><\/p>\n<\/div>\n<\/div>\n<div class=\"row aling-items-center padding-bottom-2x\">\n<div class=\"col-lg-12\">\n<h5 class=\"card-title text-center\">Caracter\u00edsticas Principales<\/h5>\n<p>UPRS es una serie avanzada de UPS de l\u00ednea interactiva que producen energ\u00eda con onda senoidal pura para su equipo y paraaplicaciones corporativas que necesitan un alto nivel de protecci\u00f3n superior.<\/p>\n<p>Su pantalla LCD frontal le mantendr\u00e1 al tanto de las condiciones del UPS, mientras que el software incliudo, le permitir\u00e1 programarlo para que realice instrucciones espec\u00edficas, tales como bit\u00e1cora de operaci\u00f3n, apagado autom\u00e1tico del sistema operativo, cierre seguro de archivos, entre otros.<\/p>\n<p>A diferencia del tradicional UPS interactivo, la serie UPRS provee una transferencia muy corta cuando ocurre un corte de energ\u00eda, y unaeficiencia hasta del 98% en condiciones normales de energ\u00eda.<\/p>\n<p>1.Pantalla LCD. 6. Interfaz de comunicaci\u00f3n USB.<\/p>\n<p>2.Bot\u00f3n de Control. 7. Ventilaci\u00f3n de enfriamiento.<\/p>\n<p>3.Cable de entrada \/poder AC. 8.8 salidas NEMA 5-15R.<\/p>\n<p>4.Breaker.<\/p>\n<p>5. Protecci\u00f3n Fax, m\u00f3dem y DSL (RJ11\/RJ45)<\/p>\n<p><img decoding=\"async\" class=\"overview-center-img-web\" src=\"https:\/\/tvc.mx\/media\/447695\/CDP-RUPRS-1508--UPS-INTERACTIVO-ONDA-SENOIDAL-PURA-1500-VA-900-WATTS-9.png\" alt=\"\" \/><\/p>\n<\/div>\n<\/div>\n","protected":false},"excerpt":{"rendered":"<p>Importante Leer: Tenemos los equipos especialmente dise\u00f1ados para sus requerimientos, si requiere un sistema especial para la protecci\u00f3n de sus equipos, por favor h\u00e1ganoslo saber. Caracter\u00edsticas Principales UPRS es una serie avanzada de UPS de l\u00ednea interactiva que producen energ\u00eda con onda senoidal pura para&hellip;<\/p>\n","protected":false},"featured_media":6848,"comment_status":"open","ping_status":"closed","template":"","meta":{"om_disable_all_campaigns":false,"_monsterinsights_skip_tracking":false,"_monsterinsights_sitenote_active":false,"_monsterinsights_sitenote_note":"","_monsterinsights_sitenote_category":0},"product_brand":[],"product_cat":[605],"product_tag":[565,350,568,566,567,564,569,570,571,572],"class_list":{"0":"post-6849","1":"product","2":"type-product","3":"status-publish","4":"has-post-thumbnail","6":"product_cat-reguladores-y-ups","7":"product_tag-baterias","8":"product_tag-conectores","9":"product_tag-divisores-de-energia","10":"product_tag-extensores-poe","11":"product_tag-fuentes-con-distribuidor","12":"product_tag-fuentes-de-energia","13":"product_tag-fuentes-de-poder-y-adaptadores","14":"product_tag-inyectores-poe","15":"product_tag-reguladores","16":"product_tag-ups","18":"first","19":"instock","20":"sale","21":"taxable","22":"shipping-taxable","23":"purchasable","24":"product-type-simple"},"aioseo_notices":[],"_links":{"self":[{"href":"https:\/\/tecsecmty.com\/index.php\/wp-json\/wp\/v2\/product\/6849","targetHints":{"allow":["GET"]}}],"collection":[{"href":"https:\/\/tecsecmty.com\/index.php\/wp-json\/wp\/v2\/product"}],"about":[{"href":"https:\/\/tecsecmty.com\/index.php\/wp-json\/wp\/v2\/types\/product"}],"replies":[{"embeddable":true,"href":"https:\/\/tecsecmty.com\/index.php\/wp-json\/wp\/v2\/comments?post=6849"}],"version-history":[{"count":0,"href":"https:\/\/tecsecmty.com\/index.php\/wp-json\/wp\/v2\/product\/6849\/revisions"}],"wp:featuredmedia":[{"embeddable":true,"href":"https:\/\/tecsecmty.com\/index.php\/wp-json\/wp\/v2\/media\/6848"}],"wp:attachment":[{"href":"https:\/\/tecsecmty.com\/index.php\/wp-json\/wp\/v2\/media?parent=6849"}],"wp:term":[{"taxonomy":"product_brand","embeddable":true,"href":"https:\/\/tecsecmty.com\/index.php\/wp-json\/wp\/v2\/product_brand?post=6849"},{"taxonomy":"product_cat","embeddable":true,"href":"https:\/\/tecsecmty.com\/index.php\/wp-json\/wp\/v2\/product_cat?post=6849"},{"taxonomy":"product_tag","embeddable":true,"href":"https:\/\/tecsecmty.com\/index.php\/wp-json\/wp\/v2\/product_tag?post=6849"}],"curies":[{"name":"wp","href":"https:\/\/api.w.org\/{rel}","templated":true}]}}