{"id":6851,"date":"2023-02-23T12:24:55","date_gmt":"2023-02-23T18:24:55","guid":{"rendered":"https:\/\/tecsecmty.com\/index.php\/producto\/dahua-dh-pfm350-900-dahua-ups-interactivo-de-1500va-900w-rango-de-voltajede-entrada-de-ac81145v-voltaje-de-salida-110-120-vac-estabilizador-de-voltaje-avr-tamano-compacto\/"},"modified":"2023-03-13T14:45:38","modified_gmt":"2023-03-13T20:45:38","slug":"dahua-dh-pfm350-900-dahua-ups-interactivo-de-1500va-900w-rango-de-voltajede-entrada-de-ac81145v-voltaje-de-salida-110-120-vac-estabilizador-de-voltaje-avr-tamano-compacto","status":"publish","type":"product","link":"https:\/\/tecsecmty.com\/index.php\/producto\/dahua-dh-pfm350-900-dahua-ups-interactivo-de-1500va-900w-rango-de-voltajede-entrada-de-ac81145v-voltaje-de-salida-110-120-vac-estabilizador-de-voltaje-avr-tamano-compacto\/","title":{"rendered":"DAHUA DH-PFM350-900 &#8211; DAHUA UPS Interactivo de 1500VA\/900W\/ Rango de Voltajede entrada de AC81~145V\/ Voltaje de Salida: 110\/120 VAC\/ Estabilizador de Voltaje AVR\/ Tama\u00f1o Compacto\/"},"content":{"rendered":"<div class=\"row aling-items-center padding-bottom-2x\">\n<div class=\"col-lg-12\">\n<h5 class=\"card-title text-center\">Informaci\u00f3n general<\/h5>\n<p>Dahua nos ofrece un UPS interactivo de tama\u00f1o compacto que nos brinda una fuente de alimentaci\u00f3n continua para evitar la perdida de datos, ademas de cargar en modo apagado, funci\u00f3n de arranque en fri\u00f3 y brindar protecci\u00f3n total.<\/p>\n<p>Cuando las condiciones de flujo el\u00e9ctrico son normales el UPS le protege contra bajos y altos voltajes, mientras utilizan la energ\u00eda para cargar la bater\u00eda interna.<\/p>\n<p>* En situaciones donde falte el flujo el\u00e9ctrico o la electricidad est\u00e9 fuera del rango del regulador, el UPS suministra hasta 45\u00a0min de energ\u00eda a los equipos conectados.<\/p>\n<p><img decoding=\"async\" class=\"overview-center-img-web\" src=\"https:\/\/tvc.mx\/media\/351303\/UPS-Interactivo-1500VA-900W-Dahua-B.png\" alt=\"\" \/><\/div>\n<\/div>\n<div class=\"row aling-items-center padding-bottom-2x\">\n<div class=\"col-lg-12\">\n<h5 class=\"card-title text-center\">Principales Caracter\u00edsticas<\/h5>\n<ul>\n<li>Amplio rango de voltaje de entrada: AC81~145V, cumple con los requisitos en diferentes partes para la fluctuaci\u00f3n de la red el\u00e9ctrica.<\/li>\n<li>Capacidad 1500 VA \/ 900 W<\/li>\n<li>Voltaje de entrada 81Vac ~ 145Vac<\/li>\n<li>Voltaje de Salida 110\/120 VCA<\/li>\n<li>Tiempo de recarga 4 horas se recuperan al 90% de su capacidad<\/li>\n<li>Boost y buck AVR para estabilizaci\u00f3n de voltaje.<\/li>\n<li>Carga en modo apagado, funci\u00f3n de arranque en fr\u00edo y protecci\u00f3n total.<\/li>\n<li>Fuente de alimentaci\u00f3n continua para evitar la p\u00e9rdida de datos.<\/li>\n<li>Tama\u00f1o compacto.<\/li>\n<\/ul>\n<p><img decoding=\"async\" class=\"overview-center-img-web\" src=\"https:\/\/tvc.mx\/media\/351319\/Dahua-B.png\" alt=\"\" \/><\/div>\n<\/div>\n","protected":false},"excerpt":{"rendered":"<p>Informaci\u00f3n general Dahua nos ofrece un UPS interactivo de tama\u00f1o compacto que nos brinda una fuente de alimentaci\u00f3n continua para evitar la perdida de datos, ademas de cargar en modo apagado, funci\u00f3n de arranque en fri\u00f3 y brindar protecci\u00f3n total. Cuando las condiciones de flujo&hellip;<\/p>\n","protected":false},"featured_media":6850,"comment_status":"open","ping_status":"closed","template":"","meta":{"om_disable_all_campaigns":false,"_monsterinsights_skip_tracking":false,"_monsterinsights_sitenote_active":false,"_monsterinsights_sitenote_note":"","_monsterinsights_sitenote_category":0},"product_brand":[],"product_cat":[606],"product_tag":[565,350,568,566,567,564,569,570,571,572],"class_list":{"0":"post-6851","1":"product","2":"type-product","3":"status-publish","4":"has-post-thumbnail","6":"product_cat-reguladores-y-ups-dahua-fuentes-de-energia-2","7":"product_tag-baterias","8":"product_tag-conectores","9":"product_tag-divisores-de-energia","10":"product_tag-extensores-poe","11":"product_tag-fuentes-con-distribuidor","12":"product_tag-fuentes-de-energia","13":"product_tag-fuentes-de-poder-y-adaptadores","14":"product_tag-inyectores-poe","15":"product_tag-reguladores","16":"product_tag-ups","18":"first","19":"instock","20":"sale","21":"taxable","22":"shipping-taxable","23":"purchasable","24":"product-type-simple"},"aioseo_notices":[],"_links":{"self":[{"href":"https:\/\/tecsecmty.com\/index.php\/wp-json\/wp\/v2\/product\/6851","targetHints":{"allow":["GET"]}}],"collection":[{"href":"https:\/\/tecsecmty.com\/index.php\/wp-json\/wp\/v2\/product"}],"about":[{"href":"https:\/\/tecsecmty.com\/index.php\/wp-json\/wp\/v2\/types\/product"}],"replies":[{"embeddable":true,"href":"https:\/\/tecsecmty.com\/index.php\/wp-json\/wp\/v2\/comments?post=6851"}],"version-history":[{"count":0,"href":"https:\/\/tecsecmty.com\/index.php\/wp-json\/wp\/v2\/product\/6851\/revisions"}],"wp:featuredmedia":[{"embeddable":true,"href":"https:\/\/tecsecmty.com\/index.php\/wp-json\/wp\/v2\/media\/6850"}],"wp:attachment":[{"href":"https:\/\/tecsecmty.com\/index.php\/wp-json\/wp\/v2\/media?parent=6851"}],"wp:term":[{"taxonomy":"product_brand","embeddable":true,"href":"https:\/\/tecsecmty.com\/index.php\/wp-json\/wp\/v2\/product_brand?post=6851"},{"taxonomy":"product_cat","embeddable":true,"href":"https:\/\/tecsecmty.com\/index.php\/wp-json\/wp\/v2\/product_cat?post=6851"},{"taxonomy":"product_tag","embeddable":true,"href":"https:\/\/tecsecmty.com\/index.php\/wp-json\/wp\/v2\/product_tag?post=6851"}],"curies":[{"name":"wp","href":"https:\/\/api.w.org\/{rel}","templated":true}]}}