{"id":6858,"date":"2023-02-23T16:00:03","date_gmt":"2023-02-23T22:00:03","guid":{"rendered":"https:\/\/tecsecmty.com\/index.php\/producto\/manhattan-151573-cable-de-extension-activa-usb-de-alta-velocidad-10-metros-de-usb-a-macho-usb-a-hembra-soporta-velocidades-de-hasta-480-mbps-cascadeable-hasta-3-dispositivos-para-30-metros\/"},"modified":"2023-03-22T23:23:38","modified_gmt":"2023-03-23T05:23:38","slug":"manhattan-151573-cable-de-extension-activa-usb-de-alta-velocidad-10-metros-de-usb-a-macho-usb-a-hembra-soporta-velocidades-de-hasta-480-mbps-cascadeable-hasta-3-dispositivos-para-30-metros","status":"publish","type":"product","link":"https:\/\/tecsecmty.com\/index.php\/producto\/manhattan-151573-cable-de-extension-activa-usb-de-alta-velocidad-10-metros-de-usb-a-macho-usb-a-hembra-soporta-velocidades-de-hasta-480-mbps-cascadeable-hasta-3-dispositivos-para-30-metros\/","title":{"rendered":"MANHATTAN 151573 &#8211; Cable de Extensi\u00f3n Activa USB de Alta Velocidad\/ 10 Metros\/ de USB A Macho &#8211; USB A Hembra\/ Soporta Velocidades de Hasta 480 Mbps\/ Cascadeable hasta 3 Dispositivos para 30 Metros\/"},"content":{"rendered":"<h5 class=\"card-title text-center\">Caracter\u00edsticas Principales<\/h5>\n<ul>\n<li>Supera con facilidad las limitaciones de distancia para conectar dispositivos USB. Utiliza el Cable Extensi\u00f3n Activa USB de Alta Velocidad 2.0 MANHATTAN para conectar una computadora con puerto USB a un dispositivo USB que se encuentre casi en cualquier lugar. Tres extensiones encadenadas pueden proporcionar una conexi\u00f3n conveniente de 30 m. El Cable Extensi\u00f3n Activa USB de Alta Velocidad 2.0 MANHATTAN con repetidor incluido cumple en su totalidad con las especificaciones de USB 1.1 y USB de Alta Velocidad 2.0 para permitir que los dispositivos operen a su m\u00e1ximo desempe\u00f1o. Su capacidad Plug and Play, versatilidad con Windows7\/8 y Macintosh y sin necesidad de conectar adaptadores de corriente externos o de controladores especiales ayudan a proporcionar una gran flexibilidad en la distribuci\u00f3n de los equipos de oficina.Extiende y lanza la se\u00f1al a cualquier dispositivo USB &#8211; soporta transferencia de datos a velocidades hasta 480 Mbps<\/li>\n<li>Repetidor integrado que mantiene la calidad de la se\u00f1al USB de Alta Velocidad 2.0, as\u00ed como las especificaciones el\u00e9ctricas y de sincron\u00eda<\/li>\n<li>Supera la distancia l\u00edmite de 5m de la tecnolog\u00eda USB &#8211; Ideal para conectar otros perif\u00e9ricos<\/li>\n<li>Encadenable con hasta 3 extensiones para tener una distancia total de 30 m<\/li>\n<li>Plug-and-play: Compatible con Windows y Mac; No requiere una fuente de energ\u00eda externa<\/li>\n<li>Tres a\u00f1os de garant\u00eda<\/li>\n<\/ul>\n<p><img decoding=\"async\" class=\"overview-center-img-web\" src=\"https:\/\/tvc.mx\/media\/470082\/Cable-de-Extensi%C3%B3n-Activa-USB-de-Alta-Velocidad.png\" alt=\"\" \/><\/p>\n","protected":false},"excerpt":{"rendered":"<p>Caracter\u00edsticas Principales Supera con facilidad las limitaciones de distancia para conectar dispositivos USB. Utiliza el Cable Extensi\u00f3n Activa USB de Alta Velocidad 2.0 MANHATTAN para conectar una computadora con puerto USB a un dispositivo USB que se encuentre casi en cualquier lugar. Tres extensiones encadenadas&hellip;<\/p>\n","protected":false},"featured_media":6857,"comment_status":"open","ping_status":"closed","template":"","meta":{"om_disable_all_campaigns":false,"_monsterinsights_skip_tracking":false,"_monsterinsights_sitenote_active":false,"_monsterinsights_sitenote_note":"","_monsterinsights_sitenote_category":0},"product_brand":[],"product_cat":[609],"product_tag":[613,611,612,616,615,610,614,617],"class_list":{"0":"post-6858","1":"product","2":"type-product","3":"status-publish","4":"has-post-thumbnail","6":"product_cat-accesorios-y-cables-usb","7":"product_tag-bosch","8":"product_tag-manhattan","9":"product_tag-saxxon","10":"product_tag-surveon","11":"product_tag-utepo","12":"product_tag-videovigilancia","13":"product_tag-vivotek","14":"product_tag-zteco","16":"first","17":"instock","18":"sale","19":"taxable","20":"shipping-taxable","21":"purchasable","22":"product-type-simple"},"aioseo_notices":[],"_links":{"self":[{"href":"https:\/\/tecsecmty.com\/index.php\/wp-json\/wp\/v2\/product\/6858","targetHints":{"allow":["GET"]}}],"collection":[{"href":"https:\/\/tecsecmty.com\/index.php\/wp-json\/wp\/v2\/product"}],"about":[{"href":"https:\/\/tecsecmty.com\/index.php\/wp-json\/wp\/v2\/types\/product"}],"replies":[{"embeddable":true,"href":"https:\/\/tecsecmty.com\/index.php\/wp-json\/wp\/v2\/comments?post=6858"}],"version-history":[{"count":0,"href":"https:\/\/tecsecmty.com\/index.php\/wp-json\/wp\/v2\/product\/6858\/revisions"}],"wp:featuredmedia":[{"embeddable":true,"href":"https:\/\/tecsecmty.com\/index.php\/wp-json\/wp\/v2\/media\/6857"}],"wp:attachment":[{"href":"https:\/\/tecsecmty.com\/index.php\/wp-json\/wp\/v2\/media?parent=6858"}],"wp:term":[{"taxonomy":"product_brand","embeddable":true,"href":"https:\/\/tecsecmty.com\/index.php\/wp-json\/wp\/v2\/product_brand?post=6858"},{"taxonomy":"product_cat","embeddable":true,"href":"https:\/\/tecsecmty.com\/index.php\/wp-json\/wp\/v2\/product_cat?post=6858"},{"taxonomy":"product_tag","embeddable":true,"href":"https:\/\/tecsecmty.com\/index.php\/wp-json\/wp\/v2\/product_tag?post=6858"}],"curies":[{"name":"wp","href":"https:\/\/api.w.org\/{rel}","templated":true}]}}