{"id":6862,"date":"2023-02-23T16:00:06","date_gmt":"2023-02-23T22:00:06","guid":{"rendered":"https:\/\/tecsecmty.com\/index.php\/producto\/manhattan-162272-mini-hub-usb-de-4-puertos-que-proveen-energia-soporta-especificaciones-usb-1-1-soporta-dispositivos-y-puertos-usb-2-0-hasta-12-mbps\/"},"modified":"2023-03-22T23:23:38","modified_gmt":"2023-03-23T05:23:38","slug":"manhattan-162272-mini-hub-usb-de-4-puertos-que-proveen-energia-soporta-especificaciones-usb-1-1-soporta-dispositivos-y-puertos-usb-2-0-hasta-12-mbps","status":"publish","type":"product","link":"https:\/\/tecsecmty.com\/index.php\/producto\/manhattan-162272-mini-hub-usb-de-4-puertos-que-proveen-energia-soporta-especificaciones-usb-1-1-soporta-dispositivos-y-puertos-usb-2-0-hasta-12-mbps\/","title":{"rendered":"MANHATTAN 162272 &#8211; Mini Hub USB de 4 Puertos que Proveen Energ\u00eda\/ Soporta especificaciones USB 1.1\/ Soporta Dispositivos y Puertos USB 2.0 (hasta 12 Mbps)\/"},"content":{"rendered":"<div class=\"row aling-items-center padding-bottom-2x\">\n<div class=\"col-lg-12\">\n<h5 class=\"card-title text-center\">Informaci\u00f3n General<\/h5>\n<p>El Mini Hub USS agrega r\u00e1pidamente 4 puertos USB a tu computadora de escritorio o notebook. Se instala f\u00e1cilmente, se conecta y comienza a funcionar con una capacidad de extraerlo sin detener la operaci\u00f3n del equipo lo hace m\u00e1s sencillo de usar. Su dise\u00f1o compacto y su cable flexible integrado lo hace ideal para su uso con equipos m\u00f3viles. Expande los puertos USB para perif\u00e9ricos adicionales. F\u00e1cil y r\u00e1pidamente agrega 4 puertos USB a tu computadora de escritorio o Notebook sin una instalaci\u00f3n complicada. El Hub Mini de Manhattan es alimentado por bus y no requiere de una fuente de energ\u00eda adicional. Listo para utilizarse Su instalaci\u00f3n Plug-and-play no requiere configuraciones adicionales o la instalaci\u00f3n de alg\u00fan controlador. Su conexi\u00f3n o desconexi\u00f3n del puerto USB no requiere que se reinicie la computadora.<\/p>\n<ul>\n<li>Agrega instant\u00e1neamente 4 puertos USB a una computadora para conectar m\u00e1s perif\u00e9ricos.<\/li>\n<li>Compatible con todos los puertos y dispositivos USB &#8211; Un accesorio ideal para computadoras<\/li>\n<li>Flexible, cable para su conexi\u00f3n integrado<\/li>\n<li>Instalaci\u00f3n Plug and Play \u2014 listo para utilizarse<\/li>\n<\/ul>\n<p><img decoding=\"async\" class=\"overview-center-img-web\" src=\"https:\/\/tvc.mx\/media\/316835\/Mini-Hub-USB-4-Puertos-162272-Manhattan-2.png\" alt=\"\" \/><\/div>\n<\/div>\n<div class=\"row aling-items-center padding-bottom-2x\">\n<div class=\"col-lg-12\">\n<h5 class=\"card-title text-center\">Caracter\u00edsticas Principales<\/h5>\n<p><strong>General<\/strong><\/p>\n<ul>\n<li>4 puertos USB Hembra, Tipo A<\/li>\n<li>Velocidad de transmisi\u00f3n de 12 Mbps<\/li>\n<li>Soporta especificaciones USB 1.1<\/li>\n<li>Compatible con Windows 98SE\/Me\/XP\/Vista\/7\/8 y Mac 8.6 o superiores<\/li>\n<li>Soporta dispositivos y puertos USB 2.0 (hasta 12 Mbps)<\/li>\n<li>Completa compatibilidad con versiones anteriores de USB 1.0<\/li>\n<li>Entrada de energ\u00eda: 5 V \/ 500 mA<\/li>\n<li>Poder de salida: hasta 5V \/ 500 mA<\/li>\n<\/ul>\n<p><strong>Requisitos del sistema<\/strong><\/p>\n<ul>\n<li>Windows 98SE\/Me\/XP\/Vista\/7\/8 y Mac 8.6 o superiores<\/li>\n<li>Puerto de USB disponible<\/li>\n<\/ul>\n<p><strong>Contenido del paquete:<\/strong><\/p>\n<ul>\n<li>Mini Hub USB<\/li>\n<li>Instrucciones<\/li>\n<\/ul>\n<p><strong>Especificaciones F\u00edsicas<\/strong><\/p>\n<ul>\n<li>Peso: 0.03 kg<\/li>\n<li>Embalaje: Blister<\/li>\n<\/ul>\n<\/div>\n<\/div>\n","protected":false},"excerpt":{"rendered":"<p>Informaci\u00f3n General El Mini Hub USS agrega r\u00e1pidamente 4 puertos USB a tu computadora de escritorio o notebook. Se instala f\u00e1cilmente, se conecta y comienza a funcionar con una capacidad de extraerlo sin detener la operaci\u00f3n del equipo lo hace m\u00e1s sencillo de usar. Su&hellip;<\/p>\n","protected":false},"featured_media":6861,"comment_status":"open","ping_status":"closed","template":"","meta":{"om_disable_all_campaigns":false,"_monsterinsights_skip_tracking":false,"_monsterinsights_sitenote_active":false,"_monsterinsights_sitenote_note":"","_monsterinsights_sitenote_category":0},"product_brand":[],"product_cat":[609],"product_tag":[613,611,612,616,615,610,614,617],"class_list":{"0":"post-6862","1":"product","2":"type-product","3":"status-publish","4":"has-post-thumbnail","6":"product_cat-accesorios-y-cables-usb","7":"product_tag-bosch","8":"product_tag-manhattan","9":"product_tag-saxxon","10":"product_tag-surveon","11":"product_tag-utepo","12":"product_tag-videovigilancia","13":"product_tag-vivotek","14":"product_tag-zteco","16":"first","17":"instock","18":"sale","19":"taxable","20":"shipping-taxable","21":"purchasable","22":"product-type-simple"},"aioseo_notices":[],"_links":{"self":[{"href":"https:\/\/tecsecmty.com\/index.php\/wp-json\/wp\/v2\/product\/6862","targetHints":{"allow":["GET"]}}],"collection":[{"href":"https:\/\/tecsecmty.com\/index.php\/wp-json\/wp\/v2\/product"}],"about":[{"href":"https:\/\/tecsecmty.com\/index.php\/wp-json\/wp\/v2\/types\/product"}],"replies":[{"embeddable":true,"href":"https:\/\/tecsecmty.com\/index.php\/wp-json\/wp\/v2\/comments?post=6862"}],"version-history":[{"count":0,"href":"https:\/\/tecsecmty.com\/index.php\/wp-json\/wp\/v2\/product\/6862\/revisions"}],"wp:featuredmedia":[{"embeddable":true,"href":"https:\/\/tecsecmty.com\/index.php\/wp-json\/wp\/v2\/media\/6861"}],"wp:attachment":[{"href":"https:\/\/tecsecmty.com\/index.php\/wp-json\/wp\/v2\/media?parent=6862"}],"wp:term":[{"taxonomy":"product_brand","embeddable":true,"href":"https:\/\/tecsecmty.com\/index.php\/wp-json\/wp\/v2\/product_brand?post=6862"},{"taxonomy":"product_cat","embeddable":true,"href":"https:\/\/tecsecmty.com\/index.php\/wp-json\/wp\/v2\/product_cat?post=6862"},{"taxonomy":"product_tag","embeddable":true,"href":"https:\/\/tecsecmty.com\/index.php\/wp-json\/wp\/v2\/product_tag?post=6862"}],"curies":[{"name":"wp","href":"https:\/\/api.w.org\/{rel}","templated":true}]}}