{"id":6864,"date":"2023-02-23T16:00:07","date_gmt":"2023-02-23T22:00:07","guid":{"rendered":"https:\/\/tecsecmty.com\/index.php\/producto\/manhattan-165211-cable-de-extension-usb-macho-a-usb-hembra-1-8-metros-velocidad-maxima-de-hasta-12-mbps-ul-2725-usb-1-1\/"},"modified":"2023-03-22T23:23:38","modified_gmt":"2023-03-23T05:23:38","slug":"manhattan-165211-cable-de-extension-usb-macho-a-usb-hembra-1-8-metros-velocidad-maxima-de-hasta-12-mbps-ul-2725-usb-1-1","status":"publish","type":"product","link":"https:\/\/tecsecmty.com\/index.php\/producto\/manhattan-165211-cable-de-extension-usb-macho-a-usb-hembra-1-8-metros-velocidad-maxima-de-hasta-12-mbps-ul-2725-usb-1-1\/","title":{"rendered":"MANHATTAN 165211 &#8211; Cable de Extensi\u00f3n USB Macho a USB Hembra\/ 1.8 Metros\/ Velocidad M\u00e1xima de Hasta 12 Mbps\/ UL 2725\/ USB 1.1\/"},"content":{"rendered":"<h5 class=\"card-title text-center\">Caracter\u00edsticas Principales<\/h5>\n<p>Conexiones de calidad para un desempe\u00f1o superior<\/p>\n<p>Las Extensiones de Cable USB de Velocidad Total 1.1 MANHATTAN conectan con facilidad perif\u00e9ricos y accesorios USB con la computadora o port\u00e1til. Ideales para su uso con impresoras, teclados, gabinetes para disco duro y diferentes dispositivos digitales. Las Extensiones de Cable USB de Velocidad Total 1.1 MANHATTAN est\u00e1n dise\u00f1ados y construidos con materiales de calidad que soportan tasas de transferencia de hasta 12 Mbps entregando transmisiones confiables sobre largas distancias. Completamente blindados, sus contactos con ba\u00f1o de n\u00edquel, terminales moldeadas con construcci\u00f3n que evita las tensiones proporcionan conexiones confiables, m\u00e1xima conductividad y una p\u00e9rdida m\u00ednima de datos con interferencia EMI reducida.<\/p>\n<ul>\n<li>USB tipo A macho a USB tipo A hembra<\/li>\n<li>Extiende la longitud de un cable USB a un m\u00e1ximo de 5.0 m<\/li>\n<li>Velocidad m\u00e1xima de hasta 12 Mbps<\/li>\n<li>USB de Alta Velocidad para tasas de transferencia de datos ultra r\u00e1pidas &#8211; sin degradaci\u00f3n de datos<\/li>\n<li>Garant\u00eda de por vida<\/li>\n<\/ul>\n<p><img decoding=\"async\" class=\"overview-center-img-web\" src=\"https:\/\/tvc.mx\/media\/469980\/Cable-de-extension-USB-de-1.8m-Macho-a-Hembra.png\" alt=\"\" \/><\/p>\n","protected":false},"excerpt":{"rendered":"<p>Caracter\u00edsticas Principales Conexiones de calidad para un desempe\u00f1o superior Las Extensiones de Cable USB de Velocidad Total 1.1 MANHATTAN conectan con facilidad perif\u00e9ricos y accesorios USB con la computadora o port\u00e1til. Ideales para su uso con impresoras, teclados, gabinetes para disco duro y diferentes dispositivos&hellip;<\/p>\n","protected":false},"featured_media":6863,"comment_status":"open","ping_status":"closed","template":"","meta":{"om_disable_all_campaigns":false,"_monsterinsights_skip_tracking":false,"_monsterinsights_sitenote_active":false,"_monsterinsights_sitenote_note":"","_monsterinsights_sitenote_category":0},"product_brand":[],"product_cat":[609],"product_tag":[613,611,612,616,615,610,614,617],"class_list":{"0":"post-6864","1":"product","2":"type-product","3":"status-publish","4":"has-post-thumbnail","6":"product_cat-accesorios-y-cables-usb","7":"product_tag-bosch","8":"product_tag-manhattan","9":"product_tag-saxxon","10":"product_tag-surveon","11":"product_tag-utepo","12":"product_tag-videovigilancia","13":"product_tag-vivotek","14":"product_tag-zteco","16":"first","17":"instock","18":"sale","19":"taxable","20":"shipping-taxable","21":"purchasable","22":"product-type-simple"},"aioseo_notices":[],"_links":{"self":[{"href":"https:\/\/tecsecmty.com\/index.php\/wp-json\/wp\/v2\/product\/6864","targetHints":{"allow":["GET"]}}],"collection":[{"href":"https:\/\/tecsecmty.com\/index.php\/wp-json\/wp\/v2\/product"}],"about":[{"href":"https:\/\/tecsecmty.com\/index.php\/wp-json\/wp\/v2\/types\/product"}],"replies":[{"embeddable":true,"href":"https:\/\/tecsecmty.com\/index.php\/wp-json\/wp\/v2\/comments?post=6864"}],"version-history":[{"count":0,"href":"https:\/\/tecsecmty.com\/index.php\/wp-json\/wp\/v2\/product\/6864\/revisions"}],"wp:featuredmedia":[{"embeddable":true,"href":"https:\/\/tecsecmty.com\/index.php\/wp-json\/wp\/v2\/media\/6863"}],"wp:attachment":[{"href":"https:\/\/tecsecmty.com\/index.php\/wp-json\/wp\/v2\/media?parent=6864"}],"wp:term":[{"taxonomy":"product_brand","embeddable":true,"href":"https:\/\/tecsecmty.com\/index.php\/wp-json\/wp\/v2\/product_brand?post=6864"},{"taxonomy":"product_cat","embeddable":true,"href":"https:\/\/tecsecmty.com\/index.php\/wp-json\/wp\/v2\/product_cat?post=6864"},{"taxonomy":"product_tag","embeddable":true,"href":"https:\/\/tecsecmty.com\/index.php\/wp-json\/wp\/v2\/product_tag?post=6864"}],"curies":[{"name":"wp","href":"https:\/\/api.w.org\/{rel}","templated":true}]}}