{"id":6868,"date":"2023-02-23T16:00:11","date_gmt":"2023-02-23T22:00:11","guid":{"rendered":"https:\/\/tecsecmty.com\/index.php\/producto\/manhattan-179300-extensor-de-linea-usb-hasta-60m-de-extension-velocidad-de-hasta-12mbps-bus-de-alimentacion\/"},"modified":"2023-03-22T23:23:39","modified_gmt":"2023-03-23T05:23:39","slug":"manhattan-179300-extensor-de-linea-usb-hasta-60m-de-extension-velocidad-de-hasta-12mbps-bus-de-alimentacion","status":"publish","type":"product","link":"https:\/\/tecsecmty.com\/index.php\/producto\/manhattan-179300-extensor-de-linea-usb-hasta-60m-de-extension-velocidad-de-hasta-12mbps-bus-de-alimentacion\/","title":{"rendered":"MANHATTAN 179300 &#8211; Extensor de l\u00ednea USB\/ Hasta 60m de extensi\u00f3n \/ Velocidad de hasta 12Mbps \/ BUS de alimentaci\u00f3n"},"content":{"rendered":"<h5 class=\"card-title text-center\">Caracter\u00edsticas Principales<\/h5>\n<p>Conecte dispositivos USB a largos alcances<\/p>\n<p>El Extensor de L\u00ednea USB MANHATTAN facilita la comunicaci\u00f3n en distancias largas entre un dispositivo USB y la computadora sin p\u00e9rdidas en la se\u00f1al. Las unidades local y remota con su chipset UNIQUE UIC 4102 y un cable UTP Cat5e (no incluido) pueden conectar, procesar y repetir las se\u00f1ales USB. Las unidades local y remota pueden tambi\u00e9n ser usadas con cables de diversas longitudes de hasta 60 m.<\/p>\n<p>Ofrece flexibilidad para conectar cualquier dispositivo USB<\/p>\n<p>Use el Extensor de L\u00ednea USB MANHATTAN para romper la restricci\u00f3n en distancia USB y expandir las ubicaciones entre dispositivos y la PC, otorgando mayor productividad y organizaci\u00f3n en su oficina. El el Extensor de L\u00ednea USB MANHATTAN le puede ayudar a extender los cables de un teclado o rat\u00f3n durante una presentaci\u00f3n, operar un\u00a0lector de c\u00f3digo de barras en un punto de venta, acceder a una impresora en otro cuarto o hacer otras conexiones USB sin perder los niveles de se\u00f1al o ser afectada por otras interferencias.<\/p>\n<p>Esta extensi\u00f3n tiene velocidades de 12 Mbps, y voltajes de salida de 4.75 a 5.25 V, si requiere conectar alg\u00fan dispositivo que requiera m\u00e1s de 5V y velocidades de trasnferencia mayores, se recomienda una extensi\u00f3n activa versi\u00f3n USB 2.0 o 3.0.<\/p>\n<p>F\u00e1cil de instalar y de transportar<\/p>\n<p>Su tama\u00f1o, peso ligero y portabilidad sin necesidad de conectar fuentes de alimentaci\u00f3n externas, lo hacen ideal para viajes y ser usado donde sea. Su capacidad Plug and Play y compatibilidad con Windows y Macintosh hacen de su instalaci\u00f3n f\u00e1cil y r\u00e1pida.<\/p>\n<p>1. El voltaje de salida es est\u00e1ndar por USB de 4.75 a 5.25V.<\/p>\n<p>2. Entrada m\u00e1xima de voltaje 5.3V.<\/p>\n<p>3. No es posible colocar un adaptador de energ\u00eda externo.<\/p>\n<ul>\n<li>Extiende la distancia de lectores de c\u00f3digo de barras, impresoras, c\u00e1maras digitales, teclado, mouse y otros dispositivos USB hacia la computadora. Si desea conectar equipos como WebCams se recomienda una extensi\u00f3n Activa 2.0 o supeerior.<\/li>\n<li>Transmisores y receptores integrados que incrementan la se\u00f1al y previenen su p\u00e9rdida<\/li>\n<li>Bus que proporciona alimentaci\u00f3n &#8211; no requiere alimentaci\u00f3n externa; El dispositivo conectado se recomienda que este conectado a la energ\u00eda<\/li>\n<li>Compatible con Windows y Mac. Ideal para equipos de USB 1.1<\/li>\n<li>Tres a\u00f1os de garant\u00eda<\/li>\n<\/ul>\n<p><img decoding=\"async\" class=\"overview-center-img-web\" src=\"https:\/\/tvc.mx\/media\/470174\/MANHATTAN-179300-Extensor-de-l%C3%ADnea-USBHasta-60m-de-extensi%C3%B3-6.png\" alt=\"\" \/><\/p>\n","protected":false},"excerpt":{"rendered":"<p>Caracter\u00edsticas Principales Conecte dispositivos USB a largos alcances El Extensor de L\u00ednea USB MANHATTAN facilita la comunicaci\u00f3n en distancias largas entre un dispositivo USB y la computadora sin p\u00e9rdidas en la se\u00f1al. Las unidades local y remota con su chipset UNIQUE UIC 4102 y un&hellip;<\/p>\n","protected":false},"featured_media":6867,"comment_status":"open","ping_status":"closed","template":"","meta":{"om_disable_all_campaigns":false,"_monsterinsights_skip_tracking":false,"_monsterinsights_sitenote_active":false,"_monsterinsights_sitenote_note":"","_monsterinsights_sitenote_category":0},"product_brand":[],"product_cat":[609],"product_tag":[613,611,612,616,615,610,614,617],"class_list":{"0":"post-6868","1":"product","2":"type-product","3":"status-publish","4":"has-post-thumbnail","6":"product_cat-accesorios-y-cables-usb","7":"product_tag-bosch","8":"product_tag-manhattan","9":"product_tag-saxxon","10":"product_tag-surveon","11":"product_tag-utepo","12":"product_tag-videovigilancia","13":"product_tag-vivotek","14":"product_tag-zteco","16":"first","17":"instock","18":"sale","19":"taxable","20":"shipping-taxable","21":"purchasable","22":"product-type-simple"},"aioseo_notices":[],"_links":{"self":[{"href":"https:\/\/tecsecmty.com\/index.php\/wp-json\/wp\/v2\/product\/6868","targetHints":{"allow":["GET"]}}],"collection":[{"href":"https:\/\/tecsecmty.com\/index.php\/wp-json\/wp\/v2\/product"}],"about":[{"href":"https:\/\/tecsecmty.com\/index.php\/wp-json\/wp\/v2\/types\/product"}],"replies":[{"embeddable":true,"href":"https:\/\/tecsecmty.com\/index.php\/wp-json\/wp\/v2\/comments?post=6868"}],"version-history":[{"count":0,"href":"https:\/\/tecsecmty.com\/index.php\/wp-json\/wp\/v2\/product\/6868\/revisions"}],"wp:featuredmedia":[{"embeddable":true,"href":"https:\/\/tecsecmty.com\/index.php\/wp-json\/wp\/v2\/media\/6867"}],"wp:attachment":[{"href":"https:\/\/tecsecmty.com\/index.php\/wp-json\/wp\/v2\/media?parent=6868"}],"wp:term":[{"taxonomy":"product_brand","embeddable":true,"href":"https:\/\/tecsecmty.com\/index.php\/wp-json\/wp\/v2\/product_brand?post=6868"},{"taxonomy":"product_cat","embeddable":true,"href":"https:\/\/tecsecmty.com\/index.php\/wp-json\/wp\/v2\/product_cat?post=6868"},{"taxonomy":"product_tag","embeddable":true,"href":"https:\/\/tecsecmty.com\/index.php\/wp-json\/wp\/v2\/product_tag?post=6868"}],"curies":[{"name":"wp","href":"https:\/\/api.w.org\/{rel}","templated":true}]}}