{"id":6874,"date":"2023-02-23T16:00:16","date_gmt":"2023-02-23T22:00:16","guid":{"rendered":"https:\/\/tecsecmty.com\/index.php\/producto\/manhattan-506731-adaptador-fast-ethernet-usb-de-alta-velocidad-2-0-velocidad-hasta-100-mbps-fast-ethernet-hot-swap-full-duplex-con-deteccion-automatica-de-la-velocidad-certificaciones-fcc-clase\/"},"modified":"2023-03-22T23:23:42","modified_gmt":"2023-03-23T05:23:42","slug":"manhattan-506731-adaptador-fast-ethernet-usb-de-alta-velocidad-2-0-velocidad-hasta-100-mbps-fast-ethernet-hot-swap-full-duplex-con-deteccion-automatica-de-la-velocidad-certificaciones-fcc-clase","status":"publish","type":"product","link":"https:\/\/tecsecmty.com\/index.php\/producto\/manhattan-506731-adaptador-fast-ethernet-usb-de-alta-velocidad-2-0-velocidad-hasta-100-mbps-fast-ethernet-hot-swap-full-duplex-con-deteccion-automatica-de-la-velocidad-certificaciones-fcc-clase\/","title":{"rendered":"MANHATTAN 506731 &#8211; Adaptador Fast Ethernet USB de Alta Velocidad 2.0\/ Velocidad Hasta 100 Mbps Fast Ethernet\/ Hot Swap\/ Full D\u00faplex con Detecci\u00f3n Autom\u00e1tica de la Velocidad\/ Certificaciones: FCC Clase B, Marca CE, RoHS\/"},"content":{"rendered":"<h5 class=\"card-title text-center\">Caracter\u00edsticas Principales<\/h5>\n<p>El Adaptador Fast Ethernet USB de Alta Velocidad 2.0 Manhattan es compacto y de alto rendimiento que le permite actualizar su computadora de escritorio o port\u00e1til para operar a velocidades de 10\/100 Mbps. Ya que se conecta directamente a uno de los puertos USB de la computadora, no hay necesidad de abrir la PC &#8211; y el amistoso software de configuraci\u00f3n hace que la instalaci\u00f3n sea r\u00e1pida y f\u00e1cil.<\/p>\n<p>Alto rendimiento<\/p>\n<p>El Adaptador Fast Ethernet USB de Alta Velocidad 2.0 le permite conectarse a la red con tasas de transferencia de hasta 100 Mbps Fast Ethernet. Otros adaptadores que s\u00f3lo soportan USB 1.1 no puede ni siquiera acercarse a darle este rendimiento mejorado.<\/p>\n<p>Auto-Negociaci\u00f3n<\/p>\n<p>El adaptador de alta velocidad detectar\u00e1 autom\u00e1ticamente la velocidad de la red que el puerto del switch establece y correr a la misma velocidad. El adaptador soporta 10Base-T Ethernet y 100BASE-TX Fast Ethernet.<\/p>\n<p>Full Duplex<\/p>\n<p>Cuando se ejecuta en modo full d\u00faplex, el adaptador de alta velocidad conecta a las velocidades de enlace siguientes: 20 Mbps (10Base-T Ethernet) y 200 Mbps (100Base-TX Fast Ethernet).<\/p>\n<p>Dise\u00f1o port\u00e1til<\/p>\n<p>El adaptador de alta velocidad es compacto y se puede mover f\u00e1cilmente de una computadora a otra o llevarlos en el malet\u00edn para port\u00e1til mientras viaja. No se necesita una gran cantidad de espacio, y no agrega desorden a su espacio de trabajo.<\/p>\n<ul>\n<li>10 veces m\u00e1s r\u00e1pido que los adaptadores USB 1.1 a Fast Ethernet<\/li>\n<li>A\u00f1ada una conexi\u00f3n de red a su PC sin necesidad de abrirla<\/li>\n<li>Perfecto para computadoras de escritorio y port\u00e1tiles<\/li>\n<li>Instalaci\u00f3n r\u00e1pida y sencilla<\/li>\n<li>Hot Swap (no es necesario apagar la computadora para retitrar el dispositivo)<\/li>\n<li>Full d\u00faplex con detecci\u00f3n autom\u00e1tica de la velocidad<\/li>\n<li>Soporta los sistemas operativos m\u00e1s populares: Windows XP, Vista and Windows 7\/8\/10\/11<\/li>\n<li>Compatible con Mac OS X<\/li>\n<li>Soporta PXE (Preboot Execution Environment)<\/li>\n<li>Bajo consumo de potencia a trav\u00e9s del bus USB<\/li>\n<li>Tres a\u00f1os de garant\u00eda* (*Preguntar el tiempo de garant\u00eda en cada pa\u00eds)<\/li>\n<\/ul>\n<p><img decoding=\"async\" class=\"overview-center-img-web\" src=\"https:\/\/tvc.mx\/media\/470344\/MANHATTAN-506731-Adaptador-Fast-Ethernet-USB-de-Alta-Velocidad-2.0.png\" alt=\"\" \/><\/p>\n","protected":false},"excerpt":{"rendered":"<p>Caracter\u00edsticas Principales El Adaptador Fast Ethernet USB de Alta Velocidad 2.0 Manhattan es compacto y de alto rendimiento que le permite actualizar su computadora de escritorio o port\u00e1til para operar a velocidades de 10\/100 Mbps. Ya que se conecta directamente a uno de los puertos&hellip;<\/p>\n","protected":false},"featured_media":6873,"comment_status":"open","ping_status":"closed","template":"","meta":{"om_disable_all_campaigns":false,"_monsterinsights_skip_tracking":false,"_monsterinsights_sitenote_active":false,"_monsterinsights_sitenote_note":"","_monsterinsights_sitenote_category":0},"product_brand":[],"product_cat":[609],"product_tag":[613,611,612,616,615,610,614,617],"class_list":{"0":"post-6874","1":"product","2":"type-product","3":"status-publish","4":"has-post-thumbnail","6":"product_cat-accesorios-y-cables-usb","7":"product_tag-bosch","8":"product_tag-manhattan","9":"product_tag-saxxon","10":"product_tag-surveon","11":"product_tag-utepo","12":"product_tag-videovigilancia","13":"product_tag-vivotek","14":"product_tag-zteco","16":"first","17":"instock","18":"sale","19":"taxable","20":"shipping-taxable","21":"purchasable","22":"product-type-simple"},"aioseo_notices":[],"_links":{"self":[{"href":"https:\/\/tecsecmty.com\/index.php\/wp-json\/wp\/v2\/product\/6874","targetHints":{"allow":["GET"]}}],"collection":[{"href":"https:\/\/tecsecmty.com\/index.php\/wp-json\/wp\/v2\/product"}],"about":[{"href":"https:\/\/tecsecmty.com\/index.php\/wp-json\/wp\/v2\/types\/product"}],"replies":[{"embeddable":true,"href":"https:\/\/tecsecmty.com\/index.php\/wp-json\/wp\/v2\/comments?post=6874"}],"version-history":[{"count":0,"href":"https:\/\/tecsecmty.com\/index.php\/wp-json\/wp\/v2\/product\/6874\/revisions"}],"wp:featuredmedia":[{"embeddable":true,"href":"https:\/\/tecsecmty.com\/index.php\/wp-json\/wp\/v2\/media\/6873"}],"wp:attachment":[{"href":"https:\/\/tecsecmty.com\/index.php\/wp-json\/wp\/v2\/media?parent=6874"}],"wp:term":[{"taxonomy":"product_brand","embeddable":true,"href":"https:\/\/tecsecmty.com\/index.php\/wp-json\/wp\/v2\/product_brand?post=6874"},{"taxonomy":"product_cat","embeddable":true,"href":"https:\/\/tecsecmty.com\/index.php\/wp-json\/wp\/v2\/product_cat?post=6874"},{"taxonomy":"product_tag","embeddable":true,"href":"https:\/\/tecsecmty.com\/index.php\/wp-json\/wp\/v2\/product_tag?post=6874"}],"curies":[{"name":"wp","href":"https:\/\/api.w.org\/{rel}","templated":true}]}}