{"id":6880,"date":"2023-02-23T16:00:25","date_gmt":"2023-02-23T22:00:25","guid":{"rendered":"https:\/\/tecsecmty.com\/index.php\/producto\/saxxon-psubr07-bolsa-de-10-conectores-para-cable-coaxial-rg59\/"},"modified":"2023-03-22T23:24:05","modified_gmt":"2023-03-23T05:24:05","slug":"saxxon-psubr07-bolsa-de-10-conectores-para-cable-coaxial-rg59","status":"publish","type":"product","link":"https:\/\/tecsecmty.com\/index.php\/producto\/saxxon-psubr07-bolsa-de-10-conectores-para-cable-coaxial-rg59\/","title":{"rendered":"SAXXON PSUBR07 &#8211; Bolsa de 10 conectores para cable coaxial RG59"},"content":{"rendered":"<div class=\"row aling-items-center padding-bottom-2x\">\n<div class=\"col-lg-12\">\n<h5 class=\"card-title text-center\">Informaci\u00f3n general.<\/h5>\n<p>Conector ideal para cable coaxial profesional. El equipo es desarmable para una mayor comodidad en su instalaci\u00f3n as\u00ed como tambi\u00e9n cuenta con un resorte\u00a0que brinda\u00a0mayor flexibilidad y\u00a0protecci\u00f3n.<\/p>\n<p><img decoding=\"async\" class=\"overview-center-img-web\" src=\"https:\/\/tvc.mx\/media\/110265\/Conector-coaxial-rg59-Banner.png\" alt=\"\" \/><\/p>\n<\/div>\n<\/div>\n<div class=\"row align-items-center padding-bottom-2x\">\n<div class=\"col-md-5\"><img decoding=\"async\" class=\"d-block m-auto img-thumbnail\" src=\"https:\/\/tvc.mx\/media\/110269\/Conector-coaxial-rg59-OVL1.png\" alt=\" \" \/><\/div>\n<div class=\"col-md-7 text-md-left text-center\">\n<h2>Caracter\u00edsticas.<\/h2>\n<ul>\n<li class=\"ql-align-justify\">Conector para\u00a0cable RG59.<\/li>\n<li class=\"ql-align-justify\">Color plata.<\/li>\n<li class=\"ql-align-justify\">Largo.<\/li>\n<li class=\"ql-align-justify\">Alta durabilidad.<\/li>\n<li class=\"ql-align-justify\">F\u00e1cil de usar.<\/li>\n<\/ul>\n<\/div>\n<\/div>\n","protected":false},"excerpt":{"rendered":"<p>Informaci\u00f3n general. Conector ideal para cable coaxial profesional. El equipo es desarmable para una mayor comodidad en su instalaci\u00f3n as\u00ed como tambi\u00e9n cuenta con un resorte\u00a0que brinda\u00a0mayor flexibilidad y\u00a0protecci\u00f3n. Caracter\u00edsticas. Conector para\u00a0cable RG59. Color plata. Largo. Alta durabilidad. F\u00e1cil de usar.<\/p>\n","protected":false},"featured_media":6879,"comment_status":"open","ping_status":"closed","template":"","meta":{"om_disable_all_campaigns":false,"_monsterinsights_skip_tracking":false,"_monsterinsights_sitenote_active":false,"_monsterinsights_sitenote_note":"","_monsterinsights_sitenote_category":0},"product_brand":[],"product_cat":[620],"product_tag":[613,611,612,616,615,610,614,617],"class_list":{"0":"post-6880","1":"product","2":"type-product","3":"status-publish","4":"has-post-thumbnail","6":"product_cat-conectores-de-video","7":"product_tag-bosch","8":"product_tag-manhattan","9":"product_tag-saxxon","10":"product_tag-surveon","11":"product_tag-utepo","12":"product_tag-videovigilancia","13":"product_tag-vivotek","14":"product_tag-zteco","16":"first","17":"instock","18":"sale","19":"taxable","20":"shipping-taxable","21":"purchasable","22":"product-type-simple"},"aioseo_notices":[],"_links":{"self":[{"href":"https:\/\/tecsecmty.com\/index.php\/wp-json\/wp\/v2\/product\/6880","targetHints":{"allow":["GET"]}}],"collection":[{"href":"https:\/\/tecsecmty.com\/index.php\/wp-json\/wp\/v2\/product"}],"about":[{"href":"https:\/\/tecsecmty.com\/index.php\/wp-json\/wp\/v2\/types\/product"}],"replies":[{"embeddable":true,"href":"https:\/\/tecsecmty.com\/index.php\/wp-json\/wp\/v2\/comments?post=6880"}],"version-history":[{"count":0,"href":"https:\/\/tecsecmty.com\/index.php\/wp-json\/wp\/v2\/product\/6880\/revisions"}],"wp:featuredmedia":[{"embeddable":true,"href":"https:\/\/tecsecmty.com\/index.php\/wp-json\/wp\/v2\/media\/6879"}],"wp:attachment":[{"href":"https:\/\/tecsecmty.com\/index.php\/wp-json\/wp\/v2\/media?parent=6880"}],"wp:term":[{"taxonomy":"product_brand","embeddable":true,"href":"https:\/\/tecsecmty.com\/index.php\/wp-json\/wp\/v2\/product_brand?post=6880"},{"taxonomy":"product_cat","embeddable":true,"href":"https:\/\/tecsecmty.com\/index.php\/wp-json\/wp\/v2\/product_cat?post=6880"},{"taxonomy":"product_tag","embeddable":true,"href":"https:\/\/tecsecmty.com\/index.php\/wp-json\/wp\/v2\/product_tag?post=6880"}],"curies":[{"name":"wp","href":"https:\/\/api.w.org\/{rel}","templated":true}]}}