{"id":6898,"date":"2023-02-23T16:00:44","date_gmt":"2023-02-23T22:00:44","guid":{"rendered":"https:\/\/tecsecmty.com\/index.php\/producto\/bosch-v_uhiog0-gabinete-para-camara-profesional-para-interior\/"},"modified":"2023-03-22T23:22:06","modified_gmt":"2023-03-23T05:22:06","slug":"bosch-v_uhiog0-gabinete-para-camara-profesional-para-interior","status":"publish","type":"product","link":"https:\/\/tecsecmty.com\/index.php\/producto\/bosch-v_uhiog0-gabinete-para-camara-profesional-para-interior\/","title":{"rendered":"BOSCH V_UHIOG0 &#8211; Gabinete para camara profesional \/ Para interior"},"content":{"rendered":"<h5 class=\"card-title text-center\">Carcasa de c\u00e1mara para interior UHI\u2011OG(S)\u20110<\/h5>\n<p class=\"ql-align-justify\"><strong>La carcasa de interior para c\u00e1mara<\/strong>\u00a0tiene un dise\u00f1o elegante y adecuado para su uso en interiores. Adem\u00e1s de resultar econ\u00f3mica y f\u00e1cil de instalar.<\/p>\n<p class=\"ql-align-justify\"><strong>Funciones b\u00e1sicas<\/strong><\/p>\n<p class=\"ql-align-justify\"><strong>F\u00e1cil instalaci\u00f3n<\/strong><\/p>\n<p class=\"ql-align-justify\"><strong>Su dise\u00f1o de apertura lateral con bisagras<\/strong>, \u00fanico en el mercado, facilita la instalaci\u00f3n de cualquier combinaci\u00f3n de lente\/c\u00e1mara y permite el acceso a la mayor\u00eda de los controles de la lente sin necesidad de desmontar la carcasa.<\/p>\n<p class=\"ql-align-justify\">Coloque los cables de control de lente, v\u00eddeo y alimentaci\u00f3n mediante racores estancos en la parte inferior posterior de la carcasa o, para un mejor manejo de los cables, puede pasarlos a trav\u00e9s de los orificios de entrada de alimentaci\u00f3n directa situados en la base. Los orificios de montaje situados en la base permiten una instalaci\u00f3n en una amplia gama de posicionadores, cabezales ajustables y distintos soportes de montaje de c\u00e1maras.<\/p>\n<p class=\"ql-align-justify\"><strong>Preparada para Dinion<\/strong><\/p>\n<p class=\"ql-align-justify\">Esta carcasa admite la instalaci\u00f3n de c\u00e1maras tipo Dinion con lente de enfoque fijo, varifocal o con zoom motorizado de hasta 15 aumentos.<\/p>\n<p class=\"ql-align-justify\"><strong>Seguridad<\/strong><\/p>\n<p class=\"ql-align-justify\">Para una mayor seguridad, se proporcionan tornillos a prueba de manipulaciones para los cierres de bloqueo con el fin de impedir el acceso no deseado al interior de la carcasa. La carcasa es la soluci\u00f3n \u00f3ptima para proteger las aplicaciones de vigilancia de v\u00eddeo para interior.<\/p>\n<p class=\"ql-align-justify\"><strong>Certificados y homologaciones<\/strong><\/p>\n<ul>\n<li class=\"ql-align-justify\">Seguridad seg\u00fan EN 60950-1 (CE) conforme a UL 2044-1; CAN\/CSA C n\u00ba 22.2 1-98.<\/li>\n<li class=\"ql-align-justify\">Inmunidad seg\u00fan EN 50130-4 (CE).<\/li>\n<li class=\"ql-align-justify\">Emisi\u00f3n seg\u00fan EN 55022 clase B (CE) seg\u00fan EN 61000-3-2 (CE); EN 61000-3-3 (CE) seg\u00fan FCC CFR 47, apartado 15, clase B.<\/li>\n<\/ul>\n<p class=\"ql-align-justify\"><strong>Piezas incluidas<\/strong><\/p>\n<ul>\n<li class=\"ql-align-justify\">1 Carcasa de interior UHI-OG-0.<\/li>\n<li class=\"ql-align-justify\">1 Parasol (s\u00f3lo para UHI-OGS-0).<\/li>\n<\/ul>\n<p class=\"ql-align-justify\"><strong>Principales Caracter\u00edsticas<\/strong><\/p>\n<ul>\n<li class=\"ql-align-justify\">Protege combinaciones de c\u00e1mara\/lente de hasta 317 mm (12,48 pulg.) de longitud.<\/li>\n<li class=\"ql-align-justify\">Apertura lateral con bisagras para una sencilla instalaci\u00f3n y configuraci\u00f3n de la c\u00e1mara.<\/li>\n<li class=\"ql-align-justify\">S\u00f3lida fabricaci\u00f3n en aluminio.<\/li>\n<li class=\"ql-align-justify\">Encaminamiento de cable a trav\u00e9s de la base o la parte posterior de la carcasa.<\/li>\n<li class=\"ql-align-justify\">A prueba de manipulaciones.<\/li>\n<\/ul>\n<p class=\"ql-align-justify\"><strong>Especificaciones<\/strong><\/p>\n<p class=\"ql-align-justify\">\u00a0El\u00e9ctricas y Mec\u00e1nicas<\/p>\n<ul>\n<li class=\"ql-align-justify\">Racor posterior 1 racor, di\u00e1metro de cable de 4,0 a 7,0 mm (de 0,16 a 0,28 pulg.).<\/li>\n<li class=\"ql-align-justify\">Racores posteriores 2 racores, di\u00e1metro de cable de 6,5 a 10,5 mm (de 0,26 a 0,42 pulg.).<\/li>\n<li class=\"ql-align-justify\">Gu\u00edas estancas 2 racores, di\u00e1metro de cable de 4,0 a 7,0 mm (de 0,16 a 0,28 pulg.).<\/li>\n<li class=\"ql-align-justify\">Ventana Cristal de 3 mm (0,12 pulg.).<\/li>\n<li class=\"ql-align-justify\">Cierres de bloqueo Se suministran tornillos a prueba de manipulaciones.<\/li>\n<li class=\"ql-align-justify\">Alimentaci\u00f3n de la c\u00e1mara 24\/120\/230 VCA, 50\/60 Hz, 6,3 A.<\/li>\n<li class=\"ql-align-justify\">Montaje de la c\u00e1mara Cubierta de c\u00e1mara\/lente extra\u00edble, se monta con dos tornillos.<\/li>\n<li class=\"ql-align-justify\">Tama\u00f1o m\u00e1x. de c\u00e1mara + lente (Al. x An. x La.) 81 x 89 x 317 mm (3,19 x 3,50 x 12,48 pulg.).<\/li>\n<li class=\"ql-align-justify\">Fabricaci\u00f3n Carcasa de aluminio, juntas de neopreno, hardware fabricado con acero inoxidable.<\/li>\n<li class=\"ql-align-justify\">Dimensiones Consultar las ilustraciones.<\/li>\n<li class=\"ql-align-justify\">Peso 2,3 kg (5,1 lb).<\/li>\n<li class=\"ql-align-justify\">Montaje 2 parejas de orificios roscados rosca 1\/4-20 pareja interior 50,8 mm (2 pulg.) distribuci\u00f3n central pareja exterior 73,7 mm (2,9 pulg.) distribuci\u00f3n central.<\/li>\n<li class=\"ql-align-justify\">Color Gris.<\/li>\n<\/ul>\n<p class=\"ql-align-justify\"><strong>\u00a0Medioambientales<\/strong><\/p>\n<ul>\n<li class=\"ql-align-justify\">Temp. de funcionamiento:De -40 \u00b0C a +50 \u00b0C (de -40 \u00b0F a +122 \u00b0F).<\/li>\n<li class=\"ql-align-justify\">Protecci\u00f3n de la cubierta IP66, NEMA-4X.<\/li>\n<\/ul>\n<p><img decoding=\"async\" class=\"overview-center-img-\" src=\"https:\/\/tvc.mx\/media\/7833\/Logoopaginas-oficial.png\" alt=\"\" \/><\/p>\n","protected":false},"excerpt":{"rendered":"<p>Carcasa de c\u00e1mara para interior UHI\u2011OG(S)\u20110 La carcasa de interior para c\u00e1mara\u00a0tiene un dise\u00f1o elegante y adecuado para su uso en interiores. Adem\u00e1s de resultar econ\u00f3mica y f\u00e1cil de instalar. Funciones b\u00e1sicas F\u00e1cil instalaci\u00f3n Su dise\u00f1o de apertura lateral con bisagras, \u00fanico en el mercado,&hellip;<\/p>\n","protected":false},"featured_media":6897,"comment_status":"open","ping_status":"closed","template":"","meta":{"om_disable_all_campaigns":false,"_monsterinsights_skip_tracking":false,"_monsterinsights_sitenote_active":false,"_monsterinsights_sitenote_note":"","_monsterinsights_sitenote_category":0},"product_brand":[],"product_cat":[626],"product_tag":[613,611,612,616,615,610,614,617],"class_list":{"0":"post-6898","1":"product","2":"type-product","3":"status-publish","4":"has-post-thumbnail","6":"product_cat-gabinetes-accesorios-bosch-video-vigilancia","7":"product_tag-bosch","8":"product_tag-manhattan","9":"product_tag-saxxon","10":"product_tag-surveon","11":"product_tag-utepo","12":"product_tag-videovigilancia","13":"product_tag-vivotek","14":"product_tag-zteco","16":"first","17":"instock","18":"sale","19":"taxable","20":"shipping-taxable","21":"purchasable","22":"product-type-simple"},"aioseo_notices":[],"_links":{"self":[{"href":"https:\/\/tecsecmty.com\/index.php\/wp-json\/wp\/v2\/product\/6898","targetHints":{"allow":["GET"]}}],"collection":[{"href":"https:\/\/tecsecmty.com\/index.php\/wp-json\/wp\/v2\/product"}],"about":[{"href":"https:\/\/tecsecmty.com\/index.php\/wp-json\/wp\/v2\/types\/product"}],"replies":[{"embeddable":true,"href":"https:\/\/tecsecmty.com\/index.php\/wp-json\/wp\/v2\/comments?post=6898"}],"version-history":[{"count":0,"href":"https:\/\/tecsecmty.com\/index.php\/wp-json\/wp\/v2\/product\/6898\/revisions"}],"wp:featuredmedia":[{"embeddable":true,"href":"https:\/\/tecsecmty.com\/index.php\/wp-json\/wp\/v2\/media\/6897"}],"wp:attachment":[{"href":"https:\/\/tecsecmty.com\/index.php\/wp-json\/wp\/v2\/media?parent=6898"}],"wp:term":[{"taxonomy":"product_brand","embeddable":true,"href":"https:\/\/tecsecmty.com\/index.php\/wp-json\/wp\/v2\/product_brand?post=6898"},{"taxonomy":"product_cat","embeddable":true,"href":"https:\/\/tecsecmty.com\/index.php\/wp-json\/wp\/v2\/product_cat?post=6898"},{"taxonomy":"product_tag","embeddable":true,"href":"https:\/\/tecsecmty.com\/index.php\/wp-json\/wp\/v2\/product_tag?post=6898"}],"curies":[{"name":"wp","href":"https:\/\/api.w.org\/{rel}","templated":true}]}}