{"id":6900,"date":"2023-02-23T16:00:48","date_gmt":"2023-02-23T22:00:48","guid":{"rendered":"https:\/\/tecsecmty.com\/index.php\/producto\/bosch-v_uhisbg0-juego-de-housing-y-brazo-para-interior\/"},"modified":"2023-03-22T23:22:06","modified_gmt":"2023-03-23T05:22:06","slug":"bosch-v_uhisbg0-juego-de-housing-y-brazo-para-interior","status":"publish","type":"product","link":"https:\/\/tecsecmty.com\/index.php\/producto\/bosch-v_uhisbg0-juego-de-housing-y-brazo-para-interior\/","title":{"rendered":"BOSCH V_UHISBG0- JUEGO DE HOUSING Y BRAZO PARA INTERIOR"},"content":{"rendered":"<h5 class=\"card-title text-center\">Carcasa de interior Serie UHI-SBG-0<\/h5>\n<p class=\"ql-align-justify\"><strong>La Carcasa UHI-SBG-0 tiene un dise\u00f1o elegante y adecuado para uso en interiores. Esta carcasa satisface la demanda del mercado en cuanto a carcasas atractivas, econ\u00f3micas y f\u00e1ciles de instalar.\u00a0<\/strong>Se adaptan a una amplia gama de c\u00e1maras y lentes varifocales CCD con formato de 1\/4, 1\/3 y 1\/2 de pulgada.<\/p>\n<p class=\"ql-align-justify\"><strong>Funciones b\u00e1sicas<\/strong><\/p>\n<p class=\"ql-align-justify\">El dise\u00f1o de estas carcasas es \u00fanico. S\u00f3lo tiene que extraer los dos tornillos a prueba de manipulaciones para abrir la cubierta y que la c\u00e1mara y la lente queden totalmente expuestas. Esto permite acceder a todos los controles de la c\u00e1mara y la lente sin necesidad de desmontar la carcasa. Los cables de alimentaci\u00f3n y v\u00eddeo se pueden direccionar mediante gu\u00edas estancas en la parte inferior o posterior de la carcasa. Para completar este conjunto, se a\u00f1ade un soporte de aluminio resistente para montaje con alimentaci\u00f3n directa.<\/p>\n<p class=\"ql-align-justify\"><strong>Certificados y homologaciones<\/strong><\/p>\n<p class=\"ql-align-justify\"><strong>Seguridad del producto UHI-SBG-0: CE, UL, cUL<\/strong><\/p>\n<ul>\n<li class=\"ql-align-justify\">Europa CE.<\/li>\n<li class=\"ql-align-justify\">EE.UU. UL.<\/li>\n<li class=\"ql-align-justify\">Canad\u00e1 CSA.<\/li>\n<\/ul>\n<p class=\"ql-align-justify\"><strong>Piezas incluidas<\/strong><\/p>\n<ul>\n<li class=\"ql-align-justify\">1 Carcasa de interior.<\/li>\n<li class=\"ql-align-justify\">1 Soporte de aluminio.<\/li>\n<\/ul>\n<p class=\"ql-align-justify\"><strong>Nota: Carcasa de interior Serie UHI-SBG-0<\/strong><\/p>\n<p class=\"ql-align-justify\"><strong>Numero de pedido: UHI-SBG-0<\/strong><\/p>\n<p class=\"ql-align-justify\"><strong>Principales caracter\u00edsticas<\/strong><\/p>\n<ul>\n<li class=\"ql-align-justify\">Para c\u00e1maras CCD de 1\/4, 1\/3 y 1\/2&#8243;.<\/li>\n<li class=\"ql-align-justify\">Opci\u00f3n de cableado para alimentaci\u00f3n directa .<\/li>\n<li class=\"ql-align-justify\">ABS reforzado con fibra de vidrio.<\/li>\n<li class=\"ql-align-justify\">F\u00e1cil instalaci\u00f3n.<\/li>\n<li class=\"ql-align-justify\">Acceso total a la c\u00e1mara.<\/li>\n<li class=\"ql-align-justify\">Econ\u00f3mica.<\/li>\n<li class=\"ql-align-justify\">Incluye soporte de aluminio.<\/li>\n<\/ul>\n<p class=\"ql-align-justify\"><strong>Especificaciones<\/strong><\/p>\n<p class=\"ql-align-justify\"><strong>Mec\u00e1nicas<\/strong><\/p>\n<ul>\n<li class=\"ql-align-justify\">Tama\u00f1o m\u00e1ximo de c\u00e1mara y lente (An. x Al. x L.): De 80 x 60 x 210 mm (3,1 x 2,3 x 8,2 pulgadas).<\/li>\n<li class=\"ql-align-justify\">Entrada de cables de Dos gu\u00edas estancas en la parte posterior permiten di\u00e1metros de cable de 6,5 mm a 10,5 mm (de 0,26 a 0,42 pulg.). Dos gu\u00edas estancas de alimentaci\u00f3n directa en la parte inferior permiten di\u00e1metros de cable de 4 a 7 mm (de 0,16 a 0,28 pulg.).<\/li>\n<li class=\"ql-align-justify\">Ventana Cristal de 3 mm (0,12 pulg.) de grosor.<\/li>\n<li class=\"ql-align-justify\">Montaje de la carcasa Incluye un soporte en forma de J. Cuatro (4) taladros roscados de 1\/4-20. Montaje de la c\u00e1mara Soporte de c\u00e1mara extra\u00edble. Instalada con un tornillo..<\/li>\n<li class=\"ql-align-justify\">Construcci\u00f3n\/Acabado ABS reforzado con fibra de vidrio; hardware fabricado con acero inoxidable.<\/li>\n<li class=\"ql-align-justify\">Acabado Marfil oscuro.<\/li>\n<li class=\"ql-align-justify\">Dimensiones Consulte la ilustraci\u00f3n de UHI-SBG-0.<\/li>\n<li class=\"ql-align-justify\">Peso 1 kg (2,2 lb), incluido el soporte.<\/li>\n<\/ul>\n<p><img decoding=\"async\" class=\"overview-center-img-web\" src=\"https:\/\/tvc.mx\/media\/32310\/Logoopaginas-oficial-1920x400.png\" alt=\"\" \/><\/p>\n","protected":false},"excerpt":{"rendered":"<p>Carcasa de interior Serie UHI-SBG-0 La Carcasa UHI-SBG-0 tiene un dise\u00f1o elegante y adecuado para uso en interiores. Esta carcasa satisface la demanda del mercado en cuanto a carcasas atractivas, econ\u00f3micas y f\u00e1ciles de instalar.\u00a0Se adaptan a una amplia gama de c\u00e1maras y lentes varifocales&hellip;<\/p>\n","protected":false},"featured_media":6899,"comment_status":"open","ping_status":"closed","template":"","meta":{"om_disable_all_campaigns":false,"_monsterinsights_skip_tracking":false,"_monsterinsights_sitenote_active":false,"_monsterinsights_sitenote_note":"","_monsterinsights_sitenote_category":0},"product_brand":[],"product_cat":[626],"product_tag":[613,611,612,616,615,610,614,617],"class_list":{"0":"post-6900","1":"product","2":"type-product","3":"status-publish","4":"has-post-thumbnail","6":"product_cat-gabinetes-accesorios-bosch-video-vigilancia","7":"product_tag-bosch","8":"product_tag-manhattan","9":"product_tag-saxxon","10":"product_tag-surveon","11":"product_tag-utepo","12":"product_tag-videovigilancia","13":"product_tag-vivotek","14":"product_tag-zteco","16":"first","17":"instock","18":"sale","19":"taxable","20":"shipping-taxable","21":"purchasable","22":"product-type-simple"},"aioseo_notices":[],"_links":{"self":[{"href":"https:\/\/tecsecmty.com\/index.php\/wp-json\/wp\/v2\/product\/6900","targetHints":{"allow":["GET"]}}],"collection":[{"href":"https:\/\/tecsecmty.com\/index.php\/wp-json\/wp\/v2\/product"}],"about":[{"href":"https:\/\/tecsecmty.com\/index.php\/wp-json\/wp\/v2\/types\/product"}],"replies":[{"embeddable":true,"href":"https:\/\/tecsecmty.com\/index.php\/wp-json\/wp\/v2\/comments?post=6900"}],"version-history":[{"count":0,"href":"https:\/\/tecsecmty.com\/index.php\/wp-json\/wp\/v2\/product\/6900\/revisions"}],"wp:featuredmedia":[{"embeddable":true,"href":"https:\/\/tecsecmty.com\/index.php\/wp-json\/wp\/v2\/media\/6899"}],"wp:attachment":[{"href":"https:\/\/tecsecmty.com\/index.php\/wp-json\/wp\/v2\/media?parent=6900"}],"wp:term":[{"taxonomy":"product_brand","embeddable":true,"href":"https:\/\/tecsecmty.com\/index.php\/wp-json\/wp\/v2\/product_brand?post=6900"},{"taxonomy":"product_cat","embeddable":true,"href":"https:\/\/tecsecmty.com\/index.php\/wp-json\/wp\/v2\/product_cat?post=6900"},{"taxonomy":"product_tag","embeddable":true,"href":"https:\/\/tecsecmty.com\/index.php\/wp-json\/wp\/v2\/product_tag?post=6900"}],"curies":[{"name":"wp","href":"https:\/\/api.w.org\/{rel}","templated":true}]}}