{"id":6902,"date":"2023-02-23T16:00:50","date_gmt":"2023-02-23T22:00:50","guid":{"rendered":"https:\/\/tecsecmty.com\/index.php\/producto\/bosch-v_uhohbgs11-gabinete-exterior-clasificacion-ip66-nema4x\/"},"modified":"2023-03-22T23:22:06","modified_gmt":"2023-03-23T05:22:06","slug":"bosch-v_uhohbgs11-gabinete-exterior-clasificacion-ip66-nema4x","status":"publish","type":"product","link":"https:\/\/tecsecmty.com\/index.php\/producto\/bosch-v_uhohbgs11-gabinete-exterior-clasificacion-ip66-nema4x\/","title":{"rendered":"BOSCH V_UHOHBGS11 &#8211; Gabinete exterior \/ Clasificacion IP66 \/ NEMA4X"},"content":{"rendered":"<h5 class=\"card-title text-center\">Carcasa para exteriores UHO\u2011HBGS\u201111<\/h5>\n<p class=\"ql-align-justify\"><strong>Las carcasas UHO de exterior para c\u00e1maras tienen un dise\u00f1o inteligente que permite utilizar la familia DINION de c\u00e1maras<\/strong>\u00a0en exteriores o en zonas en las que las c\u00e1maras deben estar protegidas.\u00a0<strong>Existen modelos para usar con fuentes de alimentaci\u00f3n de 24 VCA, 120 VCA y 230 VCA<\/strong>. En funci\u00f3n del modelo, se pueden utilizar con c\u00e1maras de 12 VCC, 24 VCA, 120 VCA y 230 VCA.<\/p>\n<p class=\"ql-align-justify\"><strong>Funciones b\u00e1sicas<\/strong><\/p>\n<p class=\"ql-align-justify\"><strong>Instalaci\u00f3n sencilla<\/strong><\/p>\n<p class=\"ql-align-justify\">Su dise\u00f1o de apertura lateral con bisagras permite la instalaci\u00f3n de cualquier combinaci\u00f3n de c\u00e1mara\/lente y proporciona acceso a los controles sin necesidad de desmontar la carcasa. Los cables de la alimentaci\u00f3n y de v\u00eddeo se pueden pasar mediante racores o conectores externos de alimentaci\u00f3n de 4 polos y conectores BNC situados en la parte posterior de la carcasa. Para un mejor manejo de los cables, hay disponibles orificios de entrada en la base de algunos modelos. Los orificios de montaje situados en la base se pueden utilizar para instalar la carcasa con un amplio \u00e1ngulo de giro\/inclinaci\u00f3n, cabezales ajustables y distintos soportes de montaje.<\/p>\n<p class=\"ql-align-justify\"><strong>Temperatura regulada<\/strong><\/p>\n<p class=\"ql-align-justify\">Las carcasas de aluminio cuentan con dos calentadores (uno para desempa\u00f1ar la ventana y otro para el interior de la carcasa) y un ventilador opcional. El calentador interior mantiene la temperatura interna de la carcasa en condiciones de baja temperatura para ampliar el l\u00edmite de temperatura inferior hasta -40\u00b0 C (-40\u00b0 F). El calentador del desempa\u00f1ador de ventana, que se encuentra permanentemente conectado, y el ventilador opcional reducen el empa\u00f1amiento en ubicaciones con una elevada humedad. Se incluyen parasoles en todos los modelos.<\/p>\n<p class=\"ql-align-justify\"><strong>Seguridad<\/strong><\/p>\n<p class=\"ql-align-justify\">Para una mayor seguridad, las unidades incluyen tornillos a prueba de sabotajes para los cierres de bloqueo con el fin de impedir el acceso no autorizado.<\/p>\n<p class=\"ql-align-justify\"><strong>Reforzada<\/strong><\/p>\n<p class=\"ql-align-justify\">Con un elegante dise\u00f1o que cumple con las normas\u00a0<strong>IP66 y NEMA-4X<\/strong>, estas carcasas son la soluci\u00f3n ideal para proteger su equipo de videovigilancia en situaciones adversas.<\/p>\n<p class=\"ql-align-justify\"><strong>Certificados y homologaciones<\/strong><\/p>\n<ul>\n<li class=\"ql-align-justify\">Seguridad Seg\u00fan EN 60065-1 (CE)<\/li>\n<li class=\"ql-align-justify\">Inmunidad Seg\u00fan EN 50130-4 (CE)<\/li>\n<\/ul>\n<p class=\"ql-align-justify\"><strong>Emisi\u00f3n<\/strong><\/p>\n<ul>\n<li class=\"ql-align-justify\">Seg\u00fan EN 55022 clase B (CE).<\/li>\n<li class=\"ql-align-justify\">Seg\u00fan EN 61000-3-2 (CE); EN 61000-3-3 (CE).<\/li>\n<li class=\"ql-align-justify\">Seg\u00fan FCC CFR 47, apartado 15, clase B<\/li>\n<\/ul>\n<p class=\"ql-align-justify\"><strong>Nota: Carcasa para exteriores UHO\u2011HBGS\u201111<\/strong><\/p>\n<p class=\"ql-align-justify\"><strong>Carcasa para exteriores para c\u00e1mara (24 VCA \/ 12 VCC). Fuente de alimentaci\u00f3n de 24 VCA, ventilador y cableado de alimentaci\u00f3n directa.<\/strong><\/p>\n<p class=\"ql-align-justify\"><strong>N\u00famero de pedido: UHO-HBGS-11.\u00a0<\/strong><\/p>\n<p class=\"ql-align-justify\"><strong>Principales caracter\u00edsticas<\/strong><\/p>\n<ul>\n<li class=\"ql-align-justify\">Protege combinaciones de c\u00e1mara\/lente de hasta 262 mm (10,32 pulg.) de longitud.<\/li>\n<li class=\"ql-align-justify\">Apertura lateral con bisagras para una sencilla instalaci\u00f3n y configuraci\u00f3n de la c\u00e1mara.<\/li>\n<li class=\"ql-align-justify\">Conforme con IP66\/NEMA-4X.<\/li>\n<li class=\"ql-align-justify\">Parasol incluido.<\/li>\n<li class=\"ql-align-justify\">Desempa\u00f1ador de ventana con limpieza de cristal autom\u00e1tica.<\/li>\n<\/ul>\n<p class=\"ql-align-justify\"><strong>Especificaciones<\/strong><\/p>\n<p class=\"ql-align-justify\"><strong>Mec\u00e1nicas<\/strong><\/p>\n<ul>\n<li class=\"ql-align-justify\">Dimensiones (a x an x pr) 126,5 x 171,3 x 480 mm (5 x 6,7 x 18,9 pulg.) con parasol incluido.<\/li>\n<li class=\"ql-align-justify\">Peso 3,1 kg (6,8 libras).<\/li>\n<li class=\"ql-align-justify\">Peso (con ventiladores) 3,2 kg (7,1 libras).<\/li>\n<li class=\"ql-align-justify\">Estructura Carcasa de aluminio, juntas de silicona, hardware fabricado con acero inoxidable.<\/li>\n<li class=\"ql-align-justify\">Color Gris.<\/li>\n<li class=\"ql-align-justify\">Ventana Cristal de 3 mm (0,12 pulg.).<\/li>\n<li class=\"ql-align-justify\">Cierres de bloqueo: Se suministran tornillos a prueba de sabotajes.<\/li>\n<li class=\"ql-align-justify\">Montaje de la c\u00e1mara Bandeja de c\u00e1mara\/lente extra\u00edble, instalada con dos tornillos.<\/li>\n<li class=\"ql-align-justify\">Tama\u00f1o m\u00e1ximo de c\u00e1mara y lente (a x an x pr) 91 x 81 x 262 mm (3,6 x 3,2 x 10,3 pulg.).<\/li>\n<\/ul>\n<p class=\"ql-align-justify\"><strong>Orificios de montaje<\/strong><\/p>\n<p class=\"ql-align-justify\"><strong>2 parejas de orificios roscados de 1\/4-20.<\/strong><\/p>\n<ul>\n<li class=\"ql-align-justify\">Pareja interior: 51 mm (2 pulg.) de distancia entre centros.<\/li>\n<li class=\"ql-align-justify\">Pareja exterior: 73 mm (2,9 pulg.) de distancia entre centros.<\/li>\n<\/ul>\n<p class=\"ql-align-justify\"><strong>El\u00e9ctricas<\/strong><\/p>\n<p class=\"ql-align-justify\">Tensi\u00f3n de alimentaci\u00f3n de la carcasa.<\/p>\n<ul>\n<li class=\"ql-align-justify\">Modelos 11: 24 VCA nominal.<\/li>\n<li class=\"ql-align-justify\">Modelos 51: 230 VCA nominal.<\/li>\n<li class=\"ql-align-justify\">Modelos 61: 120 VCA nominal.<\/li>\n<\/ul>\n<p class=\"ql-align-justify\"><strong>Consumo de energ\u00eda de la carcasa<\/strong><\/p>\n<ul>\n<li class=\"ql-align-justify\">Con ventilador: 45 W.<\/li>\n<li class=\"ql-align-justify\">Sin ventilador40 W.<\/li>\n<li class=\"ql-align-justify\">Consumo de energ\u00eda m\u00e1ximo de la c\u00e1mara 10 W.<\/li>\n<\/ul>\n<p class=\"ql-align-justify\"><strong>Medioambientales<\/strong><\/p>\n<ul>\n<li class=\"ql-align-justify\">Temperatura de funcionamiento externa: De -40 \u00b0C a +50 \u00b0C (de -40 \u00b0F a +122 \u00b0F).<\/li>\n<li class=\"ql-align-justify\">Temperatura de funcionamiento interna: De -20 \u00b0C a +55 \u00b0C (de -4 \u00b0F a +131 \u00b0F).<\/li>\n<li class=\"ql-align-justify\">Protecci\u00f3n de la carcasa IP66, NEMA-4X.<\/li>\n<\/ul>\n<p><img decoding=\"async\" class=\"overview-center-img-\" src=\"https:\/\/tvc.mx\/media\/15163\/Logoopaginas-oficial.png\" alt=\"\" \/><\/p>\n","protected":false},"excerpt":{"rendered":"<p>Carcasa para exteriores UHO\u2011HBGS\u201111 Las carcasas UHO de exterior para c\u00e1maras tienen un dise\u00f1o inteligente que permite utilizar la familia DINION de c\u00e1maras\u00a0en exteriores o en zonas en las que las c\u00e1maras deben estar protegidas.\u00a0Existen modelos para usar con fuentes de alimentaci\u00f3n de 24 VCA,&hellip;<\/p>\n","protected":false},"featured_media":6901,"comment_status":"open","ping_status":"closed","template":"","meta":{"om_disable_all_campaigns":false,"_monsterinsights_skip_tracking":false,"_monsterinsights_sitenote_active":false,"_monsterinsights_sitenote_note":"","_monsterinsights_sitenote_category":0},"product_brand":[],"product_cat":[626],"product_tag":[613,611,612,616,615,610,614,617],"class_list":{"0":"post-6902","1":"product","2":"type-product","3":"status-publish","4":"has-post-thumbnail","6":"product_cat-gabinetes-accesorios-bosch-video-vigilancia","7":"product_tag-bosch","8":"product_tag-manhattan","9":"product_tag-saxxon","10":"product_tag-surveon","11":"product_tag-utepo","12":"product_tag-videovigilancia","13":"product_tag-vivotek","14":"product_tag-zteco","16":"first","17":"instock","18":"sale","19":"taxable","20":"shipping-taxable","21":"purchasable","22":"product-type-simple"},"aioseo_notices":[],"_links":{"self":[{"href":"https:\/\/tecsecmty.com\/index.php\/wp-json\/wp\/v2\/product\/6902","targetHints":{"allow":["GET"]}}],"collection":[{"href":"https:\/\/tecsecmty.com\/index.php\/wp-json\/wp\/v2\/product"}],"about":[{"href":"https:\/\/tecsecmty.com\/index.php\/wp-json\/wp\/v2\/types\/product"}],"replies":[{"embeddable":true,"href":"https:\/\/tecsecmty.com\/index.php\/wp-json\/wp\/v2\/comments?post=6902"}],"version-history":[{"count":0,"href":"https:\/\/tecsecmty.com\/index.php\/wp-json\/wp\/v2\/product\/6902\/revisions"}],"wp:featuredmedia":[{"embeddable":true,"href":"https:\/\/tecsecmty.com\/index.php\/wp-json\/wp\/v2\/media\/6901"}],"wp:attachment":[{"href":"https:\/\/tecsecmty.com\/index.php\/wp-json\/wp\/v2\/media?parent=6902"}],"wp:term":[{"taxonomy":"product_brand","embeddable":true,"href":"https:\/\/tecsecmty.com\/index.php\/wp-json\/wp\/v2\/product_brand?post=6902"},{"taxonomy":"product_cat","embeddable":true,"href":"https:\/\/tecsecmty.com\/index.php\/wp-json\/wp\/v2\/product_cat?post=6902"},{"taxonomy":"product_tag","embeddable":true,"href":"https:\/\/tecsecmty.com\/index.php\/wp-json\/wp\/v2\/product_tag?post=6902"}],"curies":[{"name":"wp","href":"https:\/\/api.w.org\/{rel}","templated":true}]}}