{"id":6910,"date":"2023-02-23T16:00:58","date_gmt":"2023-02-23T22:00:58","guid":{"rendered":"https:\/\/tecsecmty.com\/index.php\/producto\/bosch-v_uhopoe10-gabinete-uho-ip67-cuenta-con-salida-poe\/"},"modified":"2023-03-22T23:22:07","modified_gmt":"2023-03-23T05:22:07","slug":"bosch-v_uhopoe10-gabinete-uho-ip67-cuenta-con-salida-poe","status":"publish","type":"product","link":"https:\/\/tecsecmty.com\/index.php\/producto\/bosch-v_uhopoe10-gabinete-uho-ip67-cuenta-con-salida-poe\/","title":{"rendered":"BOSCH V_UHOPOE10 &#8211; Gabinete UHO \/ IP67 \/ Cuenta con salida PoE"},"content":{"rendered":"<h5 class=\"card-title text-center\">Carcasa exterior, PoE + fuente alim. UHO-POE-10<\/h5>\n<p class=\"ql-align-justify\"><strong>La carcasa PoE para c\u00e1mara es una carcasa con un dise\u00f1o elegante que le permite utilizar una c\u00e1mara DINION en un ambiente exterior o interior,<\/strong>\u00a0as\u00ed como en zonas en las que las c\u00e1maras deben estar protegidas.\u00a0<strong>Esta carcasa recibe alimentaci\u00f3n a trav\u00e9s de la conexi\u00f3n Ethernet PoE o, en su caso, a trav\u00e9s de una fuente de alimentaci\u00f3n de 12 V CC independiente.<\/strong><\/p>\n<p class=\"ql-align-justify\"><strong>Descripci\u00f3n del sistema<\/strong><\/p>\n<p class=\"ql-align-justify\"><strong>Seguridad<\/strong><\/p>\n<p class=\"ql-align-justify\">El robusto dise\u00f1o de la carcasa cumple con las normas IP67 y NEMA-4X, por lo que protege su equipo de videovigilancia en situaciones adversas. El calefactor y el ventilador incorporados mantienen la temperatura interna de la carcasa en el margen especificado de temperatura de funcionamiento y, adem\u00e1s, permiten que la ventana de la carcasa permanezca transparente incluso en ambientes con un alto porcentaje de humedad o acumulaci\u00f3n de hielo. Tambi\u00e9n se incorpora un parasol en la parte superior de la carcasa.<\/p>\n<p class=\"ql-align-justify\"><strong>Funciones<\/strong><\/p>\n<p class=\"ql-align-justify\"><strong>Instalaci\u00f3n sencilla<\/strong><\/p>\n<p class=\"ql-align-justify\">El dise\u00f1o exclusivo de la carcasa, con apertura lateral dotada de bisagras, ofrece un acceso f\u00e1cil a los controles de la c\u00e1mara y la lente a la hora de realizar el montaje. Por su parte, los tornillos a prueba de sabotajes para los cierres de bloqueo impiden el acceso no autorizado a la carcasa. Adem\u00e1s, los orificios de montaje situados en la base de la carcasa permiten un nivel m\u00e1ximo de flexibilidad durante el montaje en los soportes de montaje de cabezal fijo, giratorio o basculante.<\/p>\n<p class=\"ql-align-justify\"><strong>Reforzada<\/strong><\/p>\n<p class=\"ql-align-justify\">Con un elegante dise\u00f1o que cumple con las normas<strong>\u00a0IP67 y NEMA-4X<\/strong>, la carcasa PoE representa la soluci\u00f3n ideal para proteger su equipo de videovigilancia en situaciones adversas.<\/p>\n<p class=\"ql-align-justify\"><strong>Conexiones<\/strong><\/p>\n<p class=\"ql-align-justify\">Gracias a un \u00fanico prensaestopa (M25 x 1,5) situado en la base de la carcasa, se obtiene una conexi\u00f3n herm\u00e9tica para los cables de alimentaci\u00f3n\u00a0<strong>Ethernet (PoE)<\/strong>\u00a0y, opcionalmente, los de\u00a0<strong>12 V CC\u00a0<\/strong>y de alarma o audio.\u00a0<strong>La carcasa y la c\u00e1mara reciben alimentaci\u00f3n a trav\u00e9s de un cable Ethernet PoE o, en ausencia de PoE, a trav\u00e9s de una fuente de alimentaci\u00f3n de 12 V CC tendida a trav\u00e9s de la fuente de alimentaci\u00f3n de la carcasa.\u00a0<\/strong><\/p>\n<p class=\"ql-align-justify\"><strong>Certificaciones y aprobaciones<\/strong><\/p>\n<p class=\"ql-align-justify\"><strong>Seguridad<\/strong><\/p>\n<ul>\n<li class=\"ql-align-justify\">Seg\u00fan EN 60065-1 (CE).<\/li>\n<\/ul>\n<p class=\"ql-align-justify\"><strong>Inmunidad<\/strong><\/p>\n<ul>\n<li class=\"ql-align-justify\">Seg\u00fan EN 50130-4 (CE).<\/li>\n<\/ul>\n<p class=\"ql-align-justify\"><strong>Emisi\u00f3n<\/strong><\/p>\n<ul>\n<li class=\"ql-align-justify\">Seg\u00fan EN 55022 clase B (CE).<\/li>\n<li class=\"ql-align-justify\">Seg\u00fan EN 61000-3-2 (CE); EN 61000-3-3 (CE).<\/li>\n<li class=\"ql-align-justify\">Seg\u00fan FCC CFR 47, apartado 15, clase B.<\/li>\n<\/ul>\n<p class=\"ql-align-justify\"><strong>Nota: UHO-POE-10 Carcasa exterior, PoE + fuente alim.<\/strong><\/p>\n<p class=\"ql-align-justify\"><strong>Carcasa de exterior con alimentaci\u00f3n PoE+ para c\u00e1maras.<\/strong><\/p>\n<p class=\"ql-align-justify\"><strong>N\u00famero de pedido: UHO-POE-10.<\/strong><\/p>\n<p class=\"ql-align-justify\"><strong>Principales\u00a0<\/strong><strong>caracter\u00edsticas<\/strong><\/p>\n<ul>\n<li class=\"ql-align-justify\">Protege combinaciones de c\u00e1mara\/lente de hasta 268 mm (10,6 pulg.) de longitud.<\/li>\n<li class=\"ql-align-justify\">Carcasa elegante y robusta (IP67; NEMA 4x).<\/li>\n<li class=\"ql-align-justify\">Entrada de alimentaci\u00f3n PoE para la instalaci\u00f3n con un solo cable.<\/li>\n<li class=\"ql-align-justify\">Apertura lateral con bisagras para una sencilla instalaci\u00f3n y configuraci\u00f3n de la c\u00e1mara.<\/li>\n<li class=\"ql-align-justify\">Calefacci\u00f3n.<\/li>\n<\/ul>\n<p class=\"ql-align-justify\"><strong>Especificaciones<\/strong><\/p>\n<p class=\"ql-align-justify\"><strong>Mec\u00e1nicas<\/strong><\/p>\n<ul>\n<li class=\"ql-align-justify\">Dimensiones 141 x 164 x 430 mm (5,6 x 6,5 x 16,9 pulg.) (a x an x pr) con parasol incluido.<\/li>\n<li class=\"ql-align-justify\">Peso 2,2 kg (4,9 libras).<\/li>\n<li class=\"ql-align-justify\">Estructura Carcasa de aluminio, juntas de silicona, hardware fabricado con acero inoxidable.<\/li>\n<li class=\"ql-align-justify\">Color Gris.<\/li>\n<li class=\"ql-align-justify\">Ventana Cristal de 3 mm (0,12 pulg.).<\/li>\n<li class=\"ql-align-justify\">Cierres de bloqueo: Se suministran tornillos a prueba de sabotajes.<\/li>\n<li class=\"ql-align-justify\">Montaje de la c\u00e1mara: Bandeja de c\u00e1mara\/lente extra\u00edble, instalada con dos tornillos.<\/li>\n<li class=\"ql-align-justify\">Tama\u00f1o m\u00e1ximo de c\u00e1mara y lente (a x an x pr) 70 x 80 x 268 mm (2,8 x 3,2 x 10,6 pulg.).<\/li>\n<\/ul>\n<p class=\"ql-align-justify\"><strong>Orificios de montaje 2 parejas de orificios roscados de 1\/4-20<\/strong><\/p>\n<ul>\n<li class=\"ql-align-justify\">Pareja interior: 51 mm (2 pulg.) de distancia entre centros.<\/li>\n<li class=\"ql-align-justify\">Pareja exterior: 74 mm (2,9 pulg.) de distancia entre centros.<\/li>\n<\/ul>\n<p class=\"ql-align-justify\"><strong>El\u00e9ctricas<\/strong><\/p>\n<ul>\n<li class=\"ql-align-justify\">Fuente de alimentaci\u00f3n Power-over-Ethernet Plus (PoE+) IEEE 802.3at, 48 V CC nominales; o 12 V CC (conmutable).<\/li>\n<li class=\"ql-align-justify\">Consumo de energ\u00eda (solo carcasa) 14 W m\u00e1x.<\/li>\n<li class=\"ql-align-justify\">Gesti\u00f3n de la alimentaci\u00f3n (carcasa + c\u00e1mara) 25,5 W m\u00e1x.<\/li>\n<\/ul>\n<p class=\"ql-align-justify\"><strong>Ambientales<\/strong><\/p>\n<ul>\n<li class=\"ql-align-justify\">Temperatura de funcionamiento externa: De -30 \u00b0C a +50 \u00b0C (de \u201122 \u00b0F a +122 \u00b0F).<\/li>\n<li class=\"ql-align-justify\">Temperatura de funcionamiento interna1: De -20 \u00b0C a +50 \u00b0C (de \u20114 \u00b0F a +122 \u00b0F).<\/li>\n<li class=\"ql-align-justify\">Protecci\u00f3n de carcasa2 IP67, NEMA-4X.<\/li>\n<li class=\"ql-align-justify\">NEMA TS 2-2003 (R2008), para 2.1.5.1 usando fig. 2.1 perfil de prueba De -34 \u00b0C a +74 \u00b0C (de -30 \u00b0F a +165 \u00b0F).<\/li>\n<\/ul>\n<p><img decoding=\"async\" class=\"overview-center-img-\" src=\"https:\/\/tvc.mx\/media\/15194\/Logoopaginas-oficial.png\" alt=\"\" \/><\/p>\n","protected":false},"excerpt":{"rendered":"<p>Carcasa exterior, PoE + fuente alim. UHO-POE-10 La carcasa PoE para c\u00e1mara es una carcasa con un dise\u00f1o elegante que le permite utilizar una c\u00e1mara DINION en un ambiente exterior o interior,\u00a0as\u00ed como en zonas en las que las c\u00e1maras deben estar protegidas.\u00a0Esta carcasa recibe&hellip;<\/p>\n","protected":false},"featured_media":6909,"comment_status":"open","ping_status":"closed","template":"","meta":{"om_disable_all_campaigns":false,"_monsterinsights_skip_tracking":false,"_monsterinsights_sitenote_active":false,"_monsterinsights_sitenote_note":"","_monsterinsights_sitenote_category":0},"product_brand":[],"product_cat":[626],"product_tag":[613,611,612,616,615,610,614,617],"class_list":{"0":"post-6910","1":"product","2":"type-product","3":"status-publish","4":"has-post-thumbnail","6":"product_cat-gabinetes-accesorios-bosch-video-vigilancia","7":"product_tag-bosch","8":"product_tag-manhattan","9":"product_tag-saxxon","10":"product_tag-surveon","11":"product_tag-utepo","12":"product_tag-videovigilancia","13":"product_tag-vivotek","14":"product_tag-zteco","16":"first","17":"instock","18":"sale","19":"taxable","20":"shipping-taxable","21":"purchasable","22":"product-type-simple"},"aioseo_notices":[],"_links":{"self":[{"href":"https:\/\/tecsecmty.com\/index.php\/wp-json\/wp\/v2\/product\/6910","targetHints":{"allow":["GET"]}}],"collection":[{"href":"https:\/\/tecsecmty.com\/index.php\/wp-json\/wp\/v2\/product"}],"about":[{"href":"https:\/\/tecsecmty.com\/index.php\/wp-json\/wp\/v2\/types\/product"}],"replies":[{"embeddable":true,"href":"https:\/\/tecsecmty.com\/index.php\/wp-json\/wp\/v2\/comments?post=6910"}],"version-history":[{"count":0,"href":"https:\/\/tecsecmty.com\/index.php\/wp-json\/wp\/v2\/product\/6910\/revisions"}],"wp:featuredmedia":[{"embeddable":true,"href":"https:\/\/tecsecmty.com\/index.php\/wp-json\/wp\/v2\/media\/6909"}],"wp:attachment":[{"href":"https:\/\/tecsecmty.com\/index.php\/wp-json\/wp\/v2\/media?parent=6910"}],"wp:term":[{"taxonomy":"product_brand","embeddable":true,"href":"https:\/\/tecsecmty.com\/index.php\/wp-json\/wp\/v2\/product_brand?post=6910"},{"taxonomy":"product_cat","embeddable":true,"href":"https:\/\/tecsecmty.com\/index.php\/wp-json\/wp\/v2\/product_cat?post=6910"},{"taxonomy":"product_tag","embeddable":true,"href":"https:\/\/tecsecmty.com\/index.php\/wp-json\/wp\/v2\/product_tag?post=6910"}],"curies":[{"name":"wp","href":"https:\/\/api.w.org\/{rel}","templated":true}]}}