{"id":6928,"date":"2023-02-23T16:01:19","date_gmt":"2023-02-23T22:01:19","guid":{"rendered":"https:\/\/tecsecmty.com\/index.php\/producto\/bosch-v_lvf5000cd0550-lente-varifocal-960h-5-a-50-mm-con-correccion-por-ir-f1-6-1-3\/"},"modified":"2023-03-22T23:21:49","modified_gmt":"2023-03-23T05:21:49","slug":"bosch-v_lvf5000cd0550-lente-varifocal-960h-5-a-50-mm-con-correccion-por-ir-f1-6-1-3","status":"publish","type":"product","link":"https:\/\/tecsecmty.com\/index.php\/producto\/bosch-v_lvf5000cd0550-lente-varifocal-960h-5-a-50-mm-con-correccion-por-ir-f1-6-1-3\/","title":{"rendered":"BOSCH V_LVF5000CD0550 &#8211; Lente varifocal 960H \/ 5 A 50 mm con correccion por ir \/ F1.6 \/ 1 \/ 3"},"content":{"rendered":"<h5 class=\"card-title text-center\">LVF-5000C-D0550 Lente varif., 5-50mm, 960H, 1\/3&#8243;, F1,6<\/h5>\n<p class=\"ql-align-justify\"><strong>sta familia de lentes 960H incluye lentes varifocales<\/strong>\u00a0con control de DC-iris.<strong>\u00a0Son lentes compactas y robustas en formatos de imagen de 1\/3 de pulg.\u00a0<\/strong>La gama de lentes van desde el gran angular al telefoto para cubrir casi todas las aplicaciones en sistemas de observaci\u00f3n de\u00a0<strong>CCTV<\/strong>. Las lentes ofrecen una calidad \u00f3ptica impresionante gracias a su resoluci\u00f3n\u00a0<strong>960H<\/strong>, reproducci\u00f3n de contraste y revestimiento.<\/p>\n<p class=\"ql-align-justify\"><strong>Resumen del sistema<\/strong><\/p>\n<p class=\"ql-align-justify\">Los sensores de mayor resoluci\u00f3n con p\u00edxeles incluso m\u00e1s peque\u00f1os requieren lentes de mayor resoluci\u00f3n para ofrecer su potencial completo. Las lentes en esta familia est\u00e1n dise\u00f1adas espec\u00edficamente para la gama Bosch en las c\u00e1maras\u00a0<strong>DINION 960H.<\/strong>\u00a0Para obtener la resoluci\u00f3n m\u00e1xima de una c\u00e1mara\u00a0<strong>960H<\/strong>, necesita seleccionar una lente que se pueda adaptar a la resoluci\u00f3n del sensor no s\u00f3lo en el centro, pero tambi\u00e9n en los bordes y en las diferentes aperturas del iris. La especificaci\u00f3n de la funci\u00f3n de transferencia de modulaci\u00f3n (MTF) es una indicaci\u00f3n del rendimiento de la resoluci\u00f3n, el contraste y la nitidez de una lente.<\/p>\n<p class=\"ql-align-justify\">La resoluci\u00f3n de la lente se mide normalmente en pares de l\u00ednea por mil\u00edmetro\u00a0<strong>(lp\/mm)<\/strong>. La funci\u00f3n de\u00a0transferencia de modulaci\u00f3n\u00a0<strong>(MTF)<\/strong>\u00a0de cada lente ofrece la resoluci\u00f3n m\u00e1xima en funci\u00f3n de los lp\/mm para una escena dada. Tanto la gama\u00a0<strong>LVF-4000C<\/strong>\u00a0como L<strong>VF-5000C\u00a0<\/strong>ofrecen una resoluci\u00f3n excelente durante el d\u00eda. La gama\u00a0<strong>LVF-5000C\u00a0<\/strong>se adapta mejor a c\u00e1maras de amplio rango din\u00e1mico\u00a0<strong>(WDR)<\/strong>\u00a0y c\u00e1maras que se utilizan para registrar m\u00e1s detalles durante la noche.<\/p>\n<p class=\"ql-align-justify\">La lente\u00a0<strong>LTC 3664\/31<\/strong>\u00a0ofrece un rendimiento excelente en escenas de baja luminosidad con una apertura de F1.0. Las especificaciones de la funci\u00f3n de transferencia de modulaci\u00f3n\u00a0<strong>(MTF)<\/strong>\u00a0medidas solo suponen un aspecto de la calidad de una lente. Los revestimientos antirreflectantes especiales para reducir los reflejos, el rendimiento mejorado de la aberraci\u00f3n y la distorsi\u00f3n menor tambi\u00e9n contribuyen a su idoneidad para c\u00e1maras diferentes.<\/p>\n<p class=\"ql-align-justify\"><strong>Funciones b\u00e1sicas<\/strong><\/p>\n<p class=\"ql-align-justify\"><strong>Control del DC-iris<\/strong><\/p>\n<p class=\"ql-align-justify\">Para el control del autoiris, todas las lentes utilizan el conector est\u00e1ndar EIAJ de cuatro patillas que se conecta directamente a la toma del iris de la c\u00e1mara.<\/p>\n<p class=\"ql-align-justify\"><strong>Correcci\u00f3n por IR<\/strong><\/p>\n<p class=\"ql-align-justify\">Todas las lentes de esta gama est\u00e1n corregidas por IR para adaptarse a la amplia gama de condiciones de iluminaci\u00f3n cubiertas por nuestras c\u00e1maras. Las lentes con correcci\u00f3n de infrarrojos proporcionan im\u00e1genes ajustadas y enfocadas con nitidez, con iluminaci\u00f3n diurna y nocturna si se utilizan con los iluminadores de IR. Esto hace que las lentes de infrarrojos sean la mejor elecci\u00f3n para las c\u00e1maras d\u00eda\/noche de alto rendimiento.<\/p>\n<p class=\"ql-align-justify\"><strong>Nota: LVF-5000C-D0550 Lente varifocal 960H, 1\/3 de pulgada, 5-50 mm, DC-iris, montaje CS, F1.6, lente con correcci\u00f3n por IR. N\u00famero de pedido: LVF-5000C-D0550.<\/strong><\/p>\n<p class=\"ql-align-justify\"><strong>Funciones principales:<\/strong><\/p>\n<ul>\n<li class=\"ql-align-justify\">Lentes varifocales con resoluci\u00f3n \u00f3ptica 960H.<\/li>\n<li class=\"ql-align-justify\">\u00d3ptica de alta calidad u Formatos de 1\/3 de pulg.<\/li>\n<li class=\"ql-align-justify\">Construcci\u00f3n resistente y fiable.<\/li>\n<li class=\"ql-align-justify\">Modelos DC-iris<\/li>\n<\/ul>\n<p class=\"ql-align-justify\"><strong>Especificaciones:<\/strong><\/p>\n<ul>\n<li class=\"ql-align-justify\">Ver tabla de comparaci\u00f3n al final de esta hoja de datos.<\/li>\n<li class=\"ql-align-justify\">Humedad de funcionamiento Hasta un 93% sin condensaci\u00f3n.<\/li>\n<li class=\"ql-align-justify\">Certificaci\u00f3n CE.<\/li>\n<\/ul>\n<p><img decoding=\"async\" class=\"overview-center-img-\" src=\"https:\/\/tvc.mx\/media\/7490\/Logoopaginas-oficial.png\" alt=\"\" \/><\/p>\n","protected":false},"excerpt":{"rendered":"<p>LVF-5000C-D0550 Lente varif., 5-50mm, 960H, 1\/3&#8243;, F1,6 sta familia de lentes 960H incluye lentes varifocales\u00a0con control de DC-iris.\u00a0Son lentes compactas y robustas en formatos de imagen de 1\/3 de pulg.\u00a0La gama de lentes van desde el gran angular al telefoto para cubrir casi todas las&hellip;<\/p>\n","protected":false},"featured_media":6927,"comment_status":"open","ping_status":"closed","template":"","meta":{"om_disable_all_campaigns":false,"_monsterinsights_skip_tracking":false,"_monsterinsights_sitenote_active":false,"_monsterinsights_sitenote_note":"","_monsterinsights_sitenote_category":0},"product_brand":[],"product_cat":[631],"product_tag":[613,611,612,616,615,610,614,617],"class_list":{"0":"post-6928","1":"product","2":"type-product","3":"status-publish","4":"has-post-thumbnail","6":"product_cat-lentes-accesorios-bosch-video-vigilancia","7":"product_tag-bosch","8":"product_tag-manhattan","9":"product_tag-saxxon","10":"product_tag-surveon","11":"product_tag-utepo","12":"product_tag-videovigilancia","13":"product_tag-vivotek","14":"product_tag-zteco","16":"first","17":"instock","18":"sale","19":"taxable","20":"shipping-taxable","21":"purchasable","22":"product-type-simple"},"aioseo_notices":[],"_links":{"self":[{"href":"https:\/\/tecsecmty.com\/index.php\/wp-json\/wp\/v2\/product\/6928","targetHints":{"allow":["GET"]}}],"collection":[{"href":"https:\/\/tecsecmty.com\/index.php\/wp-json\/wp\/v2\/product"}],"about":[{"href":"https:\/\/tecsecmty.com\/index.php\/wp-json\/wp\/v2\/types\/product"}],"replies":[{"embeddable":true,"href":"https:\/\/tecsecmty.com\/index.php\/wp-json\/wp\/v2\/comments?post=6928"}],"version-history":[{"count":0,"href":"https:\/\/tecsecmty.com\/index.php\/wp-json\/wp\/v2\/product\/6928\/revisions"}],"wp:featuredmedia":[{"embeddable":true,"href":"https:\/\/tecsecmty.com\/index.php\/wp-json\/wp\/v2\/media\/6927"}],"wp:attachment":[{"href":"https:\/\/tecsecmty.com\/index.php\/wp-json\/wp\/v2\/media?parent=6928"}],"wp:term":[{"taxonomy":"product_brand","embeddable":true,"href":"https:\/\/tecsecmty.com\/index.php\/wp-json\/wp\/v2\/product_brand?post=6928"},{"taxonomy":"product_cat","embeddable":true,"href":"https:\/\/tecsecmty.com\/index.php\/wp-json\/wp\/v2\/product_cat?post=6928"},{"taxonomy":"product_tag","embeddable":true,"href":"https:\/\/tecsecmty.com\/index.php\/wp-json\/wp\/v2\/product_tag?post=6928"}],"curies":[{"name":"wp","href":"https:\/\/api.w.org\/{rel}","templated":true}]}}