{"id":6936,"date":"2023-02-23T16:01:29","date_gmt":"2023-02-23T22:01:29","guid":{"rendered":"https:\/\/tecsecmty.com\/index.php\/producto\/bosch-v_lvf5005cs4109-lente-de-5-mp-sr-ir-4-1-a-9-mm\/"},"modified":"2023-03-22T23:21:49","modified_gmt":"2023-03-23T05:21:49","slug":"bosch-v_lvf5005cs4109-lente-de-5-mp-sr-ir-4-1-a-9-mm","status":"publish","type":"product","link":"https:\/\/tecsecmty.com\/index.php\/producto\/bosch-v_lvf5005cs4109-lente-de-5-mp-sr-ir-4-1-a-9-mm\/","title":{"rendered":"BOSCH V_LVF5005CS4109 &#8211; Lente de 5 MP \/ SR Ir \/ 4.1 A 9 mm"},"content":{"rendered":"<div class=\"row aling-items-center padding-bottom-2x\">\n<div class=\"col-lg-12\">\n<h5 class=\"card-title text-center\">LVF-5005C-S4109 Lente varifocal, 4,1-9mm, 5MP, mont. CS<\/h5>\n<p class=\"ql-align-justify\">Esta familia de lentes 960H incluye lentes varifocales con control de DC-iris. Son lentes compactas y robustas en formatos de imagen de 1\/3 de pulg. La gama de lentes van desde el gran angular al telefoto para cubrir casi todas las aplicaciones en sistemas de observaci\u00f3n de CCTV. Las lentes ofrecen una calidad \u00f3ptica impresionante gracias a su resoluci\u00f3n 960H, reproducci\u00f3n de contraste y revestimiento.<\/p>\n<p class=\"ql-align-justify\"><strong>Resumen del sistema<\/strong><\/p>\n<p class=\"ql-align-justify\">Los sensores de mayor resoluci\u00f3n con p\u00edxeles incluso m\u00e1s peque\u00f1os requieren lentes de mayor resoluci\u00f3n para ofrecer su potencial completo. Las lentes en esta familia est\u00e1n dise\u00f1adas espec\u00edficamente para la gama Bosch en las c\u00e1maras DINION 960H. Para obtener la resoluci\u00f3n m\u00e1xima de una c\u00e1mara 960H, necesita seleccionar una lente que se pueda adaptar a la resoluci\u00f3n del sensor no s\u00f3lo en el centro, pero tambi\u00e9n en los bordes y en las diferentes aperturas del iris. La especificaci\u00f3n de la funci\u00f3n de transferencia de modulaci\u00f3n (MTF) es una indicaci\u00f3n del rendimiento de la resoluci\u00f3n, el contraste y la nitidez de una lente.<\/p>\n<p class=\"ql-align-justify\">La resoluci\u00f3n de la lente se mide normalmente en pares de l\u00ednea por mil\u00edmetro (lp\/mm). La funci\u00f3n de\u00a0transferencia de modulaci\u00f3n (MTF) de cada lente ofrece la resoluci\u00f3n m\u00e1xima en funci\u00f3n de los lp\/mm para una escena dada. Tanto la gama LVF-4000C como LVF-5000C ofrecen una resoluci\u00f3n excelente durante el d\u00eda. La gama LVF-5000C se adapta mejor a c\u00e1maras de amplio rango din\u00e1mico (WDR) y c\u00e1maras que se utilizan para registrar m\u00e1s detalles durante la noche.<\/p>\n<p class=\"ql-align-justify\">La lente LTC 3664\/31 ofrece un rendimiento excelente en escenas de baja luminosidad con una apertura de F1.0. Las especificaciones de la funci\u00f3n de transferencia de modulaci\u00f3n (MTF) medidas solo suponen un aspecto de la calidad de una lente. Los revestimientos antirreflectantes especiales para reducir los reflejos, el rendimiento mejorado de la aberraci\u00f3n y la distorsi\u00f3n menor tambi\u00e9n contribuyen a su idoneidad para c\u00e1maras diferentes.<\/p>\n<p class=\"ql-align-justify\">\n<p class=\"ql-align-justify\"><strong>Nota: El lente megap\u00edxel SR varifocal con correcci\u00f3n por IR. Sensor de 1\/1,8\u201d; montaje CS; SR-iris de 4 patillas; 5 MP; de 4,1 a 9 mm; de F1.6 a F8 N\u00famero de pedido: LVF-5005C-S4109.<\/strong><\/p>\n<p><img decoding=\"async\" class=\"overview-center-img-\" src=\"https:\/\/tvc.mx\/media\/6204\/Logoopaginas-oficial.png\" alt=\"\" \/><\/div>\n<\/div>\n<div class=\"row aling-items-center padding-bottom-2x\">\n<div class=\"col-lg-12\">\n<p class=\"ql-align-justify\"><strong>Principales Caracter\u00edsticas:<\/strong><\/p>\n<ul>\n<li class=\"ql-align-justify\">Resoluci\u00f3n \u00f3ptica megap\u00edxel SR.<\/li>\n<li class=\"ql-align-justify\">\u00d3ptica de alta calidad.<\/li>\n<li class=\"ql-align-justify\">Construcci\u00f3n resistente y fiable.<\/li>\n<li class=\"ql-align-justify\">Opciones de longitud focal.<\/li>\n<\/ul>\n<p class=\"ql-align-justify\"><strong>Especificaciones<\/strong><\/p>\n<p class=\"ql-align-justify\"><strong>LVF-5005C-S4109<\/strong><\/p>\n<ul>\n<li class=\"ql-align-justify\">Formato de sensor m\u00e1ximo 1\/1,8 pulg.<\/li>\n<li class=\"ql-align-justify\">Resoluci\u00f3n \u00f3ptica 5 megap\u00edxeles.<\/li>\n<li class=\"ql-align-justify\">Distancia focal 4,1\u20139 mm Rango del iris F1.6 a F8.<\/li>\n<li class=\"ql-align-justify\">Distancia m\u00edn. al objeto 0,3 m (1 pie).<\/li>\n<li class=\"ql-align-justify\">Distancia del foco mec\u00e1nico (valores en aire) 12,72 mm gran angular 19,94 mm teleobjetivo.<\/li>\n<li class=\"ql-align-justify\">Peso 130 g (0,29 libras).<\/li>\n<li class=\"ql-align-justify\">Dimensiones \u00d8 62,9 mm (sin incluir los botones de enfoque y de zoom) x 66,6 mm (sin incluir la abrazadera).<\/li>\n<li class=\"ql-align-justify\">Montaje de la lente CS.<\/li>\n<li class=\"ql-align-justify\">\u00c1ngulo de visi\u00f3n (HxV) 4:3 100 x 74\u00b0 gran angular 45 x 33\u00b0 teleobjetivo.<\/li>\n<li class=\"ql-align-justify\">\u00c1ngulo de visi\u00f3n (HxV) Sensor 16:9 de 1\/3 de pulgada 73 x 41\u00b0 gran angular 33 x 19\u00b0 teleobjetivo.<\/li>\n<li class=\"ql-align-justify\">\u00c1ngulo de visi\u00f3n (HxV) Sensor 16:9 de 1\/2,7 de pulgada 80 x 4\u00b0 gran angular 37 x 21\u00b0 teleobjetivo.<\/li>\n<li class=\"ql-align-justify\">Control del iris 4 polos, control DC.<\/li>\n<li class=\"ql-align-justify\">Control del enfoque manual.<\/li>\n<li class=\"ql-align-justify\">Control del zoom manual.<\/li>\n<li class=\"ql-align-justify\">Correcci\u00f3n por infrarrojos s\u00ed.<\/li>\n<\/ul>\n<p class=\"ql-align-justify\"><strong>Ambientales<\/strong><\/p>\n<ul>\n<li class=\"ql-align-justify\">Temperatura de funcionamiento::De -10 \u00b0C a +50 \u00b0C (de +14 \u00b0F a +122 \u00b0F).<\/li>\n<li class=\"ql-align-justify\">Temperatura de almacenamiento:De -40 \u00b0C a +70 \u00b0C (de -40 \u00b0F a +158 \u00b0F).<\/li>\n<li class=\"ql-align-justify\">Humedad de funcionamiento: Hasta 93% sin condensaci\u00f3n.<\/li>\n<li class=\"ql-align-justify\">Certificaci\u00f3n CE.<\/li>\n<\/ul>\n<\/div>\n<\/div>\n","protected":false},"excerpt":{"rendered":"<p>LVF-5005C-S4109 Lente varifocal, 4,1-9mm, 5MP, mont. CS Esta familia de lentes 960H incluye lentes varifocales con control de DC-iris. Son lentes compactas y robustas en formatos de imagen de 1\/3 de pulg. La gama de lentes van desde el gran angular al telefoto para cubrir&hellip;<\/p>\n","protected":false},"featured_media":6935,"comment_status":"open","ping_status":"closed","template":"","meta":{"om_disable_all_campaigns":false,"_monsterinsights_skip_tracking":false,"_monsterinsights_sitenote_active":false,"_monsterinsights_sitenote_note":"","_monsterinsights_sitenote_category":0},"product_brand":[],"product_cat":[631],"product_tag":[613,611,612,616,615,610,614,617],"class_list":{"0":"post-6936","1":"product","2":"type-product","3":"status-publish","4":"has-post-thumbnail","6":"product_cat-lentes-accesorios-bosch-video-vigilancia","7":"product_tag-bosch","8":"product_tag-manhattan","9":"product_tag-saxxon","10":"product_tag-surveon","11":"product_tag-utepo","12":"product_tag-videovigilancia","13":"product_tag-vivotek","14":"product_tag-zteco","16":"first","17":"instock","18":"sale","19":"taxable","20":"shipping-taxable","21":"purchasable","22":"product-type-simple"},"aioseo_notices":[],"_links":{"self":[{"href":"https:\/\/tecsecmty.com\/index.php\/wp-json\/wp\/v2\/product\/6936","targetHints":{"allow":["GET"]}}],"collection":[{"href":"https:\/\/tecsecmty.com\/index.php\/wp-json\/wp\/v2\/product"}],"about":[{"href":"https:\/\/tecsecmty.com\/index.php\/wp-json\/wp\/v2\/types\/product"}],"replies":[{"embeddable":true,"href":"https:\/\/tecsecmty.com\/index.php\/wp-json\/wp\/v2\/comments?post=6936"}],"version-history":[{"count":0,"href":"https:\/\/tecsecmty.com\/index.php\/wp-json\/wp\/v2\/product\/6936\/revisions"}],"wp:featuredmedia":[{"embeddable":true,"href":"https:\/\/tecsecmty.com\/index.php\/wp-json\/wp\/v2\/media\/6935"}],"wp:attachment":[{"href":"https:\/\/tecsecmty.com\/index.php\/wp-json\/wp\/v2\/media?parent=6936"}],"wp:term":[{"taxonomy":"product_brand","embeddable":true,"href":"https:\/\/tecsecmty.com\/index.php\/wp-json\/wp\/v2\/product_brand?post=6936"},{"taxonomy":"product_cat","embeddable":true,"href":"https:\/\/tecsecmty.com\/index.php\/wp-json\/wp\/v2\/product_cat?post=6936"},{"taxonomy":"product_tag","embeddable":true,"href":"https:\/\/tecsecmty.com\/index.php\/wp-json\/wp\/v2\/product_tag?post=6936"}],"curies":[{"name":"wp","href":"https:\/\/api.w.org\/{rel}","templated":true}]}}