{"id":6938,"date":"2023-02-23T16:01:34","date_gmt":"2023-02-23T22:01:34","guid":{"rendered":"https:\/\/tecsecmty.com\/index.php\/producto\/bosch-v_lvf5lvf5005ns1250-lente-varifocal-de-5-mp-12-a-50-mm\/"},"modified":"2023-03-22T23:21:49","modified_gmt":"2023-03-23T05:21:49","slug":"bosch-v_lvf5lvf5005ns1250-lente-varifocal-de-5-mp-12-a-50-mm","status":"publish","type":"product","link":"https:\/\/tecsecmty.com\/index.php\/producto\/bosch-v_lvf5lvf5005ns1250-lente-varifocal-de-5-mp-12-a-50-mm\/","title":{"rendered":"BOSCH V_LVF5LVF5005NS1250 &#8211; Lente varifocal de 5 MP \/ 12 A 50 mm"},"content":{"rendered":"<h5 class=\"card-title text-center\">LVF-5005N-S1250 Lente varifocal, 12-50mm, 5MP, mont. C<\/h5>\n<p class=\"ql-align-justify\"><strong>Ahora que las c\u00e1maras de vigilancia pueden capturar resoluciones de imagen<\/strong>\u00a0a\u00fan mayores mediante el uso de la\u00a0<strong>tecnolog\u00eda de sensor HD\u00a0<\/strong>y el procesamiento avanzado, las lentes tambi\u00e9n deben tener una resoluci\u00f3n \u00f3ptica que permita que la c\u00e1mara funcione con un rendimiento \u00f3ptimo.\u00a0<strong>Esta gama de lentes megap\u00edxel de superresoluci\u00f3n (SR)\u00a0<\/strong>se ha dise\u00f1ado para mejorar la resoluci\u00f3n de imagen, la nitidez y la profundidad de campo.<\/p>\n<p class=\"ql-align-justify\"><strong>Resumen del sistema<\/strong><\/p>\n<p class=\"ql-align-justify\"><strong>Estas lentes se suministran con un montaje C o CS est\u00e1ndar que se puede usar con una gran variedad de c\u00e1maras. La conexi\u00f3n de control de DC-iris<\/strong>\u00a0es un conector est\u00e1ndar de cuatro polos que se conecta directamente a la salida de iris de la c\u00e1mara. Las lentes ofrecen una calidad \u00f3ptica impresionante gracias a su resoluci\u00f3n megap\u00edxel, su reproducci\u00f3n de contraste y su revestimiento. La construcci\u00f3n mec\u00e1nica se ha dise\u00f1ado para soportar las operaciones frecuentes de control de iris y las exigencias de los entornos de las instalaciones de seguridad. Proporcionan un funcionamiento duradero y fiable sin necesidad de mantenimiento. Si busca una lente fiable, de alta calidad y flexible que est\u00e9 a la altura del rendimiento de una c\u00e1mara\u00a0<strong>HD<\/strong>, esta serie de lentes es la soluci\u00f3n ideal.<\/p>\n<p class=\"ql-align-justify\">N<strong>ota: Lente megap\u00edxel varifocal Lente megap\u00edxel varifocal con correcci\u00f3n por IR. Sensor de 1\/1.8&#8243; m\u00e1x.; montaje C; DC-iris de 4 patillas; 5 MP; de 12 a 50 mm; de F1.6 a T360.<\/strong><\/p>\n<p class=\"ql-align-justify\"><strong>N\u00famero de pedido1: LVF-5005N-S1250.<\/strong><\/p>\n<p class=\"ql-align-justify\"><strong>Principales Caracter\u00edsticas<\/strong><\/p>\n<ul>\n<li class=\"ql-align-justify\">Resoluci\u00f3n \u00f3ptica megap\u00edxel SR.<\/li>\n<li class=\"ql-align-justify\">\u00d3ptica de alta calidad.<\/li>\n<li class=\"ql-align-justify\">Construcci\u00f3n resistente y fiable.<\/li>\n<li class=\"ql-align-justify\">Opciones de longitud focal.<\/li>\n<\/ul>\n<p class=\"ql-align-justify\"><strong>Especificaciones:<\/strong><\/p>\n<p class=\"ql-align-justify\"><strong>LVF-5005N-S1250<\/strong><\/p>\n<ul>\n<li class=\"ql-align-justify\">Formato de sensor m\u00e1ximo 1\/1,8 pulg.<\/li>\n<li class=\"ql-align-justify\">Resoluci\u00f3n \u00f3ptica 5 megap\u00edxeles.<\/li>\n<li class=\"ql-align-justify\">Distancia focal 12\u201350 mm.<\/li>\n<li class=\"ql-align-justify\">Rango del iris F1.8 a T360.<\/li>\n<li class=\"ql-align-justify\">Distancia m\u00edn. al objeto 0,8 m (2,63 pies).<\/li>\n<li class=\"ql-align-justify\">Distancia del foco mec\u00e1nico (valores en aire) 10,19 mm gran angular 10,12 mm teleobjetivo valores en aire.<\/li>\n<li class=\"ql-align-justify\">Peso 175 g (0,386 libras).<\/li>\n<li class=\"ql-align-justify\">Dimensiones \u00d8 52,4 mm x 89,3 mm.<\/li>\n<li class=\"ql-align-justify\">Montaje de la lente C.<\/li>\n<li class=\"ql-align-justify\">\u00c1ngulo de visi\u00f3n (HxV) 4:3 33 x 25\u00b0 gran angular 8 x 6\u00b0 teleobjetivo.<\/li>\n<li class=\"ql-align-justify\">\u00c1ngulo de visi\u00f3n (HxV) Sensor 16:9 de 1\/3 de pulgada 24 x 14\u00b0 gran angular 6 x 3\u00b0 teleobjetivo.<\/li>\n<li class=\"ql-align-justify\">\u00c1ngulo de visi\u00f3n (HxV) Sensor 16:9 de 1\/2,7 de pulgada 27 x 16\u00b0 gran angular 6,7 x 3,8\u00b0 teleobjetivo.<\/li>\n<li class=\"ql-align-justify\">Control del iris 4 polos, control DC.<\/li>\n<li class=\"ql-align-justify\">Control del enfoque manual.<\/li>\n<li class=\"ql-align-justify\">Control del zoom manual.<\/li>\n<li class=\"ql-align-justify\">Correcci\u00f3n por infrarrojos s\u00ed.<\/li>\n<\/ul>\n<p class=\"ql-align-justify\"><strong>Ambientales<\/strong><\/p>\n<ul>\n<li class=\"ql-align-justify\">Temperatura de funcionamiento: De -10 \u00b0C a +50 \u00b0C (de +14 \u00b0F a +122 \u00b0F).<\/li>\n<li class=\"ql-align-justify\">Temperatura de almacenamiento De -20 \u00b0C a +60 \u00b0C (de -4 \u00b0F a +140 \u00b0F).<\/li>\n<li class=\"ql-align-justify\">Humedad de funcionamiento: Del 35% al 90% sin condensaci\u00f3n &#8211; Certificaci\u00f3n: C.<\/li>\n<\/ul>\n<p><img decoding=\"async\" class=\"overview-center-img-\" src=\"https:\/\/tvc.mx\/media\/7500\/Logoopaginas-oficial.png\" alt=\"\" \/><\/p>\n","protected":false},"excerpt":{"rendered":"<p>LVF-5005N-S1250 Lente varifocal, 12-50mm, 5MP, mont. C Ahora que las c\u00e1maras de vigilancia pueden capturar resoluciones de imagen\u00a0a\u00fan mayores mediante el uso de la\u00a0tecnolog\u00eda de sensor HD\u00a0y el procesamiento avanzado, las lentes tambi\u00e9n deben tener una resoluci\u00f3n \u00f3ptica que permita que la c\u00e1mara funcione con&hellip;<\/p>\n","protected":false},"featured_media":6937,"comment_status":"open","ping_status":"closed","template":"","meta":{"om_disable_all_campaigns":false,"_monsterinsights_skip_tracking":false,"_monsterinsights_sitenote_active":false,"_monsterinsights_sitenote_note":"","_monsterinsights_sitenote_category":0},"product_brand":[],"product_cat":[631],"product_tag":[613,611,612,616,615,610,614,617],"class_list":{"0":"post-6938","1":"product","2":"type-product","3":"status-publish","4":"has-post-thumbnail","6":"product_cat-lentes-accesorios-bosch-video-vigilancia","7":"product_tag-bosch","8":"product_tag-manhattan","9":"product_tag-saxxon","10":"product_tag-surveon","11":"product_tag-utepo","12":"product_tag-videovigilancia","13":"product_tag-vivotek","14":"product_tag-zteco","16":"first","17":"instock","18":"sale","19":"taxable","20":"shipping-taxable","21":"purchasable","22":"product-type-simple"},"aioseo_notices":[],"_links":{"self":[{"href":"https:\/\/tecsecmty.com\/index.php\/wp-json\/wp\/v2\/product\/6938","targetHints":{"allow":["GET"]}}],"collection":[{"href":"https:\/\/tecsecmty.com\/index.php\/wp-json\/wp\/v2\/product"}],"about":[{"href":"https:\/\/tecsecmty.com\/index.php\/wp-json\/wp\/v2\/types\/product"}],"replies":[{"embeddable":true,"href":"https:\/\/tecsecmty.com\/index.php\/wp-json\/wp\/v2\/comments?post=6938"}],"version-history":[{"count":0,"href":"https:\/\/tecsecmty.com\/index.php\/wp-json\/wp\/v2\/product\/6938\/revisions"}],"wp:featuredmedia":[{"embeddable":true,"href":"https:\/\/tecsecmty.com\/index.php\/wp-json\/wp\/v2\/media\/6937"}],"wp:attachment":[{"href":"https:\/\/tecsecmty.com\/index.php\/wp-json\/wp\/v2\/media?parent=6938"}],"wp:term":[{"taxonomy":"product_brand","embeddable":true,"href":"https:\/\/tecsecmty.com\/index.php\/wp-json\/wp\/v2\/product_brand?post=6938"},{"taxonomy":"product_cat","embeddable":true,"href":"https:\/\/tecsecmty.com\/index.php\/wp-json\/wp\/v2\/product_cat?post=6938"},{"taxonomy":"product_tag","embeddable":true,"href":"https:\/\/tecsecmty.com\/index.php\/wp-json\/wp\/v2\/product_tag?post=6938"}],"curies":[{"name":"wp","href":"https:\/\/api.w.org\/{rel}","templated":true}]}}