{"id":6940,"date":"2023-02-23T16:01:36","date_gmt":"2023-02-23T22:01:36","guid":{"rendered":"https:\/\/tecsecmty.com\/index.php\/producto\/bosch-v_lvf8008cp0413-lente-varifocal-montaje-cs-12mp-4-a-13mm\/"},"modified":"2023-03-22T23:21:49","modified_gmt":"2023-03-23T05:21:49","slug":"bosch-v_lvf8008cp0413-lente-varifocal-montaje-cs-12mp-4-a-13mm","status":"publish","type":"product","link":"https:\/\/tecsecmty.com\/index.php\/producto\/bosch-v_lvf8008cp0413-lente-varifocal-montaje-cs-12mp-4-a-13mm\/","title":{"rendered":"BOSCH V_LVF8008CP0413- LENTE VARIFOCAL\/ MONTAJE CS\/ 12MP\/ 4 A 13MM"},"content":{"rendered":"<h5 class=\"card-title text-center\">LVF-8008C-P0413 Lente varifocal, 4-13mm, 12MP, mont. CS<\/h5>\n<p class=\"ql-align-justify\">Ahora que las c\u00e1maras pueden capturar resoluciones de imagen incluso mayores mediante el uso de la tecnolog\u00eda de sensor megap\u00edxel y el procesamiento avanzado, las lentes tambi\u00e9n deben tener una resoluci\u00f3n \u00f3ptica que permita que la c\u00e1mara funcione con un rendimiento \u00f3ptimo.<\/p>\n<p class=\"ql-align-justify\"><strong>Descripci\u00f3n del sistema<\/strong><\/p>\n<p class=\"ql-align-justify\">Esta lente de iris P permite que la c\u00e1mara determine los par\u00e1metros de funcionamiento \u00f3ptimo para conseguir la mejor imagen posible mientras se reduce el problema de la difracci\u00f3n que se produce a menudo con sensores megap\u00edxel. La lente tiene un soporte de montaje CS est\u00e1ndar para usar con una gran variedad de c\u00e1maras. La construcci\u00f3n mec\u00e1nica est\u00e1 dise\u00f1ada para soportar la carga medioambiental de las instalaciones de vigilancia y proporciona un funcionamiento duradero y fiable sin necesidad de mantenimiento.<\/p>\n<p class=\"ql-align-justify\"><strong>Funciones<\/strong><\/p>\n<p class=\"ql-align-justify\">Las lentes de iris P presentan muchas ventajas con respecto a las lentes de iris DC est\u00e1ndar y son muy apreciadas sobre todo en condiciones de iluminaci\u00f3n variable. Permiten que el control del iris pase completamente a la c\u00e1mara. El firmware de las c\u00e1maras de Bosch es capaz de controlar entonces de forma inteligente la apertura del iris. El motor de paso a paso en una lente de iris P es muy preciso, lo que significa que la apertura del iris se puede establecer exactamente seg\u00fan sea necesario. La c\u00e1mara garantiza que la apertura del iris no sea demasiado peque\u00f1a, de forma que se eviten las im\u00e1genes no n\u00edtidas causadas por la difracci\u00f3n, pero se mantenga aun as\u00ed la profundidad de campo necesaria para que los objetos de inter\u00e9s permanezcan enfocados.<\/p>\n<p class=\"ql-align-justify\"><strong>Certificaciones y aprobaciones<\/strong><\/p>\n<ul>\n<li class=\"ql-align-justify\">Europa CE<\/li>\n<\/ul>\n<p class=\"ql-align-justify\"><strong>Piezas incluidas<\/strong><\/p>\n<ul>\n<li class=\"ql-align-justify\">1 Unidad<\/li>\n<\/ul>\n<p class=\"ql-align-justify\"><strong>Nota: LVF-8008C-P0413 Lente varifocal, 4-13mm, 12MP, mont. CS<\/strong><\/p>\n<p class=\"ql-align-justify\"><strong>Lente varifocal megap\u00edxel; P-iris; soporte de montaje CS; 1\/1,8&#8243;; F1.5; 4-13 mm.<\/strong><\/p>\n<p class=\"ql-align-justify\"><strong>N\u00famero de pedido: LVF-8008C-P0413.<\/strong><\/p>\n<p class=\"ql-align-justify\"><strong>Principales caracter\u00edsticas<\/strong><\/p>\n<ul>\n<li class=\"ql-align-justify\">Resoluci\u00f3n \u00f3ptica megap\u00edxel ultra.<\/li>\n<li class=\"ql-align-justify\">Iris P para un control preciso e im\u00e1genes m\u00e1s n\u00edtidas.<\/li>\n<li class=\"ql-align-justify\">\u00d3ptica de alta calidad.<\/li>\n<li class=\"ql-align-justify\">Construcci\u00f3n resistente y fiable.<\/li>\n<\/ul>\n<p class=\"ql-align-justify\"><strong>Especificaciones<\/strong><\/p>\n<p class=\"ql-align-justify\"><strong>Unidad \u00f3ptica<\/strong><\/p>\n<ul>\n<li class=\"ql-align-justify\">Formato de sensor m\u00e1ximo 1\/1,8 pulg.<\/li>\n<li class=\"ql-align-justify\">Rango de distancia focal 4\u201313 mm.<\/li>\n<li class=\"ql-align-justify\">Rango del iris F1.5 hasta el cierre.<\/li>\n<li class=\"ql-align-justify\">Distancia m\u00edn. al objeto 0,3 m (1 pie).<\/li>\n<li class=\"ql-align-justify\">Distancia del foco mec\u00e1nico 15,24 mm (por aire).<\/li>\n<li class=\"ql-align-justify\">Control del iris Motor de paso a paso de iris P (120 pasos).<\/li>\n<li class=\"ql-align-justify\">Control del enfoque Anillo de rotaci\u00f3n y tornillo de bloqueo.<\/li>\n<li class=\"ql-align-justify\">Control del zoom Anillo de rotaci\u00f3n y tornillo de bloqueo.<\/li>\n<li class=\"ql-align-justify\">Correcci\u00f3n por infrarrojos S\u00ed.<\/li>\n<\/ul>\n<p class=\"ql-align-justify\"><strong>\u00c1ngulo de visi\u00f3n con DINION IP ultra 8000 MP (HxV)<\/strong><\/p>\n<ul>\n<li class=\"ql-align-justify\">Modo 4K UHD (16:9) Ancho: 86 x 48\u00b0; teleobjetivo: 27 x 15\u00b0.<\/li>\n<li class=\"ql-align-justify\">Modo 12 MP (4:3) Ancho: 90 x 67\u00b0; teleobjetivo: 29 x 21\u00b0.<\/li>\n<\/ul>\n<p class=\"ql-align-justify\"><strong>\u00c1ngulo de visi\u00f3n con DINION IP starlight 8000 MP (HxV)<\/strong><\/p>\n<ul>\n<li class=\"ql-align-justify\">Modo 16:9 Ancho: 105 x 57\u00b0; teleobjetivo: 33 x 18,5\u00b0.<\/li>\n<li class=\"ql-align-justify\">Modo 4:3 Ancho: 94 x 70\u00b0; teleobjetivo: 30 x 22\u00b0.<\/li>\n<\/ul>\n<p class=\"ql-align-justify\"><strong>Mec\u00e1nicas<\/strong><\/p>\n<ul>\n<li class=\"ql-align-justify\">Peso 172 g (0,38 libras).<\/li>\n<li class=\"ql-align-justify\">Dimensiones \u00d8 65 x 93 mm.<\/li>\n<li class=\"ql-align-justify\">Montaje de la lente Montaje CS.<\/li>\n<\/ul>\n<p class=\"ql-align-justify\"><strong>Ambientales<\/strong><\/p>\n<ul>\n<li class=\"ql-align-justify\">Temperatura de funcionamiento: De -10 \u00b0C a +50 \u00b0C (de +14 \u00b0F a +122 \u00b0F).<\/li>\n<li class=\"ql-align-justify\">Temperatura de almacenamiento: De -40 \u00b0C a +60 \u00b0C (de -40 \u00b0F a +140 \u00b0F).<\/li>\n<li class=\"ql-align-justify\">Humedad en funcionamiento: Hasta 90 % sin condensaci\u00f3n.<\/li>\n<\/ul>\n<p><img decoding=\"async\" class=\"overview-center-img-web\" src=\"https:\/\/tvc.mx\/media\/32603\/Logoopaginas-oficial-1920x400.png\" alt=\"\" \/><\/p>\n","protected":false},"excerpt":{"rendered":"<p>LVF-8008C-P0413 Lente varifocal, 4-13mm, 12MP, mont. CS Ahora que las c\u00e1maras pueden capturar resoluciones de imagen incluso mayores mediante el uso de la tecnolog\u00eda de sensor megap\u00edxel y el procesamiento avanzado, las lentes tambi\u00e9n deben tener una resoluci\u00f3n \u00f3ptica que permita que la c\u00e1mara funcione&hellip;<\/p>\n","protected":false},"featured_media":6939,"comment_status":"open","ping_status":"closed","template":"","meta":{"om_disable_all_campaigns":false,"_monsterinsights_skip_tracking":false,"_monsterinsights_sitenote_active":false,"_monsterinsights_sitenote_note":"","_monsterinsights_sitenote_category":0},"product_brand":[],"product_cat":[631],"product_tag":[613,611,612,616,615,610,614,617],"class_list":{"0":"post-6940","1":"product","2":"type-product","3":"status-publish","4":"has-post-thumbnail","6":"product_cat-lentes-accesorios-bosch-video-vigilancia","7":"product_tag-bosch","8":"product_tag-manhattan","9":"product_tag-saxxon","10":"product_tag-surveon","11":"product_tag-utepo","12":"product_tag-videovigilancia","13":"product_tag-vivotek","14":"product_tag-zteco","16":"first","17":"instock","18":"sale","19":"taxable","20":"shipping-taxable","21":"purchasable","22":"product-type-simple"},"aioseo_notices":[],"_links":{"self":[{"href":"https:\/\/tecsecmty.com\/index.php\/wp-json\/wp\/v2\/product\/6940","targetHints":{"allow":["GET"]}}],"collection":[{"href":"https:\/\/tecsecmty.com\/index.php\/wp-json\/wp\/v2\/product"}],"about":[{"href":"https:\/\/tecsecmty.com\/index.php\/wp-json\/wp\/v2\/types\/product"}],"replies":[{"embeddable":true,"href":"https:\/\/tecsecmty.com\/index.php\/wp-json\/wp\/v2\/comments?post=6940"}],"version-history":[{"count":0,"href":"https:\/\/tecsecmty.com\/index.php\/wp-json\/wp\/v2\/product\/6940\/revisions"}],"wp:featuredmedia":[{"embeddable":true,"href":"https:\/\/tecsecmty.com\/index.php\/wp-json\/wp\/v2\/media\/6939"}],"wp:attachment":[{"href":"https:\/\/tecsecmty.com\/index.php\/wp-json\/wp\/v2\/media?parent=6940"}],"wp:term":[{"taxonomy":"product_brand","embeddable":true,"href":"https:\/\/tecsecmty.com\/index.php\/wp-json\/wp\/v2\/product_brand?post=6940"},{"taxonomy":"product_cat","embeddable":true,"href":"https:\/\/tecsecmty.com\/index.php\/wp-json\/wp\/v2\/product_cat?post=6940"},{"taxonomy":"product_tag","embeddable":true,"href":"https:\/\/tecsecmty.com\/index.php\/wp-json\/wp\/v2\/product_tag?post=6940"}],"curies":[{"name":"wp","href":"https:\/\/api.w.org\/{rel}","templated":true}]}}