{"id":6946,"date":"2023-02-23T16:01:43","date_gmt":"2023-02-23T22:01:43","guid":{"rendered":"https:\/\/tecsecmty.com\/index.php\/producto\/bosch-v_iir50850lr-ir-illuminator-5000lr-850nm-largo-alcance\/"},"modified":"2023-03-22T23:21:47","modified_gmt":"2023-03-23T05:21:47","slug":"bosch-v_iir50850lr-ir-illuminator-5000lr-850nm-largo-alcance","status":"publish","type":"product","link":"https:\/\/tecsecmty.com\/index.php\/producto\/bosch-v_iir50850lr-ir-illuminator-5000lr-850nm-largo-alcance\/","title":{"rendered":"BOSCH V_IIR50850LR- IR Illuminator 5000LR\/ 850nm\/ largo alcance"},"content":{"rendered":"<div class=\"row aling-items-center padding-bottom-2x\">\n<div class=\"col-lg-12\">\n<h5 class=\"card-title text-center\">Illuminator 5000LR\/ 850nm\/ largo alcance<\/h5>\n<p>C\u00e9lula fotoel\u00e9ctrica ajustable integrada<\/p>\n<p>Intensidad de infrarrojos ajustable<\/p>\n<p>Difusores intercambiables del patr\u00f3n de haz para adaptar el haz de luz a la c\u00e1mara<\/p>\n<p>Entrada de telemetr\u00eda y salida de c\u00e9lula fotoel\u00e9ctrica para una conmutaci\u00f3n externa<\/p>\n<p>Tecnolog\u00eda de revestimiento para la lente con funci\u00f3n de limpieza autom\u00e1tica<\/p>\n<p><img decoding=\"async\" class=\"overview-center-img-web\" src=\"https:\/\/tvc.mx\/media\/200403\/BANNER_CCTV.png\" alt=\"\" \/><\/div>\n<\/div>\n<div class=\"row align-items-center padding-bottom-2x\">\n<div class=\"col-md-5 order-md-2\"><img decoding=\"async\" class=\"d-block m-auto img-thumbnail\" src=\"https:\/\/tvc.mx\/media\/200407\/Sin-t%C3%ADtulo-1zzz.png\" alt=\" \" \/><\/div>\n<div class=\"col-md-7 order-md-1 text-md-left text-center\">\n<h2>Descripci\u00f3n inicial<\/h2>\n<p class=\"text-muted\">\n<p class=\"ql-align-justify\">El iluminador de infrarrojos proporciona iluminaci\u00f3n encubierta o semiencubierta para aplicaciones de vigilancia de largo alcance, tanto en interiores como en exteriores. La iluminaci\u00f3n por infrarrojos mejora considerablemente la captura de im\u00e1genes durante la noche y, adem\u00e1s, reduce el ruido y las tasas de bits. El conjunto de lentes difusoras intercambiables permite seleccionar patrones del haz que coincidan con la aplicaci\u00f3n de que se trate, por lo que las escenas en cuesti\u00f3n se iluminan de forma precisa. Adem\u00e1s, la ventana con funci\u00f3n de limpieza autom\u00e1tica reduce los requisitos de mantenimiento. Espec\u00edficamente dise\u00f1ado para un funcionamiento con un alto nivel de eficiencia energ\u00e9tica, el iluminador puede funcionar directamente con cualquier alimentaci\u00f3n de 12 a 32 VCC o de 24 VCA, para que la instalaci\u00f3n resulte m\u00e1s r\u00e1pida, flexible y rentable.<\/p>\n<p class=\"ql-align-justify\">Los LED de alta potencia y alta eficiencia energ\u00e9tica para montaje en superficie ofrecen una iluminaci\u00f3n m\u00e1xima con un consumo de energ\u00eda reducido. El circuito de control electr\u00f3nico avanzado presenta una gesti\u00f3n t\u00e9rmica mejorada, as\u00ed como una larga vida \u00fatil y un coste de propiedad reducido. Por su parte, una v\u00e1lvula de compensaci\u00f3n de presi\u00f3n evita la dilataci\u00f3n t\u00e9rmica y los ciclos de presi\u00f3n. Asimismo, el f\u00e1cil acceso al ajuste de la alimentaci\u00f3n y de la c\u00e9lula fotoel\u00e9ctrica permite realizar una instalaci\u00f3n r\u00e1pida y sencilla.<\/p>\n<\/div>\n<\/div>\n","protected":false},"excerpt":{"rendered":"<p>Illuminator 5000LR\/ 850nm\/ largo alcance C\u00e9lula fotoel\u00e9ctrica ajustable integrada Intensidad de infrarrojos ajustable Difusores intercambiables del patr\u00f3n de haz para adaptar el haz de luz a la c\u00e1mara Entrada de telemetr\u00eda y salida de c\u00e9lula fotoel\u00e9ctrica para una conmutaci\u00f3n externa Tecnolog\u00eda de revestimiento para la&hellip;<\/p>\n","protected":false},"featured_media":6945,"comment_status":"open","ping_status":"closed","template":"","meta":{"om_disable_all_campaigns":false,"_monsterinsights_skip_tracking":false,"_monsterinsights_sitenote_active":false,"_monsterinsights_sitenote_note":"","_monsterinsights_sitenote_category":0},"product_brand":[],"product_cat":[633],"product_tag":[613,611,612,616,615,610,614,617],"class_list":{"0":"post-6946","1":"product","2":"type-product","3":"status-publish","4":"has-post-thumbnail","6":"product_cat-lamparas-iluminadores-ir","7":"product_tag-bosch","8":"product_tag-manhattan","9":"product_tag-saxxon","10":"product_tag-surveon","11":"product_tag-utepo","12":"product_tag-videovigilancia","13":"product_tag-vivotek","14":"product_tag-zteco","16":"first","17":"instock","18":"sale","19":"taxable","20":"shipping-taxable","21":"purchasable","22":"product-type-simple"},"aioseo_notices":[],"_links":{"self":[{"href":"https:\/\/tecsecmty.com\/index.php\/wp-json\/wp\/v2\/product\/6946","targetHints":{"allow":["GET"]}}],"collection":[{"href":"https:\/\/tecsecmty.com\/index.php\/wp-json\/wp\/v2\/product"}],"about":[{"href":"https:\/\/tecsecmty.com\/index.php\/wp-json\/wp\/v2\/types\/product"}],"replies":[{"embeddable":true,"href":"https:\/\/tecsecmty.com\/index.php\/wp-json\/wp\/v2\/comments?post=6946"}],"version-history":[{"count":0,"href":"https:\/\/tecsecmty.com\/index.php\/wp-json\/wp\/v2\/product\/6946\/revisions"}],"wp:featuredmedia":[{"embeddable":true,"href":"https:\/\/tecsecmty.com\/index.php\/wp-json\/wp\/v2\/media\/6945"}],"wp:attachment":[{"href":"https:\/\/tecsecmty.com\/index.php\/wp-json\/wp\/v2\/media?parent=6946"}],"wp:term":[{"taxonomy":"product_brand","embeddable":true,"href":"https:\/\/tecsecmty.com\/index.php\/wp-json\/wp\/v2\/product_brand?post=6946"},{"taxonomy":"product_cat","embeddable":true,"href":"https:\/\/tecsecmty.com\/index.php\/wp-json\/wp\/v2\/product_cat?post=6946"},{"taxonomy":"product_tag","embeddable":true,"href":"https:\/\/tecsecmty.com\/index.php\/wp-json\/wp\/v2\/product_tag?post=6946"}],"curies":[{"name":"wp","href":"https:\/\/api.w.org\/{rel}","templated":true}]}}