{"id":6950,"date":"2023-02-23T16:01:47","date_gmt":"2023-02-23T22:01:47","guid":{"rendered":"https:\/\/tecsecmty.com\/index.php\/producto\/saxxon-anxba09-microfono-amplificado-12-vdc-56-db-con-i-o-audio-omnidireccional\/"},"modified":"2023-03-22T23:23:51","modified_gmt":"2023-03-23T05:23:51","slug":"saxxon-anxba09-microfono-amplificado-12-vdc-56-db-con-i-o-audio-omnidireccional","status":"publish","type":"product","link":"https:\/\/tecsecmty.com\/index.php\/producto\/saxxon-anxba09-microfono-amplificado-12-vdc-56-db-con-i-o-audio-omnidireccional\/","title":{"rendered":"SAXXON ANXBA09 &#8211; Microfono amplificado 12 VDC 56 dB con i \/ O audio \/ Omnidireccional"},"content":{"rendered":"<h5 class=\"card-title text-center\">Informaci\u00f3n general.<\/h5>\n<ul>\n<li class=\"ql-align-justify\">Micr\u00f3fono con entrada de audio y energ\u00eda.<\/li>\n<li class=\"ql-align-justify\">Alta Sensibilidad<\/li>\n<li class=\"ql-align-justify\">Alimentaci\u00f3n de 12VDC \/ 100mA.<\/li>\n<\/ul>\n<h4 class=\"ql-align-justify\"><strong>No incluye transformador de voltaje (ver opciones en la secci\u00f3n de\u00a0<\/strong><a href=\"https:\/\/tvc.mx\/products?categoryId=229\" target=\"_blank\" rel=\"noopener\"><strong>ENERG\u00cdA<\/strong><\/a><strong>).<\/strong><\/h4>\n<p><img decoding=\"async\" class=\"overview-center-img-web\" src=\"https:\/\/tvc.mx\/media\/110561\/Microfono-para-camara--Banner.png\" alt=\"\" \/><\/p>\n","protected":false},"excerpt":{"rendered":"<p>Informaci\u00f3n general. Micr\u00f3fono con entrada de audio y energ\u00eda. Alta Sensibilidad Alimentaci\u00f3n de 12VDC \/ 100mA. No incluye transformador de voltaje (ver opciones en la secci\u00f3n de\u00a0ENERG\u00cdA).<\/p>\n","protected":false},"featured_media":6949,"comment_status":"open","ping_status":"closed","template":"","meta":{"om_disable_all_campaigns":false,"_monsterinsights_skip_tracking":false,"_monsterinsights_sitenote_active":false,"_monsterinsights_sitenote_note":"","_monsterinsights_sitenote_category":0},"product_brand":[],"product_cat":[634],"product_tag":[613,611,612,616,615,610,614,617],"class_list":{"0":"post-6950","1":"product","2":"type-product","3":"status-publish","4":"has-post-thumbnail","6":"product_cat-microfonos-accesorios-saxxon-video-vigilancia","7":"product_tag-bosch","8":"product_tag-manhattan","9":"product_tag-saxxon","10":"product_tag-surveon","11":"product_tag-utepo","12":"product_tag-videovigilancia","13":"product_tag-vivotek","14":"product_tag-zteco","16":"first","17":"instock","18":"sale","19":"taxable","20":"shipping-taxable","21":"purchasable","22":"product-type-simple"},"aioseo_notices":[],"_links":{"self":[{"href":"https:\/\/tecsecmty.com\/index.php\/wp-json\/wp\/v2\/product\/6950","targetHints":{"allow":["GET"]}}],"collection":[{"href":"https:\/\/tecsecmty.com\/index.php\/wp-json\/wp\/v2\/product"}],"about":[{"href":"https:\/\/tecsecmty.com\/index.php\/wp-json\/wp\/v2\/types\/product"}],"replies":[{"embeddable":true,"href":"https:\/\/tecsecmty.com\/index.php\/wp-json\/wp\/v2\/comments?post=6950"}],"version-history":[{"count":0,"href":"https:\/\/tecsecmty.com\/index.php\/wp-json\/wp\/v2\/product\/6950\/revisions"}],"wp:featuredmedia":[{"embeddable":true,"href":"https:\/\/tecsecmty.com\/index.php\/wp-json\/wp\/v2\/media\/6949"}],"wp:attachment":[{"href":"https:\/\/tecsecmty.com\/index.php\/wp-json\/wp\/v2\/media?parent=6950"}],"wp:term":[{"taxonomy":"product_brand","embeddable":true,"href":"https:\/\/tecsecmty.com\/index.php\/wp-json\/wp\/v2\/product_brand?post=6950"},{"taxonomy":"product_cat","embeddable":true,"href":"https:\/\/tecsecmty.com\/index.php\/wp-json\/wp\/v2\/product_cat?post=6950"},{"taxonomy":"product_tag","embeddable":true,"href":"https:\/\/tecsecmty.com\/index.php\/wp-json\/wp\/v2\/product_tag?post=6950"}],"curies":[{"name":"wp","href":"https:\/\/api.w.org\/{rel}","templated":true}]}}