{"id":6958,"date":"2023-02-23T16:01:59","date_gmt":"2023-02-23T22:01:59","guid":{"rendered":"https:\/\/tecsecmty.com\/index.php\/producto\/saxxon-tes08mc-probador-de-video-con-pantalla-de-5-pulgadas-soporta-camaras-1mp-2mp-4mp-4k-soporta-hdcvi-tvi-ahd-salida-de-energia-de-12vdc-a-1-amper-para-alimentar-camaras-entrada-de-video\/"},"modified":"2023-03-22T23:24:09","modified_gmt":"2023-03-23T05:24:09","slug":"saxxon-tes08mc-probador-de-video-con-pantalla-de-5-pulgadas-soporta-camaras-1mp-2mp-4mp-4k-soporta-hdcvi-tvi-ahd-salida-de-energia-de-12vdc-a-1-amper-para-alimentar-camaras-entrada-de-video","status":"publish","type":"product","link":"https:\/\/tecsecmty.com\/index.php\/producto\/saxxon-tes08mc-probador-de-video-con-pantalla-de-5-pulgadas-soporta-camaras-1mp-2mp-4mp-4k-soporta-hdcvi-tvi-ahd-salida-de-energia-de-12vdc-a-1-amper-para-alimentar-camaras-entrada-de-video\/","title":{"rendered":"SAXXON TES08MC &#8211; Probador de Video con Pantalla de 5 Pulgadas\/ Soporta c\u00e1maras 1MP\/ 2MP\/ 4MP\/ 4K\/ Soporta: HDCVI\/TVI\/AHD\/ Salida de Energ\u00eda de 12vdc a 1 Amper para Alimentar Camaras\/ Entrada de Video HDMI\/VGA\/ Lampara de Led\/ Control por Coaxial\/"},"content":{"rendered":"<div class=\"row aling-items-center padding-bottom-2x\">\n<div class=\"col-lg-12\">\n<h5 class=\"card-title text-center\">Informaci\u00f3n general.<\/h5>\n<p>El nuevo probador de c\u00e1mara coaxial HD est\u00e1 desarrollado para instalaci\u00f3n en el sitio y mantenimiento de c\u00e1mara coaxial HD, teniendo TVI, AHD y CVI. Tambi\u00e9n proporciona muchas funciones \u00fatiles, como como pantalla de v\u00eddeo, control sobre coaxial, control PTZ, DC12V potencia de salida, prueba de audio, generador de barra de color (TV OUT), VGA entrada de se\u00f1al de v\u00eddeo, entrada de se\u00f1al HDMI, prueba de cable UTP, LED l\u00e1mpara etc.<\/p>\n<p><img decoding=\"async\" class=\"overview-center-img-web\" src=\"https:\/\/tvc.mx\/media\/76173\/Tester-CCTV-4K-Banner.png\" alt=\"\" \/><\/p>\n<\/div>\n<\/div>\n<div class=\"row align-items-center padding-bottom-2x\">\n<div class=\"col-md-5\"><img decoding=\"async\" class=\"d-block m-auto img-thumbnail\" src=\"https:\/\/tvc.mx\/media\/76197\/Tester-CCTV-4K-OL1.png\" alt=\" \" \/><\/div>\n<div class=\"col-md-7 text-md-left text-center\">\n<h2>Caracter\u00edsticas.<\/h2>\n<ul>\n<li>Prueba de c\u00e1mara coaxial HD<\/li>\n<li>Control sobre Coax<\/li>\n<li>Controlador PTZ<\/li>\n<\/ul>\n<p>El probador incorporado en el protocolo de control PTZ<\/p>\n<p>Pelco-D \/ P, etc; a trav\u00e9s de su propia interfaz Rs485.<\/p>\n<ul>\n<li>Generador de barra de color (TV OUT)<\/li>\n<li>DC12V 1A de potencia de salida<\/li>\n<\/ul>\n<p>Alimente la c\u00e1mara con una salida de potencia DC12V (1A)<\/p>\n<p>El probador. Es \u00fatil para probar cuando la fuente de<\/p>\n<p>alimentaci\u00f3n no est\u00e1 disponible.<\/p>\n<ul>\n<li>Prueba de audio<\/li>\n<\/ul>\n<p>Probar la entrada de audio de los dispositivos de<\/p>\n<p>recolecci\u00f3n. Conecta el probador y dispositivo de<\/p>\n<p>entrada con el cable de audio.<\/p>\n<ul>\n<li>Prueba de cable UTP mejorada<\/li>\n<\/ul>\n<p>Mediante el puerto UTP CABLE TEST en el medidor, puede<\/p>\n<p>probar el conexi\u00f3n de cable de red.<\/p>\n<ul>\n<li>Entrada VGA \/ HDMI<\/li>\n<\/ul>\n<p>Admite entrada digital compatible con VGA \/ HDMI 1.1<\/p>\n<ul>\n<li>conexi\u00f3n de video VGA \/ HDMI, cambie el selector \u00a0para seleccionar Modo HDMI o VGA. La resoluci\u00f3n m\u00e1xima es 1920X1440<\/li>\n<li>Prueba de c\u00e1mara TVI (opcional) *<\/li>\n<\/ul>\n<p>Prueba de c\u00e1mara HD TVI, compatible con 1MP,<\/p>\n<p>2MP, 3MP, 4MP<\/p>\n<ul>\n<li>Prueba de c\u00e1mara AHD (opcional) *<\/li>\n<\/ul>\n<p>Prueba de c\u00e1mara AHD, compatible con 1MP,<\/p>\n<p>2MP, 3MP, 4MP.<\/p>\n<ul>\n<li>Prueba de c\u00e1mara CVI (opcional) *<\/li>\n<\/ul>\n<p>Prueba de c\u00e1mara HD CVI, compatible con 1MP,<\/p>\n<p>2MP, 3MP, 4MP.<\/p>\n<h1><strong>*Resoluciones Compatibles: 1,2,3,4,5*,8 Mp (4K)<\/strong><\/h1>\n<ul>\n<li>L\u00e1mpara led<\/li>\n<\/ul>\n<p>Es \u00fatil para el ingeniero instalar y mantener la<\/p>\n<p>seguridad.<\/p>\n<p>Sistema de noche. LED presionando el bot\u00f3n de<\/p>\n<p>encendido \/ apagado, f\u00e1cil de operar.<\/p>\n<ul>\n<li>La pantalla gr\u00e1fica de la bater\u00eda.<\/li>\n<\/ul>\n<p>El probador tiene protecci\u00f3n y control de potencia<\/p>\n<p>avanzados, bajo consumo de energ\u00eda, 4 a 5 horas<\/p>\n<p>en una sola cargar. normalmente se puede usar<\/p>\n<p>por 10 horas.<\/p>\n<h1>*En la resoluci\u00f3n de 5 megap\u00edxeles, no es compatible con la relaci\u00f3n de aspecto 16:9 , por lo tanto su compatibilidad es limitada\/no funcional en dicha resoluci\u00f3n.<\/h1>\n<p>&nbsp;<\/p>\n<\/div>\n<\/div>\n<hr class=\"padding-bottom-2x\" \/>\n<div class=\"row align-items-center padding-bottom-2x\">\n<div class=\"col-md-5 order-md-2\"><img decoding=\"async\" class=\"d-block m-auto img-thumbnail\" src=\"https:\/\/tvc.mx\/media\/76200\/Tester-CCTV-4K-OL2.png\" alt=\" \" \/><\/div>\n<div class=\"col-md-7 order-md-1 text-md-left text-center\">\n<h2>Acessorios.<\/h2>\n<ul>\n<li>Probador de c\u00e1mara coaxial HD<\/li>\n<li>Adaptador DC5V 1A (con cable micro USB)<\/li>\n<li>Norma internacional 18650 2600ma bater\u00eda X2<\/li>\n<li>Cable BNC<\/li>\n<li>Conector Rs485<\/li>\n<li>Cable de conversi\u00f3n de salida de potencia<\/li>\n<li>Cable de audio<\/li>\n<li>Correa<\/li>\n<li>Saco de herramientas<\/li>\n<li>Manual de instrucciones<\/li>\n<\/ul>\n<p>&nbsp;<\/p>\n<\/div>\n<\/div>\n<hr class=\"padding-bottom-2x\" \/>\n<div class=\"row align-items-center padding-bottom-2x\">\n<div class=\"col-md-5\"><img decoding=\"async\" class=\"d-block m-auto img-thumbnail\" src=\"https:\/\/tvc.mx\/media\/76251\/Tester-CCTV-4K-OL3.png\" alt=\" \" \/><\/div>\n<div class=\"col-md-7 text-md-left text-center\">\n<h2>Especificaciones.<\/h2>\n<p>Modo de se\u00f1al\u00a0CVBS, HD-AHD, HD-TVI, HD-CVI,<\/p>\n<p>Soporte de control sobre coaxial<\/p>\n<p>Monitor\u00a05.0 pulgadas VGA TFT-LCD, 800\uff08RGB<\/p>\n<p>resoluci\u00f3n x 480<\/p>\n<p>Ajuste\u00a0LCD\u00a0Ajuste de Brillo, contraste, saturaci\u00f3n<\/p>\n<p>V\u00eddeo\u00a0Entrada\/salida\u00a01 canal de entrada BNC y 1 canal Salida BNC<\/p>\n<p>Entrada VGA\/HDMI\u00a0Admite entrada de v\u00eddeo VGA\/HDMI 1.0, Una vez que conecte<\/p>\n<p>el v\u00eddeo VGA\/HDMI, cambie el selector para seleccionar<\/p>\n<p>Modo HDMI o VGA. El m\u00e1ximo la resoluci\u00f3n es 1920X1440<\/p>\n<p>Comunicaci\u00f3n\u00a0RS485<\/p>\n<p>Protocolo PTZ\u00a0Compatible con protocolos PELCO-D \/ P<\/p>\n<p>Velocidad de transmisi\u00f3n\u00a01200, 2400, 4800, 9600, 14400bps<\/p>\n<p>Generador\u00a0barra\u00a0de\u00a0color\u00a0Soporte de salida de barra de color est\u00e1ndar<\/p>\n<p>(Rojo, verde, azul, blanco, negro,Gris) y prueba de salida de<\/p>\n<p>imagen.<\/p>\n<p>UTP cable test\u00a0Mostrar\u00a0el\u00a0estado\u00a0de\u00a0conexi\u00f3n\u00a0del\u00a0cable\u00a0UTP, tipo de cable y la<\/p>\n<p>secuencia de cables as\u00ed como leer el n\u00famero de la prueba<\/p>\n<p>caja.<\/p>\n<p>Potencia DC12V de salida\u00a0Potencia\u00a0de\u00a0salida\u00a0DC12V1A\u00a0para\u00a0c\u00e1mara<\/p>\n<p>Prueba de entrada de audio\u00a0Entrada de se\u00f1al de audio de 1 canal<\/p>\n<p>Adaptador de corriente\u00a0DC 5V\uff081.0A\uff09<\/p>\n<p>Bater\u00eda\u00a0Dos incorporados 18650 2600mA<\/p>\n<p>Recargable\u00a0Despu\u00e9s\u00a0de\u00a0cargar\u00a04-5\u00a0horas,\u00a0tiempo\u00a0de\u00a0trabajo dura 10 horas<\/p>\n<p>Configuraci\u00f3n de Operaciones\u00a0Seleccione su deseado idioma: ingl\u00e9s, chino, etc.<\/p>\n<p>Dimensi\u00f3n \/ Peso\u00a0170mm x 114mm x 34mm \/ 400g<\/p>\n<\/div>\n<\/div>\n","protected":false},"excerpt":{"rendered":"<p>Informaci\u00f3n general. El nuevo probador de c\u00e1mara coaxial HD est\u00e1 desarrollado para instalaci\u00f3n en el sitio y mantenimiento de c\u00e1mara coaxial HD, teniendo TVI, AHD y CVI. Tambi\u00e9n proporciona muchas funciones \u00fatiles, como como pantalla de v\u00eddeo, control sobre coaxial, control PTZ, DC12V potencia de&hellip;<\/p>\n","protected":false},"featured_media":6957,"comment_status":"open","ping_status":"closed","template":"","meta":{"om_disable_all_campaigns":false,"_monsterinsights_skip_tracking":false,"_monsterinsights_sitenote_active":false,"_monsterinsights_sitenote_note":"","_monsterinsights_sitenote_category":0},"product_brand":[],"product_cat":[635],"product_tag":[613,611,612,616,615,610,614,617],"class_list":{"0":"post-6958","1":"product","2":"type-product","3":"status-publish","4":"has-post-thumbnail","6":"product_cat-probadores-de-video-accesorios-saxxon-video-vigilancia","7":"product_tag-bosch","8":"product_tag-manhattan","9":"product_tag-saxxon","10":"product_tag-surveon","11":"product_tag-utepo","12":"product_tag-videovigilancia","13":"product_tag-vivotek","14":"product_tag-zteco","16":"first","17":"instock","18":"sale","19":"taxable","20":"shipping-taxable","21":"purchasable","22":"product-type-simple"},"aioseo_notices":[],"_links":{"self":[{"href":"https:\/\/tecsecmty.com\/index.php\/wp-json\/wp\/v2\/product\/6958","targetHints":{"allow":["GET"]}}],"collection":[{"href":"https:\/\/tecsecmty.com\/index.php\/wp-json\/wp\/v2\/product"}],"about":[{"href":"https:\/\/tecsecmty.com\/index.php\/wp-json\/wp\/v2\/types\/product"}],"replies":[{"embeddable":true,"href":"https:\/\/tecsecmty.com\/index.php\/wp-json\/wp\/v2\/comments?post=6958"}],"version-history":[{"count":0,"href":"https:\/\/tecsecmty.com\/index.php\/wp-json\/wp\/v2\/product\/6958\/revisions"}],"wp:featuredmedia":[{"embeddable":true,"href":"https:\/\/tecsecmty.com\/index.php\/wp-json\/wp\/v2\/media\/6957"}],"wp:attachment":[{"href":"https:\/\/tecsecmty.com\/index.php\/wp-json\/wp\/v2\/media?parent=6958"}],"wp:term":[{"taxonomy":"product_brand","embeddable":true,"href":"https:\/\/tecsecmty.com\/index.php\/wp-json\/wp\/v2\/product_brand?post=6958"},{"taxonomy":"product_cat","embeddable":true,"href":"https:\/\/tecsecmty.com\/index.php\/wp-json\/wp\/v2\/product_cat?post=6958"},{"taxonomy":"product_tag","embeddable":true,"href":"https:\/\/tecsecmty.com\/index.php\/wp-json\/wp\/v2\/product_tag?post=6958"}],"curies":[{"name":"wp","href":"https:\/\/api.w.org\/{rel}","templated":true}]}}