{"id":6960,"date":"2023-02-23T16:02:02","date_gmt":"2023-02-23T22:02:02","guid":{"rendered":"https:\/\/tecsecmty.com\/index.php\/producto\/bosch-a_vda455cbl-burbuja-clara-compatible-para-flex-idome\/"},"modified":"2023-03-22T23:21:01","modified_gmt":"2023-03-23T05:21:01","slug":"bosch-a_vda455cbl-burbuja-clara-compatible-para-flex-idome","status":"publish","type":"product","link":"https:\/\/tecsecmty.com\/index.php\/producto\/bosch-a_vda455cbl-burbuja-clara-compatible-para-flex-idome\/","title":{"rendered":"BOSCH A_VDA455CBL &#8211; Burbuja clara compatible para FLEX IDOME"},"content":{"rendered":"<h5 class=\"card-title text-center\">BURBUJA CLARA COMPATIBLE PARA FLEXIDOME<\/h5>\n<p class=\"ql-align-justify\">La c\u00e1mara ficticia FLEXIDOME VR es una vida real imitaci\u00f3n de FLEXIDOME Vandal Resistant (VR) familia de c\u00e1mara. La c\u00e1mara ficticia puede ser al ras montado, o montado en la superficie usando el separadamente caja de montaje superficial disponible (<strong>VDA-455-SMB-IP).<\/strong><\/p>\n<p class=\"ql-align-justify\"><strong>Nota:\u00a0VDA-455CBL Burbuja transparente Burbuja transparente para la Serie FlexiDome.<\/strong><\/p>\n<p class=\"ql-align-justify\"><strong>N\u00famero de pedido:\u00a0VDA-455CBL.<\/strong><\/p>\n<p class=\"ql-align-justify\"><strong>Principales\u00a0<\/strong><strong>Caracter\u00edsticas<\/strong><\/p>\n<ul>\n<li class=\"ql-align-justify\">Construcci\u00f3n robusta.<\/li>\n<li class=\"ql-align-justify\">F\u00e1cil instalaci\u00f3n<\/li>\n<\/ul>\n<p><img decoding=\"async\" class=\"overview-center-img-\" src=\"https:\/\/tvc.mx\/media\/7562\/Logoopaginas-oficial.png\" alt=\"\" \/><\/p>\n","protected":false},"excerpt":{"rendered":"<p>BURBUJA CLARA COMPATIBLE PARA FLEXIDOME La c\u00e1mara ficticia FLEXIDOME VR es una vida real imitaci\u00f3n de FLEXIDOME Vandal Resistant (VR) familia de c\u00e1mara. La c\u00e1mara ficticia puede ser al ras montado, o montado en la superficie usando el separadamente caja de montaje superficial disponible (VDA-455-SMB-IP).&hellip;<\/p>\n","protected":false},"featured_media":6959,"comment_status":"open","ping_status":"closed","template":"","meta":{"om_disable_all_campaigns":false,"_monsterinsights_skip_tracking":false,"_monsterinsights_sitenote_active":false,"_monsterinsights_sitenote_note":"","_monsterinsights_sitenote_category":0},"product_brand":[],"product_cat":[636],"product_tag":[613,611,612,616,615,610,614,617],"class_list":{"0":"post-6960","1":"product","2":"type-product","3":"status-publish","4":"has-post-thumbnail","6":"product_cat-refacciones-videovigilancia-accesorios-bosch-video-vigilancia","7":"product_tag-bosch","8":"product_tag-manhattan","9":"product_tag-saxxon","10":"product_tag-surveon","11":"product_tag-utepo","12":"product_tag-videovigilancia","13":"product_tag-vivotek","14":"product_tag-zteco","16":"first","17":"instock","18":"sale","19":"taxable","20":"shipping-taxable","21":"purchasable","22":"product-type-simple"},"aioseo_notices":[],"_links":{"self":[{"href":"https:\/\/tecsecmty.com\/index.php\/wp-json\/wp\/v2\/product\/6960","targetHints":{"allow":["GET"]}}],"collection":[{"href":"https:\/\/tecsecmty.com\/index.php\/wp-json\/wp\/v2\/product"}],"about":[{"href":"https:\/\/tecsecmty.com\/index.php\/wp-json\/wp\/v2\/types\/product"}],"replies":[{"embeddable":true,"href":"https:\/\/tecsecmty.com\/index.php\/wp-json\/wp\/v2\/comments?post=6960"}],"version-history":[{"count":0,"href":"https:\/\/tecsecmty.com\/index.php\/wp-json\/wp\/v2\/product\/6960\/revisions"}],"wp:featuredmedia":[{"embeddable":true,"href":"https:\/\/tecsecmty.com\/index.php\/wp-json\/wp\/v2\/media\/6959"}],"wp:attachment":[{"href":"https:\/\/tecsecmty.com\/index.php\/wp-json\/wp\/v2\/media?parent=6960"}],"wp:term":[{"taxonomy":"product_brand","embeddable":true,"href":"https:\/\/tecsecmty.com\/index.php\/wp-json\/wp\/v2\/product_brand?post=6960"},{"taxonomy":"product_cat","embeddable":true,"href":"https:\/\/tecsecmty.com\/index.php\/wp-json\/wp\/v2\/product_cat?post=6960"},{"taxonomy":"product_tag","embeddable":true,"href":"https:\/\/tecsecmty.com\/index.php\/wp-json\/wp\/v2\/product_tag?post=6960"}],"curies":[{"name":"wp","href":"https:\/\/api.w.org\/{rel}","templated":true}]}}