{"id":6962,"date":"2023-02-23T16:02:04","date_gmt":"2023-02-23T22:02:04","guid":{"rendered":"https:\/\/tecsecmty.com\/index.php\/producto\/bosch-v_bubclrfdi-burbuja-clara-flexidome-interior\/"},"modified":"2023-03-22T23:21:42","modified_gmt":"2023-03-23T05:21:42","slug":"bosch-v_bubclrfdi-burbuja-clara-flexidome-interior","status":"publish","type":"product","link":"https:\/\/tecsecmty.com\/index.php\/producto\/bosch-v_bubclrfdi-burbuja-clara-flexidome-interior\/","title":{"rendered":"BOSCH V_BUBCLRFDI- Burbuja Clara Flexidome interior"},"content":{"rendered":"<div class=\"row aling-items-center padding-bottom-2x\">\n<div class=\"col-lg-12\">\n<h5 class=\"card-title text-center\">BUBCLRFDI- Burbuja Clara Flexidome interior<\/h5>\n<p><strong>BUB-CLR-FDI Burbuja, transparente, interior<\/strong><\/p>\n<p>Burbuja de policarbonato transparente para la c\u00e1mara domo<\/p>\n<p>Para interiores<\/p>\n<p><img decoding=\"async\" class=\"overview-center-img-web\" src=\"https:\/\/tvc.mx\/media\/645877\/encabezado-1920x400.png\" alt=\"\" \/><\/p>\n<\/div>\n<\/div>\n<div class=\"row align-items-center padding-bottom-2x\">\n<div class=\"col-md-5\"><img decoding=\"async\" class=\"d-block m-auto img-thumbnail\" src=\"https:\/\/tvc.mx\/media\/645927\/400x300-logo.png\" alt=\" \" \/><\/div>\n<div class=\"col-md-7 text-md-left text-center\">\n<h2>Caracter\u00edsticas<\/h2>\n<ul>\n<li>Instalaci\u00f3n sencilla<\/li>\n<li>Fabricaci\u00f3n resistente<\/li>\n<\/ul>\n<p>&nbsp;<\/p>\n<\/div>\n<\/div>\n<hr class=\"padding-bottom-2x\" \/>\n<div class=\"row align-items-center padding-bottom-2x\">\n<div class=\"col-md-5 order-md-2\"><img decoding=\"async\" class=\"d-block m-auto img-thumbnail\" src=\"https:\/\/tvc.mx\/media\/645897\/400x300-imagen.png\" alt=\" \" \/><\/div>\n<div class=\"col-md-7 order-md-1 text-md-left text-center\">\n<h2>Dimensiones de c\u00e1mara Flexidome 4000\/5000 (c\u00e1mara para interior)<\/h2>\n<p>Medidas en mil\u00edmetros y pulgadas<\/p>\n<p>&nbsp;<\/p>\n<\/div>\n<\/div>\n<hr class=\"padding-bottom-2x\" \/>\n<div class=\"row aling-items-center padding-bottom-2x\">\n<div class=\"col-lg-12\">\n<h5 class=\"card-title text-center\">Especificaciones clave<\/h5>\n<p><strong>Temperatura de funcionamiento:<\/strong>\u00a0De -20\u00a0\u00b0C a +50\u00a0\u00b0C (de -4\u00a0\u00b0F a +122\u00a0\u00b0F)<\/p>\n<p><strong>Temperatura de almacenamiento:<\/strong>\u00a0De -20\u00a0\u00b0C a +70\u00a0\u00b0C (de -4\u00a0\u00b0F a +158\u00a0\u00b0F)<\/p>\n<p><strong>Humedad:<\/strong>\u00a0De 20% a 90% de humedad relativa (sin condensaci\u00f3n)<\/p>\n<p><strong>Dimensiones (\u00d8\u00a0x\u00a0H):<\/strong>\u00a0135\u00a0x\u00a0101.5 mm (5,3\u00a0x\u00a04\u00a0pulg.)<\/p>\n<p><strong>Peso:\u00a0<\/strong>40\u00a0g (0,09\u00a0libras)<\/p>\n<p><strong>BUB-CLR-FDI Burbuja, transparente, interior<\/strong><\/p>\n<p>Burbuja de policarbonato transparente para la c\u00e1mara domo<\/p>\n<p>Para interiores<\/p>\n<p><img decoding=\"async\" class=\"overview-center-img-web\" src=\"https:\/\/tvc.mx\/media\/645907\/encabezado-1920x400.png\" alt=\"\" \/><\/p>\n<\/div>\n<\/div>\n","protected":false},"excerpt":{"rendered":"<p>BUBCLRFDI- Burbuja Clara Flexidome interior BUB-CLR-FDI Burbuja, transparente, interior Burbuja de policarbonato transparente para la c\u00e1mara domo Para interiores Caracter\u00edsticas Instalaci\u00f3n sencilla Fabricaci\u00f3n resistente &nbsp; Dimensiones de c\u00e1mara Flexidome 4000\/5000 (c\u00e1mara para interior) Medidas en mil\u00edmetros y pulgadas &nbsp; Especificaciones clave Temperatura de funcionamiento:\u00a0De -20\u00a0\u00b0C&hellip;<\/p>\n","protected":false},"featured_media":6961,"comment_status":"open","ping_status":"closed","template":"","meta":{"om_disable_all_campaigns":false,"_monsterinsights_skip_tracking":false,"_monsterinsights_sitenote_active":false,"_monsterinsights_sitenote_note":"","_monsterinsights_sitenote_category":0},"product_brand":[],"product_cat":[636],"product_tag":[613,611,612,616,615,610,614,617],"class_list":{"0":"post-6962","1":"product","2":"type-product","3":"status-publish","4":"has-post-thumbnail","6":"product_cat-refacciones-videovigilancia-accesorios-bosch-video-vigilancia","7":"product_tag-bosch","8":"product_tag-manhattan","9":"product_tag-saxxon","10":"product_tag-surveon","11":"product_tag-utepo","12":"product_tag-videovigilancia","13":"product_tag-vivotek","14":"product_tag-zteco","16":"first","17":"instock","18":"sale","19":"taxable","20":"shipping-taxable","21":"purchasable","22":"product-type-simple"},"aioseo_notices":[],"_links":{"self":[{"href":"https:\/\/tecsecmty.com\/index.php\/wp-json\/wp\/v2\/product\/6962","targetHints":{"allow":["GET"]}}],"collection":[{"href":"https:\/\/tecsecmty.com\/index.php\/wp-json\/wp\/v2\/product"}],"about":[{"href":"https:\/\/tecsecmty.com\/index.php\/wp-json\/wp\/v2\/types\/product"}],"replies":[{"embeddable":true,"href":"https:\/\/tecsecmty.com\/index.php\/wp-json\/wp\/v2\/comments?post=6962"}],"version-history":[{"count":0,"href":"https:\/\/tecsecmty.com\/index.php\/wp-json\/wp\/v2\/product\/6962\/revisions"}],"wp:featuredmedia":[{"embeddable":true,"href":"https:\/\/tecsecmty.com\/index.php\/wp-json\/wp\/v2\/media\/6961"}],"wp:attachment":[{"href":"https:\/\/tecsecmty.com\/index.php\/wp-json\/wp\/v2\/media?parent=6962"}],"wp:term":[{"taxonomy":"product_brand","embeddable":true,"href":"https:\/\/tecsecmty.com\/index.php\/wp-json\/wp\/v2\/product_brand?post=6962"},{"taxonomy":"product_cat","embeddable":true,"href":"https:\/\/tecsecmty.com\/index.php\/wp-json\/wp\/v2\/product_cat?post=6962"},{"taxonomy":"product_tag","embeddable":true,"href":"https:\/\/tecsecmty.com\/index.php\/wp-json\/wp\/v2\/product_tag?post=6962"}],"curies":[{"name":"wp","href":"https:\/\/api.w.org\/{rel}","templated":true}]}}