{"id":6968,"date":"2023-02-23T16:02:10","date_gmt":"2023-02-23T22:02:10","guid":{"rendered":"https:\/\/tecsecmty.com\/index.php\/producto\/bosch-v_micalmwas24-caja-interior-bomba-de-lavado-24-vca\/"},"modified":"2023-03-22T23:21:55","modified_gmt":"2023-03-23T05:21:55","slug":"bosch-v_micalmwas24-caja-interior-bomba-de-lavado-24-vca","status":"publish","type":"product","link":"https:\/\/tecsecmty.com\/index.php\/producto\/bosch-v_micalmwas24-caja-interior-bomba-de-lavado-24-vca\/","title":{"rendered":"BOSCH V_MICALMWAS24- CAJA INTERIOR BOMBA DE LAVADO 24 VCA"},"content":{"rendered":"<h5 class=\"card-title text-center\">M\u00f3dulo de interfaz para alarmas y conexiones a la bomba del lavador para las c\u00e1maras MIC7000, 24 VCA.<\/h5>\n<p class=\"ql-align-justify\"><strong>La unidad de interfaz de alarmas\/lavador MIC consta de una carcasa resistente a la intemperie que integra las conexiones de la interfaz protegidas contra subidas de tensi\u00f3n para las entradas de alarma, las salidas de alarma, el rel\u00e9 del lavador, la conexi\u00f3n de alimentaci\u00f3n y el enlace de datos serie a las c\u00e1maras MIC7000.<\/strong>\u00a0La unidad viene equipada con bloques de terminales atornillados extra\u00edbles para facilitar la uni\u00f3n de conexiones el\u00e9ctricas al cableado externo. Los indicadores LED montados en la placa proporcionan la informaci\u00f3n de estado y de diagn\u00f3stico.<\/p>\n<p class=\"ql-align-justify\"><strong>Certificados y homologaciones<\/strong><\/p>\n<p class=\"ql-align-justify\"><strong>Compatibilidad electromagn\u00e9tica (EMC)<\/strong><\/p>\n<ul>\n<li class=\"ql-align-justify\">Conforme a las directivas de la FCC, apartado 15, ICES-003 y CE, incluidas las \u00faltimas versiones de EN 50130-4, EN 55022:2006 inc. AL:2007, EN 61000-3-3, EN 61000-6-1, EN 61000-6-2 y EN 50121-4 (aplicaciones ferroviarias).<\/li>\n<li class=\"ql-align-justify\">Seguridad del producto Cumple con las directivas de la CE y las normas UL, CSA, EN e IEC 60950-1 y 22.<\/li>\n<li class=\"ql-align-justify\">Indice\/ especificaci\u00f3n de protecci\u00f3n: IP67 NEMA 4, 4X, 6, 12, 13.<\/li>\n<\/ul>\n<p class=\"ql-align-justify\"><strong>Piezas incluidas<\/strong><\/p>\n<ul>\n<li class=\"ql-align-justify\">Carcasa con tres (3) prensaestopas M16 estancas y una (1) tapa M16 instalados<\/li>\n<li class=\"ql-align-justify\">Una (1) prensaestopa M16 estanca sin instalar.<\/li>\n<li class=\"ql-align-justify\">Cuatro (4) tornillos Pozidriv para la tapa.<\/li>\n<li class=\"ql-align-justify\">Cuatro (4) embellecedores para los tornillos de la tapa.<\/li>\n<li class=\"ql-align-justify\">Manual de instalaci\u00f3n.<\/li>\n<\/ul>\n<p class=\"ql-align-justify\"><strong>Nota: M\u00f3dulo de interfaz para alarmas y conexiones a la bomba del lavador para las c\u00e1maras MIC7000, 24 VCA.<\/strong><\/p>\n<p class=\"ql-align-justify\"><strong>Carcasa de policarbonato resistente a golpes conforme a las clasificaciones IP67 y NEMA 4X con cuatro (4) prensaestopas estancas. Gris (RAL 7035).<\/strong><\/p>\n<p class=\"ql-align-justify\"><strong>N\u00famero de pedido: MIC-ALM-WAS-24.<\/strong><\/p>\n<p class=\"ql-align-justify\"><strong>Principales caracter\u00edsticas<\/strong><\/p>\n<ul>\n<li class=\"ql-align-justify\">Incluye conexiones a la interfaz del lavador y de alarma para las c\u00e1maras MIC7000.<\/li>\n<li class=\"ql-align-justify\">Carcasa de policarbonato resistente a golpes conforme a las clasificaciones IP67 y NEMA 4X.<\/li>\n<li class=\"ql-align-justify\">Prensaestopas estancas incluidas.<\/li>\n<li class=\"ql-align-justify\">Pulsador para activar\/probar la conexi\u00f3n de la bomba del lavador.<\/li>\n<\/ul>\n<p class=\"ql-align-justify\"><strong>Especificaciones<\/strong><\/p>\n<p class=\"ql-align-justify\"><strong>El\u00e9ctricas<\/strong><\/p>\n<ul>\n<li class=\"ql-align-justify\">Tensi\u00f3n de entrada: 24 VCA\/VCC, 50\/60 Hz.<\/li>\n<li class=\"ql-align-justify\">Consumo de energ\u00eda: 5 A m\u00e1ximo.<\/li>\n<li class=\"ql-align-justify\">Consumo de corriente:1 A\u00a0.<\/li>\n<\/ul>\n<p class=\"ql-align-justify\"><strong>Supresi\u00f3n de subidas de tensi\u00f3n<\/strong><\/p>\n<ul>\n<li class=\"ql-align-justify\">Protecci\u00f3n para RS-485: Corriente m\u00e1xima de 10 A, potencia m\u00e1xima de 300 W (8\/20 \u03bc).<\/li>\n<li class=\"ql-align-justify\">Protecci\u00f3n de entradas de alarma: Corriente m\u00e1xima de 17 A, potencia m\u00e1xima de 300 W (8\/20 \u03bc).<\/li>\n<li class=\"ql-align-justify\">Protecci\u00f3n de salidas de alarma: Corriente m\u00e1xima de 2 A, potencia m\u00e1xima de 300 W (8\/20 \u03bc).<\/li>\n<li class=\"ql-align-justify\">Protecci\u00f3n de salidas de rel\u00e9: Corriente m\u00e1xima 7,3 A, potencia m\u00e1xima 600 W (10\/1000 \u03bc).<\/li>\n<li class=\"ql-align-justify\">Protecci\u00f3n de entrada de alimentaci\u00f3n (c\u00e1mara): Corriente m\u00e1xima 7,3 A, potencia m\u00e1xima 600 W (10\/1000 \u03bc).<\/li>\n<\/ul>\n<p class=\"ql-align-justify\"><strong>Varios<\/strong><\/p>\n<p class=\"ql-align-justify\"><strong>LED<\/strong><\/p>\n<ul>\n<li class=\"ql-align-justify\">LED rojo (encendido indica que la alimentaci\u00f3n est\u00e1 activada).<\/li>\n<li class=\"ql-align-justify\">LED verdes (cuando parpadean indican que se van a activar las entradas de alarma correspondientes).<\/li>\n<li class=\"ql-align-justify\">LED amarillo (cuando parpadea indica que existe comunicaci\u00f3n activa entre el MIC-ALM- -WAS-24 y la c\u00e1mara MIC7000).<\/li>\n<li class=\"ql-align-justify\">Protocolo de comunicaciones: RS-485 semi-d\u00faplex propio, 57.600 baudios.<\/li>\n<\/ul>\n<p class=\"ql-align-justify\"><strong>Conexiones de usuario<\/strong><\/p>\n<ul>\n<li class=\"ql-align-justify\">Alimentaci\u00f3n: 24 V CA \u00b1 10%, 50\/60 Hz.<\/li>\n<li class=\"ql-align-justify\">Entrada de alarma: 4 contactos secos (N.O.\/N.C. seleccionable) y 2 entradas de alarma antisabotaje monitorizadas, terminaci\u00f3n final de 2.200 ohmios.<\/li>\n<li class=\"ql-align-justify\">Salida de alarma: 3 salidas de colector abierto, 32 VCC, 150 mA.<\/li>\n<li class=\"ql-align-justify\">Salida de rel\u00e9 :1 rel\u00e9 de contacto seco, 250 V, 5 A (para la bomba del lavador).<\/li>\n<li class=\"ql-align-justify\">Alarma\/datos: RS-485 de 3 hilos (para conexi\u00f3n a la unidad accesoria del lavador\/alarma externa) de hasta 100 m.<\/li>\n<\/ul>\n<p class=\"ql-align-justify\"><strong>Medioambientales<\/strong><\/p>\n<ul>\n<li class=\"ql-align-justify\">\u00cdndice\/ especificaci\u00f3n de protecci\u00f3n IP67 NEMA 4, 4X, 6, 12, 13.<\/li>\n<li class=\"ql-align-justify\">Temperatura de funcionamiento: De -40 \u00b0C a +60 \u00b0C (de -40 \u00b0F a +140 \u00b0F).<\/li>\n<li class=\"ql-align-justify\">Temperatura de inicio en fr\u00edo: De -40 \u00b0C (-40 \u00b0F) (requiere un calentamiento de 60 minutos antes de funcionar) Temperatura de almacenamiento: De -40 \u00b0C a +70 \u00b0C (de -40 \u00b0F a +158 \u00b0F).<\/li>\n<li class=\"ql-align-justify\">Humedad: De 0-100 %\u00a0.<\/li>\n<\/ul>\n<p><img decoding=\"async\" class=\"overview-center-img-\" src=\"https:\/\/tvc.mx\/media\/16125\/Logoopaginas-oficial.png\" alt=\"\" \/><\/p>\n","protected":false},"excerpt":{"rendered":"<p>M\u00f3dulo de interfaz para alarmas y conexiones a la bomba del lavador para las c\u00e1maras MIC7000, 24 VCA. La unidad de interfaz de alarmas\/lavador MIC consta de una carcasa resistente a la intemperie que integra las conexiones de la interfaz protegidas contra subidas de tensi\u00f3n&hellip;<\/p>\n","protected":false},"featured_media":6967,"comment_status":"open","ping_status":"closed","template":"","meta":{"om_disable_all_campaigns":false,"_monsterinsights_skip_tracking":false,"_monsterinsights_sitenote_active":false,"_monsterinsights_sitenote_note":"","_monsterinsights_sitenote_category":0},"product_brand":[],"product_cat":[636],"product_tag":[613,611,612,616,615,610,614,617],"class_list":{"0":"post-6968","1":"product","2":"type-product","3":"status-publish","4":"has-post-thumbnail","6":"product_cat-refacciones-videovigilancia-accesorios-bosch-video-vigilancia","7":"product_tag-bosch","8":"product_tag-manhattan","9":"product_tag-saxxon","10":"product_tag-surveon","11":"product_tag-utepo","12":"product_tag-videovigilancia","13":"product_tag-vivotek","14":"product_tag-zteco","16":"first","17":"instock","18":"sale","19":"taxable","20":"shipping-taxable","21":"purchasable","22":"product-type-simple"},"aioseo_notices":[],"_links":{"self":[{"href":"https:\/\/tecsecmty.com\/index.php\/wp-json\/wp\/v2\/product\/6968","targetHints":{"allow":["GET"]}}],"collection":[{"href":"https:\/\/tecsecmty.com\/index.php\/wp-json\/wp\/v2\/product"}],"about":[{"href":"https:\/\/tecsecmty.com\/index.php\/wp-json\/wp\/v2\/types\/product"}],"replies":[{"embeddable":true,"href":"https:\/\/tecsecmty.com\/index.php\/wp-json\/wp\/v2\/comments?post=6968"}],"version-history":[{"count":0,"href":"https:\/\/tecsecmty.com\/index.php\/wp-json\/wp\/v2\/product\/6968\/revisions"}],"wp:featuredmedia":[{"embeddable":true,"href":"https:\/\/tecsecmty.com\/index.php\/wp-json\/wp\/v2\/media\/6967"}],"wp:attachment":[{"href":"https:\/\/tecsecmty.com\/index.php\/wp-json\/wp\/v2\/media?parent=6968"}],"wp:term":[{"taxonomy":"product_brand","embeddable":true,"href":"https:\/\/tecsecmty.com\/index.php\/wp-json\/wp\/v2\/product_brand?post=6968"},{"taxonomy":"product_cat","embeddable":true,"href":"https:\/\/tecsecmty.com\/index.php\/wp-json\/wp\/v2\/product_cat?post=6968"},{"taxonomy":"product_tag","embeddable":true,"href":"https:\/\/tecsecmty.com\/index.php\/wp-json\/wp\/v2\/product_tag?post=6968"}],"curies":[{"name":"wp","href":"https:\/\/api.w.org\/{rel}","templated":true}]}}