{"id":6974,"date":"2023-02-23T16:02:17","date_gmt":"2023-02-23T22:02:17","guid":{"rendered":"https:\/\/tecsecmty.com\/index.php\/producto\/bosch-v_vgabubbleik10-burbuja-para-autodome\/"},"modified":"2023-03-22T23:22:09","modified_gmt":"2023-03-23T05:22:09","slug":"bosch-v_vgabubbleik10-burbuja-para-autodome","status":"publish","type":"product","link":"https:\/\/tecsecmty.com\/index.php\/producto\/bosch-v_vgabubbleik10-burbuja-para-autodome\/","title":{"rendered":"BOSCH V_VGABUBBLEIK10- BURBUJA PARA AUTODOME"},"content":{"rendered":"<h5 class=\"card-title text-center\">VGA-BUBBLE-IK10 BURBUJA PARA AUTODOME<\/h5>\n<p class=\"ql-align-justify\"><strong>Las burbuja de protecci\u00f3n AUTODOME VGA-BUBBLE-IK10<\/strong>\u00a0est\u00e1n fabricadas en policarbonato o material acr\u00edlico (la burbuja con clasificaci\u00f3n\u00a0<strong>IK10\u00a0<\/strong>est\u00e1 fabricada en nailon). Las burbujas de policarbonato reforzado proporcionan una alta resistencia a impactos y su claridad \u00f3ptica es similar al cristal o al material acr\u00edlico, aunque su superficie es mucho m\u00e1s suave. Las burbujas acr\u00edlicas ofrecen una mayor nitidez, lo que permite obtener im\u00e1genes de alta resoluci\u00f3n con una \u00f3ptima resistencia a los impactos. La burbuja con clasificaci\u00f3n IK10 proporciona resistencia a los impactos y una resoluci\u00f3n de imagen de calidad HD.<\/p>\n<p class=\"ql-align-justify\"><strong>Nota: VGA-BUBBLE-IK10 es una burbuja para carcasa colgante<\/strong>, esta burbuja clasificada IK10 calificada para uso con\u00a0<strong>AUTODOME 7000\u00a0<\/strong>c\u00e1maras HD con carcasas colgantes.<\/p>\n<p class=\"ql-align-justify\"><strong>N\u00famero de pedido: VGA-BUBBLE-IK10.<\/strong><\/p>\n<p class=\"ql-align-justify\"><strong>Especificaciones<\/strong><\/p>\n<ul>\n<li class=\"ql-align-justify\">Material de fabricaci\u00f3n Nailon.<\/li>\n<li class=\"ql-align-justify\">Tama\u00f1o\u2300 181.80.<\/li>\n<li class=\"ql-align-justify\">Impacto mec\u00e1nico externo (c\u00f3digo IK o \u00edndice de impacto)IK10.<\/li>\n<li class=\"ql-align-justify\">Clasificaci\u00f3n UV para la luz solarF1.<\/li>\n<\/ul>\n<p><img decoding=\"async\" class=\"overview-center-img-\" src=\"https:\/\/tvc.mx\/media\/13217\/Logoopaginas-oficial.png\" alt=\"\" \/><\/p>\n","protected":false},"excerpt":{"rendered":"<p>VGA-BUBBLE-IK10 BURBUJA PARA AUTODOME Las burbuja de protecci\u00f3n AUTODOME VGA-BUBBLE-IK10\u00a0est\u00e1n fabricadas en policarbonato o material acr\u00edlico (la burbuja con clasificaci\u00f3n\u00a0IK10\u00a0est\u00e1 fabricada en nailon). Las burbujas de policarbonato reforzado proporcionan una alta resistencia a impactos y su claridad \u00f3ptica es similar al cristal o al material&hellip;<\/p>\n","protected":false},"featured_media":6973,"comment_status":"open","ping_status":"closed","template":"","meta":{"om_disable_all_campaigns":false,"_monsterinsights_skip_tracking":false,"_monsterinsights_sitenote_active":false,"_monsterinsights_sitenote_note":"","_monsterinsights_sitenote_category":0},"product_brand":[],"product_cat":[636],"product_tag":[613,611,612,616,615,610,614,617],"class_list":{"0":"post-6974","1":"product","2":"type-product","3":"status-publish","4":"has-post-thumbnail","6":"product_cat-refacciones-videovigilancia-accesorios-bosch-video-vigilancia","7":"product_tag-bosch","8":"product_tag-manhattan","9":"product_tag-saxxon","10":"product_tag-surveon","11":"product_tag-utepo","12":"product_tag-videovigilancia","13":"product_tag-vivotek","14":"product_tag-zteco","16":"first","17":"instock","18":"sale","19":"taxable","20":"shipping-taxable","21":"purchasable","22":"product-type-simple"},"aioseo_notices":[],"_links":{"self":[{"href":"https:\/\/tecsecmty.com\/index.php\/wp-json\/wp\/v2\/product\/6974","targetHints":{"allow":["GET"]}}],"collection":[{"href":"https:\/\/tecsecmty.com\/index.php\/wp-json\/wp\/v2\/product"}],"about":[{"href":"https:\/\/tecsecmty.com\/index.php\/wp-json\/wp\/v2\/types\/product"}],"replies":[{"embeddable":true,"href":"https:\/\/tecsecmty.com\/index.php\/wp-json\/wp\/v2\/comments?post=6974"}],"version-history":[{"count":0,"href":"https:\/\/tecsecmty.com\/index.php\/wp-json\/wp\/v2\/product\/6974\/revisions"}],"wp:featuredmedia":[{"embeddable":true,"href":"https:\/\/tecsecmty.com\/index.php\/wp-json\/wp\/v2\/media\/6973"}],"wp:attachment":[{"href":"https:\/\/tecsecmty.com\/index.php\/wp-json\/wp\/v2\/media?parent=6974"}],"wp:term":[{"taxonomy":"product_brand","embeddable":true,"href":"https:\/\/tecsecmty.com\/index.php\/wp-json\/wp\/v2\/product_brand?post=6974"},{"taxonomy":"product_cat","embeddable":true,"href":"https:\/\/tecsecmty.com\/index.php\/wp-json\/wp\/v2\/product_cat?post=6974"},{"taxonomy":"product_tag","embeddable":true,"href":"https:\/\/tecsecmty.com\/index.php\/wp-json\/wp\/v2\/product_tag?post=6974"}],"curies":[{"name":"wp","href":"https:\/\/api.w.org\/{rel}","templated":true}]}}