{"id":6978,"date":"2023-02-23T16:02:25","date_gmt":"2023-02-23T22:02:25","guid":{"rendered":"https:\/\/tecsecmty.com\/index.php\/producto\/bosch-v_vgabubbleptia-bubuja-tintada-compatible-con-autodome-serie-600\/"},"modified":"2023-03-22T23:22:09","modified_gmt":"2023-03-23T05:22:09","slug":"bosch-v_vgabubbleptia-bubuja-tintada-compatible-con-autodome-serie-600","status":"publish","type":"product","link":"https:\/\/tecsecmty.com\/index.php\/producto\/bosch-v_vgabubbleptia-bubuja-tintada-compatible-con-autodome-serie-600\/","title":{"rendered":"BOSCH V_VGABUBBLEPTIA &#8211; BUBUJA Tintada \/ Compatible con AUTODOME serie 600"},"content":{"rendered":"<h5 class=\"card-title text-center\">VGA-BUBBLE-PTIA Burbuja, colgante, tintada<\/h5>\n<p class=\"ql-align-justify\"><strong>Las burbujas de protecci\u00f3n AUTODOME\u00a0<\/strong>est\u00e1n fabricadas en policarbonato o material acr\u00edlico (la burbuja con clasificaci\u00f3n\u00a0<strong>IK10\u00a0<\/strong>est\u00e1 fabricada en nailon).\u00a0<strong>Las burbujas de policarbonato reforzado proporcionan una alta resistencia a impactos\u00a0<\/strong>y su claridad \u00f3ptica es similar al cristal o al material acr\u00edlico, aunque su superficie es mucho m\u00e1s suave. Las burbujas acr\u00edlicas ofrecen una mayor nitidez, lo que permite obtener im\u00e1genes de alta resoluci\u00f3n con una \u00f3ptima resistencia a los impactos. La burbuja con clasificaci\u00f3n\u00a0<strong>IK10\u00a0<\/strong>proporciona resistencia a los impactos y una resoluci\u00f3n de imagen de calidad\u00a0<strong>HD<\/strong>.<\/p>\n<p class=\"ql-align-justify\"><strong>Nota: VGA-BUBBLE-PTIA Burbuja de alta resoluci\u00f3n te\u00f1ida para una Colgante de vivienda Burbuja acr\u00edlica de bajo impacto.<\/strong><\/p>\n<p class=\"ql-align-justify\"><strong>N\u00famero de pedido: VGA-BUBBLE-PTIA.<\/strong><\/p>\n<p class=\"ql-align-justify\"><strong>Principales\u00a0<\/strong><strong>Caracter\u00edsticas<\/strong><\/p>\n<ul>\n<li class=\"ql-align-justify\">Construcci\u00f3n robusta.<\/li>\n<li class=\"ql-align-justify\">F\u00e1cil instalaci\u00f3n.<\/li>\n<\/ul>\n<p><img decoding=\"async\" class=\"overview-center-img-\" src=\"https:\/\/tvc.mx\/media\/7546\/Logoopaginas-oficial.png\" alt=\"\" \/><\/p>\n","protected":false},"excerpt":{"rendered":"<p>VGA-BUBBLE-PTIA Burbuja, colgante, tintada Las burbujas de protecci\u00f3n AUTODOME\u00a0est\u00e1n fabricadas en policarbonato o material acr\u00edlico (la burbuja con clasificaci\u00f3n\u00a0IK10\u00a0est\u00e1 fabricada en nailon).\u00a0Las burbujas de policarbonato reforzado proporcionan una alta resistencia a impactos\u00a0y su claridad \u00f3ptica es similar al cristal o al material acr\u00edlico, aunque su&hellip;<\/p>\n","protected":false},"featured_media":6977,"comment_status":"open","ping_status":"closed","template":"","meta":{"om_disable_all_campaigns":false,"_monsterinsights_skip_tracking":false,"_monsterinsights_sitenote_active":false,"_monsterinsights_sitenote_note":"","_monsterinsights_sitenote_category":0},"product_brand":[],"product_cat":[636],"product_tag":[613,611,612,616,615,610,614,617],"class_list":{"0":"post-6978","1":"product","2":"type-product","3":"status-publish","4":"has-post-thumbnail","6":"product_cat-refacciones-videovigilancia-accesorios-bosch-video-vigilancia","7":"product_tag-bosch","8":"product_tag-manhattan","9":"product_tag-saxxon","10":"product_tag-surveon","11":"product_tag-utepo","12":"product_tag-videovigilancia","13":"product_tag-vivotek","14":"product_tag-zteco","16":"first","17":"instock","18":"sale","19":"taxable","20":"shipping-taxable","21":"purchasable","22":"product-type-simple"},"aioseo_notices":[],"_links":{"self":[{"href":"https:\/\/tecsecmty.com\/index.php\/wp-json\/wp\/v2\/product\/6978","targetHints":{"allow":["GET"]}}],"collection":[{"href":"https:\/\/tecsecmty.com\/index.php\/wp-json\/wp\/v2\/product"}],"about":[{"href":"https:\/\/tecsecmty.com\/index.php\/wp-json\/wp\/v2\/types\/product"}],"replies":[{"embeddable":true,"href":"https:\/\/tecsecmty.com\/index.php\/wp-json\/wp\/v2\/comments?post=6978"}],"version-history":[{"count":0,"href":"https:\/\/tecsecmty.com\/index.php\/wp-json\/wp\/v2\/product\/6978\/revisions"}],"wp:featuredmedia":[{"embeddable":true,"href":"https:\/\/tecsecmty.com\/index.php\/wp-json\/wp\/v2\/media\/6977"}],"wp:attachment":[{"href":"https:\/\/tecsecmty.com\/index.php\/wp-json\/wp\/v2\/media?parent=6978"}],"wp:term":[{"taxonomy":"product_brand","embeddable":true,"href":"https:\/\/tecsecmty.com\/index.php\/wp-json\/wp\/v2\/product_brand?post=6978"},{"taxonomy":"product_cat","embeddable":true,"href":"https:\/\/tecsecmty.com\/index.php\/wp-json\/wp\/v2\/product_cat?post=6978"},{"taxonomy":"product_tag","embeddable":true,"href":"https:\/\/tecsecmty.com\/index.php\/wp-json\/wp\/v2\/product_tag?post=6978"}],"curies":[{"name":"wp","href":"https:\/\/api.w.org\/{rel}","templated":true}]}}