{"id":6982,"date":"2023-02-23T16:02:31","date_gmt":"2023-02-23T22:02:31","guid":{"rendered":"https:\/\/tecsecmty.com\/index.php\/producto\/bosch-veza2ww-soporte-de-pared-compatible-con-serie-flex-idome-indoor-4000\/"},"modified":"2023-03-22T23:22:10","modified_gmt":"2023-03-23T05:22:10","slug":"bosch-veza2ww-soporte-de-pared-compatible-con-serie-flex-idome-indoor-4000","status":"publish","type":"product","link":"https:\/\/tecsecmty.com\/index.php\/producto\/bosch-veza2ww-soporte-de-pared-compatible-con-serie-flex-idome-indoor-4000\/","title":{"rendered":"BOSCH VEZA2WW &#8211; Soporte de pared compatible con serie FLEX IDOME INDOOR 4000"},"content":{"rendered":"<p class=\"ql-align-justify\">Este soporte de pared robusto y f\u00e1cil de instalar, esta dise\u00f1ado espec\u00edficamente para c\u00fapula interior \/ c\u00e1maras exteriores. El dise\u00f1o permite cable completo, gesti\u00f3n, ocultando cables para m\u00e1xima Protecci\u00f3n y est\u00e9tica.<\/p>\n<p class=\"ql-align-justify\"><strong>Partes incluidas<\/strong><\/p>\n<p class=\"ql-align-justify\">El embalaje contiene:<\/p>\n<ul>\n<li class=\"ql-align-justify\">Montaje 1x.<\/li>\n<li class=\"ql-align-justify\">Componentes de fijaci\u00f3n.<\/li>\n<\/ul>\n<p class=\"ql-align-justify\"><strong>Nota: Montaje en pared VEZ-A2-WW<\/strong><\/p>\n<p class=\"ql-align-justify\"><strong>Soporte de pared (\u00d8145 \/ 149 mm) para c\u00e1maras domo (uso<\/strong><\/p>\n<p class=\"ql-align-justify\"><strong>junto con el soporte apropiado del adaptador de domo blanco<\/strong><\/p>\n<p class=\"ql-align-justify\"><strong>N\u00famero de pedido: VEZ-A2-WW.<\/strong><\/p>\n<p class=\"ql-align-justify\"><strong>Principales caracter\u00edsticas<\/strong><\/p>\n<ul>\n<li class=\"ql-align-justify\">Construcci\u00f3n robusta.<\/li>\n<li class=\"ql-align-justify\">F\u00e1cil instalaci\u00f3n.<\/li>\n<li class=\"ql-align-justify\">N\u00facleo hueco para una apariencia sin cables.<\/li>\n<li class=\"ql-align-justify\">Anclaje de 4 pernos resistente.<\/li>\n<\/ul>\n<p class=\"ql-align-justify\"><strong>Especificaciones<\/strong><\/p>\n<ul>\n<li class=\"ql-align-justify\">Materiales de construcci\u00f3n.<\/li>\n<li class=\"ql-align-justify\">Aleaci\u00f3n de aluminio.<\/li>\n<li class=\"ql-align-justify\">Acabado Blanco tr\u00e1fico RAL 9003.<\/li>\n<li class=\"ql-align-justify\">Peso0,6\u00a0kg (1,32\u00a0lb).<\/li>\n<\/ul>\n<p><img decoding=\"async\" class=\"overview-center-img-\" src=\"https:\/\/tvc.mx\/media\/15114\/Logoopaginas-oficial.png\" alt=\"\" \/><\/p>\n","protected":false},"excerpt":{"rendered":"<p>Este soporte de pared robusto y f\u00e1cil de instalar, esta dise\u00f1ado espec\u00edficamente para c\u00fapula interior \/ c\u00e1maras exteriores. El dise\u00f1o permite cable completo, gesti\u00f3n, ocultando cables para m\u00e1xima Protecci\u00f3n y est\u00e9tica. Partes incluidas El embalaje contiene: Montaje 1x. Componentes de fijaci\u00f3n. Nota: Montaje en pared&hellip;<\/p>\n","protected":false},"featured_media":6981,"comment_status":"open","ping_status":"closed","template":"","meta":{"om_disable_all_campaigns":false,"_monsterinsights_skip_tracking":false,"_monsterinsights_sitenote_active":false,"_monsterinsights_sitenote_note":"","_monsterinsights_sitenote_category":0},"product_brand":[],"product_cat":[637],"product_tag":[613,611,612,616,615,610,614,617],"class_list":{"0":"post-6982","1":"product","2":"type-product","3":"status-publish","4":"has-post-thumbnail","6":"product_cat-soporte-y-montaje-accesorios-bosch-video-vigilancia","7":"product_tag-bosch","8":"product_tag-manhattan","9":"product_tag-saxxon","10":"product_tag-surveon","11":"product_tag-utepo","12":"product_tag-videovigilancia","13":"product_tag-vivotek","14":"product_tag-zteco","16":"first","17":"instock","18":"sale","19":"taxable","20":"shipping-taxable","21":"purchasable","22":"product-type-simple"},"aioseo_notices":[],"_links":{"self":[{"href":"https:\/\/tecsecmty.com\/index.php\/wp-json\/wp\/v2\/product\/6982","targetHints":{"allow":["GET"]}}],"collection":[{"href":"https:\/\/tecsecmty.com\/index.php\/wp-json\/wp\/v2\/product"}],"about":[{"href":"https:\/\/tecsecmty.com\/index.php\/wp-json\/wp\/v2\/types\/product"}],"replies":[{"embeddable":true,"href":"https:\/\/tecsecmty.com\/index.php\/wp-json\/wp\/v2\/comments?post=6982"}],"version-history":[{"count":0,"href":"https:\/\/tecsecmty.com\/index.php\/wp-json\/wp\/v2\/product\/6982\/revisions"}],"wp:featuredmedia":[{"embeddable":true,"href":"https:\/\/tecsecmty.com\/index.php\/wp-json\/wp\/v2\/media\/6981"}],"wp:attachment":[{"href":"https:\/\/tecsecmty.com\/index.php\/wp-json\/wp\/v2\/media?parent=6982"}],"wp:term":[{"taxonomy":"product_brand","embeddable":true,"href":"https:\/\/tecsecmty.com\/index.php\/wp-json\/wp\/v2\/product_brand?post=6982"},{"taxonomy":"product_cat","embeddable":true,"href":"https:\/\/tecsecmty.com\/index.php\/wp-json\/wp\/v2\/product_cat?post=6982"},{"taxonomy":"product_tag","embeddable":true,"href":"https:\/\/tecsecmty.com\/index.php\/wp-json\/wp\/v2\/product_tag?post=6982"}],"curies":[{"name":"wp","href":"https:\/\/api.w.org\/{rel}","templated":true}]}}