{"id":6986,"date":"2023-02-23T16:02:35","date_gmt":"2023-02-23T22:02:35","guid":{"rendered":"https:\/\/tecsecmty.com\/index.php\/producto\/bosch-v_-ndapmtmicdome-soporte-de-montaje-para-microdomo\/"},"modified":"2023-03-22T23:21:36","modified_gmt":"2023-03-23T05:21:36","slug":"bosch-v_-ndapmtmicdome-soporte-de-montaje-para-microdomo","status":"publish","type":"product","link":"https:\/\/tecsecmty.com\/index.php\/producto\/bosch-v_-ndapmtmicdome-soporte-de-montaje-para-microdomo\/","title":{"rendered":"BOSCH V_ NDAPMTMICDOME &#8211; Soporte de montaje para MICRODOMO"},"content":{"rendered":"<h5 class=\"card-title text-center\">Montaje de tubo colgante NDA-PMT-MICDOME soporte<\/h5>\n<p class=\"ql-align-justify\"><strong>Este montaje de tubo\u00a0<\/strong>resistente y f\u00e1cil de instalar es dise\u00f1ado espec\u00edficamente para c\u00fapula interior \/ exterior c\u00e1maras. El dise\u00f1o permite completar el cable. Gesti\u00f3n, ocultando cables para m\u00e1xima.<\/p>\n<p class=\"ql-align-justify\">Protecci\u00f3n y est\u00e9tica.<\/p>\n<p class=\"ql-align-justify\"><strong>Partes incluidas<\/strong><\/p>\n<p class=\"ql-align-justify\">El embalaje contiene:<\/p>\n<ul>\n<li class=\"ql-align-justify\">Art\u00edculo Montaje 1x.<\/li>\n<li class=\"ql-align-justify\">Componentes de fijaci\u00f3n.<\/li>\n<\/ul>\n<p class=\"ql-align-justify\"><strong>Nota: Soporte colgante para montaje en tubo NDA-PMT-MICDOME Soporte de montaje en tubo resistente para c\u00e1maras de microdome (\u00d8110 mm).<\/strong><\/p>\n<p class=\"ql-align-justify\"><strong>N\u00famero de pedido: NDA-PMT-MICDO<\/strong>ME.<\/p>\n<p class=\"ql-align-justify\"><strong>Principales Caracter\u00edsticas<\/strong><\/p>\n<ul>\n<li class=\"ql-align-justify\">Construcci\u00f3n robusta.<\/li>\n<li class=\"ql-align-justify\">F\u00e1cil instalaci\u00f3n.<\/li>\n<li class=\"ql-align-justify\">N\u00facleo hueco para una apariencia sin cables.<\/li>\n<li class=\"ql-align-justify\">Anclaje de 4 pernos resistente.<\/li>\n<\/ul>\n<p class=\"ql-align-justify\"><strong>Especificaciones<\/strong><\/p>\n<ul>\n<li class=\"ql-align-justify\">Material de construcci\u00f3n Aleaci\u00f3n de aluminio.<\/li>\n<li class=\"ql-align-justify\">Acabado se\u00f1al RAL 9003 blanco.<\/li>\n<li class=\"ql-align-justify\">Peso 0.5 kg (1.1 lb).<\/li>\n<\/ul>\n<p><img decoding=\"async\" class=\"overview-center-img-\" src=\"https:\/\/tvc.mx\/media\/7558\/Logoopaginas-oficial.png\" alt=\"\" \/><\/p>\n","protected":false},"excerpt":{"rendered":"<p>Montaje de tubo colgante NDA-PMT-MICDOME soporte Este montaje de tubo\u00a0resistente y f\u00e1cil de instalar es dise\u00f1ado espec\u00edficamente para c\u00fapula interior \/ exterior c\u00e1maras. El dise\u00f1o permite completar el cable. Gesti\u00f3n, ocultando cables para m\u00e1xima. Protecci\u00f3n y est\u00e9tica. Partes incluidas El embalaje contiene: Art\u00edculo Montaje 1x.&hellip;<\/p>\n","protected":false},"featured_media":6985,"comment_status":"open","ping_status":"closed","template":"","meta":{"om_disable_all_campaigns":false,"_monsterinsights_skip_tracking":false,"_monsterinsights_sitenote_active":false,"_monsterinsights_sitenote_note":"","_monsterinsights_sitenote_category":0},"product_brand":[],"product_cat":[637],"product_tag":[613,611,612,616,615,610,614,617],"class_list":{"0":"post-6986","1":"product","2":"type-product","3":"status-publish","4":"has-post-thumbnail","6":"product_cat-soporte-y-montaje-accesorios-bosch-video-vigilancia","7":"product_tag-bosch","8":"product_tag-manhattan","9":"product_tag-saxxon","10":"product_tag-surveon","11":"product_tag-utepo","12":"product_tag-videovigilancia","13":"product_tag-vivotek","14":"product_tag-zteco","16":"first","17":"instock","18":"sale","19":"taxable","20":"shipping-taxable","21":"purchasable","22":"product-type-simple"},"aioseo_notices":[],"_links":{"self":[{"href":"https:\/\/tecsecmty.com\/index.php\/wp-json\/wp\/v2\/product\/6986","targetHints":{"allow":["GET"]}}],"collection":[{"href":"https:\/\/tecsecmty.com\/index.php\/wp-json\/wp\/v2\/product"}],"about":[{"href":"https:\/\/tecsecmty.com\/index.php\/wp-json\/wp\/v2\/types\/product"}],"replies":[{"embeddable":true,"href":"https:\/\/tecsecmty.com\/index.php\/wp-json\/wp\/v2\/comments?post=6986"}],"version-history":[{"count":0,"href":"https:\/\/tecsecmty.com\/index.php\/wp-json\/wp\/v2\/product\/6986\/revisions"}],"wp:featuredmedia":[{"embeddable":true,"href":"https:\/\/tecsecmty.com\/index.php\/wp-json\/wp\/v2\/media\/6985"}],"wp:attachment":[{"href":"https:\/\/tecsecmty.com\/index.php\/wp-json\/wp\/v2\/media?parent=6986"}],"wp:term":[{"taxonomy":"product_brand","embeddable":true,"href":"https:\/\/tecsecmty.com\/index.php\/wp-json\/wp\/v2\/product_brand?post=6986"},{"taxonomy":"product_cat","embeddable":true,"href":"https:\/\/tecsecmty.com\/index.php\/wp-json\/wp\/v2\/product_cat?post=6986"},{"taxonomy":"product_tag","embeddable":true,"href":"https:\/\/tecsecmty.com\/index.php\/wp-json\/wp\/v2\/product_tag?post=6986"}],"curies":[{"name":"wp","href":"https:\/\/api.w.org\/{rel}","templated":true}]}}