{"id":6990,"date":"2023-02-23T16:02:40","date_gmt":"2023-02-23T22:02:40","guid":{"rendered":"https:\/\/tecsecmty.com\/index.php\/producto\/bosch-v_-vdaadjnb-caja-de-conexiones-para-autodome-ip-5000-y-4000-sin-fuente-de-alimentacion-aluminio\/"},"modified":"2023-03-22T23:21:36","modified_gmt":"2023-03-23T05:21:36","slug":"bosch-v_-vdaadjnb-caja-de-conexiones-para-autodome-ip-5000-y-4000-sin-fuente-de-alimentacion-aluminio","status":"publish","type":"product","link":"https:\/\/tecsecmty.com\/index.php\/producto\/bosch-v_-vdaadjnb-caja-de-conexiones-para-autodome-ip-5000-y-4000-sin-fuente-de-alimentacion-aluminio\/","title":{"rendered":"BOSCH V_ VDAADJNB &#8211; Caja de conexiones para AUTODOME IP 5000 y 4000 \/ Sin fuente de alimentacion \/ Aluminio"},"content":{"rendered":"<h5 class=\"card-title text-center\">Caja de conexi\u00f3n VDA-AD-JNB sin fuente de alimentaci\u00f3n<\/h5>\n<p class=\"ql-align-justify\">La familia AUTODOME IP, en combinaci\u00f3n con la Video Security App de Bosch, le permite mantener el control de su seguridad m\u00e1s f\u00e1cilmente, incluso cuando se encuentra en otra parte. Con la tecnolog\u00eda Dynamic Transcoding incorporada de la c\u00e1mara, puede transmitir v\u00eddeo H.264 de alta resoluci\u00f3n con gran facilidad, girar, inclinar o aplicar zoom en la c\u00e1mara y buscar secuencias de v\u00eddeo grabadas de forma remota utilizando dispositivos m\u00f3viles, como un smartphone o una tablet, todo ello con una conexi\u00f3n de red de ancho de banda bajo (hasta un 50 % menos que otras c\u00e1maras PTZ H.264).<\/p>\n<p class=\"ql-align-justify\">La\u00a0VDA-AD-JNB es una\u00a0Caja de conexi\u00f3n sin fuente de alimentaci\u00f3n para las c\u00e1maras AUTODOME 4000 y AUTODOME 5000.<\/p>\n<p class=\"ql-align-justify\"><strong>Nota:\u00a0Caja de conexiones para AUTODOME IP 4000\/5000 (VDA-ADJNB): Caja de conexiones de aluminio sin fuente de alimentaci\u00f3n para AUTODOME 4000 y 5000 c\u00e1maras. Compatible con soportes de pared VEZ-A5-WMB y NEZ-A4-WW, VG4- soporte de esquina A-9542 y montaje de poste VG4-A-9541. Tres orificios de conducto M25, tres orificios de conducto G \u00be. montable en la pared. Blanco.<\/strong><\/p>\n<p class=\"ql-align-justify\"><strong>N\u00famero de pedido: VDA-AD-JNB.<\/strong><\/p>\n<p class=\"ql-align-justify\">\n<p><img decoding=\"async\" class=\"overview-center-img-\" src=\"https:\/\/tvc.mx\/media\/15209\/Logoopaginas-oficial.png\" alt=\"\" \/><\/p>\n","protected":false},"excerpt":{"rendered":"<p>Caja de conexi\u00f3n VDA-AD-JNB sin fuente de alimentaci\u00f3n La familia AUTODOME IP, en combinaci\u00f3n con la Video Security App de Bosch, le permite mantener el control de su seguridad m\u00e1s f\u00e1cilmente, incluso cuando se encuentra en otra parte. Con la tecnolog\u00eda Dynamic Transcoding incorporada de&hellip;<\/p>\n","protected":false},"featured_media":6989,"comment_status":"open","ping_status":"closed","template":"","meta":{"om_disable_all_campaigns":false,"_monsterinsights_skip_tracking":false,"_monsterinsights_sitenote_active":false,"_monsterinsights_sitenote_note":"","_monsterinsights_sitenote_category":0},"product_brand":[],"product_cat":[637],"product_tag":[613,611,612,616,615,610,614,617],"class_list":{"0":"post-6990","1":"product","2":"type-product","3":"status-publish","4":"has-post-thumbnail","6":"product_cat-soporte-y-montaje-accesorios-bosch-video-vigilancia","7":"product_tag-bosch","8":"product_tag-manhattan","9":"product_tag-saxxon","10":"product_tag-surveon","11":"product_tag-utepo","12":"product_tag-videovigilancia","13":"product_tag-vivotek","14":"product_tag-zteco","16":"first","17":"instock","18":"sale","19":"taxable","20":"shipping-taxable","21":"purchasable","22":"product-type-simple"},"aioseo_notices":[],"_links":{"self":[{"href":"https:\/\/tecsecmty.com\/index.php\/wp-json\/wp\/v2\/product\/6990","targetHints":{"allow":["GET"]}}],"collection":[{"href":"https:\/\/tecsecmty.com\/index.php\/wp-json\/wp\/v2\/product"}],"about":[{"href":"https:\/\/tecsecmty.com\/index.php\/wp-json\/wp\/v2\/types\/product"}],"replies":[{"embeddable":true,"href":"https:\/\/tecsecmty.com\/index.php\/wp-json\/wp\/v2\/comments?post=6990"}],"version-history":[{"count":0,"href":"https:\/\/tecsecmty.com\/index.php\/wp-json\/wp\/v2\/product\/6990\/revisions"}],"wp:featuredmedia":[{"embeddable":true,"href":"https:\/\/tecsecmty.com\/index.php\/wp-json\/wp\/v2\/media\/6989"}],"wp:attachment":[{"href":"https:\/\/tecsecmty.com\/index.php\/wp-json\/wp\/v2\/media?parent=6990"}],"wp:term":[{"taxonomy":"product_brand","embeddable":true,"href":"https:\/\/tecsecmty.com\/index.php\/wp-json\/wp\/v2\/product_brand?post=6990"},{"taxonomy":"product_cat","embeddable":true,"href":"https:\/\/tecsecmty.com\/index.php\/wp-json\/wp\/v2\/product_cat?post=6990"},{"taxonomy":"product_tag","embeddable":true,"href":"https:\/\/tecsecmty.com\/index.php\/wp-json\/wp\/v2\/product_tag?post=6990"}],"curies":[{"name":"wp","href":"https:\/\/api.w.org\/{rel}","templated":true}]}}