{"id":6994,"date":"2023-02-23T16:02:44","date_gmt":"2023-02-23T22:02:44","guid":{"rendered":"https:\/\/tecsecmty.com\/index.php\/producto\/bosch-v_ltc921200-brazo-para-montaje-en-pared-interior-y-exterior-compatible-con-series-ltc-938x-y-ltc-948x\/"},"modified":"2023-03-22T23:21:47","modified_gmt":"2023-03-23T05:21:47","slug":"bosch-v_ltc921200-brazo-para-montaje-en-pared-interior-y-exterior-compatible-con-series-ltc-938x-y-ltc-948x","status":"publish","type":"product","link":"https:\/\/tecsecmty.com\/index.php\/producto\/bosch-v_ltc921200-brazo-para-montaje-en-pared-interior-y-exterior-compatible-con-series-ltc-938x-y-ltc-948x\/","title":{"rendered":"BOSCH V_LTC921200 &#8211; Brazo para montaje en pared \/ Interior y exterior \/ Compatible con series LTC 938X y LTC 948X"},"content":{"rendered":"<h5 class=\"card-title text-center\">Soporte de pared LTC 9212\/00<\/h5>\n<p class=\"ql-align-justify\"><strong>Esta serie de equipos de montaje<\/strong>\u00a0para interior\/exterior est\u00e1 dise\u00f1ada para instalaciones de c\u00e1maras fijas o carcasas de c\u00e1mara y admite una carga de hasta 9 kg (20 lb). Todos los modelos est\u00e1n fabricados en aluminio ligero y disponen de abrazaderas soldadas, lo que proporciona un montaje de c\u00e1mara muy r\u00edgido. Todos los soportes de montaje vienen completamente ensamblados.<\/p>\n<p class=\"ql-align-justify\"><strong>El LTC 9210\/00<\/strong>\u00a0es un soporte para montaje en columna de 200 mm (8 pulg.), fabricado con un tubo de aluminio OD de 38 mm (1,5 pulg.) y una abrazadera soldada en la superficie de montaje. Se incluye un cabezal de montaje ajustable para el montaje de una c\u00e1mara o carcasa. El cabezal de montaje ajustable dispone de tornillos de cabezas hexagonales y arandelas de fricci\u00f3n. La placa de montaje superior incluye tres (3) orificios de montaje para facilitar la instalaci\u00f3n.<\/p>\n<p class=\"ql-align-justify\">El soporte para montaje en columnaL<strong>TC 9223\/0<\/strong>0 es similar al LTC 9210\/00, pero con 610 mm (24 pulg.) de altura. El soporte de pared LTC 9212\/00 de 300 mm (12 pulg.) est\u00e1 fabricado con un tubo de aluminio OD de 38 mm (1,5 pulg.) y una abrazadera soldada en la superficie de montaje. Esta unidad incluye un cabezal de montaje ajustable en una curva de 90 grados, que permite el montaje de una c\u00e1mara o carcasa. El cabezal de montaje ajustable dispone de tornillos de cabeza hexagonales, arandelas de fricci\u00f3n y tres (3) orificios de montaje para facilitar la instalaci\u00f3n. El<strong>\u00a0LTC 9213\/01<\/strong>\u00a0es un soporte adaptador para montaje en poste, que facilita el montaje del soporte<strong>\u00a0LTC 9212\/00<\/strong>\u00a0y de los soportes con alimentaci\u00f3n directa de la serie<strong>\u00a0LTC 9215<\/strong>\u00a0para un poste con un di\u00e1metro de 76 a 381 mm (de 3 a 15 pulg.). Se incluyen cintas de acero inoxidable para facilitar el montaje.<\/p>\n<p class=\"ql-align-justify\"><strong>Nota: Soporte de pared LTC 9212\/00 para c\u00e1maras de 381 mm (12 pulg.), 9 kg (20 libras) de carga m\u00e1xima, para carcasas de las series LTC 938x y LTC 948x, acabado en gris claro. N\u00famero de pedido: LTC 9212\/00.<\/strong><\/p>\n<p class=\"ql-align-justify\"><strong>Principales Caracter\u00edsticas<\/strong><\/p>\n<ul>\n<li class=\"ql-align-justify\">Carga m\u00e1xima: 9 kg (20 lb).<\/li>\n<li class=\"ql-align-justify\">Aspecto atractivo u Dise\u00f1o vers\u00e1til.<\/li>\n<li class=\"ql-align-justify\">Cabezales de montaje ajustables.<\/li>\n<li class=\"ql-align-justify\">Ligero.<\/li>\n<\/ul>\n<p class=\"ql-align-justify\"><strong>Especificaciones<\/strong><\/p>\n<p class=\"ql-align-justify\"><strong>Soportes para interior\/exterior<\/strong><\/p>\n<ul>\n<li class=\"ql-align-justify\">Carga m\u00e1xima 9 kg (20 libras).<\/li>\n<li class=\"ql-align-justify\">Cabezal de montaje Ajustable, giro de 360\u00b0, inclinaci\u00f3n de 180\u00b0 (N\/D para LTC 9213\/01).<\/li>\n<li class=\"ql-align-justify\">Acabado Gris claro.<\/li>\n<li class=\"ql-align-justify\">Peso: 300 g (0,6 libras).<\/li>\n<\/ul>\n<p><img decoding=\"async\" class=\"overview-center-img-\" src=\"https:\/\/tvc.mx\/media\/7851\/Logoopaginas-oficial.png\" alt=\"\" \/><\/p>\n","protected":false},"excerpt":{"rendered":"<p>Soporte de pared LTC 9212\/00 Esta serie de equipos de montaje\u00a0para interior\/exterior est\u00e1 dise\u00f1ada para instalaciones de c\u00e1maras fijas o carcasas de c\u00e1mara y admite una carga de hasta 9 kg (20 lb). Todos los modelos est\u00e1n fabricados en aluminio ligero y disponen de abrazaderas&hellip;<\/p>\n","protected":false},"featured_media":6993,"comment_status":"open","ping_status":"closed","template":"","meta":{"om_disable_all_campaigns":false,"_monsterinsights_skip_tracking":false,"_monsterinsights_sitenote_active":false,"_monsterinsights_sitenote_note":"","_monsterinsights_sitenote_category":0},"product_brand":[],"product_cat":[637],"product_tag":[613,611,612,616,615,610,614,617],"class_list":{"0":"post-6994","1":"product","2":"type-product","3":"status-publish","4":"has-post-thumbnail","6":"product_cat-soporte-y-montaje-accesorios-bosch-video-vigilancia","7":"product_tag-bosch","8":"product_tag-manhattan","9":"product_tag-saxxon","10":"product_tag-surveon","11":"product_tag-utepo","12":"product_tag-videovigilancia","13":"product_tag-vivotek","14":"product_tag-zteco","16":"first","17":"instock","18":"sale","19":"taxable","20":"shipping-taxable","21":"purchasable","22":"product-type-simple"},"aioseo_notices":[],"_links":{"self":[{"href":"https:\/\/tecsecmty.com\/index.php\/wp-json\/wp\/v2\/product\/6994","targetHints":{"allow":["GET"]}}],"collection":[{"href":"https:\/\/tecsecmty.com\/index.php\/wp-json\/wp\/v2\/product"}],"about":[{"href":"https:\/\/tecsecmty.com\/index.php\/wp-json\/wp\/v2\/types\/product"}],"replies":[{"embeddable":true,"href":"https:\/\/tecsecmty.com\/index.php\/wp-json\/wp\/v2\/comments?post=6994"}],"version-history":[{"count":0,"href":"https:\/\/tecsecmty.com\/index.php\/wp-json\/wp\/v2\/product\/6994\/revisions"}],"wp:featuredmedia":[{"embeddable":true,"href":"https:\/\/tecsecmty.com\/index.php\/wp-json\/wp\/v2\/media\/6993"}],"wp:attachment":[{"href":"https:\/\/tecsecmty.com\/index.php\/wp-json\/wp\/v2\/media?parent=6994"}],"wp:term":[{"taxonomy":"product_brand","embeddable":true,"href":"https:\/\/tecsecmty.com\/index.php\/wp-json\/wp\/v2\/product_brand?post=6994"},{"taxonomy":"product_cat","embeddable":true,"href":"https:\/\/tecsecmty.com\/index.php\/wp-json\/wp\/v2\/product_cat?post=6994"},{"taxonomy":"product_tag","embeddable":true,"href":"https:\/\/tecsecmty.com\/index.php\/wp-json\/wp\/v2\/product_tag?post=6994"}],"curies":[{"name":"wp","href":"https:\/\/api.w.org\/{rel}","templated":true}]}}