{"id":7004,"date":"2023-02-23T16:02:54","date_gmt":"2023-02-23T22:02:54","guid":{"rendered":"https:\/\/tecsecmty.com\/index.php\/producto\/bosch-v_ltc922301-soporte-de-columna\/"},"modified":"2023-03-22T23:21:48","modified_gmt":"2023-03-23T05:21:48","slug":"bosch-v_ltc922301-soporte-de-columna","status":"publish","type":"product","link":"https:\/\/tecsecmty.com\/index.php\/producto\/bosch-v_ltc922301-soporte-de-columna\/","title":{"rendered":"BOSCH V_LTC922301 &#8211; Soporte de columna"},"content":{"rendered":"<h5 class=\"card-title text-center\">Soporte de columna LTC 9223\/01<\/h5>\n<p class=\"ql-align-justify\"><strong>Los soportes con alimentaci\u00f3n directa LTC 9210\/01, LTC 9215\/00, LTC 9215\/00S, LTC 9219\/01 y LTC 9223\/01\u00a0<\/strong>son unidades para montaje en interior\/ exterior dise\u00f1adas para instalaciones de c\u00e1maras fijas o carcasas de c\u00e1maras con una carga admitida de hasta 9 kg (20 libras). Estos modelos est\u00e1n fabricados en aluminio ligero y disponen de abrazaderas soldadas, lo que proporciona un montaje de c\u00e1mara muy r\u00edgido. Adem\u00e1s, el vers\u00e1til cabezal basculante gira 360\u00b0 y se inclina 180\u00b0 para ofrecer la m\u00e1xima flexibilidad. El dise\u00f1o tubular para la alimentaci\u00f3n directa permite dirigir el cable desde el cabezal de montaje hasta la superficie de montaje. Estos soportes son compatibles con las series de carcasas para interior\u00a0<strong>UHI<\/strong>\u00a0y carcasas para exterior\u00a0<strong>UHO<\/strong>. El modelo\u00a0<strong>LTC 9215\/00S<\/strong>\u00a0se ha dise\u00f1ado espec\u00edficamente para las carcasas de la serie\u00a0<strong>LTC 9480<\/strong>, mientras que los modelos m\u00e1s grandes,\u00a0<strong>LTC 9215\/00 y LTC 9219\/01<\/strong>, se pueden utilizar con las carcasas para c\u00e1mara de las series\u00a0<strong>LTC 9480, HSG 9483 y LTC 9488<\/strong>. Todos los soportes de montaje vienen completamente ensamblados.<\/p>\n<p class=\"ql-align-justify\"><strong>Nota: Soporte de columna LTC 9223\/01 para c\u00e1maras de 610 mm (24 pulg.), 9 kg (20 libras) de carga m\u00e1xima, acabado en gris claro. N\u00famero de pedido: LTC 9223\/0.<\/strong><\/p>\n<p class=\"ql-align-justify\"><strong>Principales Caracter\u00edsticas<\/strong><\/p>\n<ul>\n<li class=\"ql-align-justify\">Dise\u00f1o para la alimentaci\u00f3n directa que permite dirigir el cable.<\/li>\n<li class=\"ql-align-justify\">Carga m\u00e1xima: 9 kg (20 lb).<\/li>\n<li class=\"ql-align-justify\">Giro de 360\u00b0, inclinaci\u00f3n de 180\u00b0.<\/li>\n<li class=\"ql-align-justify\">Dise\u00f1o vers\u00e1til.<\/li>\n<li class=\"ql-align-justify\">Cabezales de montaje ajustables.<\/li>\n<\/ul>\n<p class=\"ql-align-justify\"><strong>Especificaciones<\/strong><\/p>\n<ul>\n<li class=\"ql-align-justify\">Soporte para interior\/exterior LTC 9223\/01 de 610 mm (24 pulg.).<\/li>\n<li class=\"ql-align-justify\">Carga m\u00e1xima 9 kg (20 libras) .<\/li>\n<li class=\"ql-align-justify\">Cabezal de montaje Ajustable, giro de 360\u00b0, inclinaci\u00f3n de 180\u00b0.<\/li>\n<li class=\"ql-align-justify\">Acabado Gris claro.<\/li>\n<li class=\"ql-align-justify\">Peso aprox. 0,544 kg (1,2 libras).<\/li>\n<\/ul>\n<p><img decoding=\"async\" class=\"overview-center-img-\" src=\"https:\/\/tvc.mx\/media\/7988\/Logoopaginas-oficial.png\" alt=\"\" \/><\/p>\n","protected":false},"excerpt":{"rendered":"<p>Soporte de columna LTC 9223\/01 Los soportes con alimentaci\u00f3n directa LTC 9210\/01, LTC 9215\/00, LTC 9215\/00S, LTC 9219\/01 y LTC 9223\/01\u00a0son unidades para montaje en interior\/ exterior dise\u00f1adas para instalaciones de c\u00e1maras fijas o carcasas de c\u00e1maras con una carga admitida de hasta 9 kg&hellip;<\/p>\n","protected":false},"featured_media":7003,"comment_status":"open","ping_status":"closed","template":"","meta":{"om_disable_all_campaigns":false,"_monsterinsights_skip_tracking":false,"_monsterinsights_sitenote_active":false,"_monsterinsights_sitenote_note":"","_monsterinsights_sitenote_category":0},"product_brand":[],"product_cat":[637],"product_tag":[613,611,612,616,615,610,614,617],"class_list":{"0":"post-7004","1":"product","2":"type-product","3":"status-publish","4":"has-post-thumbnail","6":"product_cat-soporte-y-montaje-accesorios-bosch-video-vigilancia","7":"product_tag-bosch","8":"product_tag-manhattan","9":"product_tag-saxxon","10":"product_tag-surveon","11":"product_tag-utepo","12":"product_tag-videovigilancia","13":"product_tag-vivotek","14":"product_tag-zteco","16":"first","17":"instock","18":"sale","19":"taxable","20":"shipping-taxable","21":"purchasable","22":"product-type-simple"},"aioseo_notices":[],"_links":{"self":[{"href":"https:\/\/tecsecmty.com\/index.php\/wp-json\/wp\/v2\/product\/7004","targetHints":{"allow":["GET"]}}],"collection":[{"href":"https:\/\/tecsecmty.com\/index.php\/wp-json\/wp\/v2\/product"}],"about":[{"href":"https:\/\/tecsecmty.com\/index.php\/wp-json\/wp\/v2\/types\/product"}],"replies":[{"embeddable":true,"href":"https:\/\/tecsecmty.com\/index.php\/wp-json\/wp\/v2\/comments?post=7004"}],"version-history":[{"count":0,"href":"https:\/\/tecsecmty.com\/index.php\/wp-json\/wp\/v2\/product\/7004\/revisions"}],"wp:featuredmedia":[{"embeddable":true,"href":"https:\/\/tecsecmty.com\/index.php\/wp-json\/wp\/v2\/media\/7003"}],"wp:attachment":[{"href":"https:\/\/tecsecmty.com\/index.php\/wp-json\/wp\/v2\/media?parent=7004"}],"wp:term":[{"taxonomy":"product_brand","embeddable":true,"href":"https:\/\/tecsecmty.com\/index.php\/wp-json\/wp\/v2\/product_brand?post=7004"},{"taxonomy":"product_cat","embeddable":true,"href":"https:\/\/tecsecmty.com\/index.php\/wp-json\/wp\/v2\/product_cat?post=7004"},{"taxonomy":"product_tag","embeddable":true,"href":"https:\/\/tecsecmty.com\/index.php\/wp-json\/wp\/v2\/product_tag?post=7004"}],"curies":[{"name":"wp","href":"https:\/\/api.w.org\/{rel}","templated":true}]}}