{"id":7006,"date":"2023-02-23T16:02:56","date_gmt":"2023-02-23T22:02:56","guid":{"rendered":"https:\/\/tecsecmty.com\/index.php\/producto\/bosch-v_ltc923001-adaptador-para-soperte-de-montaje-en-techo\/"},"modified":"2023-03-22T23:21:48","modified_gmt":"2023-03-23T05:21:48","slug":"bosch-v_ltc923001-adaptador-para-soperte-de-montaje-en-techo","status":"publish","type":"product","link":"https:\/\/tecsecmty.com\/index.php\/producto\/bosch-v_ltc923001-adaptador-para-soperte-de-montaje-en-techo\/","title":{"rendered":"BOSCH V_LTC923001 &#8211; Adaptador para SOPERTE de montaje en techo"},"content":{"rendered":"<h5 class=\"card-title text-center\">Adaptador de montaje en azotea LTC 9230\/01<\/h5>\n<p class=\"ql-align-justify\"><strong>Las c\u00e1maras de la serie AUTODOME representan los \u00faltimos avances en las tecnolog\u00edas de videovigilancia. Las c\u00e1maras se entregan totalmente montadas en un soporte colgante o en una carcasa para montaje en el techo.<\/strong>\u00a0Bosch ofrece una amplia gama de soportes de montaje, cajas de alimentaci\u00f3n y accesorios para que pueda personalizar su instalaci\u00f3n con el fin de adaptarla a multitud de aplicaciones y entornos. Estos elementos se venden por separado, por lo que solo tiene que adquirir los que necesita, en consecuencia, puede ahorrar dinero y simplificar sus compras.<\/p>\n<p class=\"ql-align-justify\"><strong>Descripci\u00f3n del sistema<\/strong><\/p>\n<p class=\"ql-align-justify\"><strong>Opciones de montaje y kits de soporte<\/strong><\/p>\n<p class=\"ql-align-justify\">Bosch ofrece un amplio abanico de opciones de montaje y kits de soporte para adaptar su instalaci\u00f3n AUTODOME a los entorno m\u00e1s diversos.<\/p>\n<p class=\"ql-align-justify\"><strong>Soportes de montaje colgante<\/strong><\/p>\n<p class=\"ql-align-justify\">Las carcasas AUTODOME para montaje colgante en interiores\/exteriores pueden conectarse a un soporte de montaje de brazo, de montaje en el tejado o de montaje en el techo. Existen soportes de montaje de brazo colgante con una caja de alimentaci\u00f3n conectada o como brazo independiente con cableado conectado. Todos los soportes de brazo colgante pueden conectarse a un adaptador de esquina o de m\u00e1stil (poste), lo que ampl\u00eda las opciones de instalaci\u00f3n.<\/p>\n<p class=\"ql-align-justify\">Adem\u00e1s de los soportes de brazo, Bosch ofrece un soporte de montaje en el techo y un soporte de montaje en el tejado. El soporte de montaje en el techo permite acoplar una carcasa colgante AUTODOME en un techo de 1-1\/2 pulgadas (proporcionada por el usuario). El soporte de montaje en la azotea es un poste de aluminio que fija una c\u00e1mara colgante AUTODOME a la superficie de un tejado. Adem\u00e1s, existen accesorios para fijar el soporte de montaje en la azotea a la superficie de un tejado plano.<\/p>\n<p class=\"ql-align-justify\"><strong>Kits de soporte para montaje en el techo<\/strong><\/p>\n<p class=\"ql-align-justify\">Las carcasas AUTODOME para montaje en el techo no necesitan accesorios opcionales para el montaje en techos de yeso, pero existen kits de apoyo para las necesidades espec\u00edficas de cada instalaci\u00f3n.<\/p>\n<p class=\"ql-align-justify\"><strong>Nota: LTC 9230\/01 Adaptador de montaje en azotea<\/strong><\/p>\n<p class=\"ql-align-justify\"><strong>Para montar una unidad en posici\u00f3n vertical en una superficie plana con el soporte de montaje en tejado VGA-ROOF-MOUNT.<\/strong><\/p>\n<p class=\"ql-align-justify\"><strong>N\u00famero de pedido: LTC 9230\/01.<\/strong><\/p>\n<p class=\"ql-align-justify\"><strong>Principales\u00a0<\/strong><strong>Caracter\u00edsticas<\/strong><\/p>\n<ul>\n<li class=\"ql-align-justify\">F\u00e1cil\u00a0Instalaci\u00f3n.<\/li>\n<li class=\"ql-align-justify\">Construcci\u00f3n robusta.<\/li>\n<li class=\"ql-align-justify\">Fija el VGA-ROOF-MOUNT en una superficie plana<\/li>\n<li class=\"ql-align-justify\">Permite la instalaci\u00f3n de una c\u00e1mara AUTODOME en posici\u00f3n vertical en un tejado.<\/li>\n<\/ul>\n<p><strong>Especificaciones<\/strong><\/p>\n<p><strong>Mec\u00e1nicas<\/strong><\/p>\n<ul>\n<li>Carga M\u00e1xima 29 kg (64 lb).<\/li>\n<li>Centro de gravedad de carga ubicado en l\u00ednea con el punto de sujeci\u00f3n de carga.<\/li>\n<li>El punto de sujeci\u00f3n de carga utiliza 1-1 \/ 2 NPT (rosca de tuber\u00eda).<\/li>\n<li>Herrajes de montaje: No amueblado.<\/li>\n<li>Acabado: blanco.<\/li>\n<li>Construcci\u00f3n de aluminio.<\/li>\n<li>Dimensiones Ver esquema dimensional.<\/li>\n<li>Peso 7,7 kg (17 lb).<\/li>\n<\/ul>\n<p><img decoding=\"async\" class=\"overview-center-img-\" src=\"https:\/\/tvc.mx\/media\/14468\/Logoopaginas-oficial.png\" alt=\"\" \/><\/p>\n","protected":false},"excerpt":{"rendered":"<p>Adaptador de montaje en azotea LTC 9230\/01 Las c\u00e1maras de la serie AUTODOME representan los \u00faltimos avances en las tecnolog\u00edas de videovigilancia. Las c\u00e1maras se entregan totalmente montadas en un soporte colgante o en una carcasa para montaje en el techo.\u00a0Bosch ofrece una amplia gama&hellip;<\/p>\n","protected":false},"featured_media":7005,"comment_status":"open","ping_status":"closed","template":"","meta":{"om_disable_all_campaigns":false,"_monsterinsights_skip_tracking":false,"_monsterinsights_sitenote_active":false,"_monsterinsights_sitenote_note":"","_monsterinsights_sitenote_category":0},"product_brand":[],"product_cat":[637],"product_tag":[613,611,612,616,615,610,614,617],"class_list":{"0":"post-7006","1":"product","2":"type-product","3":"status-publish","4":"has-post-thumbnail","6":"product_cat-soporte-y-montaje-accesorios-bosch-video-vigilancia","7":"product_tag-bosch","8":"product_tag-manhattan","9":"product_tag-saxxon","10":"product_tag-surveon","11":"product_tag-utepo","12":"product_tag-videovigilancia","13":"product_tag-vivotek","14":"product_tag-zteco","16":"first","17":"instock","18":"sale","19":"taxable","20":"shipping-taxable","21":"purchasable","22":"product-type-simple"},"aioseo_notices":[],"_links":{"self":[{"href":"https:\/\/tecsecmty.com\/index.php\/wp-json\/wp\/v2\/product\/7006","targetHints":{"allow":["GET"]}}],"collection":[{"href":"https:\/\/tecsecmty.com\/index.php\/wp-json\/wp\/v2\/product"}],"about":[{"href":"https:\/\/tecsecmty.com\/index.php\/wp-json\/wp\/v2\/types\/product"}],"replies":[{"embeddable":true,"href":"https:\/\/tecsecmty.com\/index.php\/wp-json\/wp\/v2\/comments?post=7006"}],"version-history":[{"count":0,"href":"https:\/\/tecsecmty.com\/index.php\/wp-json\/wp\/v2\/product\/7006\/revisions"}],"wp:featuredmedia":[{"embeddable":true,"href":"https:\/\/tecsecmty.com\/index.php\/wp-json\/wp\/v2\/media\/7005"}],"wp:attachment":[{"href":"https:\/\/tecsecmty.com\/index.php\/wp-json\/wp\/v2\/media?parent=7006"}],"wp:term":[{"taxonomy":"product_brand","embeddable":true,"href":"https:\/\/tecsecmty.com\/index.php\/wp-json\/wp\/v2\/product_brand?post=7006"},{"taxonomy":"product_cat","embeddable":true,"href":"https:\/\/tecsecmty.com\/index.php\/wp-json\/wp\/v2\/product_cat?post=7006"},{"taxonomy":"product_tag","embeddable":true,"href":"https:\/\/tecsecmty.com\/index.php\/wp-json\/wp\/v2\/product_tag?post=7006"}],"curies":[{"name":"wp","href":"https:\/\/api.w.org\/{rel}","templated":true}]}}