{"id":7010,"date":"2023-02-23T16:03:03","date_gmt":"2023-02-23T22:03:03","guid":{"rendered":"https:\/\/tecsecmty.com\/index.php\/producto\/bosch-v_micdcahw-adaptador-montura-dca-para-camras-mic-color-blanco\/"},"modified":"2023-03-22T23:21:55","modified_gmt":"2023-03-23T05:21:55","slug":"bosch-v_micdcahw-adaptador-montura-dca-para-camras-mic-color-blanco","status":"publish","type":"product","link":"https:\/\/tecsecmty.com\/index.php\/producto\/bosch-v_micdcahw-adaptador-montura-dca-para-camras-mic-color-blanco\/","title":{"rendered":"BOSCH V_MICDCAHW &#8211; Adaptador \/ Montura DCA para CAMRAS MIC color blanco"},"content":{"rendered":"<h5 class=\"card-title text-center\">MIC-DCA-HW Soporte cond. prof., 2 orif. M25, blanco<\/h5>\n<p class=\"ql-align-justify\">Bosch Security Systems ofrece una gama de montaje. Soportes y productos accesorios para la familia MIC de c\u00e1maras. Los soportes de montaje (para esquina, pared y montaje en poste) est\u00e1n disponibles en los colores est\u00e1ndar de la familia MIC, incluido el acero inoxidable. (No todos los colores de soportes de montaje est\u00e1n disponibles para todos los modelos de C\u00e1maras MIC.) Los accesorios han sido dise\u00f1ados para trabajar sin problemas con las c\u00e1maras MIC para ampliar su funcionalidad para su aplicaci\u00f3n. Esta hoja de datos proporciona una visi\u00f3n general de los accesorios MIC disponibles.<\/p>\n<p class=\"ql-align-justify\"><strong>Vista general del sistema<\/strong><\/p>\n<p class=\"ql-align-justify\"><strong>Accesorios de montaje<\/strong><\/p>\n<p class=\"ql-align-justify\">Adaptador de conducto profundo el adaptador de conducto profundo\u00a0<strong>MIC (MIC-DCA)<\/strong>\u00a0est\u00e1 dise\u00f1ado para permitir que un conducto o cable a prueba de intemperie aterrice montado para proteger los cables de se\u00f1al. Fabricado de aluminio macizo o acero inoxidable, el\u00a0<strong>MIC-DCA.\u00a0<\/strong>Tiene dos orificios\u00a0<strong>M25,<\/strong>\u00a0uno en la base y otro en la base. En la junta t\u00f3rica sella la interfaz de la c\u00e1mara al soporte para \u00edndice de ingreso de\u00a0<strong>IP68.<\/strong><\/p>\n<p class=\"ql-align-justify\"><strong>El hardware suministrado incluye:<\/strong><\/p>\n<ul>\n<li class=\"ql-align-justify\">Cuatro (4) tornillos hexagonales de acero inoxidable M8 x 20.<\/li>\n<li class=\"ql-align-justify\">Cuatro (4) arandelas planas de acero inoxidable M8.<\/li>\n<li class=\"ql-align-justify\">Una (1) junta t\u00f3rica, 80 mm x 3 mm.<\/li>\n<li class=\"ql-align-justify\">Una (1) tapa lateral \/ tap\u00f3n ciego, M25x1.5, con junta t\u00f3rica.<\/li>\n<\/ul>\n<p class=\"ql-align-justify\"><strong>Adaptador de conducto profundo, con bisagras<\/strong><\/p>\n<p class=\"ql-align-justify\"><strong>El DCA<\/strong>\u00a0con bisagra MIC<strong>\u00a0(MIC-DCA-Hx)<\/strong>\u00a0es m\u00e1s profundo que el convencional y proporciona un montaje conveniente.<\/p>\n<p class=\"ql-align-justify\">Punto para una c\u00e1mara MIC7000. Fabricado de s\u00f3lido de aluminio, el\u00a0<strong>MIC-DCA-H<\/strong>x tiene dos orificios\u00a0<strong>M25<\/strong>, uno en la base y una en el lateral, y (en regiones espec\u00edficas) incluye un adaptador de conducto (<strong>macho a M25 a hembra 3\/4 \u00bb TNP<\/strong>).<\/p>\n<p class=\"ql-align-justify\"><strong>Nota: MIC-DCA-HW MIC DCA abatible, Blanco Soporte DCA para una c\u00e1mara MIC7000. La bisagra permite C\u00e1mara para colgar durante la instalaci\u00f3n para Facilita la conexi\u00f3n de cables \/ cableado. De aluminio. dos Orificios M25 para prensaestopas \/ cables Blanco (RAL 9010). Acabado en arena.<\/strong><\/p>\n<p class=\"ql-align-justify\"><strong>N\u00famero de pedido: MIC-DCA-HW.<\/strong><\/p>\n<p class=\"ql-align-justify\"><strong>Principales Caracter\u00edsticas.<\/strong><\/p>\n<p class=\"ql-align-justify\"><strong>Accesorios.<\/strong><\/p>\n<ul>\n<li class=\"ql-align-justify\">Dise\u00f1ado para integrarse perfectamente con el MIC<\/li>\n<li class=\"ql-align-justify\">familia.<\/li>\n<li class=\"ql-align-justify\">Proporciona la mejor soluci\u00f3n para pr\u00e1cticamente cualquier<\/li>\n<li class=\"ql-align-justify\">aplicaci\u00f3n.<\/li>\n<li class=\"ql-align-justify\">F\u00e1cil de usar e instalar.<\/li>\n<li class=\"ql-align-justify\">Accesorios ampl\u00edan la funcionalidad.<\/li>\n<\/ul>\n<p class=\"ql-align-justify\"><strong>Especificaciones<\/strong><\/p>\n<p class=\"ql-align-justify\"><strong>MIC bisagra DCA<\/strong><\/p>\n<ul>\n<li class=\"ql-align-justify\">Dimensiones (H x W): 120 x 131.6 mm (4.7 x 5.18 pulg.)<\/li>\n<li class=\"ql-align-justify\">Peso 2.5 kg (5.5 lb)<\/li>\n<li class=\"ql-align-justify\">Aluminio s\u00f3lido con acabado de poli\u00e9ster pintado como se muestra a continuaci\u00f3n:<\/li>\n<li class=\"ql-align-justify\">MIC-DCA-HW blanco (RAL 9010), acabado de arena.<\/li>\n<\/ul>\n<p><img decoding=\"async\" class=\"overview-center-img-\" src=\"https:\/\/tvc.mx\/media\/7581\/Logoopaginas-oficial.png\" alt=\"\" \/><\/p>\n","protected":false},"excerpt":{"rendered":"<p>MIC-DCA-HW Soporte cond. prof., 2 orif. M25, blanco Bosch Security Systems ofrece una gama de montaje. Soportes y productos accesorios para la familia MIC de c\u00e1maras. Los soportes de montaje (para esquina, pared y montaje en poste) est\u00e1n disponibles en los colores est\u00e1ndar de la&hellip;<\/p>\n","protected":false},"featured_media":7009,"comment_status":"open","ping_status":"closed","template":"","meta":{"om_disable_all_campaigns":false,"_monsterinsights_skip_tracking":false,"_monsterinsights_sitenote_active":false,"_monsterinsights_sitenote_note":"","_monsterinsights_sitenote_category":0},"product_brand":[],"product_cat":[637],"product_tag":[613,611,612,616,615,610,614,617],"class_list":{"0":"post-7010","1":"product","2":"type-product","3":"status-publish","4":"has-post-thumbnail","6":"product_cat-soporte-y-montaje-accesorios-bosch-video-vigilancia","7":"product_tag-bosch","8":"product_tag-manhattan","9":"product_tag-saxxon","10":"product_tag-surveon","11":"product_tag-utepo","12":"product_tag-videovigilancia","13":"product_tag-vivotek","14":"product_tag-zteco","16":"first","17":"instock","18":"sale","19":"taxable","20":"shipping-taxable","21":"purchasable","22":"product-type-simple"},"aioseo_notices":[],"_links":{"self":[{"href":"https:\/\/tecsecmty.com\/index.php\/wp-json\/wp\/v2\/product\/7010","targetHints":{"allow":["GET"]}}],"collection":[{"href":"https:\/\/tecsecmty.com\/index.php\/wp-json\/wp\/v2\/product"}],"about":[{"href":"https:\/\/tecsecmty.com\/index.php\/wp-json\/wp\/v2\/types\/product"}],"replies":[{"embeddable":true,"href":"https:\/\/tecsecmty.com\/index.php\/wp-json\/wp\/v2\/comments?post=7010"}],"version-history":[{"count":0,"href":"https:\/\/tecsecmty.com\/index.php\/wp-json\/wp\/v2\/product\/7010\/revisions"}],"wp:featuredmedia":[{"embeddable":true,"href":"https:\/\/tecsecmty.com\/index.php\/wp-json\/wp\/v2\/media\/7009"}],"wp:attachment":[{"href":"https:\/\/tecsecmty.com\/index.php\/wp-json\/wp\/v2\/media?parent=7010"}],"wp:term":[{"taxonomy":"product_brand","embeddable":true,"href":"https:\/\/tecsecmty.com\/index.php\/wp-json\/wp\/v2\/product_brand?post=7010"},{"taxonomy":"product_cat","embeddable":true,"href":"https:\/\/tecsecmty.com\/index.php\/wp-json\/wp\/v2\/product_cat?post=7010"},{"taxonomy":"product_tag","embeddable":true,"href":"https:\/\/tecsecmty.com\/index.php\/wp-json\/wp\/v2\/product_tag?post=7010"}],"curies":[{"name":"wp","href":"https:\/\/api.w.org\/{rel}","templated":true}]}}